{"id":996,"date":"2023-11-23T14:25:26","date_gmt":"2023-11-23T06:25:26","guid":{"rendered":"https:\/\/www.liwin-china.com\/?post_type=product&#038;p=996"},"modified":"2025-12-06T22:26:26","modified_gmt":"2025-12-06T14:26:26","slug":"6311733905563117339056","status":"publish","type":"product","link":"https:\/\/www.liwin-china.com\/lt\/produktas\/6311733905563117339056\/","title":{"rendered":"Liwiny 63117339055 63117339056 LED pos\u016bkio signalo \u0161viesos modulis, skirtas 7 serijos F01 F02 F03 LCI"},"content":{"rendered":"<p>Liwiny 63117339055 63117339056 LED pos\u016bkio signalo \u0161viesos modulis, skirtas 7 serijos F01 F02 F03 LCI<\/p>\n<p>Prek\u0117s \u017eenklo pavadinimas\uff1aLiwiny<br \/>\nPrek\u0117\uff1aLED pos\u016bkio signalo \u0161viesa<br \/>\nRe\u017eimas ir data\uff1a7 serijai 2014-2016 m.<br \/>\nOEM dalies Nr.\uff1aLW-63117339055 kair\u0117 , 63117339056 de\u0161in\u0117<br \/>\nNaudojimas va\u017eiuoklei\uff1aF01\/F02\/F03 LCI Full Led<br \/>\n\u012etampa\uff1a12V<br \/>\nGalia\uff1a35W<br \/>\nMed\u017eiaga: aliuminio lydinys<br \/>\nPakuot\u0117\uff1aMa\u017ea \u012fprasta d\u0117\u017eut\u0117<br \/>\nOEM: galima<br \/>\nGarantija: 1 metai<\/p>\n<p>&nbsp;<\/p>\n<h4><strong>Atsakomyb\u0117s apribojimas<\/strong>: Nor\u0117dami u\u017etikrinti tinkam\u0105 suderinamum\u0105, dukart patikrinkite, kokia dalis naudojama j\u016bs\u0173 automobilyje. Mes negalime b\u016bti atsakingi u\u017e klaiding\u0105 informacij\u0105, d\u0117l kurios \u012fsigyjate netinkamas dalis.<\/h4>\n<h4>Pastaba: kaina nurodyta u\u017e vien\u0105 vienet\u0105! Jei nesate tikri, kuris balastas tinkamas, nepamir\u0161kite m\u016bs\u0173 paklausti internetu. 24\/7 aptarnavimas.<\/h4>\n<h1><\/h1>\n<h1><strong>Kod\u0117l verta rinktis LIWINY?<\/strong><\/h1>\n<p><img loading=\"lazy\" decoding=\"async\" class=\"alignnone size-full wp-image-4463\" src=\"https:\/\/www.liwin-china.com\/wp-content\/uploads\/2023\/12\/liwiny-oem-ballast.webp\" alt=\"\" width=\"1980\" height=\"600\" srcset=\"https:\/\/www.liwin-china.com\/wp-content\/uploads\/2023\/12\/liwiny-oem-ballast.webp 1980w, https:\/\/www.liwin-china.com\/wp-content\/uploads\/2023\/12\/liwiny-oem-ballast-300x91.webp 300w, https:\/\/www.liwin-china.com\/wp-content\/uploads\/2023\/12\/liwiny-oem-ballast-1024x310.webp 1024w, https:\/\/www.liwin-china.com\/wp-content\/uploads\/2023\/12\/liwiny-oem-ballast-768x233.webp 768w, https:\/\/www.liwin-china.com\/wp-content\/uploads\/2023\/12\/liwiny-oem-ballast-1536x465.webp 1536w, https:\/\/www.liwin-china.com\/wp-content\/uploads\/2023\/12\/liwiny-oem-ballast-600x182.webp 600w\" sizes=\"(max-width: 1980px) 100vw, 1980px\" \/><\/p>\n<ul>\n<li>Nuo med\u017eiagos iki galutinio gaminio, mes laikom\u0117s grie\u017etos kokyb\u0117s kontrol\u0117s, u\u017etikrindami, kad defekt\u0173 lygis b\u016bt\u0173 ma\u017eesnis nei 1%.<\/li>\n<li>Sveiki atvyk\u0119 \u012f OEM\/ODM oders, mes priimame daugyb\u0119 pritaikymo reikalavim\u0173, toki\u0173 kaip i\u0161vaizda, galia, pavara, ventiliatorius, lustas, spalv\u0173 temperat\u016bra, logotipas, pakuot\u0117.<\/li>\n<li>Si\u016blome 12-36 m\u0117nesi\u0173 garantij\u0105, kuri apima tiesiogin\u012f pakeitim\u0105. Nereikia si\u0173sti atgal sugedusi\u0173 produkt\u0173.<\/li>\n<li>Atsi\u017evelgdami \u012f rinkos tendencijas, kiekvien\u0105 sezon\u0105 sukuriame 3-5 naujus produktus.<\/li>\n<\/ul>\n<p>&nbsp;<\/p>\n<h2>Paklauskite citatos \u0161iandien!<\/h2>\n<p>Visus LIWINY gaminius galima u\u017esakyti dideliais kiekiais \/ didmenine prekyba! Jei norite parduoti m\u016bs\u0173 gaminius arba tapti m\u016bs\u0173 platintoju, susisiekite su mumis, gausite \u0161i\u0173 privalum\u0173:<\/p>\n<p>Ma\u017eas MOQ ir greitas pristatymas<br \/>\nInovatyv\u016bs produktai<br \/>\nGeriausia didmenin\u0117 kaina<br \/>\nOEM\/ODM paslauga<\/p>","protected":false},"excerpt":{"rendered":"<p>Liwiny OEM 63117339055 kair\u0117 63117339056 de\u0161in\u0117 LED signalin\u0117 \u0161viesa BM(W) 7 serijos F01 F03 F02 LCI Xenon priekinis \u017eibintas 2014-2016<\/p>\n<p>Prek\u0117s \u017eenklo pavadinimas\uff1aLiwiny<br \/>\nPrek\u0117\uff1aLED pos\u016bkio signalo \u0161viesa<br \/>\nRe\u017eimas ir data\uff1a7 serijai 2014-2016 m.<br \/>\nOEM dalies Nr.\uff1aLW-63117339055 kair\u0117 , 63117339056 de\u0161in\u0117<br \/>\nNaudojimas va\u017eiuoklei\uff1aF01\/F02\/F03 LCI Full Led<br \/>\n\u012etampa\uff1a12V<br \/>\nGalia\uff1a35W<br \/>\nMed\u017eiaga: aliuminio lydinys<br \/>\nPakuot\u0117\uff1aMa\u017ea \u012fprasta d\u0117\u017eut\u0117<br \/>\nOEM: galima<br \/>\nGarantija: 1 metai<\/p>\n<p>\u0160vino laikas\uff1aAccording to customers order detail<br \/>\nPagrindin\u0117s eksporto rinkos\uff1aAzija\/Ryt\u0173 Europa\/Bliznieji Rytai\/Afrika\/Australazija\/Siaur\u0117s Amerika\/Vidurio ir Piet\u0173 Amerika\/Vakar\u0173 Europa<\/p>","protected":false},"featured_media":1003,"template":"","meta":{"_seopress_robots_primary_cat":"none","_seopress_titles_title":"","_seopress_titles_desc":"","_seopress_robots_index":"","_uag_custom_page_level_css":"","_joinchat":[]},"product_cat":[460,440],"product_tag":[],"featured_image_urls":{"full":["https:\/\/www.liwin-china.com\/wp-content\/uploads\/2023\/11\/LED-Turn-Signal-Light-63117339055-63117339056-for-7-Series-2014-2016-F01-F02-F03-LCI-5.webp",700,700,false],"thumbnail":["https:\/\/www.liwin-china.com\/wp-content\/uploads\/2023\/11\/LED-Turn-Signal-Light-63117339055-63117339056-for-7-Series-2014-2016-F01-F02-F03-LCI-5-150x150.webp",150,150,true],"medium":["https:\/\/www.liwin-china.com\/wp-content\/uploads\/2023\/11\/LED-Turn-Signal-Light-63117339055-63117339056-for-7-Series-2014-2016-F01-F02-F03-LCI-5-300x300.webp",300,300,true],"medium_large":["https:\/\/www.liwin-china.com\/wp-content\/uploads\/2023\/11\/LED-Turn-Signal-Light-63117339055-63117339056-for-7-Series-2014-2016-F01-F02-F03-LCI-5.webp",700,700,false],"large":["https:\/\/www.liwin-china.com\/wp-content\/uploads\/2023\/11\/LED-Turn-Signal-Light-63117339055-63117339056-for-7-Series-2014-2016-F01-F02-F03-LCI-5.webp",700,700,false],"1536x1536":["https:\/\/www.liwin-china.com\/wp-content\/uploads\/2023\/11\/LED-Turn-Signal-Light-63117339055-63117339056-for-7-Series-2014-2016-F01-F02-F03-LCI-5.webp",700,700,false],"2048x2048":["https:\/\/www.liwin-china.com\/wp-content\/uploads\/2023\/11\/LED-Turn-Signal-Light-63117339055-63117339056-for-7-Series-2014-2016-F01-F02-F03-LCI-5.webp",700,700,false],"trp-custom-language-flag":["https:\/\/www.liwin-china.com\/wp-content\/uploads\/2023\/11\/LED-Turn-Signal-Light-63117339055-63117339056-for-7-Series-2014-2016-F01-F02-F03-LCI-5.webp",12,12,false],"woocommerce_archive_thumbnail":["https:\/\/www.liwin-china.com\/wp-content\/uploads\/2023\/11\/LED-Turn-Signal-Light-63117339055-63117339056-for-7-Series-2014-2016-F01-F02-F03-LCI-5-300x300.webp",300,300,true],"woocommerce_thumbnail":["https:\/\/www.liwin-china.com\/wp-content\/uploads\/2023\/11\/LED-Turn-Signal-Light-63117339055-63117339056-for-7-Series-2014-2016-F01-F02-F03-LCI-5-300x300.webp",300,300,true],"woocommerce_single":["https:\/\/www.liwin-china.com\/wp-content\/uploads\/2023\/11\/LED-Turn-Signal-Light-63117339055-63117339056-for-7-Series-2014-2016-F01-F02-F03-LCI-5-600x600.webp",600,600,true],"woocommerce_gallery_thumbnail":["https:\/\/www.liwin-china.com\/wp-content\/uploads\/2023\/11\/LED-Turn-Signal-Light-63117339055-63117339056-for-7-Series-2014-2016-F01-F02-F03-LCI-5-100x100.webp",100,100,true]},"post_excerpt_stackable":"<p>Liwiny OEM 63117339055 Left 63117339056 Right Led Signal Light For BM(W) 7 Series F01 F03 F02 LCI Xenon Headlight 2014-2016<\/p>\n<p>Brand Name\uff1aLiwiny<br \/>\nItem\uff1aLED Turn Signal Light<br \/>\nMode&amp;Date\uff1aFor 7 Series 2014-2016<br \/>\nOEM Part No.\uff1aLW-63117339055 left , 63117339056 right<br \/>\nUse For Chassis\uff1aFor F01\/F02\/F03 LCI Full Led<br \/>\nVoltage\uff1a12V<br \/>\nPower\uff1a35W<br \/>\nMaterial\uff1aAluminium Alloy<br \/>\nPackage\uff1aSmall Normal Box<br \/>\nOEM\uff1aAvailable<br \/>\nWarranty\uff1a1 year<\/p>\n<p>Lead-time\uff1aAccording to customers order detail<br \/>\nMain export markets\uff1aAsia\/Eastern Europe\/Middle East\/Africa\/Australasia\/North America\/central\/South America\/Western Europe<\/p>\n","category_list":"","author_info":{"name":"","url":""},"comments_num":"0 comments","uagb_featured_image_src":{"full":["https:\/\/www.liwin-china.com\/wp-content\/uploads\/2023\/11\/LED-Turn-Signal-Light-63117339055-63117339056-for-7-Series-2014-2016-F01-F02-F03-LCI-5.webp",700,700,false],"thumbnail":["https:\/\/www.liwin-china.com\/wp-content\/uploads\/2023\/11\/LED-Turn-Signal-Light-63117339055-63117339056-for-7-Series-2014-2016-F01-F02-F03-LCI-5-150x150.webp",150,150,true],"medium":["https:\/\/www.liwin-china.com\/wp-content\/uploads\/2023\/11\/LED-Turn-Signal-Light-63117339055-63117339056-for-7-Series-2014-2016-F01-F02-F03-LCI-5-300x300.webp",300,300,true],"medium_large":["https:\/\/www.liwin-china.com\/wp-content\/uploads\/2023\/11\/LED-Turn-Signal-Light-63117339055-63117339056-for-7-Series-2014-2016-F01-F02-F03-LCI-5.webp",700,700,false],"large":["https:\/\/www.liwin-china.com\/wp-content\/uploads\/2023\/11\/LED-Turn-Signal-Light-63117339055-63117339056-for-7-Series-2014-2016-F01-F02-F03-LCI-5.webp",700,700,false],"1536x1536":["https:\/\/www.liwin-china.com\/wp-content\/uploads\/2023\/11\/LED-Turn-Signal-Light-63117339055-63117339056-for-7-Series-2014-2016-F01-F02-F03-LCI-5.webp",700,700,false],"2048x2048":["https:\/\/www.liwin-china.com\/wp-content\/uploads\/2023\/11\/LED-Turn-Signal-Light-63117339055-63117339056-for-7-Series-2014-2016-F01-F02-F03-LCI-5.webp",700,700,false],"trp-custom-language-flag":["https:\/\/www.liwin-china.com\/wp-content\/uploads\/2023\/11\/LED-Turn-Signal-Light-63117339055-63117339056-for-7-Series-2014-2016-F01-F02-F03-LCI-5.webp",12,12,false],"woocommerce_archive_thumbnail":["https:\/\/www.liwin-china.com\/wp-content\/uploads\/2023\/11\/LED-Turn-Signal-Light-63117339055-63117339056-for-7-Series-2014-2016-F01-F02-F03-LCI-5-300x300.webp",300,300,true],"woocommerce_thumbnail":["https:\/\/www.liwin-china.com\/wp-content\/uploads\/2023\/11\/LED-Turn-Signal-Light-63117339055-63117339056-for-7-Series-2014-2016-F01-F02-F03-LCI-5-300x300.webp",300,300,true],"woocommerce_single":["https:\/\/www.liwin-china.com\/wp-content\/uploads\/2023\/11\/LED-Turn-Signal-Light-63117339055-63117339056-for-7-Series-2014-2016-F01-F02-F03-LCI-5-600x600.webp",600,600,true],"woocommerce_gallery_thumbnail":["https:\/\/www.liwin-china.com\/wp-content\/uploads\/2023\/11\/LED-Turn-Signal-Light-63117339055-63117339056-for-7-Series-2014-2016-F01-F02-F03-LCI-5-100x100.webp",100,100,true]},"uagb_author_info":{"display_name":"adminn","author_link":"https:\/\/www.liwin-china.com\/lt\/author\/"},"uagb_comment_info":0,"uagb_excerpt":"Liwiny OEM 63117339055 Left 63117339056 Right Led Signal Light For BM(W) 7 Series F01 F03 F02 LCI Xenon Headlight 2014-2016 Brand Name\uff1aLiwiny Item\uff1aLED Turn Signal Light Mode&amp;Date\uff1aFor 7 Series 2014-2016 OEM Part No.\uff1aLW-63117339055 left , 63117339056 right Use For Chassis\uff1aFor F01\/F02\/F03 LCI Full Led Voltage\uff1a12V Power\uff1a35W Material\uff1aAluminium Alloy Package\uff1aSmall Normal Box OEM\uff1aAvailable Warranty\uff1a1 year Lead-time\uff1aAccording&hellip;","_links":{"self":[{"href":"https:\/\/www.liwin-china.com\/lt\/wp-json\/wp\/v2\/product\/996"}],"collection":[{"href":"https:\/\/www.liwin-china.com\/lt\/wp-json\/wp\/v2\/product"}],"about":[{"href":"https:\/\/www.liwin-china.com\/lt\/wp-json\/wp\/v2\/types\/product"}],"wp:featuredmedia":[{"embeddable":true,"href":"https:\/\/www.liwin-china.com\/lt\/wp-json\/wp\/v2\/media\/1003"}],"wp:attachment":[{"href":"https:\/\/www.liwin-china.com\/lt\/wp-json\/wp\/v2\/media?parent=996"}],"wp:term":[{"taxonomy":"product_cat","embeddable":true,"href":"https:\/\/www.liwin-china.com\/lt\/wp-json\/wp\/v2\/product_cat?post=996"},{"taxonomy":"product_tag","embeddable":true,"href":"https:\/\/www.liwin-china.com\/lt\/wp-json\/wp\/v2\/product_tag?post=996"}],"curies":[{"name":"wp","href":"https:\/\/api.w.org\/{rel}","templated":true}]}}