{"id":83176,"date":"2026-05-03T17:14:03","date_gmt":"2026-05-03T09:14:03","guid":{"rendered":"https:\/\/www.liwin-china.com\/?post_type=product&#038;p=83176"},"modified":"2026-05-03T17:26:54","modified_gmt":"2026-05-03T09:26:54","slug":"liwiny-bridgelux-universal-led-angel-eyes-daytime-running-light-for-e39-series-3w-12v-ip65-auto-bulb-for-cars","status":"publish","type":"product","link":"https:\/\/www.liwin-china.com\/lt\/produktas\/liwiny-bridgelux-universal-led-angel-eyes-daytime-running-light-for-e39-series-3w-12v-ip65-auto-bulb-for-cars\/","title":{"rendered":"Liwiny Bridgelux Universal LED Angel Eyes Daytime Running Light for E39 Series 3W 12V IP65 Auto Bulb for Cars"},"content":{"rendered":"<p>Liwiny Bridgelux Universal LED Angel Eyes Daytime Running Light for E39 Series 3W 12V IP65 Auto Bulb for Cars<\/p>\n<p>Item\uff1a<a class=\"group-link icbu-link-normal\" title=\"Marker Angle Eyes Bulbs Series\">Marker Angle Eyes Bulb<\/a><br \/>\nOEM Part No.\uff1aLH39B03W01\u00a0 \u00a0 \u00a0 \u00a0 \u00a0 \u00a0 \u00a0 \u00a0 \u00a0 \u00a0 \u00a0 \u00a0 \u00a0 \u00a0 \u00a0 \u00a0 \u00a0 \u00a0 \u00a0 \u00a0 \u00a0 \u00a0 \u00a0 \u00a0 \u00a0 \u00a0 \u00a0 \u00a0 \u00a0 \u00a0 \u00a0 \u00a0 \u00a0 \u00a0 \u00a0 \u00a0 \u00a0 \u00a0 \u00a0 \u00a0 \u00a0 \u00a0 \u00a0 \u00a0 \u00a0 \u00a0 \u00a0 \u00a0 \u00a0 \u00a0 \u00a0 \u00a0 \u00a0 \u00a0 \u00a0 \u00a0 \u00a0 \u00a0 \u00a0 \u00a0 \u00a0 \u00a0 \u00a0 \u00a0 \u00a0 \u00a0 \u00a0 \u00a0 \u00a0 \u00a0 \u00a0 \u00a0 \u00a0 \u00a0 \u00a0 \u00a0 \u00a0 \u00a0 \u00a0 \u00a0 \u00a0 \u00a0 \u00a0 \u00a0 \u00a0 \u00a0 \u00a0 \u00a0 \u00a0 \u00a0 \u00a0 \u00a0 \u00a0 \u00a0 \u00a0 \u00a0 \u00a0 \u00a0 \u00a0 \u00a0 \u00a0 \u00a0 \u00a0 \u00a0 \u00a0 \u00a0 \u00a0 \u00a0 \u00a0 \u00a0 \u00a0 \u00a0 \u00a0 \u00a0 \u00a0 \u00a0 \u00a0 \u00a0 \u00a0 \u00a0 \u00a0 \u00a0 for E39\u00a0 \u00a0 \u00a0 \u00a0 \u00a0 \u00a0 \u00a0 \u00a0 \u00a0 \u00a0 \u00a0 \u00a0 \u00a0 \u00a0 \u00a0 \u00a0 \u00a0 \u00a0 \u00a0 \u00a0 \u00a0 \u00a0 \u00a0 \u00a0 \u00a0 \u00a0 \u00a0 \u00a0 \u00a0 \u00a0 \u00a0 \u00a0 \u00a0 \u00a0 \u00a0 \u00a0 \u00a0 \u00a0 \u00a0 \u00a0 \u00a0 \u00a0 \u00a0 \u00a0 \u00a0 \u00a0 \u00a0 \u00a0 \u00a0 \u00a0 \u00a0 \u00a0 \u00a0 \u00a0 \u00a0 \u00a0 \u00a0 \u00a0 \u00a0 \u00a0 \u00a0 \u00a0 \u00a0 \u00a0 \u00a0 \u00a0 \u00a0 \u00a0 \u00a0 \u00a0 \u00a0 \u00a0 \u00a0 \u00a0 \u00a0 \u00a0 \u00a0 \u00a0 \u00a0 \u00a0 \u00a0 \u00a0 \u00a0 \u00a0 \u00a0 \u00a0 \u00a0 \u00a0 \u00a0 \u00a0 \u00a0 \u00a0 \u00a0 \u00a0 \u00a0 \u00a0 \u00a0 \u00a0 \u00a0 \u00a0 \u00a0 \u00a0 \u00a0 \u00a0 \u00a0 \u00a0 \u00a0 \u00a0 \u00a0 \u00a0 \u00a0 \u00a0 \u00a0 \u00a0 \u00a0 \u00a0 \u00a0 \u00a0 \u00a0 \u00a0 \u00a0 \u00a0 \u00a0 \u00a0 \u00a0 \u00a0 \u00a0 \u00a0 \u00a0 \u00a0 \u00a0 \u00a0 \u00a0 \u00a0 \u00a0 \u00a0 \u00a0 \u00a0 \u00a0 \u00a0 \u00a0 Voltage\uff1a<span style=\"color: #000000;\">12v<\/span><br \/>\nGalia\uff1a3W<br \/>\nLumen\uff1a450LM<br \/>\nColor Temperature\uff1aWhite\/Yellow\/Blue\/Red\/Green<br \/>\nMaterial\uff1a Aluminum<br \/>\nPakuot\u0117\uff1aMa\u017ea balta d\u0117\u017eut\u0117<br \/>\nOEM: galima<br \/>\nGyvenimo trukm\u0117: daugiau nei 3000 val.<br \/>\nGarantija: 1 metai<br \/>\nAutomobilio mark\u0117\uff1aUniversal<br \/>\nSertifikavimas\uff1aCE ROSH IP67<br \/>\nKilm\u0117s vieta: Guangdongas, Kinija<br \/>\n\u0160vino laikas\uff1aAccording to customers order detail<\/p>\n<p>Products Description: <span class=\"magic-6\">\u2022 100% Brand new and high quality, tested<br \/>\n\u2022 Durable headlights, waterproof &amp; stability, long lifespan<br \/>\n\u2022 High quality Aluminum housing, heat protection to ensure the secure temperature range<br \/>\n\u2022 Simple installation, no need to drilled or modified<br \/>\n\u2022 Superior illumination, long lasting<br \/>\n\u2022 Special design with the ideal angle for maximum illumination<br \/>\n\u2022 Ideal for refitting For the original car\u2019s yellowish headlights with these SUPER BRIGHT LED ANGEL EYES LIGHTS<\/p>\n<p><\/span><span class=\"magic-7\" style=\"color: #4e4e4e;\">Tinka:<br \/>\nFor 525i 2001-2007<br \/>\nFor 525xi 2006-2007<br \/>\nFor 530i 2001-2007<br \/>\nFor 530xi 2006-2007<br \/>\nFor 540i 2001-2003<br \/>\nFor 545i 2004-2005<br \/>\nFor 550i 2006-2007<br \/>\nFor 645Ci 2004-2005<br \/>\nFor 650i 2006-2007<br \/>\nFor 745i 2002-2006<br \/>\nFor 745Li 2002-2005<br \/>\nFor 750i 2006-2008<br \/>\nFor 750Li 2006-2008<br \/>\nFor 760i 2004-2006<br \/>\nFor 760Li 2003-2008<br \/>\nFor M5 2000-2007<br \/>\nFor M6 2006-2008<br \/>\nFor X3 2006-2007<br \/>\nFor X5 2000-2005<br \/>\n*Some models may need decoders if it happens flashes or errors.<\/span><\/p>\n<p>&nbsp;<\/p>\n<h1><strong>Kod\u0117l verta rinktis LIWINY?<\/strong><\/h1>\n<p><img loading=\"lazy\" decoding=\"async\" class=\"alignnone size-full wp-image-4463\" src=\"https:\/\/www.liwin-china.com\/wp-content\/uploads\/2023\/12\/liwiny-oem-ballast.webp\" alt=\"\" width=\"1980\" height=\"600\" srcset=\"https:\/\/www.liwin-china.com\/wp-content\/uploads\/2023\/12\/liwiny-oem-ballast.webp 1980w, https:\/\/www.liwin-china.com\/wp-content\/uploads\/2023\/12\/liwiny-oem-ballast-300x91.webp 300w, https:\/\/www.liwin-china.com\/wp-content\/uploads\/2023\/12\/liwiny-oem-ballast-1024x310.webp 1024w, https:\/\/www.liwin-china.com\/wp-content\/uploads\/2023\/12\/liwiny-oem-ballast-768x233.webp 768w, https:\/\/www.liwin-china.com\/wp-content\/uploads\/2023\/12\/liwiny-oem-ballast-1536x465.webp 1536w, https:\/\/www.liwin-china.com\/wp-content\/uploads\/2023\/12\/liwiny-oem-ballast-600x182.webp 600w\" sizes=\"(max-width: 1980px) 100vw, 1980px\" \/><\/p>\n<ul>\n<li>Nuo med\u017eiagos iki galutinio gaminio, mes laikom\u0117s grie\u017etos kokyb\u0117s kontrol\u0117s, u\u017etikrindami, kad defekt\u0173 lygis b\u016bt\u0173 ma\u017eesnis nei 1%.<\/li>\n<li>Sveiki atvyk\u0119 \u012f OEM\/ODM oders, mes priimame daugyb\u0119 pritaikymo reikalavim\u0173, toki\u0173 kaip i\u0161vaizda, galia, pavara, ventiliatorius, lustas, spalv\u0173 temperat\u016bra, logotipas, pakuot\u0117.<\/li>\n<li>Si\u016blome 12-36 m\u0117nesi\u0173 garantij\u0105, kuri apima tiesiogin\u012f pakeitim\u0105. Nereikia si\u0173sti atgal sugedusi\u0173 produkt\u0173.<\/li>\n<li>Atsi\u017evelgdami \u012f rinkos tendencijas, kiekvien\u0105 sezon\u0105 sukuriame 3-5 naujus produktus.<\/li>\n<\/ul>\n<p>&nbsp;<\/p>\n<h2>Paklauskite citatos \u0161iandien!<\/h2>\n<p>Visus LIWINY gaminius galima u\u017esakyti dideliais kiekiais \/ didmenine prekyba! Jei norite parduoti m\u016bs\u0173 gaminius arba tapti m\u016bs\u0173 platintoju, susisiekite su mumis, gausite \u0161i\u0173 privalum\u0173:<\/p>\n<p>Ma\u017eas MOQ ir greitas pristatymas<br \/>\nInovatyv\u016bs produktai<br \/>\nGeriausia didmenin\u0117 kaina<br \/>\nOEM\/ODM paslauga<\/p>","protected":false},"excerpt":{"rendered":"<p>Liwiny Bridgelux Universal LED Angel Eyes Daytime Running Light for E39 Series 3W 12V IP65 Auto Bulb for Cars<\/p>\n<p>Item\uff1a<a class=\"group-link icbu-link-normal\" title=\"Marker Angle Eyes Bulbs Series\">Marker Angle Eyes Bulb<\/a><br \/>\nOEM Part No.\uff1aLH39B03W01\u00a0 \u00a0 \u00a0 \u00a0 \u00a0 \u00a0 \u00a0 \u00a0 \u00a0 \u00a0 \u00a0 \u00a0 \u00a0 \u00a0 \u00a0 \u00a0 \u00a0 \u00a0 \u00a0 \u00a0 \u00a0 \u00a0 \u00a0 \u00a0 \u00a0 \u00a0 \u00a0 \u00a0 \u00a0 \u00a0 \u00a0 \u00a0 \u00a0 \u00a0 \u00a0 \u00a0 \u00a0 \u00a0 \u00a0 \u00a0 \u00a0 \u00a0 \u00a0 \u00a0 \u00a0 \u00a0 \u00a0 \u00a0 \u00a0 \u00a0 \u00a0 \u00a0 \u00a0 \u00a0 \u00a0 \u00a0 \u00a0 \u00a0 \u00a0 \u00a0 \u00a0 \u00a0 \u00a0 \u00a0 \u00a0 \u00a0 \u00a0 \u00a0 \u00a0 \u00a0 \u00a0 \u00a0 \u00a0 \u00a0 \u00a0 \u00a0 \u00a0 \u00a0 \u00a0 \u00a0 \u00a0 \u00a0 \u00a0 \u00a0 \u00a0 \u00a0 \u00a0 \u00a0 \u00a0 \u00a0 \u00a0 \u00a0 \u00a0 \u00a0 \u00a0 \u00a0 \u00a0 \u00a0 \u00a0 \u00a0 \u00a0 \u00a0 \u00a0 \u00a0 \u00a0 \u00a0 \u00a0 \u00a0 \u00a0 \u00a0 \u00a0 \u00a0 \u00a0 \u00a0 \u00a0 \u00a0 \u00a0 \u00a0 \u00a0 \u00a0 \u00a0 \u00a0 for E39\u00a0 \u00a0 \u00a0 \u00a0 \u00a0 \u00a0 \u00a0 \u00a0 \u00a0 \u00a0 \u00a0 \u00a0 \u00a0 \u00a0 \u00a0 \u00a0 \u00a0 \u00a0 \u00a0 \u00a0 \u00a0 \u00a0 \u00a0 \u00a0 \u00a0 \u00a0 \u00a0 \u00a0 \u00a0 \u00a0 \u00a0 \u00a0 \u00a0 \u00a0 \u00a0 \u00a0 \u00a0 \u00a0 \u00a0 \u00a0 \u00a0 \u00a0 \u00a0 \u00a0 \u00a0 \u00a0 \u00a0 \u00a0 \u00a0 \u00a0 \u00a0 \u00a0 \u00a0 \u00a0 \u00a0 \u00a0 \u00a0 \u00a0 \u00a0 \u00a0 \u00a0 \u00a0 \u00a0 \u00a0 \u00a0 \u00a0 \u00a0 \u00a0 \u00a0 \u00a0 \u00a0 \u00a0 \u00a0 \u00a0 \u00a0 \u00a0 \u00a0 \u00a0 \u00a0 \u00a0 \u00a0 \u00a0 \u00a0 \u00a0 \u00a0 \u00a0 \u00a0 \u00a0 \u00a0 \u00a0 \u00a0 \u00a0 \u00a0 \u00a0 \u00a0 \u00a0 \u00a0 \u00a0 \u00a0 \u00a0 \u00a0 \u00a0 \u00a0 \u00a0 \u00a0 \u00a0 \u00a0 \u00a0 \u00a0 \u00a0 \u00a0 \u00a0 \u00a0 \u00a0 \u00a0 \u00a0 \u00a0 \u00a0 \u00a0 \u00a0 \u00a0 \u00a0 \u00a0 \u00a0 \u00a0 \u00a0 \u00a0 \u00a0 \u00a0 \u00a0 \u00a0 \u00a0 \u00a0 \u00a0 \u00a0 \u00a0 \u00a0 \u00a0 \u00a0 \u00a0 \u00a0 Voltage\uff1a<span style=\"color: #000000;\">12v<\/span><br \/>\nGalia\uff1a3W<br \/>\nLumen\uff1a450LM<br \/>\nColor Temperature\uff1aWhite\/Yellow\/Blue\/Red\/Green<br \/>\nMaterial\uff1a Aluminum<br \/>\nPakuot\u0117\uff1aMa\u017ea balta d\u0117\u017eut\u0117<br \/>\nOEM: galima<br \/>\nGyvenimo trukm\u0117: daugiau nei 3000 val.<br \/>\nGarantija: 1 metai<br \/>\nAutomobilio mark\u0117\uff1aUniversal<br \/>\nSertifikavimas\uff1aCE ROSH IP67<br \/>\nKilm\u0117s vieta: Guangdongas, Kinija<br \/>\n\u0160vino laikas\uff1aAccording to customers order detail<\/p>\n<p>Products Description: <span class=\"magic-6\">\u2022 100% Brand new and high quality, tested<br \/>\n\u2022 Durable headlights, waterproof &amp; stability, long lifespan<br \/>\n\u2022 High quality Aluminum housing, heat protection to ensure the secure temperature range<br \/>\n\u2022 Simple installation, no need to drilled or modified<br \/>\n\u2022 Superior illumination, long lasting<br \/>\n\u2022 Special design with the ideal angle for maximum illumination<br \/>\n\u2022 Ideal for refitting For the original car\u2019s yellowish headlights with these SUPER BRIGHT LED ANGEL EYES LIGHTS<\/p>\n<p><\/span><span class=\"magic-7\" style=\"color: #4e4e4e;\">Tinka:<br \/>\nFor 525i 2001-2007<br \/>\nFor 525xi 2006-2007<br \/>\nFor 530i 2001-2007<br \/>\nFor 530xi 2006-2007<br \/>\nFor 540i 2001-2003<br \/>\nFor 545i 2004-2005<br \/>\nFor 550i 2006-2007<br \/>\nFor 645Ci 2004-2005<br \/>\nFor 650i 2006-2007<br \/>\nFor 745i 2002-2006<br \/>\nFor 745Li 2002-2005<br \/>\nFor 750i 2006-2008<br \/>\nFor 750Li 2006-2008<br \/>\nFor 760i 2004-2006<br \/>\nFor 760Li 2003-2008<br \/>\nFor M5 2000-2007<br \/>\nFor M6 2006-2008<br \/>\nFor X3 2006-2007<br \/>\nFor X5 2000-2005<br \/>\n*Some models may need decoders if it happens flashes or errors.<\/span><\/p>","protected":false},"featured_media":83181,"template":"","meta":{"_seopress_robots_primary_cat":"none","_seopress_titles_title":"","_seopress_titles_desc":"","_seopress_robots_index":"","_uag_custom_page_level_css":"","_joinchat":[]},"product_cat":[487,483],"product_tag":[],"featured_image_urls":{"full":["https:\/\/www.liwin-china.com\/wp-content\/uploads\/2026\/05\/for-E39-Series-3W-10W-12V-IP65-Auto-Bulb-for-Cars-2.webp",445,467,false],"thumbnail":["https:\/\/www.liwin-china.com\/wp-content\/uploads\/2026\/05\/for-E39-Series-3W-10W-12V-IP65-Auto-Bulb-for-Cars-2-150x150.webp",150,150,true],"medium":["https:\/\/www.liwin-china.com\/wp-content\/uploads\/2026\/05\/for-E39-Series-3W-10W-12V-IP65-Auto-Bulb-for-Cars-2-286x300.webp",286,300,true],"medium_large":["https:\/\/www.liwin-china.com\/wp-content\/uploads\/2026\/05\/for-E39-Series-3W-10W-12V-IP65-Auto-Bulb-for-Cars-2.webp",445,467,false],"large":["https:\/\/www.liwin-china.com\/wp-content\/uploads\/2026\/05\/for-E39-Series-3W-10W-12V-IP65-Auto-Bulb-for-Cars-2.webp",445,467,false],"1536x1536":["https:\/\/www.liwin-china.com\/wp-content\/uploads\/2026\/05\/for-E39-Series-3W-10W-12V-IP65-Auto-Bulb-for-Cars-2.webp",445,467,false],"2048x2048":["https:\/\/www.liwin-china.com\/wp-content\/uploads\/2026\/05\/for-E39-Series-3W-10W-12V-IP65-Auto-Bulb-for-Cars-2.webp",445,467,false],"trp-custom-language-flag":["https:\/\/www.liwin-china.com\/wp-content\/uploads\/2026\/05\/for-E39-Series-3W-10W-12V-IP65-Auto-Bulb-for-Cars-2-11x12.webp",11,12,true],"woocommerce_archive_thumbnail":["https:\/\/www.liwin-china.com\/wp-content\/uploads\/2026\/05\/for-E39-Series-3W-10W-12V-IP65-Auto-Bulb-for-Cars-2-300x315.webp",300,315,true],"woocommerce_thumbnail":["https:\/\/www.liwin-china.com\/wp-content\/uploads\/2026\/05\/for-E39-Series-3W-10W-12V-IP65-Auto-Bulb-for-Cars-2-300x315.webp",300,315,true],"woocommerce_single":["https:\/\/www.liwin-china.com\/wp-content\/uploads\/2026\/05\/for-E39-Series-3W-10W-12V-IP65-Auto-Bulb-for-Cars-2.webp",445,467,false],"woocommerce_gallery_thumbnail":["https:\/\/www.liwin-china.com\/wp-content\/uploads\/2026\/05\/for-E39-Series-3W-10W-12V-IP65-Auto-Bulb-for-Cars-2-100x100.webp",100,100,true]},"post_excerpt_stackable":"<p>Liwiny Bridgelux Universal LED Angel Eyes Daytime Running Light for E39 Series 3W 12V IP65 Auto Bulb for Cars<\/p>\n<p>Item\uff1a<a class=\"group-link icbu-link-normal\" title=\"Marker Angle Eyes Bulbs Series\">Marker Angle Eyes Bulb<\/a><br \/>\nOEM Part No.\uff1aLH39B03W01\u00a0 \u00a0 \u00a0 \u00a0 \u00a0 \u00a0 \u00a0 \u00a0 \u00a0 \u00a0 \u00a0 \u00a0 \u00a0 \u00a0 \u00a0 \u00a0 \u00a0 \u00a0 \u00a0 \u00a0 \u00a0 \u00a0 \u00a0 \u00a0 \u00a0 \u00a0 \u00a0 \u00a0 \u00a0 \u00a0 \u00a0 \u00a0 \u00a0 \u00a0 \u00a0 \u00a0 \u00a0 \u00a0 \u00a0 \u00a0 \u00a0 \u00a0 \u00a0 \u00a0 \u00a0 \u00a0 \u00a0 \u00a0 \u00a0 \u00a0 \u00a0 \u00a0 \u00a0 \u00a0 \u00a0 \u00a0 \u00a0 \u00a0 \u00a0 \u00a0 \u00a0 \u00a0 \u00a0 \u00a0 \u00a0 \u00a0 \u00a0 \u00a0 \u00a0 \u00a0 \u00a0 \u00a0 \u00a0 \u00a0 \u00a0 \u00a0 \u00a0 \u00a0 \u00a0 \u00a0 \u00a0 \u00a0 \u00a0 \u00a0 \u00a0 \u00a0 \u00a0 \u00a0 \u00a0 \u00a0 \u00a0 \u00a0 \u00a0 \u00a0 \u00a0 \u00a0 \u00a0 \u00a0 \u00a0 \u00a0 \u00a0 \u00a0 \u00a0 \u00a0 \u00a0 \u00a0 \u00a0 \u00a0 \u00a0 \u00a0 \u00a0 \u00a0 \u00a0 \u00a0 \u00a0 \u00a0 \u00a0 \u00a0 \u00a0 \u00a0 \u00a0 \u00a0 for E39\u00a0 \u00a0 \u00a0 \u00a0 \u00a0 \u00a0 \u00a0 \u00a0 \u00a0 \u00a0 \u00a0 \u00a0 \u00a0 \u00a0 \u00a0 \u00a0 \u00a0 \u00a0 \u00a0 \u00a0 \u00a0 \u00a0 \u00a0 \u00a0 \u00a0 \u00a0 \u00a0 \u00a0 \u00a0 \u00a0 \u00a0 \u00a0 \u00a0 \u00a0 \u00a0 \u00a0 \u00a0 \u00a0 \u00a0 \u00a0 \u00a0 \u00a0 \u00a0 \u00a0 \u00a0 \u00a0 \u00a0 \u00a0 \u00a0 \u00a0 \u00a0 \u00a0 \u00a0 \u00a0 \u00a0 \u00a0 \u00a0 \u00a0 \u00a0 \u00a0 \u00a0 \u00a0 \u00a0 \u00a0 \u00a0 \u00a0 \u00a0 \u00a0 \u00a0 \u00a0 \u00a0 \u00a0 \u00a0 \u00a0 \u00a0 \u00a0 \u00a0 \u00a0 \u00a0 \u00a0 \u00a0 \u00a0 \u00a0 \u00a0 \u00a0 \u00a0 \u00a0 \u00a0 \u00a0 \u00a0 \u00a0 \u00a0 \u00a0 \u00a0 \u00a0 \u00a0 \u00a0 \u00a0 \u00a0 \u00a0 \u00a0 \u00a0 \u00a0 \u00a0 \u00a0 \u00a0 \u00a0 \u00a0 \u00a0 \u00a0 \u00a0 \u00a0 \u00a0 \u00a0 \u00a0 \u00a0 \u00a0 \u00a0 \u00a0 \u00a0 \u00a0 \u00a0 \u00a0 \u00a0 \u00a0 \u00a0 \u00a0 \u00a0 \u00a0 \u00a0 \u00a0 \u00a0 \u00a0 \u00a0 \u00a0 \u00a0 \u00a0 \u00a0 \u00a0 \u00a0 \u00a0 Voltage\uff1a<span style=\"color: #000000;\">12v<\/span><br \/>\nPower\uff1a3W<br \/>\nLumen\uff1a450LM<br \/>\nColor Temperature\uff1aWhite\/Yellow\/Blue\/Red\/Green<br \/>\nMaterial\uff1a Aluminum<br \/>\nPackage\uff1aSmall White Box<br \/>\nOEM\uff1aAvailable<br \/>\nLife Span\uff1aMore than 3000h<br \/>\nWarranty\uff1a1 year<br \/>\nCar Make\uff1aUniversal<br \/>\nCertification\uff1aCE ROSH IP67<br \/>\nPlace of Origin:Guangdong, China<br \/>\nLead-time\uff1aAccording to customers order detail<\/p>\n<p>Products Description: <span class=\"magic-6\">\u2022 100% Brand new and high quality, tested<br \/>\n\u2022 Durable headlights, waterproof &amp; stability, long lifespan<br \/>\n\u2022 High quality Aluminum housing, heat protection to ensure the secure temperature range<br \/>\n\u2022 Simple installation, no need to drilled or modified<br \/>\n\u2022 Superior illumination, long lasting<br \/>\n\u2022 Special design with the ideal angle for maximum illumination<br \/>\n\u2022 Ideal for refitting For the original car\u2019s yellowish headlights with these SUPER BRIGHT LED ANGEL EYES LIGHTS<\/p>\n<p><\/span><span class=\"magic-7\" style=\"color: #4e4e4e;\">Fitment:<br \/>\nFor 525i 2001-2007<br \/>\nFor 525xi 2006-2007<br \/>\nFor 530i 2001-2007<br \/>\nFor 530xi 2006-2007<br \/>\nFor 540i 2001-2003<br \/>\nFor 545i 2004-2005<br \/>\nFor 550i 2006-2007<br \/>\nFor 645Ci 2004-2005<br \/>\nFor 650i 2006-2007<br \/>\nFor 745i 2002-2006<br \/>\nFor 745Li 2002-2005<br \/>\nFor 750i 2006-2008<br \/>\nFor 750Li 2006-2008<br \/>\nFor 760i 2004-2006<br \/>\nFor 760Li 2003-2008<br \/>\nFor M5 2000-2007<br \/>\nFor M6 2006-2008<br \/>\nFor X3 2006-2007<br \/>\nFor X5 2000-2005<br \/>\n*Some models may need decoders if it happens flashes or errors.<\/span><\/p>\n","category_list":"","author_info":{"name":"","url":""},"comments_num":"0 comments","uagb_featured_image_src":{"full":["https:\/\/www.liwin-china.com\/wp-content\/uploads\/2026\/05\/for-E39-Series-3W-10W-12V-IP65-Auto-Bulb-for-Cars-2.webp",445,467,false],"thumbnail":["https:\/\/www.liwin-china.com\/wp-content\/uploads\/2026\/05\/for-E39-Series-3W-10W-12V-IP65-Auto-Bulb-for-Cars-2-150x150.webp",150,150,true],"medium":["https:\/\/www.liwin-china.com\/wp-content\/uploads\/2026\/05\/for-E39-Series-3W-10W-12V-IP65-Auto-Bulb-for-Cars-2-286x300.webp",286,300,true],"medium_large":["https:\/\/www.liwin-china.com\/wp-content\/uploads\/2026\/05\/for-E39-Series-3W-10W-12V-IP65-Auto-Bulb-for-Cars-2.webp",445,467,false],"large":["https:\/\/www.liwin-china.com\/wp-content\/uploads\/2026\/05\/for-E39-Series-3W-10W-12V-IP65-Auto-Bulb-for-Cars-2.webp",445,467,false],"1536x1536":["https:\/\/www.liwin-china.com\/wp-content\/uploads\/2026\/05\/for-E39-Series-3W-10W-12V-IP65-Auto-Bulb-for-Cars-2.webp",445,467,false],"2048x2048":["https:\/\/www.liwin-china.com\/wp-content\/uploads\/2026\/05\/for-E39-Series-3W-10W-12V-IP65-Auto-Bulb-for-Cars-2.webp",445,467,false],"trp-custom-language-flag":["https:\/\/www.liwin-china.com\/wp-content\/uploads\/2026\/05\/for-E39-Series-3W-10W-12V-IP65-Auto-Bulb-for-Cars-2-11x12.webp",11,12,true],"woocommerce_archive_thumbnail":["https:\/\/www.liwin-china.com\/wp-content\/uploads\/2026\/05\/for-E39-Series-3W-10W-12V-IP65-Auto-Bulb-for-Cars-2-300x315.webp",300,315,true],"woocommerce_thumbnail":["https:\/\/www.liwin-china.com\/wp-content\/uploads\/2026\/05\/for-E39-Series-3W-10W-12V-IP65-Auto-Bulb-for-Cars-2-300x315.webp",300,315,true],"woocommerce_single":["https:\/\/www.liwin-china.com\/wp-content\/uploads\/2026\/05\/for-E39-Series-3W-10W-12V-IP65-Auto-Bulb-for-Cars-2.webp",445,467,false],"woocommerce_gallery_thumbnail":["https:\/\/www.liwin-china.com\/wp-content\/uploads\/2026\/05\/for-E39-Series-3W-10W-12V-IP65-Auto-Bulb-for-Cars-2-100x100.webp",100,100,true]},"uagb_author_info":{"display_name":"adminn","author_link":"https:\/\/www.liwin-china.com\/lt\/author\/"},"uagb_comment_info":0,"uagb_excerpt":"Liwiny Bridgelux Universal LED Angel Eyes Daytime Running Light for E39 Series 3W 12V IP65 Auto Bulb for Cars Item\uff1aMarker Angle Eyes Bulb OEM Part No.\uff1aLH39B03W01\u00a0 \u00a0 \u00a0 \u00a0 \u00a0 \u00a0 \u00a0 \u00a0 \u00a0 \u00a0 \u00a0 \u00a0 \u00a0 \u00a0 \u00a0 \u00a0 \u00a0 \u00a0 \u00a0 \u00a0 \u00a0 \u00a0 \u00a0 \u00a0 \u00a0 \u00a0 \u00a0 \u00a0 \u00a0 \u00a0&hellip;","_links":{"self":[{"href":"https:\/\/www.liwin-china.com\/lt\/wp-json\/wp\/v2\/product\/83176"}],"collection":[{"href":"https:\/\/www.liwin-china.com\/lt\/wp-json\/wp\/v2\/product"}],"about":[{"href":"https:\/\/www.liwin-china.com\/lt\/wp-json\/wp\/v2\/types\/product"}],"wp:featuredmedia":[{"embeddable":true,"href":"https:\/\/www.liwin-china.com\/lt\/wp-json\/wp\/v2\/media\/83181"}],"wp:attachment":[{"href":"https:\/\/www.liwin-china.com\/lt\/wp-json\/wp\/v2\/media?parent=83176"}],"wp:term":[{"taxonomy":"product_cat","embeddable":true,"href":"https:\/\/www.liwin-china.com\/lt\/wp-json\/wp\/v2\/product_cat?post=83176"},{"taxonomy":"product_tag","embeddable":true,"href":"https:\/\/www.liwin-china.com\/lt\/wp-json\/wp\/v2\/product_tag?post=83176"}],"curies":[{"name":"wp","href":"https:\/\/api.w.org\/{rel}","templated":true}]}}