{"id":8002,"date":"2024-06-16T15:05:07","date_gmt":"2024-06-16T07:05:07","guid":{"rendered":"https:\/\/www.liwin-china.com\/?post_type=product&#038;p=8002"},"modified":"2024-12-04T22:41:12","modified_gmt":"2024-12-04T14:41:12","slug":"liwiny-for-bmw-2-series-f22-front-bumper-grille-2014-2015-2016-2017-2018-double-line-high-gloss-black-three-color","status":"publish","type":"product","link":"https:\/\/www.liwin-china.com\/lt\/produktas\/liwiny-for-bmw-2-series-f22-front-bumper-grille-2014-2015-2016-2017-2018-double-line-high-gloss-black-three-color\/","title":{"rendered":"Liwiny BMW 2 serijos F22 priekinio bamperio grotel\u0117s 2014 2015 2016 2016 2017 2018 dvigubos linijos blizgios juodos spalvos trys spalvos"},"content":{"rendered":"<p>Liwiny BMW 2 serijos F22 priekinio bamperio grotel\u0117s 2014 2015 2016 2016 2017 2018 dvigubos linijos blizgios juodos spalvos trys spalvos<\/p>\n<p>Prek\u0117s \u017eenklo pavadinimas\uff1aLiwiny<br \/>\nPrek\u0117\uff1a Priekinio bamperio grotel\u0117s<br \/>\nDydis\uff1a100*50*50CM<br \/>\nMed\u017eiaga\uff1aPlastiko anglies pluo\u0161tas<br \/>\nModelio numeris\uff1aBMW 2 serijos F22 grotel\u0117ms<br \/>\nKokyb\u0117: garantuota<br \/>\nOEM: galima<\/p>\n<p>&nbsp;<\/p>\n<h4><strong>Atsakomyb\u0117s apribojimas<\/strong>: Nor\u0117dami u\u017etikrinti tinkam\u0105 suderinamum\u0105, dukart patikrinkite, kokia dalis naudojama j\u016bs\u0173 automobilyje. Mes negalime b\u016bti atsakingi u\u017e klaiding\u0105 informacij\u0105, d\u0117l kurios \u012fsigyjate netinkamas dalis.<\/h4>\n<h4>Pastaba: kaina nurodyta u\u017e vien\u0105 vienet\u0105! Jei nesate tikri, kuris balastas tinkamas, nepamir\u0161kite m\u016bs\u0173 paklausti internetu. 24\/7 aptarnavimas.<\/h4>\n<h1><\/h1>\n<h1><strong>Kod\u0117l verta rinktis LIWINY?<\/strong><\/h1>\n<p><img loading=\"lazy\" decoding=\"async\" class=\"alignnone size-full wp-image-4463\" src=\"https:\/\/www.liwin-china.com\/wp-content\/uploads\/2023\/12\/liwiny-oem-ballast.webp\" alt=\"\" width=\"1980\" height=\"600\" srcset=\"https:\/\/www.liwin-china.com\/wp-content\/uploads\/2023\/12\/liwiny-oem-ballast.webp 1980w, https:\/\/www.liwin-china.com\/wp-content\/uploads\/2023\/12\/liwiny-oem-ballast-300x91.webp 300w, https:\/\/www.liwin-china.com\/wp-content\/uploads\/2023\/12\/liwiny-oem-ballast-1024x310.webp 1024w, https:\/\/www.liwin-china.com\/wp-content\/uploads\/2023\/12\/liwiny-oem-ballast-768x233.webp 768w, https:\/\/www.liwin-china.com\/wp-content\/uploads\/2023\/12\/liwiny-oem-ballast-1536x465.webp 1536w, https:\/\/www.liwin-china.com\/wp-content\/uploads\/2023\/12\/liwiny-oem-ballast-600x182.webp 600w\" sizes=\"(max-width: 1980px) 100vw, 1980px\" \/><\/p>\n<ul>\n<li>Nuo med\u017eiagos iki galutinio gaminio, mes laikom\u0117s grie\u017etos kokyb\u0117s kontrol\u0117s, u\u017etikrindami, kad defekt\u0173 lygis b\u016bt\u0173 ma\u017eesnis nei 1%.<\/li>\n<li>Sveiki atvyk\u0119 \u012f OEM\/ODM oders, mes priimame daugyb\u0119 pritaikymo reikalavim\u0173, toki\u0173 kaip i\u0161vaizda, galia, pavara, ventiliatorius, lustas, spalv\u0173 temperat\u016bra, logotipas, pakuot\u0117.<\/li>\n<li>Si\u016blome 12-36 m\u0117nesi\u0173 garantij\u0105, kuri apima tiesiogin\u012f pakeitim\u0105. Nereikia si\u0173sti atgal sugedusi\u0173 produkt\u0173.<\/li>\n<li>Atsi\u017evelgdami \u012f rinkos tendencijas, kiekvien\u0105 sezon\u0105 sukuriame 3-5 naujus produktus.<\/li>\n<\/ul>\n<p>&nbsp;<\/p>\n<h2>Paklauskite citatos \u0161iandien!<\/h2>\n<p>Visus LIWINY gaminius galima u\u017esakyti dideliais kiekiais \/ didmenine prekyba! Jei norite parduoti m\u016bs\u0173 gaminius arba tapti m\u016bs\u0173 platintoju, susisiekite su mumis, gausite \u0161i\u0173 privalum\u0173:<\/p>\n<p>Ma\u017eas MOQ ir greitas pristatymas<br \/>\nInovatyv\u016bs produktai<br \/>\nGeriausia didmenin\u0117 kaina<br \/>\nOEM\/ODM paslauga<\/p>","protected":false},"excerpt":{"rendered":"<p>Prek\u0117s \u017eenklo pavadinimas\uff1aLiwiny<br \/>\nPrek\u0117\uff1a Priekinio bamperio grotel\u0117s<br \/>\nDydis\uff1a100*50*50CM<br \/>\nMed\u017eiaga\uff1aPlastiko anglies pluo\u0161tas<br \/>\nModelio numeris\uff1aBMW 2 serijos F22 grotel\u0117ms<br \/>\nKokyb\u0117: garantuota<br \/>\nOEM: galima<\/p>\n<p>\u0160vino laikas\uff1aAccording to customers order detail<br \/>\nPagrindin\u0117s eksporto rinkos\uff1aAzija\/Ryt\u0173 Europa\/Bliznieji Rytai\/Afrika\/Australazija\/\u0160iaur\u0117<br \/>\nAmerika \/ Vidurio ir Piet\u0173 Amerika \/ Vakar\u0173 Europa<\/p>","protected":false},"featured_media":8003,"template":"","meta":{"_seopress_robots_primary_cat":"none","_seopress_titles_title":"","_seopress_titles_desc":"","_seopress_robots_index":"","_uag_custom_page_level_css":"","_joinchat":[]},"product_cat":[457],"product_tag":[],"featured_image_urls":{"full":["https:\/\/www.liwin-china.com\/wp-content\/uploads\/2024\/06\/For-BMW-2-Series-F22-front-bumper-grille-double-line-high-gloss-black-three-color-1.webp",800,800,false],"thumbnail":["https:\/\/www.liwin-china.com\/wp-content\/uploads\/2024\/06\/For-BMW-2-Series-F22-front-bumper-grille-double-line-high-gloss-black-three-color-1-150x150.webp",150,150,true],"medium":["https:\/\/www.liwin-china.com\/wp-content\/uploads\/2024\/06\/For-BMW-2-Series-F22-front-bumper-grille-double-line-high-gloss-black-three-color-1-300x300.webp",300,300,true],"medium_large":["https:\/\/www.liwin-china.com\/wp-content\/uploads\/2024\/06\/For-BMW-2-Series-F22-front-bumper-grille-double-line-high-gloss-black-three-color-1-768x768.webp",768,768,true],"large":["https:\/\/www.liwin-china.com\/wp-content\/uploads\/2024\/06\/For-BMW-2-Series-F22-front-bumper-grille-double-line-high-gloss-black-three-color-1.webp",800,800,false],"1536x1536":["https:\/\/www.liwin-china.com\/wp-content\/uploads\/2024\/06\/For-BMW-2-Series-F22-front-bumper-grille-double-line-high-gloss-black-three-color-1.webp",800,800,false],"2048x2048":["https:\/\/www.liwin-china.com\/wp-content\/uploads\/2024\/06\/For-BMW-2-Series-F22-front-bumper-grille-double-line-high-gloss-black-three-color-1.webp",800,800,false],"trp-custom-language-flag":["https:\/\/www.liwin-china.com\/wp-content\/uploads\/2024\/06\/For-BMW-2-Series-F22-front-bumper-grille-double-line-high-gloss-black-three-color-1.webp",12,12,false],"woocommerce_archive_thumbnail":["https:\/\/www.liwin-china.com\/wp-content\/uploads\/2024\/06\/For-BMW-2-Series-F22-front-bumper-grille-double-line-high-gloss-black-three-color-1-300x300.webp",300,300,true],"woocommerce_thumbnail":["https:\/\/www.liwin-china.com\/wp-content\/uploads\/2024\/06\/For-BMW-2-Series-F22-front-bumper-grille-double-line-high-gloss-black-three-color-1-300x300.webp",300,300,true],"woocommerce_single":["https:\/\/www.liwin-china.com\/wp-content\/uploads\/2024\/06\/For-BMW-2-Series-F22-front-bumper-grille-double-line-high-gloss-black-three-color-1-600x600.webp",600,600,true],"woocommerce_gallery_thumbnail":["https:\/\/www.liwin-china.com\/wp-content\/uploads\/2024\/06\/For-BMW-2-Series-F22-front-bumper-grille-double-line-high-gloss-black-three-color-1-100x100.webp",100,100,true]},"post_excerpt_stackable":"<p>Brand Name\uff1aLiwiny<br \/>\nItem\uff1aFront Bumper Grille<br \/>\nSize\uff1a100*50*50CM<br \/>\nMaterial\uff1aPlastic Carbon Fiber<br \/>\nModel Number\uff1aFor BMW 2 Series F22 grille<br \/>\nQuality\uff1aGuaranteed<br \/>\nOEM\uff1aAvailable<\/p>\n<p>Lead-time\uff1aAccording to customers order detail<br \/>\nMain export markets\uff1aAsia\/Eastern Europe\/Middle East\/Africa\/Australasia\/North<br \/>\nAmerica\/central\/South America\/Western Europe<\/p>\n","category_list":"","author_info":{"name":"","url":""},"comments_num":"0 comments","uagb_featured_image_src":{"full":["https:\/\/www.liwin-china.com\/wp-content\/uploads\/2024\/06\/For-BMW-2-Series-F22-front-bumper-grille-double-line-high-gloss-black-three-color-1.webp",800,800,false],"thumbnail":["https:\/\/www.liwin-china.com\/wp-content\/uploads\/2024\/06\/For-BMW-2-Series-F22-front-bumper-grille-double-line-high-gloss-black-three-color-1-150x150.webp",150,150,true],"medium":["https:\/\/www.liwin-china.com\/wp-content\/uploads\/2024\/06\/For-BMW-2-Series-F22-front-bumper-grille-double-line-high-gloss-black-three-color-1-300x300.webp",300,300,true],"medium_large":["https:\/\/www.liwin-china.com\/wp-content\/uploads\/2024\/06\/For-BMW-2-Series-F22-front-bumper-grille-double-line-high-gloss-black-three-color-1-768x768.webp",768,768,true],"large":["https:\/\/www.liwin-china.com\/wp-content\/uploads\/2024\/06\/For-BMW-2-Series-F22-front-bumper-grille-double-line-high-gloss-black-three-color-1.webp",800,800,false],"1536x1536":["https:\/\/www.liwin-china.com\/wp-content\/uploads\/2024\/06\/For-BMW-2-Series-F22-front-bumper-grille-double-line-high-gloss-black-three-color-1.webp",800,800,false],"2048x2048":["https:\/\/www.liwin-china.com\/wp-content\/uploads\/2024\/06\/For-BMW-2-Series-F22-front-bumper-grille-double-line-high-gloss-black-three-color-1.webp",800,800,false],"trp-custom-language-flag":["https:\/\/www.liwin-china.com\/wp-content\/uploads\/2024\/06\/For-BMW-2-Series-F22-front-bumper-grille-double-line-high-gloss-black-three-color-1.webp",12,12,false],"woocommerce_archive_thumbnail":["https:\/\/www.liwin-china.com\/wp-content\/uploads\/2024\/06\/For-BMW-2-Series-F22-front-bumper-grille-double-line-high-gloss-black-three-color-1-300x300.webp",300,300,true],"woocommerce_thumbnail":["https:\/\/www.liwin-china.com\/wp-content\/uploads\/2024\/06\/For-BMW-2-Series-F22-front-bumper-grille-double-line-high-gloss-black-three-color-1-300x300.webp",300,300,true],"woocommerce_single":["https:\/\/www.liwin-china.com\/wp-content\/uploads\/2024\/06\/For-BMW-2-Series-F22-front-bumper-grille-double-line-high-gloss-black-three-color-1-600x600.webp",600,600,true],"woocommerce_gallery_thumbnail":["https:\/\/www.liwin-china.com\/wp-content\/uploads\/2024\/06\/For-BMW-2-Series-F22-front-bumper-grille-double-line-high-gloss-black-three-color-1-100x100.webp",100,100,true]},"uagb_author_info":{"display_name":"adminn","author_link":"https:\/\/www.liwin-china.com\/lt\/author\/"},"uagb_comment_info":0,"uagb_excerpt":"Brand Name\uff1aLiwiny Item\uff1aFront Bumper Grille Size\uff1a100*50*50CM Material\uff1aPlastic Carbon Fiber Model Number\uff1aFor BMW 2 Series F22 grille Quality\uff1aGuaranteed OEM\uff1aAvailable Lead-time\uff1aAccording to customers order detail Main export markets\uff1aAsia\/Eastern Europe\/Middle East\/Africa\/Australasia\/North America\/central\/South America\/Western Europe","_links":{"self":[{"href":"https:\/\/www.liwin-china.com\/lt\/wp-json\/wp\/v2\/product\/8002"}],"collection":[{"href":"https:\/\/www.liwin-china.com\/lt\/wp-json\/wp\/v2\/product"}],"about":[{"href":"https:\/\/www.liwin-china.com\/lt\/wp-json\/wp\/v2\/types\/product"}],"wp:featuredmedia":[{"embeddable":true,"href":"https:\/\/www.liwin-china.com\/lt\/wp-json\/wp\/v2\/media\/8003"}],"wp:attachment":[{"href":"https:\/\/www.liwin-china.com\/lt\/wp-json\/wp\/v2\/media?parent=8002"}],"wp:term":[{"taxonomy":"product_cat","embeddable":true,"href":"https:\/\/www.liwin-china.com\/lt\/wp-json\/wp\/v2\/product_cat?post=8002"},{"taxonomy":"product_tag","embeddable":true,"href":"https:\/\/www.liwin-china.com\/lt\/wp-json\/wp\/v2\/product_tag?post=8002"}],"curies":[{"name":"wp","href":"https:\/\/api.w.org\/{rel}","templated":true}]}}