{"id":7620,"date":"2024-06-14T21:41:49","date_gmt":"2024-06-14T13:41:49","guid":{"rendered":"https:\/\/www.liwin-china.com\/?post_type=product&#038;p=7620"},"modified":"2024-12-04T21:41:52","modified_gmt":"2024-12-04T13:41:52","slug":"liwiny-factory-supply-electric-rearview-mirror-auto-side-mirror-for-benz-gl-m-class-w164","status":"publish","type":"product","link":"https:\/\/www.liwin-china.com\/lt\/produktas\/liwiny-factory-supply-electric-rearview-mirror-auto-side-mirror-for-benz-gl-m-class-w164\/","title":{"rendered":"Liwiny gamyklos tiekimas Elektrinis galinio vaizdo veidrodis Automatinis \u0161oninis veidrodis Benz GL M klasei W164"},"content":{"rendered":"<p>Liwiny gamyklos tiekimas Elektrinis galinio vaizdo veidrodis Automatinis \u0161oninis veidrodis Benz GL M klasei W164<\/p>\n<p>Prek\u0117s \u017eenklo pavadinimas\uff1aLiwiny<\/p>\n<p>Tipas\uff1a\u0160oninis veidrodis,Galinio vaizdo veidrodis<\/p>\n<p>OEM dalies Nr.\uff1aA1648102293, A1648100693, A1648103093, A1648100893, A1648103293, A1648101093, A1648101293, A1648103693, A1648103493, A1648101493, A1648102893, A1648100493, A1648102493, A1648101693, A1648109819, A1648104893, A1648104093<\/p>\n<p>Modelio numeris\uff1aD\u0117l GL&amp;M klas\u0117s W164<br \/>\nTinka automobiliui\uff1aMercedes-Benz GL&amp;M klasei W164<br \/>\nMetai\uff1a2008-2010<\/p>\n<p>Med\u017eiaga\uff1aABS+PP+stiklas<br \/>\nPozicija: kair\u0117 de\u0161in\u0117<\/p>\n<p>Funkcija: sulankstymas, \u0161ildymas, apsauga nuo atspind\u017ei\u0173<\/p>\n<p>\u012erengimas\uff1aLengvas \u012frengimas<\/p>\n<p>OEM: galima<br \/>\nGyvenimo trukm\u0117\uff1adaugiau nei 30000h<br \/>\nGarantija: 1 metai<br \/>\nAutomobilio mark\u0117\uff1aUniversal<br \/>\nKilm\u0117s vieta: Guangdongas, Kinija<br \/>\n\u0160vino laikas\uff1aAccording to customers order detail<\/p>\n<h2><b class=\"magic-18\"><span class=\"magic-18\">\u012erengimo instrukcija<\/span><\/b><\/h2>\n<p><img loading=\"lazy\" decoding=\"async\" class=\"alignnone size-full wp-image-7094\" src=\"https:\/\/www.liwin-china.com\/wp-content\/uploads\/2024\/06\/Rearview-Mirror-For-BMW-1-Series-F20.webp\" alt=\"\" width=\"750\" height=\"640\" srcset=\"https:\/\/www.liwin-china.com\/wp-content\/uploads\/2024\/06\/Rearview-Mirror-For-BMW-1-Series-F20.webp 750w, https:\/\/www.liwin-china.com\/wp-content\/uploads\/2024\/06\/Rearview-Mirror-For-BMW-1-Series-F20-300x256.webp 300w, https:\/\/www.liwin-china.com\/wp-content\/uploads\/2024\/06\/Rearview-Mirror-For-BMW-1-Series-F20-600x512.webp 600w\" sizes=\"(max-width: 750px) 100vw, 750px\" \/><\/p>\n<h1><strong>Kod\u0117l verta rinktis LIWINY?<\/strong><\/h1>\n<p><img loading=\"lazy\" decoding=\"async\" class=\"alignnone size-full wp-image-4463\" src=\"https:\/\/www.liwin-china.com\/wp-content\/uploads\/2023\/12\/liwiny-oem-ballast.webp\" alt=\"\" width=\"1980\" height=\"600\" srcset=\"https:\/\/www.liwin-china.com\/wp-content\/uploads\/2023\/12\/liwiny-oem-ballast.webp 1980w, https:\/\/www.liwin-china.com\/wp-content\/uploads\/2023\/12\/liwiny-oem-ballast-300x91.webp 300w, https:\/\/www.liwin-china.com\/wp-content\/uploads\/2023\/12\/liwiny-oem-ballast-1024x310.webp 1024w, https:\/\/www.liwin-china.com\/wp-content\/uploads\/2023\/12\/liwiny-oem-ballast-768x233.webp 768w, https:\/\/www.liwin-china.com\/wp-content\/uploads\/2023\/12\/liwiny-oem-ballast-1536x465.webp 1536w, https:\/\/www.liwin-china.com\/wp-content\/uploads\/2023\/12\/liwiny-oem-ballast-600x182.webp 600w\" sizes=\"(max-width: 1980px) 100vw, 1980px\" \/><\/p>\n<ul>\n<li>Nuo med\u017eiagos iki galutinio gaminio, mes laikom\u0117s grie\u017etos kokyb\u0117s kontrol\u0117s, u\u017etikrindami, kad defekt\u0173 lygis b\u016bt\u0173 ma\u017eesnis nei 1%.<\/li>\n<li>Sveiki atvyk\u0119 \u012f OEM\/ODM oders, mes priimame daugyb\u0119 pritaikymo reikalavim\u0173, toki\u0173 kaip i\u0161vaizda.<\/li>\n<li>Si\u016blome 12 m\u0117nesi\u0173 garantijas.<\/li>\n<li>Atsi\u017evelgdami \u012f rinkos tendencijas, kiekvien\u0105 sezon\u0105 sukuriame 3-5 naujus produktus.<\/li>\n<\/ul>\n<h2>Paklauskite citatos \u0161iandien!<\/h2>\n<p>Visus LIWINY gaminius galima u\u017esakyti dideliais kiekiais \/ didmenine prekyba! Jei norite parduoti m\u016bs\u0173 gaminius arba tapti m\u016bs\u0173 platintoju, susisiekite su mumis, gausite \u0161i\u0173 privalum\u0173:<\/p>\n<p>Ma\u017eas MOQ ir greitas pristatymas<br \/>\nInovatyv\u016bs produktai<br \/>\nGeriausia didmenin\u0117 kaina<br \/>\nOEM\/ODM paslauga<\/p>","protected":false},"excerpt":{"rendered":"<p>Prek\u0117s \u017eenklo pavadinimas\uff1aLiwiny<\/p>\n<p>Tipas\uff1a\u0160oninis veidrodis,Galinio vaizdo veidrodis<\/p>\n<p>OEM dalies Nr.\uff1aA1648102293, A1648100693, A1648103093, A1648100893, A1648103293, A1648101093, A1648101293, A1648103693, A1648103493, A1648101493, A1648102893, A1648100493, A1648102493, A1648101693, A1648109819, A1648104893, A1648104093<\/p>\n<p>Modelio numeris\uff1aD\u0117l GL&amp;M klas\u0117s W164<br \/>\nTinka automobiliui\uff1aMercedes-Benz GL&amp;M klasei W164<br \/>\nMetai\uff1a2008-2010<\/p>\n<p>Med\u017eiaga\uff1aABS+PP+stiklas<br \/>\nPozicija: kair\u0117 de\u0161in\u0117<\/p>\n<p>Funkcija: sulankstymas, \u0161ildymas, apsauga nuo atspind\u017ei\u0173<\/p>\n<p>\u012erengimas\uff1aLengvas \u012frengimas<\/p>\n<p>OEM: galima<br \/>\nGyvenimo trukm\u0117\uff1adaugiau nei 30000h<br \/>\nGarantija: 1 metai<br \/>\nAutomobilio mark\u0117\uff1aUniversal<br \/>\nKilm\u0117s vieta: Guangdongas, Kinija<br \/>\n\u0160vino laikas\uff1aAccording to customers order detail<\/p>","protected":false},"featured_media":7622,"template":"","meta":{"_seopress_robots_primary_cat":"none","_seopress_titles_title":"","_seopress_titles_desc":"","_seopress_robots_index":"","_uag_custom_page_level_css":"","_joinchat":[]},"product_cat":[456],"product_tag":[],"featured_image_urls":{"full":["https:\/\/www.liwin-china.com\/wp-content\/uploads\/2024\/06\/A1648102293-A1648100693-A1648103093-A1648100893-A1648103293-A1648101093.webp",800,800,false],"thumbnail":["https:\/\/www.liwin-china.com\/wp-content\/uploads\/2024\/06\/A1648102293-A1648100693-A1648103093-A1648100893-A1648103293-A1648101093-150x150.webp",150,150,true],"medium":["https:\/\/www.liwin-china.com\/wp-content\/uploads\/2024\/06\/A1648102293-A1648100693-A1648103093-A1648100893-A1648103293-A1648101093-300x300.webp",300,300,true],"medium_large":["https:\/\/www.liwin-china.com\/wp-content\/uploads\/2024\/06\/A1648102293-A1648100693-A1648103093-A1648100893-A1648103293-A1648101093-768x768.webp",768,768,true],"large":["https:\/\/www.liwin-china.com\/wp-content\/uploads\/2024\/06\/A1648102293-A1648100693-A1648103093-A1648100893-A1648103293-A1648101093.webp",800,800,false],"1536x1536":["https:\/\/www.liwin-china.com\/wp-content\/uploads\/2024\/06\/A1648102293-A1648100693-A1648103093-A1648100893-A1648103293-A1648101093.webp",800,800,false],"2048x2048":["https:\/\/www.liwin-china.com\/wp-content\/uploads\/2024\/06\/A1648102293-A1648100693-A1648103093-A1648100893-A1648103293-A1648101093.webp",800,800,false],"trp-custom-language-flag":["https:\/\/www.liwin-china.com\/wp-content\/uploads\/2024\/06\/A1648102293-A1648100693-A1648103093-A1648100893-A1648103293-A1648101093.webp",12,12,false],"woocommerce_archive_thumbnail":["https:\/\/www.liwin-china.com\/wp-content\/uploads\/2024\/06\/A1648102293-A1648100693-A1648103093-A1648100893-A1648103293-A1648101093-300x300.webp",300,300,true],"woocommerce_thumbnail":["https:\/\/www.liwin-china.com\/wp-content\/uploads\/2024\/06\/A1648102293-A1648100693-A1648103093-A1648100893-A1648103293-A1648101093-300x300.webp",300,300,true],"woocommerce_single":["https:\/\/www.liwin-china.com\/wp-content\/uploads\/2024\/06\/A1648102293-A1648100693-A1648103093-A1648100893-A1648103293-A1648101093-600x600.webp",600,600,true],"woocommerce_gallery_thumbnail":["https:\/\/www.liwin-china.com\/wp-content\/uploads\/2024\/06\/A1648102293-A1648100693-A1648103093-A1648100893-A1648103293-A1648101093-100x100.webp",100,100,true]},"post_excerpt_stackable":"<p>Brand Name\uff1aLiwiny<\/p>\n<p>Type\uff1aSide Mirror,Rearview Mirror<\/p>\n<p>OEM Part No.\uff1aA1648102293, A1648100693, A1648103093, A1648100893, A1648103293, A1648101093, A1648101293, A1648103693, A1648103493, A1648101493, A1648102893, A1648100493, A1648102493, A1648101693, A1648109819, A1648104893, A1648104093<\/p>\n<p>Model Number\uff1aFor GL&amp;M Class W164<br \/>\nFit for car\uff1aFor Mercedes-Benz GL&amp;M Class W164<br \/>\nYear\uff1a2008-2010<\/p>\n<p>Material\uff1aABS+PP+Glass<br \/>\nPosition\uff1aLeft Right<\/p>\n<p>Function\uff1aFolding, heating, anti-glare<\/p>\n<p>Installation\uff1aEasy installation<\/p>\n<p>OEM\uff1aAvailable<br \/>\nLife Span\uff1aMore than 30000h<br \/>\nWarranty\uff1a1 year<br \/>\nCar Make\uff1aUniversal<br \/>\nPlace of Origin:Guangdong, China<br \/>\nLead-time\uff1aAccording to customers order detail<\/p>\n","category_list":"","author_info":{"name":"","url":""},"comments_num":"0 comments","uagb_featured_image_src":{"full":["https:\/\/www.liwin-china.com\/wp-content\/uploads\/2024\/06\/A1648102293-A1648100693-A1648103093-A1648100893-A1648103293-A1648101093.webp",800,800,false],"thumbnail":["https:\/\/www.liwin-china.com\/wp-content\/uploads\/2024\/06\/A1648102293-A1648100693-A1648103093-A1648100893-A1648103293-A1648101093-150x150.webp",150,150,true],"medium":["https:\/\/www.liwin-china.com\/wp-content\/uploads\/2024\/06\/A1648102293-A1648100693-A1648103093-A1648100893-A1648103293-A1648101093-300x300.webp",300,300,true],"medium_large":["https:\/\/www.liwin-china.com\/wp-content\/uploads\/2024\/06\/A1648102293-A1648100693-A1648103093-A1648100893-A1648103293-A1648101093-768x768.webp",768,768,true],"large":["https:\/\/www.liwin-china.com\/wp-content\/uploads\/2024\/06\/A1648102293-A1648100693-A1648103093-A1648100893-A1648103293-A1648101093.webp",800,800,false],"1536x1536":["https:\/\/www.liwin-china.com\/wp-content\/uploads\/2024\/06\/A1648102293-A1648100693-A1648103093-A1648100893-A1648103293-A1648101093.webp",800,800,false],"2048x2048":["https:\/\/www.liwin-china.com\/wp-content\/uploads\/2024\/06\/A1648102293-A1648100693-A1648103093-A1648100893-A1648103293-A1648101093.webp",800,800,false],"trp-custom-language-flag":["https:\/\/www.liwin-china.com\/wp-content\/uploads\/2024\/06\/A1648102293-A1648100693-A1648103093-A1648100893-A1648103293-A1648101093.webp",12,12,false],"woocommerce_archive_thumbnail":["https:\/\/www.liwin-china.com\/wp-content\/uploads\/2024\/06\/A1648102293-A1648100693-A1648103093-A1648100893-A1648103293-A1648101093-300x300.webp",300,300,true],"woocommerce_thumbnail":["https:\/\/www.liwin-china.com\/wp-content\/uploads\/2024\/06\/A1648102293-A1648100693-A1648103093-A1648100893-A1648103293-A1648101093-300x300.webp",300,300,true],"woocommerce_single":["https:\/\/www.liwin-china.com\/wp-content\/uploads\/2024\/06\/A1648102293-A1648100693-A1648103093-A1648100893-A1648103293-A1648101093-600x600.webp",600,600,true],"woocommerce_gallery_thumbnail":["https:\/\/www.liwin-china.com\/wp-content\/uploads\/2024\/06\/A1648102293-A1648100693-A1648103093-A1648100893-A1648103293-A1648101093-100x100.webp",100,100,true]},"uagb_author_info":{"display_name":"adminn","author_link":"https:\/\/www.liwin-china.com\/lt\/author\/"},"uagb_comment_info":0,"uagb_excerpt":"Brand Name\uff1aLiwiny Type\uff1aSide Mirror,Rearview Mirror OEM Part No.\uff1aA1648102293, A1648100693, A1648103093, A1648100893, A1648103293, A1648101093, A1648101293, A1648103693, A1648103493, A1648101493, A1648102893, A1648100493, A1648102493, A1648101693, A1648109819, A1648104893, A1648104093 Model Number\uff1aFor GL&amp;M Class W164 Fit for car\uff1aFor Mercedes-Benz GL&amp;M Class W164 Year\uff1a2008-2010 Material\uff1aABS+PP+Glass Position\uff1aLeft Right Function\uff1aFolding, heating, anti-glare Installation\uff1aEasy installation OEM\uff1aAvailable Life Span\uff1aMore than 30000h Warranty\uff1a1 year Car Make\uff1aUniversal Place&hellip;","_links":{"self":[{"href":"https:\/\/www.liwin-china.com\/lt\/wp-json\/wp\/v2\/product\/7620"}],"collection":[{"href":"https:\/\/www.liwin-china.com\/lt\/wp-json\/wp\/v2\/product"}],"about":[{"href":"https:\/\/www.liwin-china.com\/lt\/wp-json\/wp\/v2\/types\/product"}],"wp:featuredmedia":[{"embeddable":true,"href":"https:\/\/www.liwin-china.com\/lt\/wp-json\/wp\/v2\/media\/7622"}],"wp:attachment":[{"href":"https:\/\/www.liwin-china.com\/lt\/wp-json\/wp\/v2\/media?parent=7620"}],"wp:term":[{"taxonomy":"product_cat","embeddable":true,"href":"https:\/\/www.liwin-china.com\/lt\/wp-json\/wp\/v2\/product_cat?post=7620"},{"taxonomy":"product_tag","embeddable":true,"href":"https:\/\/www.liwin-china.com\/lt\/wp-json\/wp\/v2\/product_tag?post=7620"}],"curies":[{"name":"wp","href":"https:\/\/api.w.org\/{rel}","templated":true}]}}