{"id":72821,"date":"2026-03-23T20:23:05","date_gmt":"2026-03-23T12:23:05","guid":{"rendered":"https:\/\/www.liwin-china.com\/?post_type=product&#038;p=72821"},"modified":"2026-03-23T20:25:07","modified_gmt":"2026-03-23T12:25:07","slug":"liwiny-p91-3-0-inch-one-laser-projector-good-quality-carolyn-50w-80w","status":"publish","type":"product","link":"https:\/\/www.liwin-china.com\/lt\/produktas\/liwiny-p91-3-0-inch-one-laser-projector-good-quality-carolyn-50w-80w\/","title":{"rendered":"Liwiny P91 3.0 inch One Laser Projector Good Quality Carolyn 50W 80W"},"content":{"rendered":"<p>Liwiny P91 3.0 inch One Laser Projector Good Quality Carolyn 50W 80W<\/p>\n<p>Prek\u0117s \u017eenklo pavadinimas\uff1aLiwiny<br \/>\nItem\uff1aBi-Led Projector Light,Bi Led Laser Projector Lens,Led Laser Lens<br \/>\nOEM Part No.\uff1aLP91 50w\/80w 3.0Inch<br \/>\n\u012etampa\uff1a<span style=\"color: #000000;\">12v<\/span><br \/>\nPower\uff1a50W\/80w<br \/>\nLumen\uff1a10000LM\/15000LM<br \/>\nLed lustas\uff1aCsp<br \/>\nSpalv\u0173 temperat\u016bra: balta<br \/>\n\u0160viesos spinduli\u0173 pluo\u0161tas\uff1aDidel\u0117s galios trumposios \u0161viesos<br \/>\nMed\u017eiaga: aliuminio lydinys<br \/>\nPakuot\u0117\uff1aMa\u017ea spalvota d\u0117\u017eut\u0117<br \/>\nOEM: galima<br \/>\nGyvenimo trukm\u0117\uff1adaugiau nei 30000h<br \/>\nGarantija: 1 metai<br \/>\nAutomobilio mark\u0117\uff1aUniversal<br \/>\nSertifikavimas\uff1aCE ROSH IP67<br \/>\nKilm\u0117s vieta: Guangdongas, Kinija<br \/>\n\u0160vino laikas\uff1aAccording to customers order detail<\/p>\n<p>&nbsp;<\/p>\n<h1><strong>Kod\u0117l verta rinktis LIWINY?<\/strong><\/h1>\n<p><img loading=\"lazy\" decoding=\"async\" class=\"alignnone size-full wp-image-4463\" src=\"https:\/\/www.liwin-china.com\/wp-content\/uploads\/2023\/12\/liwiny-oem-ballast.webp\" alt=\"\" width=\"1980\" height=\"600\" srcset=\"https:\/\/www.liwin-china.com\/wp-content\/uploads\/2023\/12\/liwiny-oem-ballast.webp 1980w, https:\/\/www.liwin-china.com\/wp-content\/uploads\/2023\/12\/liwiny-oem-ballast-300x91.webp 300w, https:\/\/www.liwin-china.com\/wp-content\/uploads\/2023\/12\/liwiny-oem-ballast-1024x310.webp 1024w, https:\/\/www.liwin-china.com\/wp-content\/uploads\/2023\/12\/liwiny-oem-ballast-768x233.webp 768w, https:\/\/www.liwin-china.com\/wp-content\/uploads\/2023\/12\/liwiny-oem-ballast-1536x465.webp 1536w, https:\/\/www.liwin-china.com\/wp-content\/uploads\/2023\/12\/liwiny-oem-ballast-600x182.webp 600w\" sizes=\"(max-width: 1980px) 100vw, 1980px\" \/><\/p>\n<ul>\n<li>Nuo med\u017eiagos iki galutinio gaminio, mes laikom\u0117s grie\u017etos kokyb\u0117s kontrol\u0117s, u\u017etikrindami, kad defekt\u0173 lygis b\u016bt\u0173 ma\u017eesnis nei 1%.<\/li>\n<li>Sveiki atvyk\u0119 \u012f OEM\/ODM oders, mes priimame daugyb\u0119 pritaikymo reikalavim\u0173, toki\u0173 kaip i\u0161vaizda, galia, pavara, ventiliatorius, lustas, spalv\u0173 temperat\u016bra, logotipas, pakuot\u0117.<\/li>\n<li>Si\u016blome 12-36 m\u0117nesi\u0173 garantij\u0105, kuri apima tiesiogin\u012f pakeitim\u0105. Nereikia si\u0173sti atgal sugedusi\u0173 produkt\u0173.<\/li>\n<li>Atsi\u017evelgdami \u012f rinkos tendencijas, kiekvien\u0105 sezon\u0105 sukuriame 3-5 naujus produktus.<\/li>\n<\/ul>\n<p>&nbsp;<\/p>\n<h2>Paklauskite citatos \u0161iandien!<\/h2>\n<p>Visus LIWINY gaminius galima u\u017esakyti dideliais kiekiais \/ didmenine prekyba! Jei norite parduoti m\u016bs\u0173 gaminius arba tapti m\u016bs\u0173 platintoju, susisiekite su mumis, gausite \u0161i\u0173 privalum\u0173:<\/p>\n<p>Ma\u017eas MOQ ir greitas pristatymas<br \/>\nInovatyv\u016bs produktai<br \/>\nGeriausia didmenin\u0117 kaina<br \/>\nOEM\/ODM paslauga<\/p>","protected":false},"excerpt":{"rendered":"<p>Liwiny P91 3.0 inch One Laser Projector Good Quality Carolyn 50W 80W<\/p>\n<p>Prek\u0117s \u017eenklo pavadinimas\uff1aLiwiny<br \/>\nItem\uff1aBi-Led Projector Light,Bi Led Laser Projector Lens,Led Laser Lens<br \/>\nOEM Part No.\uff1aLP91 50w\/80w 3.0Inch<br \/>\n\u012etampa\uff1a<span style=\"color: #000000;\">12v<\/span><br \/>\nPower\uff1a50W\/80w<br \/>\nLumen\uff1a10000LM\/15000LM<br \/>\nLed lustas\uff1aCsp<br \/>\nSpalv\u0173 temperat\u016bra: balta<br \/>\n\u0160viesos spinduli\u0173 pluo\u0161tas\uff1aDidel\u0117s galios trumposios \u0161viesos<br \/>\nMed\u017eiaga: aliuminio lydinys<\/p>","protected":false},"featured_media":72825,"template":"","meta":{"_seopress_robots_primary_cat":"none","_seopress_titles_title":"","_seopress_titles_desc":"","_seopress_robots_index":"","_uag_custom_page_level_css":"","_joinchat":[]},"product_cat":[459],"product_tag":[],"featured_image_urls":{"full":["https:\/\/www.liwin-china.com\/wp-content\/uploads\/2026\/03\/P91-3.0-inch-One-Laser-Projector-1.webp",700,700,false],"thumbnail":["https:\/\/www.liwin-china.com\/wp-content\/uploads\/2026\/03\/P91-3.0-inch-One-Laser-Projector-1-150x150.webp",150,150,true],"medium":["https:\/\/www.liwin-china.com\/wp-content\/uploads\/2026\/03\/P91-3.0-inch-One-Laser-Projector-1-300x300.webp",300,300,true],"medium_large":["https:\/\/www.liwin-china.com\/wp-content\/uploads\/2026\/03\/P91-3.0-inch-One-Laser-Projector-1.webp",700,700,false],"large":["https:\/\/www.liwin-china.com\/wp-content\/uploads\/2026\/03\/P91-3.0-inch-One-Laser-Projector-1.webp",700,700,false],"1536x1536":["https:\/\/www.liwin-china.com\/wp-content\/uploads\/2026\/03\/P91-3.0-inch-One-Laser-Projector-1.webp",700,700,false],"2048x2048":["https:\/\/www.liwin-china.com\/wp-content\/uploads\/2026\/03\/P91-3.0-inch-One-Laser-Projector-1.webp",700,700,false],"trp-custom-language-flag":["https:\/\/www.liwin-china.com\/wp-content\/uploads\/2026\/03\/P91-3.0-inch-One-Laser-Projector-1-12x12.webp",12,12,true],"woocommerce_archive_thumbnail":["https:\/\/www.liwin-china.com\/wp-content\/uploads\/2026\/03\/P91-3.0-inch-One-Laser-Projector-1-300x300.webp",300,300,true],"woocommerce_thumbnail":["https:\/\/www.liwin-china.com\/wp-content\/uploads\/2026\/03\/P91-3.0-inch-One-Laser-Projector-1-300x300.webp",300,300,true],"woocommerce_single":["https:\/\/www.liwin-china.com\/wp-content\/uploads\/2026\/03\/P91-3.0-inch-One-Laser-Projector-1-600x600.webp",600,600,true],"woocommerce_gallery_thumbnail":["https:\/\/www.liwin-china.com\/wp-content\/uploads\/2026\/03\/P91-3.0-inch-One-Laser-Projector-1-100x100.webp",100,100,true]},"post_excerpt_stackable":"<p>Liwiny P91 3.0 inch One Laser Projector Good Quality Carolyn 50W 80W<\/p>\n<p>Brand Name\uff1aLiwiny<br \/>\nItem\uff1aBi-Led Projector Light,Bi Led Laser Projector Lens,Led Laser Lens<br \/>\nOEM Part No.\uff1aLP91 50w\/80w 3.0Inch<br \/>\nVoltage\uff1a<span style=\"color: #000000;\">12v<\/span><br \/>\nPower\uff1a50W\/80w<br \/>\nLumen\uff1a10000LM\/15000LM<br \/>\nLed Chip\uff1aCsp<br \/>\nColor Temperature\uff1aWhite<br \/>\nBeam\uff1aHigh Low Beam High Power<br \/>\nMaterial\uff1aAluminium Alloy<\/p>\n","category_list":"","author_info":{"name":"","url":""},"comments_num":"0 comments","uagb_featured_image_src":{"full":["https:\/\/www.liwin-china.com\/wp-content\/uploads\/2026\/03\/P91-3.0-inch-One-Laser-Projector-1.webp",700,700,false],"thumbnail":["https:\/\/www.liwin-china.com\/wp-content\/uploads\/2026\/03\/P91-3.0-inch-One-Laser-Projector-1-150x150.webp",150,150,true],"medium":["https:\/\/www.liwin-china.com\/wp-content\/uploads\/2026\/03\/P91-3.0-inch-One-Laser-Projector-1-300x300.webp",300,300,true],"medium_large":["https:\/\/www.liwin-china.com\/wp-content\/uploads\/2026\/03\/P91-3.0-inch-One-Laser-Projector-1.webp",700,700,false],"large":["https:\/\/www.liwin-china.com\/wp-content\/uploads\/2026\/03\/P91-3.0-inch-One-Laser-Projector-1.webp",700,700,false],"1536x1536":["https:\/\/www.liwin-china.com\/wp-content\/uploads\/2026\/03\/P91-3.0-inch-One-Laser-Projector-1.webp",700,700,false],"2048x2048":["https:\/\/www.liwin-china.com\/wp-content\/uploads\/2026\/03\/P91-3.0-inch-One-Laser-Projector-1.webp",700,700,false],"trp-custom-language-flag":["https:\/\/www.liwin-china.com\/wp-content\/uploads\/2026\/03\/P91-3.0-inch-One-Laser-Projector-1-12x12.webp",12,12,true],"woocommerce_archive_thumbnail":["https:\/\/www.liwin-china.com\/wp-content\/uploads\/2026\/03\/P91-3.0-inch-One-Laser-Projector-1-300x300.webp",300,300,true],"woocommerce_thumbnail":["https:\/\/www.liwin-china.com\/wp-content\/uploads\/2026\/03\/P91-3.0-inch-One-Laser-Projector-1-300x300.webp",300,300,true],"woocommerce_single":["https:\/\/www.liwin-china.com\/wp-content\/uploads\/2026\/03\/P91-3.0-inch-One-Laser-Projector-1-600x600.webp",600,600,true],"woocommerce_gallery_thumbnail":["https:\/\/www.liwin-china.com\/wp-content\/uploads\/2026\/03\/P91-3.0-inch-One-Laser-Projector-1-100x100.webp",100,100,true]},"uagb_author_info":{"display_name":"adminn","author_link":"https:\/\/www.liwin-china.com\/lt\/author\/"},"uagb_comment_info":0,"uagb_excerpt":"Liwiny P91 3.0 inch One Laser Projector Good Quality Carolyn 50W 80W Brand Name\uff1aLiwiny Item\uff1aBi-Led Projector Light,Bi Led Laser Projector Lens,Led Laser Lens OEM Part No.\uff1aLP91 50w\/80w 3.0Inch Voltage\uff1a12v Power\uff1a50W\/80w Lumen\uff1a10000LM\/15000LM Led Chip\uff1aCsp Color Temperature\uff1aWhite Beam\uff1aHigh Low Beam High Power Material\uff1aAluminium Alloy","_links":{"self":[{"href":"https:\/\/www.liwin-china.com\/lt\/wp-json\/wp\/v2\/product\/72821"}],"collection":[{"href":"https:\/\/www.liwin-china.com\/lt\/wp-json\/wp\/v2\/product"}],"about":[{"href":"https:\/\/www.liwin-china.com\/lt\/wp-json\/wp\/v2\/types\/product"}],"wp:featuredmedia":[{"embeddable":true,"href":"https:\/\/www.liwin-china.com\/lt\/wp-json\/wp\/v2\/media\/72825"}],"wp:attachment":[{"href":"https:\/\/www.liwin-china.com\/lt\/wp-json\/wp\/v2\/media?parent=72821"}],"wp:term":[{"taxonomy":"product_cat","embeddable":true,"href":"https:\/\/www.liwin-china.com\/lt\/wp-json\/wp\/v2\/product_cat?post=72821"},{"taxonomy":"product_tag","embeddable":true,"href":"https:\/\/www.liwin-china.com\/lt\/wp-json\/wp\/v2\/product_tag?post=72821"}],"curies":[{"name":"wp","href":"https:\/\/api.w.org\/{rel}","templated":true}]}}