{"id":7011,"date":"2024-06-12T21:04:41","date_gmt":"2024-06-12T13:04:41","guid":{"rendered":"https:\/\/www.liwin-china.com\/?post_type=product&#038;p=7011"},"modified":"2024-12-05T10:47:22","modified_gmt":"2024-12-05T02:47:22","slug":"liwiny-bombillo-car-led-1157-1156-strobe-flash-3030-16smd-canbus-ready-error-free-turn-signal-light-1156-ba15s-p21w-bulb","status":"publish","type":"product","link":"https:\/\/www.liwin-china.com\/lt\/produktas\/liwiny-bombillo-car-led-1157-1156-strobe-flash-3030-16smd-canbus-ready-error-free-turn-signal-light-1156-ba15s-p21w-bulb\/","title":{"rendered":"Liwiny Bombillo Car LED 1157 1156 Strobe Flash 3030 16SMD Canbus Ready Error Free pos\u016bkio signalo \u0161viesa 1156 BA15S P21W lemput\u0117"},"content":{"rendered":"<p>Liwiny Bombillo Car LED 1157 1156 Strobe Flash 3030 16SMD Canbus Ready Error Free pos\u016bkio signalo \u0161viesa 1156 BA15S P21W lemput\u0117<\/p>\n<p>Prek\u0117s \u017eenklo pavadinimas\uff1aLiwiny<\/p>\n<p>Prek\u0117\uff1aautomobilio pos\u016bkio signalo lemput\u0117,stabd\u017ei\u0173 \u0161viesa,pos\u016bkio signalo indikatoriaus lemput\u0117,<\/p>\n<p>Dinaminis mirksiukas LED pos\u016bkio signalas, automobilio LED signalin\u0117s lempos<br \/>\nOEM dalies Nr.\uff1a1156 1157 BA15S P21W 3030 16SMD<br \/>\n\u012etampa: DC 12V<br \/>\nGalia\uff1a2.16W<br \/>\nLumen\uff1a 450LM<br \/>\nLed lustas\uff1a3030 smd<\/p>\n<p>Led kiekis\uff1a16vnt.<br \/>\nSpalv\u0173 temperat\u016bra: balta, geltona, raudona<\/p>\n<p>Naudingas lizdas\uff1a1156 1157 BA15S P21W<\/p>\n<p>Med\u017eiaga: aliuminio lydinys<br \/>\nPakuot\u0117\uff1aMa\u017ea spalvota d\u0117\u017eut\u0117<br \/>\nOEM: galima<br \/>\nGyvenimo trukm\u0117\uff1adaugiau nei 30000h<br \/>\nGarantija: 1 metai<br \/>\nAutomobilio mark\u0117\uff1aUniversal<br \/>\nKilm\u0117s vieta: Guangdongas, Kinija<br \/>\n\u0160vino laikas\uff1aAccording to customers order detail<\/p>\n<p>&nbsp;<\/p>\n<p>Funkcija\uff1a<span class=\"magic-16\" data-spm-anchor-id=\"a2700.details.0.i101.6c827f69FPcQq3\">N\u0117ra \"Hyper Flash\"; ry\u0161kesnis 200%;<\/span><\/p>\n<div data-spm-anchor-id=\"a2700.pc-decorate.0.i96.4dbf3333oJtTj4\"><span class=\"magic-16\">Greitas \u0161ilumos i\u0161sklaidymas;<\/span><\/div>\n<div data-spm-anchor-id=\"a2700.pc-decorate.0.i96.4dbf3333oJtTj4\"><span class=\"magic-16\">6063 aviacinis aliuminis<br \/>\n<\/span><\/p>\n<div data-spm-anchor-id=\"a2700.pc-decorate.0.i93.4dbf3333oJtTj4\">\n<p><span class=\"magic-16\">100% Canbus;<\/span><\/p>\n<div data-spm-anchor-id=\"a2700.pc-decorate.0.i88.4dbf3333oJtTj4\"><span class=\"magic-16\">Pasaulinis halogeninis standartinis dydis;<\/span><\/div>\n<div data-spm-anchor-id=\"a2700.pc-decorate.0.i88.4dbf3333oJtTj4\"><span class=\"magic-16\">Automobili\u0173 temperat\u016bros kontrol\u0117;<\/span><\/div>\n<div data-spm-anchor-id=\"a2700.pc-decorate.0.i88.4dbf3333oJtTj4\"><span class=\"magic-16\">Anti-Hyper Flash; tu\u0161\u010diaviduris terminis aliuminis;<\/span><\/div>\n<\/div>\n<\/div>\n<div data-spm-anchor-id=\"a2700.pc-decorate.0.i88.4dbf3333oJtTj4\"><\/div>\n<div data-spm-anchor-id=\"a2700.pc-decorate.0.i88.4dbf3333oJtTj4\"><\/div>\n<div data-spm-anchor-id=\"a2700.pc-decorate.0.i96.4dbf3333oJtTj4\">\n<div data-spm-anchor-id=\"a2700.pc-decorate.0.i88.4dbf3333oJtTj4\">PASTABA:<br \/>\n1) Kaina priklauso nuo ap\u0161vietimo re\u017eimo. Jei reikia stroboskopo re\u017eimo, susisiekite su mumis.<br \/>\n2) Jei jums reikia specialios \u012ftampos specialioms transporto priemon\u0117ms, priminkite mums.<br \/>\n3) Jei jums reikia \u012fmontuotos magistral\u0117s, susisiekite d\u0117l i\u0161samesn\u0117s informacijos.<br \/>\n4) Paprastai mes pakuojame su antistatiniu mai\u0161eliu nemokamai, pls susisiekite, jei jums reikia pritaikytos pakuot\u0117s.A\u010di\u016b.<\/div>\n<\/div>\n<p>&nbsp;<\/p>\n<h1><strong>Kod\u0117l verta rinktis LIWINY?<\/strong><\/h1>\n<p><img loading=\"lazy\" decoding=\"async\" class=\"alignnone size-full wp-image-4463\" src=\"https:\/\/www.liwin-china.com\/wp-content\/uploads\/2023\/12\/liwiny-oem-ballast.webp\" alt=\"\" width=\"1980\" height=\"600\" srcset=\"https:\/\/www.liwin-china.com\/wp-content\/uploads\/2023\/12\/liwiny-oem-ballast.webp 1980w, https:\/\/www.liwin-china.com\/wp-content\/uploads\/2023\/12\/liwiny-oem-ballast-300x91.webp 300w, https:\/\/www.liwin-china.com\/wp-content\/uploads\/2023\/12\/liwiny-oem-ballast-1024x310.webp 1024w, https:\/\/www.liwin-china.com\/wp-content\/uploads\/2023\/12\/liwiny-oem-ballast-768x233.webp 768w, https:\/\/www.liwin-china.com\/wp-content\/uploads\/2023\/12\/liwiny-oem-ballast-1536x465.webp 1536w, https:\/\/www.liwin-china.com\/wp-content\/uploads\/2023\/12\/liwiny-oem-ballast-600x182.webp 600w\" sizes=\"(max-width: 1980px) 100vw, 1980px\" \/><\/p>\n<ul>\n<li>Nuo med\u017eiagos iki galutinio gaminio, mes laikom\u0117s grie\u017etos kokyb\u0117s kontrol\u0117s, u\u017etikrindami, kad defekt\u0173 lygis b\u016bt\u0173 ma\u017eesnis nei 1%.<\/li>\n<li>Sveiki atvyk\u0119 \u012f OEM\/ODM oders, mes priimame daugyb\u0119 pritaikymo reikalavim\u0173, toki\u0173 kaip i\u0161vaizda, galia, pavara, ventiliatorius, lustas, spalv\u0173 temperat\u016bra, logotipas, pakuot\u0117.<\/li>\n<li>Si\u016blome 12-36 m\u0117nesi\u0173 garantij\u0105, kuri apima tiesiogin\u012f pakeitim\u0105. Nereikia si\u0173sti atgal sugedusi\u0173 produkt\u0173.<\/li>\n<li>Atsi\u017evelgdami \u012f rinkos tendencijas, kiekvien\u0105 sezon\u0105 sukuriame 3-5 naujus produktus.<\/li>\n<\/ul>\n<p>&nbsp;<\/p>\n<h2>Paklauskite citatos \u0161iandien!<\/h2>\n<p>Visus LIWINY gaminius galima u\u017esakyti dideliais kiekiais \/ didmenine prekyba! Jei norite parduoti m\u016bs\u0173 gaminius arba tapti m\u016bs\u0173 platintoju, susisiekite su mumis, gausite \u0161i\u0173 privalum\u0173:<\/p>\n<p>Ma\u017eas MOQ ir greitas pristatymas<br \/>\nInovatyv\u016bs produktai<br \/>\nGeriausia didmenin\u0117 kaina<br \/>\nOEM\/ODM paslauga<\/p>","protected":false},"excerpt":{"rendered":"<p>Prek\u0117s \u017eenklo pavadinimas\uff1aLiwiny<\/p>\n<p>Prek\u0117\uff1aautomobilio pos\u016bkio signalo lemput\u0117,stabd\u017ei\u0173 \u0161viesa,pos\u016bkio signalo indikatoriaus lemput\u0117,<\/p>\n<p>Dinaminis mirksiukas LED pos\u016bkio signalas, automobilio LED signalin\u0117s lempos<br \/>\nOEM dalies Nr.\uff1a1156 1157 BA15S P21W 3030 16SMD<br \/>\n\u012etampa: DC 12V<br \/>\nGalia\uff1a2.16W<br \/>\nLumen\uff1a 450LM<br \/>\nLed lustas\uff1a3030 smd<\/p>\n<p>Led kiekis\uff1a16vnt.<br \/>\nSpalv\u0173 temperat\u016bra: balta, geltona, raudona<\/p>\n<p>Naudingas lizdas\uff1a1156 1157 BA15S P21W<\/p>\n<p>Med\u017eiaga: aliuminio lydinys<br \/>\nPakuot\u0117\uff1aMa\u017ea spalvota d\u0117\u017eut\u0117<br \/>\nOEM: galima<br \/>\nGyvenimo trukm\u0117\uff1adaugiau nei 30000h<br \/>\nGarantija: 1 metai<br \/>\nAutomobilio mark\u0117\uff1aUniversal<br \/>\nKilm\u0117s vieta: Guangdongas, Kinija<br \/>\n\u0160vino laikas\uff1aAccording to customers order detail<\/p>","protected":false},"featured_media":7013,"template":"","meta":{"_seopress_robots_primary_cat":"none","_seopress_titles_title":"","_seopress_titles_desc":"","_seopress_robots_index":"","_uag_custom_page_level_css":"","_joinchat":[]},"product_cat":[77],"product_tag":[],"featured_image_urls":{"full":["https:\/\/www.liwin-china.com\/wp-content\/uploads\/2024\/06\/1156-1157-BA15S-P21W-3030-16SMD-2.webp",800,800,false],"thumbnail":["https:\/\/www.liwin-china.com\/wp-content\/uploads\/2024\/06\/1156-1157-BA15S-P21W-3030-16SMD-2-150x150.webp",150,150,true],"medium":["https:\/\/www.liwin-china.com\/wp-content\/uploads\/2024\/06\/1156-1157-BA15S-P21W-3030-16SMD-2-300x300.webp",300,300,true],"medium_large":["https:\/\/www.liwin-china.com\/wp-content\/uploads\/2024\/06\/1156-1157-BA15S-P21W-3030-16SMD-2-768x768.webp",768,768,true],"large":["https:\/\/www.liwin-china.com\/wp-content\/uploads\/2024\/06\/1156-1157-BA15S-P21W-3030-16SMD-2.webp",800,800,false],"1536x1536":["https:\/\/www.liwin-china.com\/wp-content\/uploads\/2024\/06\/1156-1157-BA15S-P21W-3030-16SMD-2.webp",800,800,false],"2048x2048":["https:\/\/www.liwin-china.com\/wp-content\/uploads\/2024\/06\/1156-1157-BA15S-P21W-3030-16SMD-2.webp",800,800,false],"trp-custom-language-flag":["https:\/\/www.liwin-china.com\/wp-content\/uploads\/2024\/06\/1156-1157-BA15S-P21W-3030-16SMD-2.webp",12,12,false],"woocommerce_archive_thumbnail":["https:\/\/www.liwin-china.com\/wp-content\/uploads\/2024\/06\/1156-1157-BA15S-P21W-3030-16SMD-2-300x300.webp",300,300,true],"woocommerce_thumbnail":["https:\/\/www.liwin-china.com\/wp-content\/uploads\/2024\/06\/1156-1157-BA15S-P21W-3030-16SMD-2-300x300.webp",300,300,true],"woocommerce_single":["https:\/\/www.liwin-china.com\/wp-content\/uploads\/2024\/06\/1156-1157-BA15S-P21W-3030-16SMD-2-600x600.webp",600,600,true],"woocommerce_gallery_thumbnail":["https:\/\/www.liwin-china.com\/wp-content\/uploads\/2024\/06\/1156-1157-BA15S-P21W-3030-16SMD-2-100x100.webp",100,100,true]},"post_excerpt_stackable":"<p>Brand Name\uff1aLiwiny<\/p>\n<p>Item\uff1acar Turn Signal Light,Brake light,Turn Signal Indicator Lamp,<\/p>\n<p>Dynamic Blinker LED Turn Signal,Car Led Signal Lamps<br \/>\nOEM Part No.\uff1a1156 1157 BA15S P21W 3030 16SMD<br \/>\nVoltage\uff1aDC 12V<br \/>\nPower\uff1a2.16W<br \/>\nLumen\uff1a\u00a0 450LM<br \/>\nLed Chip\uff1a3030 smd<\/p>\n<p>Led Qty\uff1a16pcs<br \/>\nColor Temperature\uff1aWhite,Yellow,Red<\/p>\n<p>Useful Socket\uff1a1156 1157 BA15S P21W<\/p>\n<p>Material\uff1aAluminium Alloy<br \/>\nPackage\uff1aSmall Color Box<br \/>\nOEM\uff1aAvailable<br \/>\nLife Span\uff1aMore than 30000h<br \/>\nWarranty\uff1a1 year<br \/>\nCar Make\uff1aUniversal<br \/>\nPlace of Origin:Guangdong, China<br \/>\nLead-time\uff1aAccording to customers order detail<\/p>\n","category_list":"","author_info":{"name":"","url":""},"comments_num":"0 comments","uagb_featured_image_src":{"full":["https:\/\/www.liwin-china.com\/wp-content\/uploads\/2024\/06\/1156-1157-BA15S-P21W-3030-16SMD-2.webp",800,800,false],"thumbnail":["https:\/\/www.liwin-china.com\/wp-content\/uploads\/2024\/06\/1156-1157-BA15S-P21W-3030-16SMD-2-150x150.webp",150,150,true],"medium":["https:\/\/www.liwin-china.com\/wp-content\/uploads\/2024\/06\/1156-1157-BA15S-P21W-3030-16SMD-2-300x300.webp",300,300,true],"medium_large":["https:\/\/www.liwin-china.com\/wp-content\/uploads\/2024\/06\/1156-1157-BA15S-P21W-3030-16SMD-2-768x768.webp",768,768,true],"large":["https:\/\/www.liwin-china.com\/wp-content\/uploads\/2024\/06\/1156-1157-BA15S-P21W-3030-16SMD-2.webp",800,800,false],"1536x1536":["https:\/\/www.liwin-china.com\/wp-content\/uploads\/2024\/06\/1156-1157-BA15S-P21W-3030-16SMD-2.webp",800,800,false],"2048x2048":["https:\/\/www.liwin-china.com\/wp-content\/uploads\/2024\/06\/1156-1157-BA15S-P21W-3030-16SMD-2.webp",800,800,false],"trp-custom-language-flag":["https:\/\/www.liwin-china.com\/wp-content\/uploads\/2024\/06\/1156-1157-BA15S-P21W-3030-16SMD-2.webp",12,12,false],"woocommerce_archive_thumbnail":["https:\/\/www.liwin-china.com\/wp-content\/uploads\/2024\/06\/1156-1157-BA15S-P21W-3030-16SMD-2-300x300.webp",300,300,true],"woocommerce_thumbnail":["https:\/\/www.liwin-china.com\/wp-content\/uploads\/2024\/06\/1156-1157-BA15S-P21W-3030-16SMD-2-300x300.webp",300,300,true],"woocommerce_single":["https:\/\/www.liwin-china.com\/wp-content\/uploads\/2024\/06\/1156-1157-BA15S-P21W-3030-16SMD-2-600x600.webp",600,600,true],"woocommerce_gallery_thumbnail":["https:\/\/www.liwin-china.com\/wp-content\/uploads\/2024\/06\/1156-1157-BA15S-P21W-3030-16SMD-2-100x100.webp",100,100,true]},"uagb_author_info":{"display_name":"adminn","author_link":"https:\/\/www.liwin-china.com\/lt\/author\/"},"uagb_comment_info":0,"uagb_excerpt":"Brand Name\uff1aLiwiny Item\uff1acar Turn Signal Light,Brake light,Turn Signal Indicator Lamp, Dynamic Blinker LED Turn Signal,Car Led Signal Lamps OEM Part No.\uff1a1156 1157 BA15S P21W 3030 16SMD Voltage\uff1aDC 12V Power\uff1a2.16W Lumen\uff1a\u00a0 450LM Led Chip\uff1a3030 smd Led Qty\uff1a16pcs Color Temperature\uff1aWhite,Yellow,Red Useful Socket\uff1a1156 1157 BA15S P21W Material\uff1aAluminium Alloy Package\uff1aSmall Color Box OEM\uff1aAvailable Life Span\uff1aMore than 30000h Warranty\uff1a1 year&hellip;","_links":{"self":[{"href":"https:\/\/www.liwin-china.com\/lt\/wp-json\/wp\/v2\/product\/7011"}],"collection":[{"href":"https:\/\/www.liwin-china.com\/lt\/wp-json\/wp\/v2\/product"}],"about":[{"href":"https:\/\/www.liwin-china.com\/lt\/wp-json\/wp\/v2\/types\/product"}],"wp:featuredmedia":[{"embeddable":true,"href":"https:\/\/www.liwin-china.com\/lt\/wp-json\/wp\/v2\/media\/7013"}],"wp:attachment":[{"href":"https:\/\/www.liwin-china.com\/lt\/wp-json\/wp\/v2\/media?parent=7011"}],"wp:term":[{"taxonomy":"product_cat","embeddable":true,"href":"https:\/\/www.liwin-china.com\/lt\/wp-json\/wp\/v2\/product_cat?post=7011"},{"taxonomy":"product_tag","embeddable":true,"href":"https:\/\/www.liwin-china.com\/lt\/wp-json\/wp\/v2\/product_tag?post=7011"}],"curies":[{"name":"wp","href":"https:\/\/api.w.org\/{rel}","templated":true}]}}