{"id":6742,"date":"2024-06-12T08:08:41","date_gmt":"2024-06-12T00:08:41","guid":{"rendered":"https:\/\/www.liwin-china.com\/?post_type=product&#038;p=6742"},"modified":"2026-04-17T18:36:54","modified_gmt":"2026-04-17T10:36:54","slug":"liwiny-t10-w5w-10-led-5630smd-canbus-auto-clearance-taillights-car-wedge-parking-dome-lamp-bulb-car-side-light-12v","status":"publish","type":"product","link":"https:\/\/www.liwin-china.com\/lt\/produktas\/liwiny-t10-w5w-10-led-5630smd-canbus-auto-clearance-taillights-car-wedge-parking-dome-lamp-bulb-car-side-light-12v\/","title":{"rendered":"Liwiny T10 W5W 10 vadovaujama 5630SMD Canbus auto klirensas galiniai \u017eibintai automobilio plei\u0161tas stov\u0117jimo Dome lemput\u0117 lemput\u0117 automobilio \u0161onin\u0117 \u0161viesa 12V"},"content":{"rendered":"<p>Liwiny T10 W5W 10 vadovaujama 5630SMD Canbus auto klirensas galiniai \u017eibintai automobilio plei\u0161tas stov\u0117jimo Dome lemput\u0117 lemput\u0117 automobilio \u0161onin\u0117 \u0161viesa 12V<\/p>\n<p>Prek\u0117s \u017eenklo pavadinimas\uff1aLiwiny<\/p>\n<p>Prek\u0117\uff1aLED automobilio skaitymo \u0161viesa<\/p>\n<p>Dome \u0161viesa , skaitymo lemput\u0117 , baga\u017ein\u0117s \u0161viesa , valstybinio numerio \u017eenklo lemput\u0117, interjero \u0161viesa<br \/>\nOEM dalies Nr.\uff1aT10 5630 10smd<br \/>\n\u012etampa\uff1a12V<br \/>\nGalia\uff1a2.28W<br \/>\n\u0160viesos srautas\uff1a200LM<br \/>\nLed lustas\uff1a5630 smd<\/p>\n<p>Led kiekis\uff1a10pds<br \/>\nSpalv\u0173 temperat\u016bra: balta, \u0161ilta balta (galima pritaikyti kitas spalvas)<\/p>\n<p>Naudingas lizdas\uff1aT10<\/p>\n<p>Dydis\uff1a12*26MM<\/p>\n<p>Pakuot\u0117\uff1aMa\u017ea spalvota d\u0117\u017eut\u0117<br \/>\nOEM: galima<br \/>\nGyvenimo trukm\u0117\uff1adaugiau nei 30000h<br \/>\nGarantija: 1 metai<br \/>\nAutomobilio mark\u0117\uff1aUniversal<br \/>\nKilm\u0117s vieta: Guangdongas, Kinija<br \/>\n\u0160vino laikas\uff1aAccording to customers order detail<\/p>\n<p>&nbsp;<\/p>\n<p>Funkcija\uff1a<span class=\"magic-16\" data-spm-anchor-id=\"a2700.details.0.i101.6c827f69FPcQq3\">N\u0117ra \"Hyper Flash\"; ry\u0161kesnis 200%;<\/span><\/p>\n<div data-spm-anchor-id=\"a2700.pc-decorate.0.i96.4dbf3333oJtTj4\"><span class=\"magic-16\">Greitas \u0161ilumos i\u0161sklaidymas;<\/span><\/div>\n<div data-spm-anchor-id=\"a2700.pc-decorate.0.i96.4dbf3333oJtTj4\"><span class=\"magic-16\">6063 aviacinis aliuminis<br \/>\n<\/span><\/p>\n<div data-spm-anchor-id=\"a2700.pc-decorate.0.i93.4dbf3333oJtTj4\">\n<p><span class=\"magic-16\">100% Canbus;<\/span><\/p>\n<div data-spm-anchor-id=\"a2700.pc-decorate.0.i88.4dbf3333oJtTj4\"><span class=\"magic-16\">Pasaulinis halogeninis standartinis dydis;<\/span><\/div>\n<div data-spm-anchor-id=\"a2700.pc-decorate.0.i88.4dbf3333oJtTj4\"><span class=\"magic-16\">Automobili\u0173 temperat\u016bros kontrol\u0117;<\/span><\/div>\n<div data-spm-anchor-id=\"a2700.pc-decorate.0.i88.4dbf3333oJtTj4\"><span class=\"magic-16\">Anti-Hyper Flash; tu\u0161\u010diaviduris terminis aliuminis;<\/span><\/div>\n<\/div>\n<\/div>\n<div data-spm-anchor-id=\"a2700.pc-decorate.0.i88.4dbf3333oJtTj4\"><\/div>\n<div data-spm-anchor-id=\"a2700.pc-decorate.0.i88.4dbf3333oJtTj4\"><\/div>\n<div data-spm-anchor-id=\"a2700.pc-decorate.0.i96.4dbf3333oJtTj4\">\n<div data-spm-anchor-id=\"a2700.pc-decorate.0.i88.4dbf3333oJtTj4\">PASTABA:<br \/>\n1) Kaina priklauso nuo ap\u0161vietimo re\u017eimo. Jei reikia stroboskopo re\u017eimo, susisiekite su mumis.<br \/>\n2) Jei jums reikia specialios \u012ftampos specialioms transporto priemon\u0117ms, priminkite mums.<br \/>\n3) Jei jums reikia \u012fmontuotos magistral\u0117s, susisiekite d\u0117l i\u0161samesn\u0117s informacijos.<br \/>\n4) Paprastai mes pakuojame su antistatiniu mai\u0161eliu nemokamai, pls susisiekite, jei jums reikia pritaikytos pakuot\u0117s.A\u010di\u016b.<\/div>\n<\/div>\n<p>&nbsp;<\/p>\n<h1><strong>Kod\u0117l verta rinktis LIWINY?<\/strong><\/h1>\n<p><img loading=\"lazy\" decoding=\"async\" class=\"alignnone size-full wp-image-4463\" src=\"https:\/\/www.liwin-china.com\/wp-content\/uploads\/2023\/12\/liwiny-oem-ballast.webp\" alt=\"\" width=\"1980\" height=\"600\" srcset=\"https:\/\/www.liwin-china.com\/wp-content\/uploads\/2023\/12\/liwiny-oem-ballast.webp 1980w, https:\/\/www.liwin-china.com\/wp-content\/uploads\/2023\/12\/liwiny-oem-ballast-300x91.webp 300w, https:\/\/www.liwin-china.com\/wp-content\/uploads\/2023\/12\/liwiny-oem-ballast-1024x310.webp 1024w, https:\/\/www.liwin-china.com\/wp-content\/uploads\/2023\/12\/liwiny-oem-ballast-768x233.webp 768w, https:\/\/www.liwin-china.com\/wp-content\/uploads\/2023\/12\/liwiny-oem-ballast-1536x465.webp 1536w, https:\/\/www.liwin-china.com\/wp-content\/uploads\/2023\/12\/liwiny-oem-ballast-600x182.webp 600w\" sizes=\"(max-width: 1980px) 100vw, 1980px\" \/><\/p>\n<ul>\n<li>Nuo med\u017eiagos iki galutinio gaminio, mes laikom\u0117s grie\u017etos kokyb\u0117s kontrol\u0117s, u\u017etikrindami, kad defekt\u0173 lygis b\u016bt\u0173 ma\u017eesnis nei 1%.<\/li>\n<li>Sveiki atvyk\u0119 \u012f OEM\/ODM oders, mes priimame daugyb\u0119 pritaikymo reikalavim\u0173, toki\u0173 kaip i\u0161vaizda, galia, pavara, ventiliatorius, lustas, spalv\u0173 temperat\u016bra, logotipas, pakuot\u0117.<\/li>\n<li>Si\u016blome 12-36 m\u0117nesi\u0173 garantij\u0105, kuri apima tiesiogin\u012f pakeitim\u0105. Nereikia si\u0173sti atgal sugedusi\u0173 produkt\u0173.<\/li>\n<li>Atsi\u017evelgdami \u012f rinkos tendencijas, kiekvien\u0105 sezon\u0105 sukuriame 3-5 naujus produktus.<\/li>\n<\/ul>\n<p>&nbsp;<\/p>\n<h2>Paklauskite citatos \u0161iandien!<\/h2>\n<p>Visus LIWINY gaminius galima u\u017esakyti dideliais kiekiais \/ didmenine prekyba! Jei norite parduoti m\u016bs\u0173 gaminius arba tapti m\u016bs\u0173 platintoju, susisiekite su mumis, gausite \u0161i\u0173 privalum\u0173:<\/p>\n<p>Ma\u017eas MOQ ir greitas pristatymas<br \/>\nInovatyv\u016bs produktai<br \/>\nGeriausia didmenin\u0117 kaina<br \/>\nOEM\/ODM paslauga<\/p>","protected":false},"excerpt":{"rendered":"<p>Prek\u0117s \u017eenklo pavadinimas\uff1aLiwiny<\/p>\n<p>Prek\u0117\uff1aLED automobilio skaitymo \u0161viesa<\/p>\n<p>Dome \u0161viesa , skaitymo lemput\u0117 , baga\u017ein\u0117s \u0161viesa , valstybinio numerio \u017eenklo lemput\u0117, interjero \u0161viesa<br \/>\nOEM dalies Nr.\uff1aT10 5630 10smd<br \/>\n\u012etampa\uff1a12V<br \/>\nGalia\uff1a2.28W<br \/>\n\u0160viesos srautas\uff1a200LM<br \/>\nLed lustas\uff1a5630 smd<\/p>\n<p>Led kiekis\uff1a10pds<br \/>\nSpalv\u0173 temperat\u016bra: balta, \u0161ilta balta (galima pritaikyti kitas spalvas)<\/p>\n<p>Naudingas lizdas\uff1aT10<\/p>\n<p>Dydis\uff1a12*26MM<\/p>\n<p>Med\u017eiaga: aliuminio lydinys<br \/>\nPakuot\u0117\uff1aMa\u017ea spalvota d\u0117\u017eut\u0117<br \/>\nOEM: galima<br \/>\nGyvenimo trukm\u0117\uff1adaugiau nei 30000h<br \/>\nGarantija: 1 metai<br \/>\nAutomobilio mark\u0117\uff1aUniversal<br \/>\nKilm\u0117s vieta: Guangdongas, Kinija<br \/>\n\u0160vino laikas\uff1aAccording to customers order detail<\/p>","protected":false},"featured_media":6751,"template":"","meta":{"_seopress_robots_primary_cat":"none","_seopress_titles_title":"","_seopress_titles_desc":"","_seopress_robots_index":"","_uag_custom_page_level_css":"","_joinchat":[]},"product_cat":[474,77],"product_tag":[],"featured_image_urls":{"full":["https:\/\/www.liwin-china.com\/wp-content\/uploads\/2024\/06\/T10-W5W-10-led-5630SMD-Canbus-led-light-2.webp",800,800,false],"thumbnail":["https:\/\/www.liwin-china.com\/wp-content\/uploads\/2024\/06\/T10-W5W-10-led-5630SMD-Canbus-led-light-2-150x150.webp",150,150,true],"medium":["https:\/\/www.liwin-china.com\/wp-content\/uploads\/2024\/06\/T10-W5W-10-led-5630SMD-Canbus-led-light-2-300x300.webp",300,300,true],"medium_large":["https:\/\/www.liwin-china.com\/wp-content\/uploads\/2024\/06\/T10-W5W-10-led-5630SMD-Canbus-led-light-2-768x768.webp",768,768,true],"large":["https:\/\/www.liwin-china.com\/wp-content\/uploads\/2024\/06\/T10-W5W-10-led-5630SMD-Canbus-led-light-2.webp",800,800,false],"1536x1536":["https:\/\/www.liwin-china.com\/wp-content\/uploads\/2024\/06\/T10-W5W-10-led-5630SMD-Canbus-led-light-2.webp",800,800,false],"2048x2048":["https:\/\/www.liwin-china.com\/wp-content\/uploads\/2024\/06\/T10-W5W-10-led-5630SMD-Canbus-led-light-2.webp",800,800,false],"trp-custom-language-flag":["https:\/\/www.liwin-china.com\/wp-content\/uploads\/2024\/06\/T10-W5W-10-led-5630SMD-Canbus-led-light-2.webp",12,12,false],"woocommerce_archive_thumbnail":["https:\/\/www.liwin-china.com\/wp-content\/uploads\/2024\/06\/T10-W5W-10-led-5630SMD-Canbus-led-light-2-300x300.webp",300,300,true],"woocommerce_thumbnail":["https:\/\/www.liwin-china.com\/wp-content\/uploads\/2024\/06\/T10-W5W-10-led-5630SMD-Canbus-led-light-2-300x300.webp",300,300,true],"woocommerce_single":["https:\/\/www.liwin-china.com\/wp-content\/uploads\/2024\/06\/T10-W5W-10-led-5630SMD-Canbus-led-light-2-600x600.webp",600,600,true],"woocommerce_gallery_thumbnail":["https:\/\/www.liwin-china.com\/wp-content\/uploads\/2024\/06\/T10-W5W-10-led-5630SMD-Canbus-led-light-2-100x100.webp",100,100,true]},"post_excerpt_stackable":"<p>Brand Name\uff1aLiwiny<\/p>\n<p>Item\uff1aLED car reading light<\/p>\n<p>Dome light , Reading light ,Trunk light,License plate light, Interior light<br \/>\nOEM Part No.\uff1aT10 5630 10smd<br \/>\nVoltage\uff1a12V<br \/>\nPower\uff1a2.28W<br \/>\nLumen\uff1a200LM<br \/>\nLed Chip\uff1a5630 smd<\/p>\n<p>Led Qty\uff1a10pds<br \/>\nColor Temperature\uff1awhite,warm white(other colors can be customized<\/p>\n<p>Useful Socket\uff1aT10<\/p>\n<p>Size\uff1a12*26MM<\/p>\n<p>Material\uff1aAluminium Alloy<br \/>\nPackage\uff1aSmall Color Box<br \/>\nOEM\uff1aAvailable<br \/>\nLife Span\uff1aMore than 30000h<br \/>\nWarranty\uff1a1 year<br \/>\nCar Make\uff1aUniversal<br \/>\nPlace of Origin:Guangdong, China<br \/>\nLead-time\uff1aAccording to customers order detail<\/p>\n","category_list":"","author_info":{"name":"","url":""},"comments_num":"0 comments","uagb_featured_image_src":{"full":["https:\/\/www.liwin-china.com\/wp-content\/uploads\/2024\/06\/T10-W5W-10-led-5630SMD-Canbus-led-light-2.webp",800,800,false],"thumbnail":["https:\/\/www.liwin-china.com\/wp-content\/uploads\/2024\/06\/T10-W5W-10-led-5630SMD-Canbus-led-light-2-150x150.webp",150,150,true],"medium":["https:\/\/www.liwin-china.com\/wp-content\/uploads\/2024\/06\/T10-W5W-10-led-5630SMD-Canbus-led-light-2-300x300.webp",300,300,true],"medium_large":["https:\/\/www.liwin-china.com\/wp-content\/uploads\/2024\/06\/T10-W5W-10-led-5630SMD-Canbus-led-light-2-768x768.webp",768,768,true],"large":["https:\/\/www.liwin-china.com\/wp-content\/uploads\/2024\/06\/T10-W5W-10-led-5630SMD-Canbus-led-light-2.webp",800,800,false],"1536x1536":["https:\/\/www.liwin-china.com\/wp-content\/uploads\/2024\/06\/T10-W5W-10-led-5630SMD-Canbus-led-light-2.webp",800,800,false],"2048x2048":["https:\/\/www.liwin-china.com\/wp-content\/uploads\/2024\/06\/T10-W5W-10-led-5630SMD-Canbus-led-light-2.webp",800,800,false],"trp-custom-language-flag":["https:\/\/www.liwin-china.com\/wp-content\/uploads\/2024\/06\/T10-W5W-10-led-5630SMD-Canbus-led-light-2.webp",12,12,false],"woocommerce_archive_thumbnail":["https:\/\/www.liwin-china.com\/wp-content\/uploads\/2024\/06\/T10-W5W-10-led-5630SMD-Canbus-led-light-2-300x300.webp",300,300,true],"woocommerce_thumbnail":["https:\/\/www.liwin-china.com\/wp-content\/uploads\/2024\/06\/T10-W5W-10-led-5630SMD-Canbus-led-light-2-300x300.webp",300,300,true],"woocommerce_single":["https:\/\/www.liwin-china.com\/wp-content\/uploads\/2024\/06\/T10-W5W-10-led-5630SMD-Canbus-led-light-2-600x600.webp",600,600,true],"woocommerce_gallery_thumbnail":["https:\/\/www.liwin-china.com\/wp-content\/uploads\/2024\/06\/T10-W5W-10-led-5630SMD-Canbus-led-light-2-100x100.webp",100,100,true]},"uagb_author_info":{"display_name":"adminn","author_link":"https:\/\/www.liwin-china.com\/lt\/author\/"},"uagb_comment_info":0,"uagb_excerpt":"Brand Name\uff1aLiwiny Item\uff1aLED car reading light Dome light , Reading light ,Trunk light,License plate light, Interior light OEM Part No.\uff1aT10 5630 10smd Voltage\uff1a12V Power\uff1a2.28W Lumen\uff1a200LM Led Chip\uff1a5630 smd Led Qty\uff1a10pds Color Temperature\uff1awhite,warm white(other colors can be customized Useful Socket\uff1aT10 Size\uff1a12*26MM Material\uff1aAluminium Alloy Package\uff1aSmall Color Box OEM\uff1aAvailable Life Span\uff1aMore than 30000h Warranty\uff1a1 year Car Make\uff1aUniversal Place&hellip;","_links":{"self":[{"href":"https:\/\/www.liwin-china.com\/lt\/wp-json\/wp\/v2\/product\/6742"}],"collection":[{"href":"https:\/\/www.liwin-china.com\/lt\/wp-json\/wp\/v2\/product"}],"about":[{"href":"https:\/\/www.liwin-china.com\/lt\/wp-json\/wp\/v2\/types\/product"}],"wp:featuredmedia":[{"embeddable":true,"href":"https:\/\/www.liwin-china.com\/lt\/wp-json\/wp\/v2\/media\/6751"}],"wp:attachment":[{"href":"https:\/\/www.liwin-china.com\/lt\/wp-json\/wp\/v2\/media?parent=6742"}],"wp:term":[{"taxonomy":"product_cat","embeddable":true,"href":"https:\/\/www.liwin-china.com\/lt\/wp-json\/wp\/v2\/product_cat?post=6742"},{"taxonomy":"product_tag","embeddable":true,"href":"https:\/\/www.liwin-china.com\/lt\/wp-json\/wp\/v2\/product_tag?post=6742"}],"curies":[{"name":"wp","href":"https:\/\/api.w.org\/{rel}","templated":true}]}}