{"id":4612,"date":"2024-05-26T21:49:26","date_gmt":"2024-05-26T13:49:26","guid":{"rendered":"https:\/\/www.liwin-china.com\/?post_type=product&#038;p=4612"},"modified":"2025-03-28T17:56:47","modified_gmt":"2025-03-28T09:56:47","slug":"liwiny-led-headlight-drl-turn-signal-light-module-63119466175-63119466176-9466175-9466176-for-bm-w-x7-g07","status":"publish","type":"product","link":"https:\/\/www.liwin-china.com\/lt\/produktas\/liwiny-led-headlight-drl-turn-signal-light-module-63119466175-63119466176-9466175-9466176-for-bm-w-x7-g07\/","title":{"rendered":"Liwiny LED priekini\u0173 \u017eibint\u0173 Drl pos\u016bkio signalo \u0161viesos modulis 63119466175 63119466176 X7 G07 2017-2019"},"content":{"rendered":"<p>Liwiny LED priekini\u0173 \u017eibint\u0173 Drl pos\u016bkio signalo \u0161viesos modulis 63119466175 63119466176 X7 G07 2017-2019<\/p>\n<p>Prek\u0117s \u017eenklo pavadinimas\uff1aLiwiny<br \/>\nPrek\u0117\uff1aLED pos\u016bkio signalo \u0161viesa<br \/>\nRe\u017eimas ir data\uff1aKai X7 2017-2019 m.<br \/>\nOEM dalies Nr.\uff1aLW-63119466175 (L) \/ 63119466176 (R)<br \/>\nNaudojimas va\u017eiuoklei\uff1aG07 ES tipui<br \/>\n\u012etampa\uff1a12V<br \/>\nGalia\uff1a35W<br \/>\nMed\u017eiaga: aliuminio lydinys<br \/>\nPakuot\u0117\uff1aMa\u017ea \u012fprasta d\u0117\u017eut\u0117<br \/>\nOEM: galima<br \/>\nGarantija: 1 metai<\/p>","protected":false},"excerpt":{"rendered":"<p>Liwiny LED priekini\u0173 \u017eibint\u0173 Drl pos\u016bkio signalo \u0161viesos modulis 63119466175 63119466176 X7 G07 2017-2019<\/p>\n<p>Prek\u0117s \u017eenklo pavadinimas\uff1aLiwiny<br \/>\nPrek\u0117\uff1aLED pos\u016bkio signalo \u0161viesa<br \/>\nRe\u017eimas ir data\uff1aKai X7 2017-2019 m.<br \/>\nOEM dalies Nr.\uff1aLW-63119466175 (L) \/ 63119466176 (R)<br \/>\nNaudojimas va\u017eiuoklei\uff1aG07 ES tipui<br \/>\n\u012etampa\uff1a12V<br \/>\nGalia\uff1a35W<br \/>\nMed\u017eiaga: aliuminio lydinys<br \/>\nPakuot\u0117\uff1aMa\u017ea \u012fprasta d\u0117\u017eut\u0117<br \/>\nOEM: galima<br \/>\nGarantija: 1 metai<\/p>\n<p>\u0160vino laikas\uff1aAccording to customers order detail<br \/>\nPagrindin\u0117s eksporto rinkos\uff1aAzija\/Ryt\u0173 Europa\/Bliznieji Rytai\/Afrika\/Australazija\/Siaur\u0117s Amerika\/Vidurio ir Piet\u0173 Amerika\/Vakar\u0173 Europa<\/p>","protected":false},"featured_media":4614,"template":"","meta":{"_seopress_robots_primary_cat":"none","_seopress_titles_title":"","_seopress_titles_desc":"","_seopress_robots_index":"","_uag_custom_page_level_css":"","_joinchat":[]},"product_cat":[440],"product_tag":[],"featured_image_urls":{"full":["https:\/\/www.liwin-china.com\/wp-content\/uploads\/2024\/05\/63119466175-4.webp",960,960,false],"thumbnail":["https:\/\/www.liwin-china.com\/wp-content\/uploads\/2024\/05\/63119466175-4-150x150.webp",150,150,true],"medium":["https:\/\/www.liwin-china.com\/wp-content\/uploads\/2024\/05\/63119466175-4-300x300.webp",300,300,true],"medium_large":["https:\/\/www.liwin-china.com\/wp-content\/uploads\/2024\/05\/63119466175-4-768x768.webp",768,768,true],"large":["https:\/\/www.liwin-china.com\/wp-content\/uploads\/2024\/05\/63119466175-4.webp",960,960,false],"1536x1536":["https:\/\/www.liwin-china.com\/wp-content\/uploads\/2024\/05\/63119466175-4.webp",960,960,false],"2048x2048":["https:\/\/www.liwin-china.com\/wp-content\/uploads\/2024\/05\/63119466175-4.webp",960,960,false],"trp-custom-language-flag":["https:\/\/www.liwin-china.com\/wp-content\/uploads\/2024\/05\/63119466175-4.webp",12,12,false],"woocommerce_archive_thumbnail":["https:\/\/www.liwin-china.com\/wp-content\/uploads\/2024\/05\/63119466175-4-300x300.webp",300,300,true],"woocommerce_thumbnail":["https:\/\/www.liwin-china.com\/wp-content\/uploads\/2024\/05\/63119466175-4-300x300.webp",300,300,true],"woocommerce_single":["https:\/\/www.liwin-china.com\/wp-content\/uploads\/2024\/05\/63119466175-4-600x600.webp",600,600,true],"woocommerce_gallery_thumbnail":["https:\/\/www.liwin-china.com\/wp-content\/uploads\/2024\/05\/63119466175-4-100x100.webp",100,100,true]},"post_excerpt_stackable":"<p>Liwiny Led Headlight Drl Turn Signal Light Module 63119466175 63119466176 For X7 G07 2017-2019<\/p>\n<p>Brand Name\uff1aLiwiny<br \/>\nItem\uff1aLED Turn Signal Light<br \/>\nMode&amp;Date\uff1aFor X7 2017-2019<br \/>\nOEM Part No.\uff1aLW-63119466175 (L)\u00a0 \/ 63119466176 (R)<br \/>\nUse For Chassis\uff1aFor G07 EU Type<br \/>\nVoltage\uff1a12V<br \/>\nPower\uff1a35W<br \/>\nMaterial\uff1aAluminium Alloy<br \/>\nPackage\uff1aSmall Normal Box<br \/>\nOEM\uff1aAvailable<br \/>\nWarranty\uff1a1 year<\/p>\n<p>Lead-time\uff1aAccording to customers order detail<br \/>\nMain export markets\uff1aAsia\/Eastern Europe\/Middle East\/Africa\/Australasia\/North America\/central\/South America\/Western Europe<\/p>\n","category_list":"","author_info":{"name":"","url":""},"comments_num":"0 comments","uagb_featured_image_src":{"full":["https:\/\/www.liwin-china.com\/wp-content\/uploads\/2024\/05\/63119466175-4.webp",960,960,false],"thumbnail":["https:\/\/www.liwin-china.com\/wp-content\/uploads\/2024\/05\/63119466175-4-150x150.webp",150,150,true],"medium":["https:\/\/www.liwin-china.com\/wp-content\/uploads\/2024\/05\/63119466175-4-300x300.webp",300,300,true],"medium_large":["https:\/\/www.liwin-china.com\/wp-content\/uploads\/2024\/05\/63119466175-4-768x768.webp",768,768,true],"large":["https:\/\/www.liwin-china.com\/wp-content\/uploads\/2024\/05\/63119466175-4.webp",960,960,false],"1536x1536":["https:\/\/www.liwin-china.com\/wp-content\/uploads\/2024\/05\/63119466175-4.webp",960,960,false],"2048x2048":["https:\/\/www.liwin-china.com\/wp-content\/uploads\/2024\/05\/63119466175-4.webp",960,960,false],"trp-custom-language-flag":["https:\/\/www.liwin-china.com\/wp-content\/uploads\/2024\/05\/63119466175-4.webp",12,12,false],"woocommerce_archive_thumbnail":["https:\/\/www.liwin-china.com\/wp-content\/uploads\/2024\/05\/63119466175-4-300x300.webp",300,300,true],"woocommerce_thumbnail":["https:\/\/www.liwin-china.com\/wp-content\/uploads\/2024\/05\/63119466175-4-300x300.webp",300,300,true],"woocommerce_single":["https:\/\/www.liwin-china.com\/wp-content\/uploads\/2024\/05\/63119466175-4-600x600.webp",600,600,true],"woocommerce_gallery_thumbnail":["https:\/\/www.liwin-china.com\/wp-content\/uploads\/2024\/05\/63119466175-4-100x100.webp",100,100,true]},"uagb_author_info":{"display_name":"adminn","author_link":"https:\/\/www.liwin-china.com\/lt\/author\/"},"uagb_comment_info":0,"uagb_excerpt":"Liwiny Led Headlight Drl Turn Signal Light Module 63119466175 63119466176 For X7 G07 2017-2019 Brand Name\uff1aLiwiny Item\uff1aLED Turn Signal Light Mode&amp;Date\uff1aFor X7 2017-2019 OEM Part No.\uff1aLW-63119466175 (L)\u00a0 \/ 63119466176 (R) Use For Chassis\uff1aFor G07 EU Type Voltage\uff1a12V Power\uff1a35W Material\uff1aAluminium Alloy Package\uff1aSmall Normal Box OEM\uff1aAvailable Warranty\uff1a1 year Lead-time\uff1aAccording to customers order detail Main export markets\uff1aAsia\/Eastern Europe\/Middle&hellip;","_links":{"self":[{"href":"https:\/\/www.liwin-china.com\/lt\/wp-json\/wp\/v2\/product\/4612"}],"collection":[{"href":"https:\/\/www.liwin-china.com\/lt\/wp-json\/wp\/v2\/product"}],"about":[{"href":"https:\/\/www.liwin-china.com\/lt\/wp-json\/wp\/v2\/types\/product"}],"wp:featuredmedia":[{"embeddable":true,"href":"https:\/\/www.liwin-china.com\/lt\/wp-json\/wp\/v2\/media\/4614"}],"wp:attachment":[{"href":"https:\/\/www.liwin-china.com\/lt\/wp-json\/wp\/v2\/media?parent=4612"}],"wp:term":[{"taxonomy":"product_cat","embeddable":true,"href":"https:\/\/www.liwin-china.com\/lt\/wp-json\/wp\/v2\/product_cat?post=4612"},{"taxonomy":"product_tag","embeddable":true,"href":"https:\/\/www.liwin-china.com\/lt\/wp-json\/wp\/v2\/product_tag?post=4612"}],"curies":[{"name":"wp","href":"https:\/\/api.w.org\/{rel}","templated":true}]}}