{"id":4138,"date":"2023-12-18T10:53:43","date_gmt":"2023-12-18T02:53:43","guid":{"rendered":"https:\/\/www.liwin-china.com\/?post_type=product&#038;p=4138"},"modified":"2023-12-18T10:53:43","modified_gmt":"2023-12-18T02:53:43","slug":"lw1413a-snow-plow-headlight","status":"publish","type":"product","link":"https:\/\/www.liwin-china.com\/lt\/produktas\/lw1413a-snow-plow-headlight\/","title":{"rendered":"LW1413A Sniego valytuvo priekinis \u017eibintas"},"content":{"rendered":"<p>Liwiny kovos su apled\u0117jimu kastuvas va\u017eiuojantys tolim\u0173j\u0173 \/ artim\u0173j\u0173 \u0161vies\u0173 traktori\u0173 \u017eibintai sniegas<br \/>\npl\u016bgas antiledas \u017eibintas sunkve\u017eimis buvo ne keli\u0173 \u0161viesa<\/p>\n<p>Prek\u0117s \u017eenklo pavadinimas\uff1aLiwiny<br \/>\nPrek\u0117\uff1aSniego valytuvo \u017eibintas<br \/>\nModelio numeris\uff1aLW1413A<br \/>\n\u012etampa\uff1a10-32V DC<br \/>\nGalia\uff1aDid\u017eiosios \u0161viesos 48W .Artimosios \u0161viesos:24W Pos\u016bkio \u017eibintas:18W .Pozicin\u0117 \u0161viesa:4W<br \/>\nProdukto pavadinimas\uff1a\u017eibintai sniego pl\u016bgas nuo ledo \u017eibintas sunkve\u017eimio galva DOT off<br \/>\nkelio \u017eibintas<br \/>\nSpalv\u0173 temperat\u016bra: balta<br \/>\nMed\u017eiaga\uff1aLietas aliuminio korpusas, sniego tirpsmo dangtis<br \/>\nTaikymas: sniego valytuvas<br \/>\nDarbo aplinka\uff1a-40\u00b0-80\u00b0<br \/>\nAtsparus vandeniui\uff1aIP68<br \/>\nGyvenimo trukm\u0117\uff1a&gt;&gt;50000 h<br \/>\nGalia: tolimosios \u0161viesos 48W .artimosios \u0161viesos:24W Pos\u016bkio \u017eibintas:15W .pad\u0117ties \u017eibintas:3W<br \/>\nGarantija: 1 metai<br \/>\nSertifikavimas\uff1aEMC\/DOT\/CE<br \/>\nKilm\u0117s vieta: Guangdongas, Kinija<br \/>\n\u0160vino laikas\uff1aAccording to customers order detail<br \/>\nKeword\uff1aAnti Icing Shoveling Driving High\/low Beam Tractors Headlights Snow<br \/>\nPlow Anti-ledo \u017eibintas sunkve\u017eimio galvos ta\u0161kas Off Road Light, Off Road Light, sunkve\u017eimis<br \/>\nTa\u0161kin\u0117 \u0161viesa<\/p>\n<p><img loading=\"lazy\" decoding=\"async\" class=\"alignnone size-full wp-image-4147\" src=\"https:\/\/www.liwin-china.com\/wp-content\/uploads\/2023\/12\/Headlamp-Truck-Head-Dot-Off-Road-Light-1.webp\" alt=\"\" width=\"700\" height=\"700\" srcset=\"https:\/\/www.liwin-china.com\/wp-content\/uploads\/2023\/12\/Headlamp-Truck-Head-Dot-Off-Road-Light-1.webp 700w, https:\/\/www.liwin-china.com\/wp-content\/uploads\/2023\/12\/Headlamp-Truck-Head-Dot-Off-Road-Light-1-300x300.webp 300w, https:\/\/www.liwin-china.com\/wp-content\/uploads\/2023\/12\/Headlamp-Truck-Head-Dot-Off-Road-Light-1-100x100.webp 100w, https:\/\/www.liwin-china.com\/wp-content\/uploads\/2023\/12\/Headlamp-Truck-Head-Dot-Off-Road-Light-1-600x600.webp 600w, https:\/\/www.liwin-china.com\/wp-content\/uploads\/2023\/12\/Headlamp-Truck-Head-Dot-Off-Road-Light-1-150x150.webp 150w\" sizes=\"(max-width: 700px) 100vw, 700px\" \/><\/p>\n<p><img loading=\"lazy\" decoding=\"async\" class=\"alignnone size-full wp-image-4148\" src=\"https:\/\/www.liwin-china.com\/wp-content\/uploads\/2023\/12\/Headlamp-Truck-Head-Dot-Off-Road-Light-2.webp\" alt=\"\" width=\"700\" height=\"700\" srcset=\"https:\/\/www.liwin-china.com\/wp-content\/uploads\/2023\/12\/Headlamp-Truck-Head-Dot-Off-Road-Light-2.webp 700w, https:\/\/www.liwin-china.com\/wp-content\/uploads\/2023\/12\/Headlamp-Truck-Head-Dot-Off-Road-Light-2-300x300.webp 300w, https:\/\/www.liwin-china.com\/wp-content\/uploads\/2023\/12\/Headlamp-Truck-Head-Dot-Off-Road-Light-2-100x100.webp 100w, https:\/\/www.liwin-china.com\/wp-content\/uploads\/2023\/12\/Headlamp-Truck-Head-Dot-Off-Road-Light-2-600x600.webp 600w, https:\/\/www.liwin-china.com\/wp-content\/uploads\/2023\/12\/Headlamp-Truck-Head-Dot-Off-Road-Light-2-150x150.webp 150w\" sizes=\"(max-width: 700px) 100vw, 700px\" \/><\/p>\n<p><img loading=\"lazy\" decoding=\"async\" class=\"alignnone size-full wp-image-4149\" src=\"https:\/\/www.liwin-china.com\/wp-content\/uploads\/2023\/12\/Headlamp-Truck-Head-Dot-Off-Road-Light-3.webp\" alt=\"\" width=\"700\" height=\"700\" srcset=\"https:\/\/www.liwin-china.com\/wp-content\/uploads\/2023\/12\/Headlamp-Truck-Head-Dot-Off-Road-Light-3.webp 700w, https:\/\/www.liwin-china.com\/wp-content\/uploads\/2023\/12\/Headlamp-Truck-Head-Dot-Off-Road-Light-3-300x300.webp 300w, https:\/\/www.liwin-china.com\/wp-content\/uploads\/2023\/12\/Headlamp-Truck-Head-Dot-Off-Road-Light-3-100x100.webp 100w, https:\/\/www.liwin-china.com\/wp-content\/uploads\/2023\/12\/Headlamp-Truck-Head-Dot-Off-Road-Light-3-600x600.webp 600w, https:\/\/www.liwin-china.com\/wp-content\/uploads\/2023\/12\/Headlamp-Truck-Head-Dot-Off-Road-Light-3-150x150.webp 150w\" sizes=\"(max-width: 700px) 100vw, 700px\" \/><\/p>\n<p><img loading=\"lazy\" decoding=\"async\" class=\"alignnone size-full wp-image-4150\" src=\"https:\/\/www.liwin-china.com\/wp-content\/uploads\/2023\/12\/Headlamp-Truck-Head-Dot-Off-Road-Light-4.webp\" alt=\"\" width=\"700\" height=\"700\" srcset=\"https:\/\/www.liwin-china.com\/wp-content\/uploads\/2023\/12\/Headlamp-Truck-Head-Dot-Off-Road-Light-4.webp 700w, https:\/\/www.liwin-china.com\/wp-content\/uploads\/2023\/12\/Headlamp-Truck-Head-Dot-Off-Road-Light-4-300x300.webp 300w, https:\/\/www.liwin-china.com\/wp-content\/uploads\/2023\/12\/Headlamp-Truck-Head-Dot-Off-Road-Light-4-100x100.webp 100w, https:\/\/www.liwin-china.com\/wp-content\/uploads\/2023\/12\/Headlamp-Truck-Head-Dot-Off-Road-Light-4-600x600.webp 600w, https:\/\/www.liwin-china.com\/wp-content\/uploads\/2023\/12\/Headlamp-Truck-Head-Dot-Off-Road-Light-4-150x150.webp 150w\" sizes=\"(max-width: 700px) 100vw, 700px\" \/><\/p>\n<p><img loading=\"lazy\" decoding=\"async\" class=\"alignnone size-full wp-image-4151\" src=\"https:\/\/www.liwin-china.com\/wp-content\/uploads\/2023\/12\/Headlamp-Truck-Head-Dot-Off-Road-Light-5.webp\" alt=\"\" width=\"700\" height=\"700\" srcset=\"https:\/\/www.liwin-china.com\/wp-content\/uploads\/2023\/12\/Headlamp-Truck-Head-Dot-Off-Road-Light-5.webp 700w, https:\/\/www.liwin-china.com\/wp-content\/uploads\/2023\/12\/Headlamp-Truck-Head-Dot-Off-Road-Light-5-300x300.webp 300w, https:\/\/www.liwin-china.com\/wp-content\/uploads\/2023\/12\/Headlamp-Truck-Head-Dot-Off-Road-Light-5-100x100.webp 100w, https:\/\/www.liwin-china.com\/wp-content\/uploads\/2023\/12\/Headlamp-Truck-Head-Dot-Off-Road-Light-5-600x600.webp 600w, https:\/\/www.liwin-china.com\/wp-content\/uploads\/2023\/12\/Headlamp-Truck-Head-Dot-Off-Road-Light-5-150x150.webp 150w\" sizes=\"(max-width: 700px) 100vw, 700px\" \/><\/p>\n<p><img loading=\"lazy\" decoding=\"async\" class=\"alignnone size-full wp-image-4152\" src=\"https:\/\/www.liwin-china.com\/wp-content\/uploads\/2023\/12\/Headlamp-Truck-Head-Dot-Off-Road-Light-6.webp\" alt=\"\" width=\"700\" height=\"700\" srcset=\"https:\/\/www.liwin-china.com\/wp-content\/uploads\/2023\/12\/Headlamp-Truck-Head-Dot-Off-Road-Light-6.webp 700w, https:\/\/www.liwin-china.com\/wp-content\/uploads\/2023\/12\/Headlamp-Truck-Head-Dot-Off-Road-Light-6-300x300.webp 300w, https:\/\/www.liwin-china.com\/wp-content\/uploads\/2023\/12\/Headlamp-Truck-Head-Dot-Off-Road-Light-6-100x100.webp 100w, https:\/\/www.liwin-china.com\/wp-content\/uploads\/2023\/12\/Headlamp-Truck-Head-Dot-Off-Road-Light-6-600x600.webp 600w, https:\/\/www.liwin-china.com\/wp-content\/uploads\/2023\/12\/Headlamp-Truck-Head-Dot-Off-Road-Light-6-150x150.webp 150w\" sizes=\"(max-width: 700px) 100vw, 700px\" \/><\/p>","protected":false},"excerpt":{"rendered":"<p>Prek\u0117s \u017eenklo pavadinimas\uff1aLiwiny<br \/>\nPrek\u0117\uff1aSniego valytuvo \u017eibintas<br \/>\nModelio numeris\uff1aLW1413A<br \/>\n\u012etampa\uff1a10-32V DC<br \/>\nGalia\uff1aDid\u017eiosios \u0161viesos 48W .Artimosios \u0161viesos:24W Pos\u016bkio \u017eibintas:18W .Pozicin\u0117 \u0161viesa:4W<br \/>\nProdukto pavadinimas\uff1a\u017eibintai sniego pl\u016bgas nuo ledo \u017eibintas sunkve\u017eimio galva DOT off<br \/>\nkelio \u017eibintas<br \/>\nSpalv\u0173 temperat\u016bra: balta<br \/>\nMed\u017eiaga\uff1aLietas aliuminio korpusas, sniego tirpsmo dangtis<br \/>\nTaikymas: sniego valytuvas<br \/>\nDarbo aplinka\uff1a-40\u00b0-80\u00b0<br \/>\nAtsparus vandeniui\uff1aIP68<br \/>\nGyvenimo trukm\u0117\uff1a&gt;&gt;50000 h<br \/>\nGalia: tolimosios \u0161viesos 48W .artimosios \u0161viesos:24W Pos\u016bkio \u017eibintas:15W .pad\u0117ties \u017eibintas:3W<br \/>\nGarantija: 1 metai<br \/>\nSertifikavimas\uff1aEMC\/DOT\/CE<br \/>\nKilm\u0117s vieta: Guangdongas, Kinija<br \/>\n\u0160vino laikas\uff1aAccording to customers order detail<br \/>\nKeword\uff1aAnti Icing Shoveling Driving High\/low Beam Tractors Headlights Snow<br \/>\nPlow Anti-ledo \u017eibintas sunkve\u017eimio galvos ta\u0161kas Off Road Light, Off Road Light, sunkve\u017eimis<br \/>\nTa\u0161kin\u0117 \u0161viesa<\/p>","protected":false},"featured_media":4141,"template":"","meta":{"_seopress_robots_primary_cat":"","_seopress_titles_title":"","_seopress_titles_desc":"","_seopress_robots_index":"","_uag_custom_page_level_css":"","_joinchat":[]},"product_cat":[65],"product_tag":[],"featured_image_urls":{"full":["https:\/\/www.liwin-china.com\/wp-content\/uploads\/2023\/12\/Off-Road-Light-1.webp",700,700,false],"thumbnail":["https:\/\/www.liwin-china.com\/wp-content\/uploads\/2023\/12\/Off-Road-Light-1-150x150.webp",150,150,true],"medium":["https:\/\/www.liwin-china.com\/wp-content\/uploads\/2023\/12\/Off-Road-Light-1-300x300.webp",300,300,true],"medium_large":["https:\/\/www.liwin-china.com\/wp-content\/uploads\/2023\/12\/Off-Road-Light-1.webp",700,700,false],"large":["https:\/\/www.liwin-china.com\/wp-content\/uploads\/2023\/12\/Off-Road-Light-1.webp",700,700,false],"1536x1536":["https:\/\/www.liwin-china.com\/wp-content\/uploads\/2023\/12\/Off-Road-Light-1.webp",700,700,false],"2048x2048":["https:\/\/www.liwin-china.com\/wp-content\/uploads\/2023\/12\/Off-Road-Light-1.webp",700,700,false],"trp-custom-language-flag":["https:\/\/www.liwin-china.com\/wp-content\/uploads\/2023\/12\/Off-Road-Light-1.webp",12,12,false],"woocommerce_archive_thumbnail":["https:\/\/www.liwin-china.com\/wp-content\/uploads\/2023\/12\/Off-Road-Light-1-300x300.webp",300,300,true],"woocommerce_thumbnail":["https:\/\/www.liwin-china.com\/wp-content\/uploads\/2023\/12\/Off-Road-Light-1-300x300.webp",300,300,true],"woocommerce_single":["https:\/\/www.liwin-china.com\/wp-content\/uploads\/2023\/12\/Off-Road-Light-1-600x600.webp",600,600,true],"woocommerce_gallery_thumbnail":["https:\/\/www.liwin-china.com\/wp-content\/uploads\/2023\/12\/Off-Road-Light-1-100x100.webp",100,100,true]},"post_excerpt_stackable":"<p>Brand Name\uff1aLiwiny<br \/>\nItem\uff1aSnow Plow Headlight<br \/>\nModel Number\uff1aLW1413A<br \/>\nVoltage\uff1a10-32V DC<br \/>\nPower\uff1aHigh beam 48W .Low beam:24W Turn light:18W .position light:4W<br \/>\nProduct Name\uff1aheadlights snow plow anti-ice headlamp truck head DOT off<br \/>\nroad light<br \/>\nColor Temperature\uff1aWhite<br \/>\nMaterial\uff1aDiecast Aluminum Housing, snow melt cover<br \/>\nApplication\uff1asnow plow vehicle<br \/>\nWorking Environment\uff1a-40\u00b0-80\u00b0<br \/>\nWaterproof\uff1aIP68<br \/>\nLifespan\uff1a&gt;50000 h<br \/>\nPower\uff1aHigh beam 48W .Low beam:24W Turn light:15W .position light:3W<br \/>\nWarranty\uff1a1 year<br \/>\nCertification\uff1aEMC\/DOT\/CE<br \/>\nPlace of Origin:Guangdong, China<br \/>\nLead-time\uff1aAccording to customers order detail<br \/>\nKeword\uff1aAnti Icing Shoveling Driving High\/low Beam Tractors Headlights Snow<br \/>\nPlow Anti-ice Headlamp Truck Head Dot Off Road Light,Off Road Light,Truck<br \/>\nDot Light<\/p>\n","category_list":"","author_info":{"name":"","url":""},"comments_num":"0 comments","uagb_featured_image_src":{"full":["https:\/\/www.liwin-china.com\/wp-content\/uploads\/2023\/12\/Off-Road-Light-1.webp",700,700,false],"thumbnail":["https:\/\/www.liwin-china.com\/wp-content\/uploads\/2023\/12\/Off-Road-Light-1-150x150.webp",150,150,true],"medium":["https:\/\/www.liwin-china.com\/wp-content\/uploads\/2023\/12\/Off-Road-Light-1-300x300.webp",300,300,true],"medium_large":["https:\/\/www.liwin-china.com\/wp-content\/uploads\/2023\/12\/Off-Road-Light-1.webp",700,700,false],"large":["https:\/\/www.liwin-china.com\/wp-content\/uploads\/2023\/12\/Off-Road-Light-1.webp",700,700,false],"1536x1536":["https:\/\/www.liwin-china.com\/wp-content\/uploads\/2023\/12\/Off-Road-Light-1.webp",700,700,false],"2048x2048":["https:\/\/www.liwin-china.com\/wp-content\/uploads\/2023\/12\/Off-Road-Light-1.webp",700,700,false],"trp-custom-language-flag":["https:\/\/www.liwin-china.com\/wp-content\/uploads\/2023\/12\/Off-Road-Light-1.webp",12,12,false],"woocommerce_archive_thumbnail":["https:\/\/www.liwin-china.com\/wp-content\/uploads\/2023\/12\/Off-Road-Light-1-300x300.webp",300,300,true],"woocommerce_thumbnail":["https:\/\/www.liwin-china.com\/wp-content\/uploads\/2023\/12\/Off-Road-Light-1-300x300.webp",300,300,true],"woocommerce_single":["https:\/\/www.liwin-china.com\/wp-content\/uploads\/2023\/12\/Off-Road-Light-1-600x600.webp",600,600,true],"woocommerce_gallery_thumbnail":["https:\/\/www.liwin-china.com\/wp-content\/uploads\/2023\/12\/Off-Road-Light-1-100x100.webp",100,100,true]},"uagb_author_info":{"display_name":"adminn","author_link":"https:\/\/www.liwin-china.com\/lt\/author\/"},"uagb_comment_info":0,"uagb_excerpt":"Brand Name\uff1aLiwiny Item\uff1aSnow Plow Headlight Model Number\uff1aLW1413A Voltage\uff1a10-32V DC Power\uff1aHigh beam 48W .Low beam:24W Turn light:18W .position light:4W Product Name\uff1aheadlights snow plow anti-ice headlamp truck head DOT off road light Color Temperature\uff1aWhite Material\uff1aDiecast Aluminum Housing, snow melt cover Application\uff1asnow plow vehicle Working Environment\uff1a-40\u00b0-80\u00b0 Waterproof\uff1aIP68 Lifespan\uff1a&gt;50000 h Power\uff1aHigh beam 48W .Low beam:24W Turn light:15W .position light:3W&hellip;","_links":{"self":[{"href":"https:\/\/www.liwin-china.com\/lt\/wp-json\/wp\/v2\/product\/4138"}],"collection":[{"href":"https:\/\/www.liwin-china.com\/lt\/wp-json\/wp\/v2\/product"}],"about":[{"href":"https:\/\/www.liwin-china.com\/lt\/wp-json\/wp\/v2\/types\/product"}],"wp:featuredmedia":[{"embeddable":true,"href":"https:\/\/www.liwin-china.com\/lt\/wp-json\/wp\/v2\/media\/4141"}],"wp:attachment":[{"href":"https:\/\/www.liwin-china.com\/lt\/wp-json\/wp\/v2\/media?parent=4138"}],"wp:term":[{"taxonomy":"product_cat","embeddable":true,"href":"https:\/\/www.liwin-china.com\/lt\/wp-json\/wp\/v2\/product_cat?post=4138"},{"taxonomy":"product_tag","embeddable":true,"href":"https:\/\/www.liwin-china.com\/lt\/wp-json\/wp\/v2\/product_tag?post=4138"}],"curies":[{"name":"wp","href":"https:\/\/api.w.org\/{rel}","templated":true}]}}