{"id":4089,"date":"2023-12-16T16:35:42","date_gmt":"2023-12-16T08:35:42","guid":{"rendered":"https:\/\/www.liwin-china.com\/?post_type=product&#038;p=4089"},"modified":"2024-12-04T19:14:49","modified_gmt":"2024-12-04T11:14:49","slug":"for-bmw-z4-e89-09-16-led-headlight","status":"publish","type":"product","link":"https:\/\/www.liwin-china.com\/lt\/produktas\/for-bmw-z4-e89-09-16-led-headlight\/","title":{"rendered":"BMW Z4 E89 09-16 vadovaujama priekini\u0173 \u017eibint\u0173"},"content":{"rendered":"<p>\"Liwny\" naujas atnaujintas pilnas LED priekinis \u017eibintas BMW Z4 E89 priekiniams \u017eibintams 09-16 Modifikuotas Xenon Bi Lens Plug And Play LED dienos \u0161viesos \u017eibintas<\/p>\n<p>Prek\u0117s \u017eenklo pavadinimas\uff1aLiwiny<br \/>\nModelio numeris\uff1aD\u0117l BMW Z4 E89 09-16 vadovaujam\u0173 priekini\u0173 \u017eibint\u0173<br \/>\nAutomobilio modelis\uff1aD\u0117l BMW Z4 E89 09-16 LED \u017eibint\u0173<br \/>\n\u012etampa\uff1a12V<br \/>\nGalia\uff1a36W<br \/>\nB\u016bkl\u0117\uff1aNaujas<br \/>\nProdukto pavadinimas\uff1aLED \u017eibint\u0173 komplektas<br \/>\nMetai\uff1a2009-2016<br \/>\nDydis\uff1aOEM standartinis dydis<br \/>\nKokyb\u0117\uff1a100% Profesionalus testavimas<br \/>\nPritaikymas\uff1a100% Pritaikymas<br \/>\n\u012erengimas\uff1aPlug-and-Play<br \/>\nPakavimas\uff1aStandartinis pakavimas<br \/>\nGarantija: 1 metai<br \/>\nKilm\u0117s vieta: Guangdongas, Kinija<br \/>\n\u0160vino laikas\uff1aAccording to customers order detail<br \/>\nKeword\uff1aAutomobili\u0173 priedai Bmw Z4 E89,Bmw Z4 E89 \u017eibintams,Plug And Play Led dienos \u0161viesos Bmw Z4 E89<\/p>\n<p><img loading=\"lazy\" decoding=\"async\" class=\"alignnone size-full wp-image-4098\" src=\"https:\/\/www.liwin-china.com\/wp-content\/uploads\/2023\/12\/For-BMW-Z4-E89-09-16-led-headlight-1-1.webp\" alt=\"\" width=\"750\" height=\"2544\" srcset=\"https:\/\/www.liwin-china.com\/wp-content\/uploads\/2023\/12\/For-BMW-Z4-E89-09-16-led-headlight-1-1.webp 750w, https:\/\/www.liwin-china.com\/wp-content\/uploads\/2023\/12\/For-BMW-Z4-E89-09-16-led-headlight-1-1-300x1018.webp 300w, https:\/\/www.liwin-china.com\/wp-content\/uploads\/2023\/12\/For-BMW-Z4-E89-09-16-led-headlight-1-1-600x2035.webp 600w, https:\/\/www.liwin-china.com\/wp-content\/uploads\/2023\/12\/For-BMW-Z4-E89-09-16-led-headlight-1-1-302x1024.webp 302w, https:\/\/www.liwin-china.com\/wp-content\/uploads\/2023\/12\/For-BMW-Z4-E89-09-16-led-headlight-1-1-453x1536.webp 453w, https:\/\/www.liwin-china.com\/wp-content\/uploads\/2023\/12\/For-BMW-Z4-E89-09-16-led-headlight-1-1-604x2048.webp 604w\" sizes=\"(max-width: 750px) 100vw, 750px\" \/><\/p>","protected":false},"excerpt":{"rendered":"<p>Prek\u0117s \u017eenklo pavadinimas\uff1aLiwiny<br \/>\nModelio numeris\uff1aD\u0117l BMW Z4 E89 09-16 vadovaujam\u0173 priekini\u0173 \u017eibint\u0173<br \/>\nAutomobilio modelis\uff1aD\u0117l BMW Z4 E89 09-16 LED \u017eibint\u0173<br \/>\n\u012etampa\uff1a12V<br \/>\nGalia\uff1a36W<br \/>\nB\u016bkl\u0117\uff1aNaujas<br \/>\nProdukto pavadinimas\uff1aLED \u017eibint\u0173 komplektas<br \/>\nMetai\uff1a2009-2016<br \/>\nDydis\uff1aOEM standartinis dydis<br \/>\nKokyb\u0117\uff1a100% Profesionalus testavimas<br \/>\nPritaikymas\uff1a100% Pritaikymas<br \/>\n\u012erengimas\uff1aPlug-and-Play<br \/>\nPakavimas\uff1aStandartinis pakavimas<br \/>\nGarantija: 1 metai<br \/>\nKilm\u0117s vieta: Guangdongas, Kinija<br \/>\n\u0160vino laikas\uff1aAccording to customers order detail<br \/>\nKeword\uff1aAutomobili\u0173 priedai Bmw Z4 E89,Bmw Z4 E89 \u017eibintams,Plug And Play Led dienos \u0161viesos Bmw Z4 E89<\/p>","protected":false},"featured_media":4092,"template":"","meta":{"_seopress_robots_primary_cat":"","_seopress_titles_title":"","_seopress_titles_desc":"","_seopress_robots_index":"","_uag_custom_page_level_css":"","_joinchat":[]},"product_cat":[454],"product_tag":[],"featured_image_urls":{"full":["https:\/\/www.liwin-china.com\/wp-content\/uploads\/2023\/12\/For-BMW-Z4-E89-09-16-led-headlight-1.webp",750,750,false],"thumbnail":["https:\/\/www.liwin-china.com\/wp-content\/uploads\/2023\/12\/For-BMW-Z4-E89-09-16-led-headlight-1-150x150.webp",150,150,true],"medium":["https:\/\/www.liwin-china.com\/wp-content\/uploads\/2023\/12\/For-BMW-Z4-E89-09-16-led-headlight-1-300x300.webp",300,300,true],"medium_large":["https:\/\/www.liwin-china.com\/wp-content\/uploads\/2023\/12\/For-BMW-Z4-E89-09-16-led-headlight-1.webp",750,750,false],"large":["https:\/\/www.liwin-china.com\/wp-content\/uploads\/2023\/12\/For-BMW-Z4-E89-09-16-led-headlight-1.webp",750,750,false],"1536x1536":["https:\/\/www.liwin-china.com\/wp-content\/uploads\/2023\/12\/For-BMW-Z4-E89-09-16-led-headlight-1.webp",750,750,false],"2048x2048":["https:\/\/www.liwin-china.com\/wp-content\/uploads\/2023\/12\/For-BMW-Z4-E89-09-16-led-headlight-1.webp",750,750,false],"trp-custom-language-flag":["https:\/\/www.liwin-china.com\/wp-content\/uploads\/2023\/12\/For-BMW-Z4-E89-09-16-led-headlight-1.webp",12,12,false],"woocommerce_archive_thumbnail":["https:\/\/www.liwin-china.com\/wp-content\/uploads\/2023\/12\/For-BMW-Z4-E89-09-16-led-headlight-1-300x300.webp",300,300,true],"woocommerce_thumbnail":["https:\/\/www.liwin-china.com\/wp-content\/uploads\/2023\/12\/For-BMW-Z4-E89-09-16-led-headlight-1-300x300.webp",300,300,true],"woocommerce_single":["https:\/\/www.liwin-china.com\/wp-content\/uploads\/2023\/12\/For-BMW-Z4-E89-09-16-led-headlight-1-600x600.webp",600,600,true],"woocommerce_gallery_thumbnail":["https:\/\/www.liwin-china.com\/wp-content\/uploads\/2023\/12\/For-BMW-Z4-E89-09-16-led-headlight-1-100x100.webp",100,100,true]},"post_excerpt_stackable":"<p>Brand Name\uff1aLiwiny<br \/>\nModel Number\uff1aFor BMW Z4 E89 09-16 led headlight<br \/>\nCar Model\uff1aFor BMW Z4 E89 09-16 led headlight<br \/>\nVoltage\uff1a12V<br \/>\nPower\uff1a36W<br \/>\nCondition\uff1aNew<br \/>\nProduct name\uff1aLED Headlamp Assembly<br \/>\nYear\uff1a2009-2016<br \/>\nSize\uff1aOEM Standard Size<br \/>\nQuality\uff1a100% Professional Testing<br \/>\nFitment\uff1a100% Fitment<br \/>\nInstallation\uff1aPlug-and-Play<br \/>\nPacking\uff1aStandard Packing<br \/>\nWarranty\uff1a1 year<br \/>\nPlace of Origin:Guangdong, China<br \/>\nLead-time\uff1aAccording to customers order detail<br \/>\nKeword\uff1aCar Accessories For Bmw Z4 E89,For Bmw Z4 E89 Headlights,Plug And Play Led Daytime Running Light For Bmw Z4 E89<\/p>\n","category_list":"","author_info":{"name":"","url":""},"comments_num":"0 comments","uagb_featured_image_src":{"full":["https:\/\/www.liwin-china.com\/wp-content\/uploads\/2023\/12\/For-BMW-Z4-E89-09-16-led-headlight-1.webp",750,750,false],"thumbnail":["https:\/\/www.liwin-china.com\/wp-content\/uploads\/2023\/12\/For-BMW-Z4-E89-09-16-led-headlight-1-150x150.webp",150,150,true],"medium":["https:\/\/www.liwin-china.com\/wp-content\/uploads\/2023\/12\/For-BMW-Z4-E89-09-16-led-headlight-1-300x300.webp",300,300,true],"medium_large":["https:\/\/www.liwin-china.com\/wp-content\/uploads\/2023\/12\/For-BMW-Z4-E89-09-16-led-headlight-1.webp",750,750,false],"large":["https:\/\/www.liwin-china.com\/wp-content\/uploads\/2023\/12\/For-BMW-Z4-E89-09-16-led-headlight-1.webp",750,750,false],"1536x1536":["https:\/\/www.liwin-china.com\/wp-content\/uploads\/2023\/12\/For-BMW-Z4-E89-09-16-led-headlight-1.webp",750,750,false],"2048x2048":["https:\/\/www.liwin-china.com\/wp-content\/uploads\/2023\/12\/For-BMW-Z4-E89-09-16-led-headlight-1.webp",750,750,false],"trp-custom-language-flag":["https:\/\/www.liwin-china.com\/wp-content\/uploads\/2023\/12\/For-BMW-Z4-E89-09-16-led-headlight-1.webp",12,12,false],"woocommerce_archive_thumbnail":["https:\/\/www.liwin-china.com\/wp-content\/uploads\/2023\/12\/For-BMW-Z4-E89-09-16-led-headlight-1-300x300.webp",300,300,true],"woocommerce_thumbnail":["https:\/\/www.liwin-china.com\/wp-content\/uploads\/2023\/12\/For-BMW-Z4-E89-09-16-led-headlight-1-300x300.webp",300,300,true],"woocommerce_single":["https:\/\/www.liwin-china.com\/wp-content\/uploads\/2023\/12\/For-BMW-Z4-E89-09-16-led-headlight-1-600x600.webp",600,600,true],"woocommerce_gallery_thumbnail":["https:\/\/www.liwin-china.com\/wp-content\/uploads\/2023\/12\/For-BMW-Z4-E89-09-16-led-headlight-1-100x100.webp",100,100,true]},"uagb_author_info":{"display_name":"adminn","author_link":"https:\/\/www.liwin-china.com\/lt\/author\/"},"uagb_comment_info":0,"uagb_excerpt":"Brand Name\uff1aLiwiny Model Number\uff1aFor BMW Z4 E89 09-16 led headlight Car Model\uff1aFor BMW Z4 E89 09-16 led headlight Voltage\uff1a12V Power\uff1a36W Condition\uff1aNew Product name\uff1aLED Headlamp Assembly Year\uff1a2009-2016 Size\uff1aOEM Standard Size Quality\uff1a100% Professional Testing Fitment\uff1a100% Fitment Installation\uff1aPlug-and-Play Packing\uff1aStandard Packing Warranty\uff1a1 year Place of Origin:Guangdong, China Lead-time\uff1aAccording to customers order detail Keword\uff1aCar Accessories For Bmw Z4 E89,For Bmw&hellip;","_links":{"self":[{"href":"https:\/\/www.liwin-china.com\/lt\/wp-json\/wp\/v2\/product\/4089"}],"collection":[{"href":"https:\/\/www.liwin-china.com\/lt\/wp-json\/wp\/v2\/product"}],"about":[{"href":"https:\/\/www.liwin-china.com\/lt\/wp-json\/wp\/v2\/types\/product"}],"wp:featuredmedia":[{"embeddable":true,"href":"https:\/\/www.liwin-china.com\/lt\/wp-json\/wp\/v2\/media\/4092"}],"wp:attachment":[{"href":"https:\/\/www.liwin-china.com\/lt\/wp-json\/wp\/v2\/media?parent=4089"}],"wp:term":[{"taxonomy":"product_cat","embeddable":true,"href":"https:\/\/www.liwin-china.com\/lt\/wp-json\/wp\/v2\/product_cat?post=4089"},{"taxonomy":"product_tag","embeddable":true,"href":"https:\/\/www.liwin-china.com\/lt\/wp-json\/wp\/v2\/product_tag?post=4089"}],"curies":[{"name":"wp","href":"https:\/\/api.w.org\/{rel}","templated":true}]}}