{"id":3896,"date":"2023-12-15T18:17:04","date_gmt":"2023-12-15T10:17:04","guid":{"rendered":"https:\/\/www.liwin-china.com\/?post_type=product&#038;p=3896"},"modified":"2025-12-07T13:55:22","modified_gmt":"2025-12-07T05:55:22","slug":"liwiny-factory-wholesale-auto-truck-canbus-led-headlight-22000lm-car-lights-h1-h4-h7-9005-h11-led-headlight-bulb-for-car","status":"publish","type":"product","link":"https:\/\/www.liwin-china.com\/lt\/produktas\/liwiny-factory-wholesale-auto-truck-canbus-led-headlight-22000lm-car-lights-h1-h4-h7-9005-h11-led-headlight-bulb-for-car\/","title":{"rendered":"Liwiny OEM ODM A4H automobili\u0173 LED ap\u0161vietimas H13 H4 9007 9004 H4 H7 H11 9005 9006 H16 880 80W automobili\u0173 LED lemput\u0117"},"content":{"rendered":"<p>Liwiny gamyklos didmenin\u0117 prekyba auto sunkve\u017eimi\u0173 canbus LED \u017eibintai 22000lm automobili\u0173 \u017eibintai H1 H4 H7 9005 H11 LED priekini\u0173 \u017eibint\u0173 lemput\u0117 automobiliui<\/p>\n<p>Prek\u0117s \u017eenklo pavadinimas\uff1aLiwiny<br \/>\nElementas\uff1aled priekiniai \u017eibintai,Led priekini\u0173 \u017eibint\u0173 lemput\u0117,H4 Led priekiniai \u017eibintai<br \/>\nOEM Part No.\uff1aA4H-H1,H3,H4,H7,H8,H9,H10,H11,H13,HB3,HB4,9004,9005,9006,9007,880,881,H27,5202,H16,9012<br \/>\nSpalv\u0173 temperat\u016bra\uff1a6000K<br \/>\n\u012etampa\uff1a12V<br \/>\nGalia\uff1a80W<br \/>\n\u0160viesos srautas\uff1a10000LM<br \/>\nMed\u017eiaga: aliuminio lydinys<br \/>\nPakuot\u0117\uff1aMa\u017ea spalvota d\u0117\u017eut\u0117<br \/>\nOEM: galima<br \/>\nGyvenimo trukm\u0117\uff1adaugiau nei 30000h<br \/>\nGarantija: 1 metai<br \/>\nAutomobilio mark\u0117\uff1aUniversal<br \/>\nKilm\u0117s vieta: Guangdongas, Kinija<\/p>\n<p>&nbsp;<\/p>\n<h1><strong>Kod\u0117l verta rinktis LIWINY?<\/strong><\/h1>\n<p><img loading=\"lazy\" decoding=\"async\" class=\"alignnone size-full wp-image-4463\" src=\"https:\/\/www.liwin-china.com\/wp-content\/uploads\/2023\/12\/liwiny-oem-ballast.webp\" alt=\"\" width=\"1980\" height=\"600\" srcset=\"https:\/\/www.liwin-china.com\/wp-content\/uploads\/2023\/12\/liwiny-oem-ballast.webp 1980w, https:\/\/www.liwin-china.com\/wp-content\/uploads\/2023\/12\/liwiny-oem-ballast-300x91.webp 300w, https:\/\/www.liwin-china.com\/wp-content\/uploads\/2023\/12\/liwiny-oem-ballast-1024x310.webp 1024w, https:\/\/www.liwin-china.com\/wp-content\/uploads\/2023\/12\/liwiny-oem-ballast-768x233.webp 768w, https:\/\/www.liwin-china.com\/wp-content\/uploads\/2023\/12\/liwiny-oem-ballast-1536x465.webp 1536w, https:\/\/www.liwin-china.com\/wp-content\/uploads\/2023\/12\/liwiny-oem-ballast-600x182.webp 600w\" sizes=\"(max-width: 1980px) 100vw, 1980px\" \/><\/p>\n<ul>\n<li>Nuo med\u017eiagos iki galutinio gaminio, mes laikom\u0117s grie\u017etos kokyb\u0117s kontrol\u0117s, u\u017etikrindami, kad defekt\u0173 lygis b\u016bt\u0173 ma\u017eesnis nei 1%.<\/li>\n<li>Sveiki atvyk\u0119 \u012f OEM\/ODM oders, mes priimame daugyb\u0119 pritaikymo reikalavim\u0173, toki\u0173 kaip i\u0161vaizda, galia, pavara, ventiliatorius, lustas, spalv\u0173 temperat\u016bra, logotipas, pakuot\u0117.<\/li>\n<li>Si\u016blome 12-36 m\u0117nesi\u0173 garantij\u0105, kuri apima tiesiogin\u012f pakeitim\u0105. Nereikia si\u0173sti atgal sugedusi\u0173 produkt\u0173.<\/li>\n<li>Atsi\u017evelgdami \u012f rinkos tendencijas, kiekvien\u0105 sezon\u0105 sukuriame 3-5 naujus produktus.<\/li>\n<\/ul>\n<p>&nbsp;<\/p>\n<h2>Paklauskite citatos \u0161iandien!<\/h2>\n<p>Visus LIWINY gaminius galima u\u017esakyti dideliais kiekiais \/ didmenine prekyba! Jei norite parduoti m\u016bs\u0173 gaminius arba tapti m\u016bs\u0173 platintoju, susisiekite su mumis, gausite \u0161i\u0173 privalum\u0173:<\/p>\n<p>Ma\u017eas MOQ ir greitas pristatymas<br \/>\nInovatyv\u016bs produktai<br \/>\nGeriausia didmenin\u0117 kaina<br \/>\nOEM\/ODM paslauga<\/p>","protected":false},"excerpt":{"rendered":"<p>Liwiny gamyklos didmenin\u0117 prekyba auto sunkve\u017eimi\u0173 canbus LED \u017eibintai 22000lm automobili\u0173 \u017eibintai H1 H4 H7 9005 H11 LED priekini\u0173 \u017eibint\u0173 lemput\u0117 automobiliui<\/p>\n<p>Prek\u0117s \u017eenklo pavadinimas\uff1aLiwiny<br \/>\nElementas\uff1aled priekiniai \u017eibintai,Led priekini\u0173 \u017eibint\u0173 lemput\u0117,H4 Led priekiniai \u017eibintai<br \/>\nOEM Part No.\uff1aA4H-H1,H3,H4,H7,H8,H9,H10,H11,H13,HB3,HB4,9004,9005,9006,9007,880,881,H27,5202,H16,9012<br \/>\nSpalv\u0173 temperat\u016bra\uff1a6000K<br \/>\n\u012etampa\uff1a12V<br \/>\nGalia\uff1a80W<br \/>\n\u0160viesos srautas\uff1a10000LM<br \/>\nMed\u017eiaga: aliuminio lydinys<br \/>\nPakuot\u0117\uff1aMa\u017ea spalvota d\u0117\u017eut\u0117<br \/>\nOEM: galima<br \/>\nGyvenimo trukm\u0117\uff1adaugiau nei 30000h<br \/>\nGarantija: 1 metai<br \/>\nAutomobilio mark\u0117\uff1aUniversal<br \/>\nKilm\u0117s vieta: Guangdongas, Kinija<\/p>\n<p>\u0160vino laikas\uff1aAccording to customers order detail<br \/>\nPagrindin\u0117s eksporto rinkos\uff1aAzija\/Ryt\u0173 Europa\/Bliznieji Rytai\/Afrika\/Australazija\/Siaur\u0117s Amerika\/Vidurio ir Piet\u0173 Amerika\/Vakar\u0173 Europa<\/p>","protected":false},"featured_media":3900,"template":"","meta":{"_seopress_robots_primary_cat":"none","_seopress_titles_title":"","_seopress_titles_desc":"","_seopress_robots_index":"","_uag_custom_page_level_css":"","_joinchat":[]},"product_cat":[464,58],"product_tag":[],"featured_image_urls":{"full":["https:\/\/www.liwin-china.com\/wp-content\/uploads\/2023\/12\/Liwiny-Factory-Wholesale-auto-truck-canbus-led-headlight-22000lm-car-lights-H1-H4-H7-9005-H11-Led-Headlight-bulb-for-car-2.webp",720,720,false],"thumbnail":["https:\/\/www.liwin-china.com\/wp-content\/uploads\/2023\/12\/Liwiny-Factory-Wholesale-auto-truck-canbus-led-headlight-22000lm-car-lights-H1-H4-H7-9005-H11-Led-Headlight-bulb-for-car-2-150x150.webp",150,150,true],"medium":["https:\/\/www.liwin-china.com\/wp-content\/uploads\/2023\/12\/Liwiny-Factory-Wholesale-auto-truck-canbus-led-headlight-22000lm-car-lights-H1-H4-H7-9005-H11-Led-Headlight-bulb-for-car-2-300x300.webp",300,300,true],"medium_large":["https:\/\/www.liwin-china.com\/wp-content\/uploads\/2023\/12\/Liwiny-Factory-Wholesale-auto-truck-canbus-led-headlight-22000lm-car-lights-H1-H4-H7-9005-H11-Led-Headlight-bulb-for-car-2.webp",720,720,false],"large":["https:\/\/www.liwin-china.com\/wp-content\/uploads\/2023\/12\/Liwiny-Factory-Wholesale-auto-truck-canbus-led-headlight-22000lm-car-lights-H1-H4-H7-9005-H11-Led-Headlight-bulb-for-car-2.webp",720,720,false],"1536x1536":["https:\/\/www.liwin-china.com\/wp-content\/uploads\/2023\/12\/Liwiny-Factory-Wholesale-auto-truck-canbus-led-headlight-22000lm-car-lights-H1-H4-H7-9005-H11-Led-Headlight-bulb-for-car-2.webp",720,720,false],"2048x2048":["https:\/\/www.liwin-china.com\/wp-content\/uploads\/2023\/12\/Liwiny-Factory-Wholesale-auto-truck-canbus-led-headlight-22000lm-car-lights-H1-H4-H7-9005-H11-Led-Headlight-bulb-for-car-2.webp",720,720,false],"trp-custom-language-flag":["https:\/\/www.liwin-china.com\/wp-content\/uploads\/2023\/12\/Liwiny-Factory-Wholesale-auto-truck-canbus-led-headlight-22000lm-car-lights-H1-H4-H7-9005-H11-Led-Headlight-bulb-for-car-2.webp",12,12,false],"woocommerce_archive_thumbnail":["https:\/\/www.liwin-china.com\/wp-content\/uploads\/2023\/12\/Liwiny-Factory-Wholesale-auto-truck-canbus-led-headlight-22000lm-car-lights-H1-H4-H7-9005-H11-Led-Headlight-bulb-for-car-2-300x300.webp",300,300,true],"woocommerce_thumbnail":["https:\/\/www.liwin-china.com\/wp-content\/uploads\/2023\/12\/Liwiny-Factory-Wholesale-auto-truck-canbus-led-headlight-22000lm-car-lights-H1-H4-H7-9005-H11-Led-Headlight-bulb-for-car-2-300x300.webp",300,300,true],"woocommerce_single":["https:\/\/www.liwin-china.com\/wp-content\/uploads\/2023\/12\/Liwiny-Factory-Wholesale-auto-truck-canbus-led-headlight-22000lm-car-lights-H1-H4-H7-9005-H11-Led-Headlight-bulb-for-car-2-600x600.webp",600,600,true],"woocommerce_gallery_thumbnail":["https:\/\/www.liwin-china.com\/wp-content\/uploads\/2023\/12\/Liwiny-Factory-Wholesale-auto-truck-canbus-led-headlight-22000lm-car-lights-H1-H4-H7-9005-H11-Led-Headlight-bulb-for-car-2-100x100.webp",100,100,true]},"post_excerpt_stackable":"<p>Liwiny Factory Wholesale auto truck canbus led headlight 22000lm car lights H1 H4 H7 9005 H11 Led Headlight bulb for car<\/p>\n<p>Brand Name\uff1aLiwiny<br \/>\nItem\uff1aled headlight,Led Headlight Bulb,H4 Led Headlight<br \/>\nOEM Part No.\uff1aA4H-H1,H3,H4,H7,H8,H9,H10,H11,H13,HB3,HB4,9004,9005,9006,9007,880,881,H27,5202,H16,9012<br \/>\nColor Temperature\uff1a6000K<br \/>\nVoltage\uff1a12V<br \/>\nPower\uff1a80W<br \/>\nLumen\uff1a10000LM<br \/>\nMaterial\uff1aAluminium Alloy<br \/>\nPackage\uff1aSmall Color Box<br \/>\nOEM\uff1aAvailable<br \/>\nLife Span\uff1aMore than 30000h<br \/>\nWarranty\uff1a1 year<br \/>\nCar Make\uff1aUniversal<br \/>\nPlace of Origin:Guangdong, China<\/p>\n<p>Lead-time\uff1aAccording to customers order detail<br \/>\nMain export markets\uff1aAsia\/Eastern Europe\/Middle East\/Africa\/Australasia\/North America\/central\/South America\/Western Europe<\/p>\n","category_list":"","author_info":{"name":"","url":""},"comments_num":"0 comments","uagb_featured_image_src":{"full":["https:\/\/www.liwin-china.com\/wp-content\/uploads\/2023\/12\/Liwiny-Factory-Wholesale-auto-truck-canbus-led-headlight-22000lm-car-lights-H1-H4-H7-9005-H11-Led-Headlight-bulb-for-car-2.webp",720,720,false],"thumbnail":["https:\/\/www.liwin-china.com\/wp-content\/uploads\/2023\/12\/Liwiny-Factory-Wholesale-auto-truck-canbus-led-headlight-22000lm-car-lights-H1-H4-H7-9005-H11-Led-Headlight-bulb-for-car-2-150x150.webp",150,150,true],"medium":["https:\/\/www.liwin-china.com\/wp-content\/uploads\/2023\/12\/Liwiny-Factory-Wholesale-auto-truck-canbus-led-headlight-22000lm-car-lights-H1-H4-H7-9005-H11-Led-Headlight-bulb-for-car-2-300x300.webp",300,300,true],"medium_large":["https:\/\/www.liwin-china.com\/wp-content\/uploads\/2023\/12\/Liwiny-Factory-Wholesale-auto-truck-canbus-led-headlight-22000lm-car-lights-H1-H4-H7-9005-H11-Led-Headlight-bulb-for-car-2.webp",720,720,false],"large":["https:\/\/www.liwin-china.com\/wp-content\/uploads\/2023\/12\/Liwiny-Factory-Wholesale-auto-truck-canbus-led-headlight-22000lm-car-lights-H1-H4-H7-9005-H11-Led-Headlight-bulb-for-car-2.webp",720,720,false],"1536x1536":["https:\/\/www.liwin-china.com\/wp-content\/uploads\/2023\/12\/Liwiny-Factory-Wholesale-auto-truck-canbus-led-headlight-22000lm-car-lights-H1-H4-H7-9005-H11-Led-Headlight-bulb-for-car-2.webp",720,720,false],"2048x2048":["https:\/\/www.liwin-china.com\/wp-content\/uploads\/2023\/12\/Liwiny-Factory-Wholesale-auto-truck-canbus-led-headlight-22000lm-car-lights-H1-H4-H7-9005-H11-Led-Headlight-bulb-for-car-2.webp",720,720,false],"trp-custom-language-flag":["https:\/\/www.liwin-china.com\/wp-content\/uploads\/2023\/12\/Liwiny-Factory-Wholesale-auto-truck-canbus-led-headlight-22000lm-car-lights-H1-H4-H7-9005-H11-Led-Headlight-bulb-for-car-2.webp",12,12,false],"woocommerce_archive_thumbnail":["https:\/\/www.liwin-china.com\/wp-content\/uploads\/2023\/12\/Liwiny-Factory-Wholesale-auto-truck-canbus-led-headlight-22000lm-car-lights-H1-H4-H7-9005-H11-Led-Headlight-bulb-for-car-2-300x300.webp",300,300,true],"woocommerce_thumbnail":["https:\/\/www.liwin-china.com\/wp-content\/uploads\/2023\/12\/Liwiny-Factory-Wholesale-auto-truck-canbus-led-headlight-22000lm-car-lights-H1-H4-H7-9005-H11-Led-Headlight-bulb-for-car-2-300x300.webp",300,300,true],"woocommerce_single":["https:\/\/www.liwin-china.com\/wp-content\/uploads\/2023\/12\/Liwiny-Factory-Wholesale-auto-truck-canbus-led-headlight-22000lm-car-lights-H1-H4-H7-9005-H11-Led-Headlight-bulb-for-car-2-600x600.webp",600,600,true],"woocommerce_gallery_thumbnail":["https:\/\/www.liwin-china.com\/wp-content\/uploads\/2023\/12\/Liwiny-Factory-Wholesale-auto-truck-canbus-led-headlight-22000lm-car-lights-H1-H4-H7-9005-H11-Led-Headlight-bulb-for-car-2-100x100.webp",100,100,true]},"uagb_author_info":{"display_name":"adminn","author_link":"https:\/\/www.liwin-china.com\/lt\/author\/"},"uagb_comment_info":0,"uagb_excerpt":"Liwiny Factory Wholesale auto truck canbus led headlight 22000lm car lights H1 H4 H7 9005 H11 Led Headlight bulb for car Brand Name\uff1aLiwiny Item\uff1aled headlight,Led Headlight Bulb,H4 Led Headlight OEM Part No.\uff1aA4H-H1,H3,H4,H7,H8,H9,H10,H11,H13,HB3,HB4,9004,9005,9006,9007,880,881,H27,5202,H16,9012 Color Temperature\uff1a6000K Voltage\uff1a12V Power\uff1a80W Lumen\uff1a10000LM Material\uff1aAluminium Alloy Package\uff1aSmall Color Box OEM\uff1aAvailable Life Span\uff1aMore than 30000h Warranty\uff1a1 year Car Make\uff1aUniversal Place of Origin:Guangdong, China&hellip;","_links":{"self":[{"href":"https:\/\/www.liwin-china.com\/lt\/wp-json\/wp\/v2\/product\/3896"}],"collection":[{"href":"https:\/\/www.liwin-china.com\/lt\/wp-json\/wp\/v2\/product"}],"about":[{"href":"https:\/\/www.liwin-china.com\/lt\/wp-json\/wp\/v2\/types\/product"}],"wp:featuredmedia":[{"embeddable":true,"href":"https:\/\/www.liwin-china.com\/lt\/wp-json\/wp\/v2\/media\/3900"}],"wp:attachment":[{"href":"https:\/\/www.liwin-china.com\/lt\/wp-json\/wp\/v2\/media?parent=3896"}],"wp:term":[{"taxonomy":"product_cat","embeddable":true,"href":"https:\/\/www.liwin-china.com\/lt\/wp-json\/wp\/v2\/product_cat?post=3896"},{"taxonomy":"product_tag","embeddable":true,"href":"https:\/\/www.liwin-china.com\/lt\/wp-json\/wp\/v2\/product_tag?post=3896"}],"curies":[{"name":"wp","href":"https:\/\/api.w.org\/{rel}","templated":true}]}}