{"id":3798,"date":"2023-12-13T14:18:29","date_gmt":"2023-12-13T06:18:29","guid":{"rendered":"https:\/\/www.liwin-china.com\/?post_type=product&#038;p=3798"},"modified":"2023-12-13T14:18:30","modified_gmt":"2023-12-13T06:18:30","slug":"4th-9005-9006-replacement-bulbs-car-headlights","status":"publish","type":"product","link":"https:\/\/www.liwin-china.com\/lt\/produktas\/4th-9005-9006-replacement-bulbs-car-headlights\/","title":{"rendered":"4. 9005 9006 pakaitin\u0117s lemput\u0117s automobili\u0173 priekiniams \u017eibintams"},"content":{"rendered":"<p>Prek\u0117s \u017eenklo pavadinimas\uff1aLiwiny<br \/>\nPrek\u0117\uff1aSl\u0117ptoji ksenono lemput\u0117<br \/>\nOEM dalies Nr.\uff1a4. 9005 9006 pakaitin\u0117s lemput\u0117s Automobili\u0173 \u017eibintai<br \/>\nSpalv\u0173 temperat\u016bra\uff1a6000K<br \/>\n\u012etampa\uff1a12V<br \/>\nGalia\uff1a35W<br \/>\n\u0160viesos srautas\uff1a3200LM<br \/>\nMed\u017eiaga: aliuminio lydinys<br \/>\nPakuot\u0117\uff1aMa\u017ea \u012fprasta d\u0117\u017eut\u0117<br \/>\nOEM: galima<br \/>\nGyvenimo trukm\u0117: daugiau nei 3000 val.<br \/>\nGarantija: 1 metai<br \/>\nAutomobilio mark\u0117\uff1aUniversal<br \/>\nKilm\u0117s vieta: Guangdongas, Kinija<\/p>","protected":false},"excerpt":{"rendered":"<p>Liwiny 12V 55W automobilio HID ksenono lempa H1 H3 H7 H8 H9 H11 9005 9006 pakaitin\u0117s lemput\u0117s Automobili\u0173 priekiniai \u017eibintai r\u016bko \u0161viesa 6000k<\/p>\n<p>Prek\u0117s \u017eenklo pavadinimas\uff1aLiwiny<br \/>\nPrek\u0117\uff1aSl\u0117ptoji ksenono lemput\u0117<br \/>\nOEM dalies Nr.\uff1a4. 9005 9006 pakaitin\u0117s lemput\u0117s Automobili\u0173 \u017eibintai<br \/>\nSpalv\u0173 temperat\u016bra\uff1a6000K<br \/>\n\u012etampa\uff1a12V<br \/>\nGalia\uff1a35W<br \/>\n\u0160viesos srautas\uff1a3200LM<br \/>\nMed\u017eiaga: aliuminio lydinys<br \/>\nPakuot\u0117\uff1aMa\u017ea \u012fprasta d\u0117\u017eut\u0117<br \/>\nOEM: galima<br \/>\nGyvenimo trukm\u0117: daugiau nei 3000 val.<br \/>\nGarantija: 1 metai<br \/>\nAutomobilio mark\u0117\uff1aUniversal<br \/>\nKilm\u0117s vieta: Guangdongas, Kinija<\/p>\n<p>\u0160vino laikas\uff1aAccording to customers order detail<br \/>\nPagrindin\u0117s eksporto rinkos\uff1aAzija\/Ryt\u0173 Europa\/Bliznieji Rytai\/Afrika\/Australazija\/Siaur\u0117s Amerika\/Vidurio ir Piet\u0173 Amerika\/Vakar\u0173 Europa<\/p>","protected":false},"featured_media":3805,"template":"","meta":{"_seopress_robots_primary_cat":"","_seopress_titles_title":"","_seopress_titles_desc":"","_seopress_robots_index":"","_uag_custom_page_level_css":"","_joinchat":[]},"product_cat":[57],"product_tag":[],"featured_image_urls":{"full":["https:\/\/www.liwin-china.com\/wp-content\/uploads\/2023\/12\/Liwiny-12V-55W-Car-HID-Xenon-Lamp-H1-H3-H7-H8-H9-H11-9005-9006-Replacement-Bulbs-Car-Headlights-fog-light-6000k-3.webp",700,700,false],"thumbnail":["https:\/\/www.liwin-china.com\/wp-content\/uploads\/2023\/12\/Liwiny-12V-55W-Car-HID-Xenon-Lamp-H1-H3-H7-H8-H9-H11-9005-9006-Replacement-Bulbs-Car-Headlights-fog-light-6000k-3-150x150.webp",150,150,true],"medium":["https:\/\/www.liwin-china.com\/wp-content\/uploads\/2023\/12\/Liwiny-12V-55W-Car-HID-Xenon-Lamp-H1-H3-H7-H8-H9-H11-9005-9006-Replacement-Bulbs-Car-Headlights-fog-light-6000k-3-300x300.webp",300,300,true],"medium_large":["https:\/\/www.liwin-china.com\/wp-content\/uploads\/2023\/12\/Liwiny-12V-55W-Car-HID-Xenon-Lamp-H1-H3-H7-H8-H9-H11-9005-9006-Replacement-Bulbs-Car-Headlights-fog-light-6000k-3.webp",700,700,false],"large":["https:\/\/www.liwin-china.com\/wp-content\/uploads\/2023\/12\/Liwiny-12V-55W-Car-HID-Xenon-Lamp-H1-H3-H7-H8-H9-H11-9005-9006-Replacement-Bulbs-Car-Headlights-fog-light-6000k-3.webp",700,700,false],"1536x1536":["https:\/\/www.liwin-china.com\/wp-content\/uploads\/2023\/12\/Liwiny-12V-55W-Car-HID-Xenon-Lamp-H1-H3-H7-H8-H9-H11-9005-9006-Replacement-Bulbs-Car-Headlights-fog-light-6000k-3.webp",700,700,false],"2048x2048":["https:\/\/www.liwin-china.com\/wp-content\/uploads\/2023\/12\/Liwiny-12V-55W-Car-HID-Xenon-Lamp-H1-H3-H7-H8-H9-H11-9005-9006-Replacement-Bulbs-Car-Headlights-fog-light-6000k-3.webp",700,700,false],"trp-custom-language-flag":["https:\/\/www.liwin-china.com\/wp-content\/uploads\/2023\/12\/Liwiny-12V-55W-Car-HID-Xenon-Lamp-H1-H3-H7-H8-H9-H11-9005-9006-Replacement-Bulbs-Car-Headlights-fog-light-6000k-3.webp",12,12,false],"woocommerce_archive_thumbnail":["https:\/\/www.liwin-china.com\/wp-content\/uploads\/2023\/12\/Liwiny-12V-55W-Car-HID-Xenon-Lamp-H1-H3-H7-H8-H9-H11-9005-9006-Replacement-Bulbs-Car-Headlights-fog-light-6000k-3-300x300.webp",300,300,true],"woocommerce_thumbnail":["https:\/\/www.liwin-china.com\/wp-content\/uploads\/2023\/12\/Liwiny-12V-55W-Car-HID-Xenon-Lamp-H1-H3-H7-H8-H9-H11-9005-9006-Replacement-Bulbs-Car-Headlights-fog-light-6000k-3-300x300.webp",300,300,true],"woocommerce_single":["https:\/\/www.liwin-china.com\/wp-content\/uploads\/2023\/12\/Liwiny-12V-55W-Car-HID-Xenon-Lamp-H1-H3-H7-H8-H9-H11-9005-9006-Replacement-Bulbs-Car-Headlights-fog-light-6000k-3-600x600.webp",600,600,true],"woocommerce_gallery_thumbnail":["https:\/\/www.liwin-china.com\/wp-content\/uploads\/2023\/12\/Liwiny-12V-55W-Car-HID-Xenon-Lamp-H1-H3-H7-H8-H9-H11-9005-9006-Replacement-Bulbs-Car-Headlights-fog-light-6000k-3-100x100.webp",100,100,true]},"post_excerpt_stackable":"<p>Liwiny 12V 55W Car HID Xenon Lamp H1 H3 H7 H8 H9 H11 9005 9006 Replacement Bulbs Car Headlights fog light 6000k<\/p>\n<p>Brand Name\uff1aLiwiny<br \/>\nItem\uff1aHid Xenon Bulb<br \/>\nOEM Part No.\uff1a4th 9005 9006 Replacement Bulbs Car Headlights<br \/>\nColor Temperature\uff1a6000K<br \/>\nVoltage\uff1a12V<br \/>\nPower\uff1a35W<br \/>\nLumen\uff1a3200LM<br \/>\nMaterial\uff1aAluminium Alloy<br \/>\nPackage\uff1aSmall Normal Box<br \/>\nOEM\uff1aAvailable<br \/>\nLife Span\uff1aMore than 3000h<br \/>\nWarranty\uff1a1 year<br \/>\nCar Make\uff1aUniversal<br \/>\nPlace of Origin:Guangdong, China<\/p>\n<p>Lead-time\uff1aAccording to customers order detail<br \/>\nMain export markets\uff1aAsia\/Eastern Europe\/Middle East\/Africa\/Australasia\/North America\/central\/South America\/Western Europe<\/p>\n","category_list":"","author_info":{"name":"","url":""},"comments_num":"0 comments","uagb_featured_image_src":{"full":["https:\/\/www.liwin-china.com\/wp-content\/uploads\/2023\/12\/Liwiny-12V-55W-Car-HID-Xenon-Lamp-H1-H3-H7-H8-H9-H11-9005-9006-Replacement-Bulbs-Car-Headlights-fog-light-6000k-3.webp",700,700,false],"thumbnail":["https:\/\/www.liwin-china.com\/wp-content\/uploads\/2023\/12\/Liwiny-12V-55W-Car-HID-Xenon-Lamp-H1-H3-H7-H8-H9-H11-9005-9006-Replacement-Bulbs-Car-Headlights-fog-light-6000k-3-150x150.webp",150,150,true],"medium":["https:\/\/www.liwin-china.com\/wp-content\/uploads\/2023\/12\/Liwiny-12V-55W-Car-HID-Xenon-Lamp-H1-H3-H7-H8-H9-H11-9005-9006-Replacement-Bulbs-Car-Headlights-fog-light-6000k-3-300x300.webp",300,300,true],"medium_large":["https:\/\/www.liwin-china.com\/wp-content\/uploads\/2023\/12\/Liwiny-12V-55W-Car-HID-Xenon-Lamp-H1-H3-H7-H8-H9-H11-9005-9006-Replacement-Bulbs-Car-Headlights-fog-light-6000k-3.webp",700,700,false],"large":["https:\/\/www.liwin-china.com\/wp-content\/uploads\/2023\/12\/Liwiny-12V-55W-Car-HID-Xenon-Lamp-H1-H3-H7-H8-H9-H11-9005-9006-Replacement-Bulbs-Car-Headlights-fog-light-6000k-3.webp",700,700,false],"1536x1536":["https:\/\/www.liwin-china.com\/wp-content\/uploads\/2023\/12\/Liwiny-12V-55W-Car-HID-Xenon-Lamp-H1-H3-H7-H8-H9-H11-9005-9006-Replacement-Bulbs-Car-Headlights-fog-light-6000k-3.webp",700,700,false],"2048x2048":["https:\/\/www.liwin-china.com\/wp-content\/uploads\/2023\/12\/Liwiny-12V-55W-Car-HID-Xenon-Lamp-H1-H3-H7-H8-H9-H11-9005-9006-Replacement-Bulbs-Car-Headlights-fog-light-6000k-3.webp",700,700,false],"trp-custom-language-flag":["https:\/\/www.liwin-china.com\/wp-content\/uploads\/2023\/12\/Liwiny-12V-55W-Car-HID-Xenon-Lamp-H1-H3-H7-H8-H9-H11-9005-9006-Replacement-Bulbs-Car-Headlights-fog-light-6000k-3.webp",12,12,false],"woocommerce_archive_thumbnail":["https:\/\/www.liwin-china.com\/wp-content\/uploads\/2023\/12\/Liwiny-12V-55W-Car-HID-Xenon-Lamp-H1-H3-H7-H8-H9-H11-9005-9006-Replacement-Bulbs-Car-Headlights-fog-light-6000k-3-300x300.webp",300,300,true],"woocommerce_thumbnail":["https:\/\/www.liwin-china.com\/wp-content\/uploads\/2023\/12\/Liwiny-12V-55W-Car-HID-Xenon-Lamp-H1-H3-H7-H8-H9-H11-9005-9006-Replacement-Bulbs-Car-Headlights-fog-light-6000k-3-300x300.webp",300,300,true],"woocommerce_single":["https:\/\/www.liwin-china.com\/wp-content\/uploads\/2023\/12\/Liwiny-12V-55W-Car-HID-Xenon-Lamp-H1-H3-H7-H8-H9-H11-9005-9006-Replacement-Bulbs-Car-Headlights-fog-light-6000k-3-600x600.webp",600,600,true],"woocommerce_gallery_thumbnail":["https:\/\/www.liwin-china.com\/wp-content\/uploads\/2023\/12\/Liwiny-12V-55W-Car-HID-Xenon-Lamp-H1-H3-H7-H8-H9-H11-9005-9006-Replacement-Bulbs-Car-Headlights-fog-light-6000k-3-100x100.webp",100,100,true]},"uagb_author_info":{"display_name":"adminn","author_link":"https:\/\/www.liwin-china.com\/lt\/author\/"},"uagb_comment_info":0,"uagb_excerpt":"Liwiny 12V 55W Car HID Xenon Lamp H1 H3 H7 H8 H9 H11 9005 9006 Replacement Bulbs Car Headlights fog light 6000k Brand Name\uff1aLiwiny Item\uff1aHid Xenon Bulb OEM Part No.\uff1a4th 9005 9006 Replacement Bulbs Car Headlights Color Temperature\uff1a6000K Voltage\uff1a12V Power\uff1a35W Lumen\uff1a3200LM Material\uff1aAluminium Alloy Package\uff1aSmall Normal Box OEM\uff1aAvailable Life Span\uff1aMore than 3000h Warranty\uff1a1 year Car Make\uff1aUniversal&hellip;","_links":{"self":[{"href":"https:\/\/www.liwin-china.com\/lt\/wp-json\/wp\/v2\/product\/3798"}],"collection":[{"href":"https:\/\/www.liwin-china.com\/lt\/wp-json\/wp\/v2\/product"}],"about":[{"href":"https:\/\/www.liwin-china.com\/lt\/wp-json\/wp\/v2\/types\/product"}],"wp:featuredmedia":[{"embeddable":true,"href":"https:\/\/www.liwin-china.com\/lt\/wp-json\/wp\/v2\/media\/3805"}],"wp:attachment":[{"href":"https:\/\/www.liwin-china.com\/lt\/wp-json\/wp\/v2\/media?parent=3798"}],"wp:term":[{"taxonomy":"product_cat","embeddable":true,"href":"https:\/\/www.liwin-china.com\/lt\/wp-json\/wp\/v2\/product_cat?post=3798"},{"taxonomy":"product_tag","embeddable":true,"href":"https:\/\/www.liwin-china.com\/lt\/wp-json\/wp\/v2\/product_tag?post=3798"}],"curies":[{"name":"wp","href":"https:\/\/api.w.org\/{rel}","templated":true}]}}