{"id":3717,"date":"2023-12-10T18:27:20","date_gmt":"2023-12-10T10:27:20","guid":{"rendered":"https:\/\/www.liwin-china.com\/?post_type=product&#038;p=3717"},"modified":"2023-12-10T18:27:20","modified_gmt":"2023-12-10T10:27:20","slug":"d3s-d3c-xenon-light-bulb","status":"publish","type":"product","link":"https:\/\/www.liwin-china.com\/lt\/produktas\/d3s-d3c-xenon-light-bulb\/","title":{"rendered":"D3S D3C ksenono lemput\u0117"},"content":{"rendered":"<p>Prek\u0117s \u017eenklo pavadinimas\uff1aLiwiny<br \/>\nPrek\u0117\uff1aSl\u0117ptoji ksenono lemput\u0117<br \/>\nOEM dalies Nr.\uff1aD3S D3C Xenon lemput\u0117<br \/>\nSpalv\u0173 temperat\u016bra: 4300K 5000K 6000K 8000K 10000K<br \/>\n\u012etampa\uff1a12V<br \/>\nGalia\uff1a35W<br \/>\n\u0160viesos srautas\uff1a3200LM<br \/>\nMed\u017eiaga: aliuminio lydinys<br \/>\nPakuot\u0117\uff1aMa\u017ea \u012fprasta d\u0117\u017eut\u0117<br \/>\nOEM: galima<br \/>\nGyvenimo trukm\u0117: daugiau nei 3000 val.<br \/>\nGarantija: 1 metai<br \/>\nAutomobilio mark\u0117\uff1aUniversal<br \/>\nKilm\u0117s vieta: Guangdongas, Kinija<\/p>","protected":false},"excerpt":{"rendered":"<p>Liwiny automobilio priekini\u0173 \u017eibint\u0173 ksenono lemput\u0117 35W 12V automatinis priekinis \u017eibintas 6000K D3 D3C D3S automobilio HID ksenono lemput\u0117<\/p>\n<p>Prek\u0117s \u017eenklo pavadinimas\uff1aLiwiny<br \/>\nPrek\u0117\uff1aSl\u0117ptoji ksenono lemput\u0117<br \/>\nOEM dalies Nr.\uff1aD3S D3C Xenon lemput\u0117<br \/>\nSpalv\u0173 temperat\u016bra: 4300K 5000K 6000K 8000K 10000K<br \/>\n\u012etampa\uff1a12V<br \/>\nGalia\uff1a35W<br \/>\n\u0160viesos srautas\uff1a3200LM<br \/>\nMed\u017eiaga: aliuminio lydinys<br \/>\nPakuot\u0117\uff1aMa\u017ea \u012fprasta d\u0117\u017eut\u0117<br \/>\nOEM: galima<br \/>\nGyvenimo trukm\u0117: daugiau nei 3000 val.<br \/>\nGarantija: 1 metai<br \/>\nAutomobilio mark\u0117\uff1aUniversal<br \/>\nKilm\u0117s vieta: Guangdongas, Kinija<\/p>\n<p>\u0160vino laikas\uff1aAccording to customers order detail<br \/>\nPagrindin\u0117s eksporto rinkos\uff1aAzija\/Ryt\u0173 Europa\/Bliznieji Rytai\/Afrika\/Australazija\/Siaur\u0117s Amerika\/Vidurio ir Piet\u0173 Amerika\/Vakar\u0173 Europa<\/p>","protected":false},"featured_media":3724,"template":"","meta":{"_seopress_robots_primary_cat":"","_seopress_titles_title":"","_seopress_titles_desc":"","_seopress_robots_index":"","_uag_custom_page_level_css":"","_joinchat":[]},"product_cat":[57],"product_tag":[],"featured_image_urls":{"full":["https:\/\/www.liwin-china.com\/wp-content\/uploads\/2023\/12\/Liwiny-Car-Headlight-Xenon-Lamp-Bulb-35W-12V-Auto-Headlamp-6000K-D3-D3C-D3S-Car-HID-Xenon-Light-Bulb-5.webp",700,700,false],"thumbnail":["https:\/\/www.liwin-china.com\/wp-content\/uploads\/2023\/12\/Liwiny-Car-Headlight-Xenon-Lamp-Bulb-35W-12V-Auto-Headlamp-6000K-D3-D3C-D3S-Car-HID-Xenon-Light-Bulb-5-150x150.webp",150,150,true],"medium":["https:\/\/www.liwin-china.com\/wp-content\/uploads\/2023\/12\/Liwiny-Car-Headlight-Xenon-Lamp-Bulb-35W-12V-Auto-Headlamp-6000K-D3-D3C-D3S-Car-HID-Xenon-Light-Bulb-5-300x300.webp",300,300,true],"medium_large":["https:\/\/www.liwin-china.com\/wp-content\/uploads\/2023\/12\/Liwiny-Car-Headlight-Xenon-Lamp-Bulb-35W-12V-Auto-Headlamp-6000K-D3-D3C-D3S-Car-HID-Xenon-Light-Bulb-5.webp",700,700,false],"large":["https:\/\/www.liwin-china.com\/wp-content\/uploads\/2023\/12\/Liwiny-Car-Headlight-Xenon-Lamp-Bulb-35W-12V-Auto-Headlamp-6000K-D3-D3C-D3S-Car-HID-Xenon-Light-Bulb-5.webp",700,700,false],"1536x1536":["https:\/\/www.liwin-china.com\/wp-content\/uploads\/2023\/12\/Liwiny-Car-Headlight-Xenon-Lamp-Bulb-35W-12V-Auto-Headlamp-6000K-D3-D3C-D3S-Car-HID-Xenon-Light-Bulb-5.webp",700,700,false],"2048x2048":["https:\/\/www.liwin-china.com\/wp-content\/uploads\/2023\/12\/Liwiny-Car-Headlight-Xenon-Lamp-Bulb-35W-12V-Auto-Headlamp-6000K-D3-D3C-D3S-Car-HID-Xenon-Light-Bulb-5.webp",700,700,false],"trp-custom-language-flag":["https:\/\/www.liwin-china.com\/wp-content\/uploads\/2023\/12\/Liwiny-Car-Headlight-Xenon-Lamp-Bulb-35W-12V-Auto-Headlamp-6000K-D3-D3C-D3S-Car-HID-Xenon-Light-Bulb-5.webp",12,12,false],"woocommerce_archive_thumbnail":["https:\/\/www.liwin-china.com\/wp-content\/uploads\/2023\/12\/Liwiny-Car-Headlight-Xenon-Lamp-Bulb-35W-12V-Auto-Headlamp-6000K-D3-D3C-D3S-Car-HID-Xenon-Light-Bulb-5-300x300.webp",300,300,true],"woocommerce_thumbnail":["https:\/\/www.liwin-china.com\/wp-content\/uploads\/2023\/12\/Liwiny-Car-Headlight-Xenon-Lamp-Bulb-35W-12V-Auto-Headlamp-6000K-D3-D3C-D3S-Car-HID-Xenon-Light-Bulb-5-300x300.webp",300,300,true],"woocommerce_single":["https:\/\/www.liwin-china.com\/wp-content\/uploads\/2023\/12\/Liwiny-Car-Headlight-Xenon-Lamp-Bulb-35W-12V-Auto-Headlamp-6000K-D3-D3C-D3S-Car-HID-Xenon-Light-Bulb-5-600x600.webp",600,600,true],"woocommerce_gallery_thumbnail":["https:\/\/www.liwin-china.com\/wp-content\/uploads\/2023\/12\/Liwiny-Car-Headlight-Xenon-Lamp-Bulb-35W-12V-Auto-Headlamp-6000K-D3-D3C-D3S-Car-HID-Xenon-Light-Bulb-5-100x100.webp",100,100,true]},"post_excerpt_stackable":"<p>Liwiny Car Headlight Xenon Lamp Bulb 35W 12V Auto Headlamp 6000K D3 D3C D3S Car HID Xenon Light Bulb<\/p>\n<p>Brand Name\uff1aLiwiny<br \/>\nItem\uff1aHid Xenon Bulb<br \/>\nOEM Part No.\uff1aD3S D3C Xenon Light Bulb<br \/>\nColor Temperature\uff1a4300K 5000K 6000K 8000K 10000K<br \/>\nVoltage\uff1a12V<br \/>\nPower\uff1a35W<br \/>\nLumen\uff1a3200LM<br \/>\nMaterial\uff1aAluminium Alloy<br \/>\nPackage\uff1aSmall Normal Box<br \/>\nOEM\uff1aAvailable<br \/>\nLife Span\uff1aMore than 3000h<br \/>\nWarranty\uff1a1 year<br \/>\nCar Make\uff1aUniversal<br \/>\nPlace of Origin:Guangdong, China<\/p>\n<p>Lead-time\uff1aAccording to customers order detail<br \/>\nMain export markets\uff1aAsia\/Eastern Europe\/Middle East\/Africa\/Australasia\/North America\/central\/South America\/Western Europe<\/p>\n","category_list":"","author_info":{"name":"","url":""},"comments_num":"0 comments","uagb_featured_image_src":{"full":["https:\/\/www.liwin-china.com\/wp-content\/uploads\/2023\/12\/Liwiny-Car-Headlight-Xenon-Lamp-Bulb-35W-12V-Auto-Headlamp-6000K-D3-D3C-D3S-Car-HID-Xenon-Light-Bulb-5.webp",700,700,false],"thumbnail":["https:\/\/www.liwin-china.com\/wp-content\/uploads\/2023\/12\/Liwiny-Car-Headlight-Xenon-Lamp-Bulb-35W-12V-Auto-Headlamp-6000K-D3-D3C-D3S-Car-HID-Xenon-Light-Bulb-5-150x150.webp",150,150,true],"medium":["https:\/\/www.liwin-china.com\/wp-content\/uploads\/2023\/12\/Liwiny-Car-Headlight-Xenon-Lamp-Bulb-35W-12V-Auto-Headlamp-6000K-D3-D3C-D3S-Car-HID-Xenon-Light-Bulb-5-300x300.webp",300,300,true],"medium_large":["https:\/\/www.liwin-china.com\/wp-content\/uploads\/2023\/12\/Liwiny-Car-Headlight-Xenon-Lamp-Bulb-35W-12V-Auto-Headlamp-6000K-D3-D3C-D3S-Car-HID-Xenon-Light-Bulb-5.webp",700,700,false],"large":["https:\/\/www.liwin-china.com\/wp-content\/uploads\/2023\/12\/Liwiny-Car-Headlight-Xenon-Lamp-Bulb-35W-12V-Auto-Headlamp-6000K-D3-D3C-D3S-Car-HID-Xenon-Light-Bulb-5.webp",700,700,false],"1536x1536":["https:\/\/www.liwin-china.com\/wp-content\/uploads\/2023\/12\/Liwiny-Car-Headlight-Xenon-Lamp-Bulb-35W-12V-Auto-Headlamp-6000K-D3-D3C-D3S-Car-HID-Xenon-Light-Bulb-5.webp",700,700,false],"2048x2048":["https:\/\/www.liwin-china.com\/wp-content\/uploads\/2023\/12\/Liwiny-Car-Headlight-Xenon-Lamp-Bulb-35W-12V-Auto-Headlamp-6000K-D3-D3C-D3S-Car-HID-Xenon-Light-Bulb-5.webp",700,700,false],"trp-custom-language-flag":["https:\/\/www.liwin-china.com\/wp-content\/uploads\/2023\/12\/Liwiny-Car-Headlight-Xenon-Lamp-Bulb-35W-12V-Auto-Headlamp-6000K-D3-D3C-D3S-Car-HID-Xenon-Light-Bulb-5.webp",12,12,false],"woocommerce_archive_thumbnail":["https:\/\/www.liwin-china.com\/wp-content\/uploads\/2023\/12\/Liwiny-Car-Headlight-Xenon-Lamp-Bulb-35W-12V-Auto-Headlamp-6000K-D3-D3C-D3S-Car-HID-Xenon-Light-Bulb-5-300x300.webp",300,300,true],"woocommerce_thumbnail":["https:\/\/www.liwin-china.com\/wp-content\/uploads\/2023\/12\/Liwiny-Car-Headlight-Xenon-Lamp-Bulb-35W-12V-Auto-Headlamp-6000K-D3-D3C-D3S-Car-HID-Xenon-Light-Bulb-5-300x300.webp",300,300,true],"woocommerce_single":["https:\/\/www.liwin-china.com\/wp-content\/uploads\/2023\/12\/Liwiny-Car-Headlight-Xenon-Lamp-Bulb-35W-12V-Auto-Headlamp-6000K-D3-D3C-D3S-Car-HID-Xenon-Light-Bulb-5-600x600.webp",600,600,true],"woocommerce_gallery_thumbnail":["https:\/\/www.liwin-china.com\/wp-content\/uploads\/2023\/12\/Liwiny-Car-Headlight-Xenon-Lamp-Bulb-35W-12V-Auto-Headlamp-6000K-D3-D3C-D3S-Car-HID-Xenon-Light-Bulb-5-100x100.webp",100,100,true]},"uagb_author_info":{"display_name":"adminn","author_link":"https:\/\/www.liwin-china.com\/lt\/author\/"},"uagb_comment_info":0,"uagb_excerpt":"Liwiny Car Headlight Xenon Lamp Bulb 35W 12V Auto Headlamp 6000K D3 D3C D3S Car HID Xenon Light Bulb Brand Name\uff1aLiwiny Item\uff1aHid Xenon Bulb OEM Part No.\uff1aD3S D3C Xenon Light Bulb Color Temperature\uff1a4300K 5000K 6000K 8000K 10000K Voltage\uff1a12V Power\uff1a35W Lumen\uff1a3200LM Material\uff1aAluminium Alloy Package\uff1aSmall Normal Box OEM\uff1aAvailable Life Span\uff1aMore than 3000h Warranty\uff1a1 year Car Make\uff1aUniversal Place&hellip;","_links":{"self":[{"href":"https:\/\/www.liwin-china.com\/lt\/wp-json\/wp\/v2\/product\/3717"}],"collection":[{"href":"https:\/\/www.liwin-china.com\/lt\/wp-json\/wp\/v2\/product"}],"about":[{"href":"https:\/\/www.liwin-china.com\/lt\/wp-json\/wp\/v2\/types\/product"}],"wp:featuredmedia":[{"embeddable":true,"href":"https:\/\/www.liwin-china.com\/lt\/wp-json\/wp\/v2\/media\/3724"}],"wp:attachment":[{"href":"https:\/\/www.liwin-china.com\/lt\/wp-json\/wp\/v2\/media?parent=3717"}],"wp:term":[{"taxonomy":"product_cat","embeddable":true,"href":"https:\/\/www.liwin-china.com\/lt\/wp-json\/wp\/v2\/product_cat?post=3717"},{"taxonomy":"product_tag","embeddable":true,"href":"https:\/\/www.liwin-china.com\/lt\/wp-json\/wp\/v2\/product_tag?post=3717"}],"curies":[{"name":"wp","href":"https:\/\/api.w.org\/{rel}","templated":true}]}}