{"id":3676,"date":"2023-12-10T16:38:09","date_gmt":"2023-12-10T08:38:09","guid":{"rendered":"https:\/\/www.liwin-china.com\/?post_type=product&#038;p=3676"},"modified":"2023-12-10T16:38:09","modified_gmt":"2023-12-10T08:38:09","slug":"d1r-hid-xenon-bulb","status":"publish","type":"product","link":"https:\/\/www.liwin-china.com\/lt\/produktas\/d1r-hid-xenon-bulb\/","title":{"rendered":"D1R pasl\u0117pto ksenono lemput\u0117"},"content":{"rendered":"<p>Prek\u0117s \u017eenklo pavadinimas\uff1aLiwiny<br \/>\nPrek\u0117\uff1aSl\u0117ptoji ksenono lemput\u0117<br \/>\nOEM dalies Nr.\uff1aD1R<br \/>\nSpalv\u0173 temperat\u016bra: 4300K 5000K 6000K 8000K 10000K<br \/>\n\u012etampa\uff1a12V<br \/>\nGalia\uff1a35W<br \/>\n\u0160viesos srautas\uff1a3200LM<br \/>\nMed\u017eiaga: aliuminio lydinys<br \/>\nPakuot\u0117\uff1aMa\u017ea \u012fprasta d\u0117\u017eut\u0117<br \/>\nOEM: galima<br \/>\nGyvenimo trukm\u0117: daugiau nei 3000 val.<br \/>\nGarantija: 1 metai<br \/>\nAutomobilio mark\u0117\uff1aUniversal<br \/>\nKilm\u0117s vieta: Guangdongas, Kinija<\/p>","protected":false},"excerpt":{"rendered":"<p>Liwiny D1 D1S D1C 35W XENON BULB OEM HID LIGHTS 4300K 5000K 6000K Xenon lemput\u0117 BMW D1 D2 D4 D3 D3S D3C 12V 35W HID lemput\u0117 Automobili\u0173 \u017eibintai<\/p>\n<p>Prek\u0117s \u017eenklo pavadinimas\uff1aLiwiny<br \/>\nPrek\u0117\uff1aSl\u0117ptoji ksenono lemput\u0117<br \/>\nOEM dalies Nr.\uff1aD1R<br \/>\nSpalv\u0173 temperat\u016bra: 4300K 5000K 6000K 8000K 10000K<br \/>\n\u012etampa\uff1a12V<br \/>\nGalia\uff1a35W<br \/>\n\u0160viesos srautas\uff1a3200LM<br \/>\nMed\u017eiaga: aliuminio lydinys<br \/>\nPakuot\u0117\uff1aMa\u017ea \u012fprasta d\u0117\u017eut\u0117<br \/>\nOEM: galima<br \/>\nGyvenimo trukm\u0117: daugiau nei 3000 val.<br \/>\nGarantija: 1 metai<br \/>\nAutomobilio mark\u0117\uff1aUniversal<br \/>\nKilm\u0117s vieta: Guangdongas, Kinija<\/p>\n<p>\u0160vino laikas\uff1aAccording to customers order detail<br \/>\nPagrindin\u0117s eksporto rinkos\uff1aAzija\/Ryt\u0173 Europa\/Bliznieji Rytai\/Afrika\/Australazija\/Siaur\u0117s Amerika\/Vidurio ir Piet\u0173 Amerika\/Vakar\u0173 Europa<\/p>","protected":false},"featured_media":3679,"template":"","meta":{"_seopress_robots_primary_cat":"","_seopress_titles_title":"","_seopress_titles_desc":"","_seopress_robots_index":"","_uag_custom_page_level_css":"","_joinchat":[]},"product_cat":[57],"product_tag":[],"featured_image_urls":{"full":["https:\/\/www.liwin-china.com\/wp-content\/uploads\/2023\/12\/Liwiny-D1-D1S-D1C-35W-XENON-BULB-OEM-HID-LIGHTS-4300K-5000K-6000K-Xenon-bulb-for-BMW-D1-D2-D4-D3-D3S-D3C-12V-35W-HID-bulb-Car-headlight.webp",1000,1000,false],"thumbnail":["https:\/\/www.liwin-china.com\/wp-content\/uploads\/2023\/12\/Liwiny-D1-D1S-D1C-35W-XENON-BULB-OEM-HID-LIGHTS-4300K-5000K-6000K-Xenon-bulb-for-BMW-D1-D2-D4-D3-D3S-D3C-12V-35W-HID-bulb-Car-headlight-150x150.webp",150,150,true],"medium":["https:\/\/www.liwin-china.com\/wp-content\/uploads\/2023\/12\/Liwiny-D1-D1S-D1C-35W-XENON-BULB-OEM-HID-LIGHTS-4300K-5000K-6000K-Xenon-bulb-for-BMW-D1-D2-D4-D3-D3S-D3C-12V-35W-HID-bulb-Car-headlight-300x300.webp",300,300,true],"medium_large":["https:\/\/www.liwin-china.com\/wp-content\/uploads\/2023\/12\/Liwiny-D1-D1S-D1C-35W-XENON-BULB-OEM-HID-LIGHTS-4300K-5000K-6000K-Xenon-bulb-for-BMW-D1-D2-D4-D3-D3S-D3C-12V-35W-HID-bulb-Car-headlight-768x768.webp",768,768,true],"large":["https:\/\/www.liwin-china.com\/wp-content\/uploads\/2023\/12\/Liwiny-D1-D1S-D1C-35W-XENON-BULB-OEM-HID-LIGHTS-4300K-5000K-6000K-Xenon-bulb-for-BMW-D1-D2-D4-D3-D3S-D3C-12V-35W-HID-bulb-Car-headlight.webp",1000,1000,false],"1536x1536":["https:\/\/www.liwin-china.com\/wp-content\/uploads\/2023\/12\/Liwiny-D1-D1S-D1C-35W-XENON-BULB-OEM-HID-LIGHTS-4300K-5000K-6000K-Xenon-bulb-for-BMW-D1-D2-D4-D3-D3S-D3C-12V-35W-HID-bulb-Car-headlight.webp",1000,1000,false],"2048x2048":["https:\/\/www.liwin-china.com\/wp-content\/uploads\/2023\/12\/Liwiny-D1-D1S-D1C-35W-XENON-BULB-OEM-HID-LIGHTS-4300K-5000K-6000K-Xenon-bulb-for-BMW-D1-D2-D4-D3-D3S-D3C-12V-35W-HID-bulb-Car-headlight.webp",1000,1000,false],"trp-custom-language-flag":["https:\/\/www.liwin-china.com\/wp-content\/uploads\/2023\/12\/Liwiny-D1-D1S-D1C-35W-XENON-BULB-OEM-HID-LIGHTS-4300K-5000K-6000K-Xenon-bulb-for-BMW-D1-D2-D4-D3-D3S-D3C-12V-35W-HID-bulb-Car-headlight.webp",12,12,false],"woocommerce_archive_thumbnail":["https:\/\/www.liwin-china.com\/wp-content\/uploads\/2023\/12\/Liwiny-D1-D1S-D1C-35W-XENON-BULB-OEM-HID-LIGHTS-4300K-5000K-6000K-Xenon-bulb-for-BMW-D1-D2-D4-D3-D3S-D3C-12V-35W-HID-bulb-Car-headlight-300x300.webp",300,300,true],"woocommerce_thumbnail":["https:\/\/www.liwin-china.com\/wp-content\/uploads\/2023\/12\/Liwiny-D1-D1S-D1C-35W-XENON-BULB-OEM-HID-LIGHTS-4300K-5000K-6000K-Xenon-bulb-for-BMW-D1-D2-D4-D3-D3S-D3C-12V-35W-HID-bulb-Car-headlight-300x300.webp",300,300,true],"woocommerce_single":["https:\/\/www.liwin-china.com\/wp-content\/uploads\/2023\/12\/Liwiny-D1-D1S-D1C-35W-XENON-BULB-OEM-HID-LIGHTS-4300K-5000K-6000K-Xenon-bulb-for-BMW-D1-D2-D4-D3-D3S-D3C-12V-35W-HID-bulb-Car-headlight-600x600.webp",600,600,true],"woocommerce_gallery_thumbnail":["https:\/\/www.liwin-china.com\/wp-content\/uploads\/2023\/12\/Liwiny-D1-D1S-D1C-35W-XENON-BULB-OEM-HID-LIGHTS-4300K-5000K-6000K-Xenon-bulb-for-BMW-D1-D2-D4-D3-D3S-D3C-12V-35W-HID-bulb-Car-headlight-100x100.webp",100,100,true]},"post_excerpt_stackable":"<p>Liwiny D1 D1S D1C 35W XENON BULB OEM HID LIGHTS 4300K 5000K 6000K Xenon bulb for BMW D1 D2 D4 D3 D3S D3C 12V 35W HID bulb Car headlight<\/p>\n<p>Brand Name\uff1aLiwiny<br \/>\nItem\uff1aHid Xenon Bulb<br \/>\nOEM Part No.\uff1aD1R<br \/>\nColor Temperature\uff1a4300K 5000K 6000K 8000K 10000K<br \/>\nVoltage\uff1a12V<br \/>\nPower\uff1a35W<br \/>\nLumen\uff1a3200LM<br \/>\nMaterial\uff1aAluminium Alloy<br \/>\nPackage\uff1aSmall Normal Box<br \/>\nOEM\uff1aAvailable<br \/>\nLife Span\uff1aMore than 3000h<br \/>\nWarranty\uff1a1 year<br \/>\nCar Make\uff1aUniversal<br \/>\nPlace of Origin:Guangdong, China<\/p>\n<p>Lead-time\uff1aAccording to customers order detail<br \/>\nMain export markets\uff1aAsia\/Eastern Europe\/Middle East\/Africa\/Australasia\/North America\/central\/South America\/Western Europe<\/p>\n","category_list":"","author_info":{"name":"","url":""},"comments_num":"0 comments","uagb_featured_image_src":{"full":["https:\/\/www.liwin-china.com\/wp-content\/uploads\/2023\/12\/Liwiny-D1-D1S-D1C-35W-XENON-BULB-OEM-HID-LIGHTS-4300K-5000K-6000K-Xenon-bulb-for-BMW-D1-D2-D4-D3-D3S-D3C-12V-35W-HID-bulb-Car-headlight.webp",1000,1000,false],"thumbnail":["https:\/\/www.liwin-china.com\/wp-content\/uploads\/2023\/12\/Liwiny-D1-D1S-D1C-35W-XENON-BULB-OEM-HID-LIGHTS-4300K-5000K-6000K-Xenon-bulb-for-BMW-D1-D2-D4-D3-D3S-D3C-12V-35W-HID-bulb-Car-headlight-150x150.webp",150,150,true],"medium":["https:\/\/www.liwin-china.com\/wp-content\/uploads\/2023\/12\/Liwiny-D1-D1S-D1C-35W-XENON-BULB-OEM-HID-LIGHTS-4300K-5000K-6000K-Xenon-bulb-for-BMW-D1-D2-D4-D3-D3S-D3C-12V-35W-HID-bulb-Car-headlight-300x300.webp",300,300,true],"medium_large":["https:\/\/www.liwin-china.com\/wp-content\/uploads\/2023\/12\/Liwiny-D1-D1S-D1C-35W-XENON-BULB-OEM-HID-LIGHTS-4300K-5000K-6000K-Xenon-bulb-for-BMW-D1-D2-D4-D3-D3S-D3C-12V-35W-HID-bulb-Car-headlight-768x768.webp",768,768,true],"large":["https:\/\/www.liwin-china.com\/wp-content\/uploads\/2023\/12\/Liwiny-D1-D1S-D1C-35W-XENON-BULB-OEM-HID-LIGHTS-4300K-5000K-6000K-Xenon-bulb-for-BMW-D1-D2-D4-D3-D3S-D3C-12V-35W-HID-bulb-Car-headlight.webp",1000,1000,false],"1536x1536":["https:\/\/www.liwin-china.com\/wp-content\/uploads\/2023\/12\/Liwiny-D1-D1S-D1C-35W-XENON-BULB-OEM-HID-LIGHTS-4300K-5000K-6000K-Xenon-bulb-for-BMW-D1-D2-D4-D3-D3S-D3C-12V-35W-HID-bulb-Car-headlight.webp",1000,1000,false],"2048x2048":["https:\/\/www.liwin-china.com\/wp-content\/uploads\/2023\/12\/Liwiny-D1-D1S-D1C-35W-XENON-BULB-OEM-HID-LIGHTS-4300K-5000K-6000K-Xenon-bulb-for-BMW-D1-D2-D4-D3-D3S-D3C-12V-35W-HID-bulb-Car-headlight.webp",1000,1000,false],"trp-custom-language-flag":["https:\/\/www.liwin-china.com\/wp-content\/uploads\/2023\/12\/Liwiny-D1-D1S-D1C-35W-XENON-BULB-OEM-HID-LIGHTS-4300K-5000K-6000K-Xenon-bulb-for-BMW-D1-D2-D4-D3-D3S-D3C-12V-35W-HID-bulb-Car-headlight.webp",12,12,false],"woocommerce_archive_thumbnail":["https:\/\/www.liwin-china.com\/wp-content\/uploads\/2023\/12\/Liwiny-D1-D1S-D1C-35W-XENON-BULB-OEM-HID-LIGHTS-4300K-5000K-6000K-Xenon-bulb-for-BMW-D1-D2-D4-D3-D3S-D3C-12V-35W-HID-bulb-Car-headlight-300x300.webp",300,300,true],"woocommerce_thumbnail":["https:\/\/www.liwin-china.com\/wp-content\/uploads\/2023\/12\/Liwiny-D1-D1S-D1C-35W-XENON-BULB-OEM-HID-LIGHTS-4300K-5000K-6000K-Xenon-bulb-for-BMW-D1-D2-D4-D3-D3S-D3C-12V-35W-HID-bulb-Car-headlight-300x300.webp",300,300,true],"woocommerce_single":["https:\/\/www.liwin-china.com\/wp-content\/uploads\/2023\/12\/Liwiny-D1-D1S-D1C-35W-XENON-BULB-OEM-HID-LIGHTS-4300K-5000K-6000K-Xenon-bulb-for-BMW-D1-D2-D4-D3-D3S-D3C-12V-35W-HID-bulb-Car-headlight-600x600.webp",600,600,true],"woocommerce_gallery_thumbnail":["https:\/\/www.liwin-china.com\/wp-content\/uploads\/2023\/12\/Liwiny-D1-D1S-D1C-35W-XENON-BULB-OEM-HID-LIGHTS-4300K-5000K-6000K-Xenon-bulb-for-BMW-D1-D2-D4-D3-D3S-D3C-12V-35W-HID-bulb-Car-headlight-100x100.webp",100,100,true]},"uagb_author_info":{"display_name":"adminn","author_link":"https:\/\/www.liwin-china.com\/lt\/author\/"},"uagb_comment_info":0,"uagb_excerpt":"Liwiny D1 D1S D1C 35W XENON BULB OEM HID LIGHTS 4300K 5000K 6000K Xenon bulb for BMW D1 D2 D4 D3 D3S D3C 12V 35W HID bulb Car headlight Brand Name\uff1aLiwiny Item\uff1aHid Xenon Bulb OEM Part No.\uff1aD1R Color Temperature\uff1a4300K 5000K 6000K 8000K 10000K Voltage\uff1a12V Power\uff1a35W Lumen\uff1a3200LM Material\uff1aAluminium Alloy Package\uff1aSmall Normal Box OEM\uff1aAvailable Life Span\uff1aMore than&hellip;","_links":{"self":[{"href":"https:\/\/www.liwin-china.com\/lt\/wp-json\/wp\/v2\/product\/3676"}],"collection":[{"href":"https:\/\/www.liwin-china.com\/lt\/wp-json\/wp\/v2\/product"}],"about":[{"href":"https:\/\/www.liwin-china.com\/lt\/wp-json\/wp\/v2\/types\/product"}],"wp:featuredmedia":[{"embeddable":true,"href":"https:\/\/www.liwin-china.com\/lt\/wp-json\/wp\/v2\/media\/3679"}],"wp:attachment":[{"href":"https:\/\/www.liwin-china.com\/lt\/wp-json\/wp\/v2\/media?parent=3676"}],"wp:term":[{"taxonomy":"product_cat","embeddable":true,"href":"https:\/\/www.liwin-china.com\/lt\/wp-json\/wp\/v2\/product_cat?post=3676"},{"taxonomy":"product_tag","embeddable":true,"href":"https:\/\/www.liwin-china.com\/lt\/wp-json\/wp\/v2\/product_tag?post=3676"}],"curies":[{"name":"wp","href":"https:\/\/api.w.org\/{rel}","templated":true}]}}