{"id":11848,"date":"2024-12-26T09:56:36","date_gmt":"2024-12-26T01:56:36","guid":{"rendered":"https:\/\/www.liwin-china.com\/?post_type=product&#038;p=11848"},"modified":"2025-12-04T18:48:37","modified_gmt":"2025-12-04T10:48:37","slug":"liwiny-auto-led-light-6000k-car-light-h4-h7-h11-9005-automotive-a2h-led-headlight-bulb-kits","status":"publish","type":"product","link":"https:\/\/www.liwin-china.com\/lt\/produktas\/liwiny-auto-led-light-6000k-car-light-h4-h7-h11-9005-automotive-a2h-led-headlight-bulb-kits\/","title":{"rendered":"Liwiny Auto LED \u0161viesos 6000k automobili\u0173 \u0161viesos H4 H7 H11 9005 automobili\u0173 A2H LED priekini\u0173 \u017eibint\u0173 lempu\u010di\u0173 rinkiniai"},"content":{"rendered":"<p>Liwiny Auto LED \u0161viesos 6000k automobili\u0173 \u0161viesos H4 H7 H11 9005 automobili\u0173 A2H LED priekini\u0173 \u017eibint\u0173 lempu\u010di\u0173 rinkiniai<\/p>\n<p>Prek\u0117s \u017eenklo pavadinimas\uff1aLiwiny<br \/>\nPrek\u0117\uff1aLed priekiniai \u017eibintai 50000lm,H4 Led \u017eibintai,Led 9006<br \/>\nOEM dalies Nr.\uff1aA2H-<br \/>\nH1,H3,H4,H7,H8,H9,H10,H11,H13,HB3,HB4,9004,9005,9006,9007,880,881,H27<br \/>\n\u012etampa\uff1a12V<br \/>\nGalia\uff1a80W<br \/>\n\u0160viesos srautas\uff1a8000LM<br \/>\nLed lustas\uff1aCsp<br \/>\nSpalv\u0173 temperat\u016bra\uff1a6000k-6500k balta<br \/>\n\u0160viesos spinduli\u0173 pluo\u0161tas\uff1aDidel\u0117s galios trumposios \u0161viesos<br \/>\nMed\u017eiaga: aliuminio lydinys<br \/>\nPakuot\u0117\uff1aMa\u017ea spalvota d\u0117\u017eut\u0117<br \/>\nOEM: galima<br \/>\nGyvenimo trukm\u0117\uff1adaugiau nei 30000h<br \/>\nGarantija: 1 metai<br \/>\nAutomobilio mark\u0117\uff1aUniversal<br \/>\nSertifikavimas\uff1aCE ROSH IP67<br \/>\nKilm\u0117s vieta: Guangdongas, Kinija<br \/>\n\u0160vino laikas\uff1aAccording to customers order detail<\/p>\n<p>&nbsp;<\/p>\n<h1><strong>Kod\u0117l verta rinktis LIWINY?<\/strong><\/h1>\n<p><img loading=\"lazy\" decoding=\"async\" class=\"alignnone size-full wp-image-4463\" src=\"https:\/\/www.liwin-china.com\/wp-content\/uploads\/2023\/12\/liwiny-oem-ballast.webp\" alt=\"\" width=\"1980\" height=\"600\" srcset=\"https:\/\/www.liwin-china.com\/wp-content\/uploads\/2023\/12\/liwiny-oem-ballast.webp 1980w, https:\/\/www.liwin-china.com\/wp-content\/uploads\/2023\/12\/liwiny-oem-ballast-300x91.webp 300w, https:\/\/www.liwin-china.com\/wp-content\/uploads\/2023\/12\/liwiny-oem-ballast-1024x310.webp 1024w, https:\/\/www.liwin-china.com\/wp-content\/uploads\/2023\/12\/liwiny-oem-ballast-768x233.webp 768w, https:\/\/www.liwin-china.com\/wp-content\/uploads\/2023\/12\/liwiny-oem-ballast-1536x465.webp 1536w, https:\/\/www.liwin-china.com\/wp-content\/uploads\/2023\/12\/liwiny-oem-ballast-600x182.webp 600w\" sizes=\"(max-width: 1980px) 100vw, 1980px\" \/><\/p>\n<ul>\n<li>Nuo med\u017eiagos iki galutinio gaminio, mes laikom\u0117s grie\u017etos kokyb\u0117s kontrol\u0117s, u\u017etikrindami, kad defekt\u0173 lygis b\u016bt\u0173 ma\u017eesnis nei 1%.<\/li>\n<li>Sveiki atvyk\u0119 \u012f OEM\/ODM oders, mes priimame daugyb\u0119 pritaikymo reikalavim\u0173, toki\u0173 kaip i\u0161vaizda, galia, pavara, ventiliatorius, lustas, spalv\u0173 temperat\u016bra, logotipas, pakuot\u0117.<\/li>\n<li>Si\u016blome 12-36 m\u0117nesi\u0173 garantij\u0105, kuri apima tiesiogin\u012f pakeitim\u0105. Nereikia si\u0173sti atgal sugedusi\u0173 produkt\u0173.<\/li>\n<li>Atsi\u017evelgdami \u012f rinkos tendencijas, kiekvien\u0105 sezon\u0105 sukuriame 3-5 naujus produktus.<\/li>\n<\/ul>\n<p>&nbsp;<\/p>\n<h2>Paklauskite citatos \u0161iandien!<\/h2>\n<p>Visus LIWINY gaminius galima u\u017esakyti dideliais kiekiais \/ didmenine prekyba! Jei norite parduoti m\u016bs\u0173 gaminius arba tapti m\u016bs\u0173 platintoju, susisiekite su mumis, gausite \u0161i\u0173 privalum\u0173:<\/p>\n<p>Ma\u017eas MOQ ir greitas pristatymas<br \/>\nInovatyv\u016bs produktai<br \/>\nGeriausia didmenin\u0117 kaina<br \/>\nOEM\/ODM paslauga<\/p>","protected":false},"excerpt":{"rendered":"<p>Liwiny Auto LED \u0161viesos 6000k automobili\u0173 \u0161viesos H4 H7 H11 9005 automobili\u0173 A2H LED priekini\u0173 \u017eibint\u0173 lempu\u010di\u0173 rinkiniai<\/p>\n<p>Prek\u0117s \u017eenklo pavadinimas\uff1aLiwiny<br \/>\nPrek\u0117\uff1aLed priekiniai \u017eibintai 50000lm,H4 Led \u017eibintai,Led 9006<br \/>\nOEM dalies Nr.\uff1aA2H-<br \/>\nH1,H3,H4,H7,H8,H9,H10,H11,H13,HB3,HB4,9004,9005,9006,9007,880,881,H27<br \/>\n\u012etampa\uff1a12V<br \/>\nGalia\uff1a80W<br \/>\n\u0160viesos srautas\uff1a8000LM<\/p>\n<p>Led lustas\uff1aCsp<br \/>\nSpalv\u0173 temperat\u016bra\uff1a6000k-6500k balta<br \/>\n\u0160viesos spinduli\u0173 pluo\u0161tas\uff1aDidel\u0117s galios trumposios \u0161viesos<br \/>\nMed\u017eiaga: aliuminio lydinys<br \/>\nPakuot\u0117\uff1aMa\u017ea spalvota d\u0117\u017eut\u0117<br \/>\nOEM: galima<br \/>\nGyvenimo trukm\u0117\uff1adaugiau nei 30000h<br \/>\nGarantija: 1 metai<br \/>\nAutomobilio mark\u0117\uff1aUniversal<br \/>\nSertifikavimas\uff1aCE ROSH IP67<br \/>\nKilm\u0117s vieta: Guangdongas, Kinija<br \/>\n\u0160vino laikas\uff1aAccording to customers order detail<\/p>","protected":false},"featured_media":11851,"template":"","meta":{"_seopress_robots_primary_cat":"none","_seopress_titles_title":"","_seopress_titles_desc":"","_seopress_robots_index":"","_uag_custom_page_level_css":"","_joinchat":[]},"product_cat":[464,58],"product_tag":[],"featured_image_urls":{"full":["https:\/\/www.liwin-china.com\/wp-content\/uploads\/2024\/12\/headlight-led.webp",600,496,false],"thumbnail":["https:\/\/www.liwin-china.com\/wp-content\/uploads\/2024\/12\/headlight-led-150x150.webp",150,150,true],"medium":["https:\/\/www.liwin-china.com\/wp-content\/uploads\/2024\/12\/headlight-led-300x248.webp",300,248,true],"medium_large":["https:\/\/www.liwin-china.com\/wp-content\/uploads\/2024\/12\/headlight-led.webp",600,496,false],"large":["https:\/\/www.liwin-china.com\/wp-content\/uploads\/2024\/12\/headlight-led.webp",600,496,false],"1536x1536":["https:\/\/www.liwin-china.com\/wp-content\/uploads\/2024\/12\/headlight-led.webp",600,496,false],"2048x2048":["https:\/\/www.liwin-china.com\/wp-content\/uploads\/2024\/12\/headlight-led.webp",600,496,false],"trp-custom-language-flag":["https:\/\/www.liwin-china.com\/wp-content\/uploads\/2024\/12\/headlight-led.webp",15,12,false],"woocommerce_archive_thumbnail":["https:\/\/www.liwin-china.com\/wp-content\/uploads\/2024\/12\/headlight-led-300x248.webp",300,248,true],"woocommerce_thumbnail":["https:\/\/www.liwin-china.com\/wp-content\/uploads\/2024\/12\/headlight-led-300x248.webp",300,248,true],"woocommerce_single":["https:\/\/www.liwin-china.com\/wp-content\/uploads\/2024\/12\/headlight-led.webp",600,496,false],"woocommerce_gallery_thumbnail":["https:\/\/www.liwin-china.com\/wp-content\/uploads\/2024\/12\/headlight-led-100x100.webp",100,100,true]},"post_excerpt_stackable":"<p>Liwiny Auto Led Light 6000k Car Light H4 H7 H11 9005 Automotive A2H Led Headlight Bulb Kits<\/p>\n<p>Brand Name\uff1aLiwiny<br \/>\nItem\uff1aLed Headlights 50000lm,H4 Led Headlight,Led 9006<br \/>\nOEM Part No.\uff1aA2H-<br \/>\nH1,H3,H4,H7,H8,H9,H10,H11,H13,HB3,HB4,9004,9005,9006,9007,880,881,H27<br \/>\nVoltage\uff1a12V<br \/>\nPower\uff1a80W<br \/>\nLumen\uff1a8000LM<\/p>\n<p>Led Chip\uff1aCsp<br \/>\nColor Temperature\uff1a6000k-6500k White<br \/>\nBeam\uff1aHigh Low Beam High Power<br \/>\nMaterial\uff1aAluminium Alloy<br \/>\nPackage\uff1aSmall Color Box<br \/>\nOEM\uff1aAvailable<br \/>\nLife Span\uff1aMore than 30000h<br \/>\nWarranty\uff1a1 year<br \/>\nCar Make\uff1aUniversal<br \/>\nCertification\uff1aCE ROSH IP67<br \/>\nPlace of Origin:Guangdong, China<br \/>\nLead-time\uff1aAccording to customers order detail<\/p>\n","category_list":"","author_info":{"name":"","url":""},"comments_num":"0 comments","uagb_featured_image_src":{"full":["https:\/\/www.liwin-china.com\/wp-content\/uploads\/2024\/12\/headlight-led.webp",600,496,false],"thumbnail":["https:\/\/www.liwin-china.com\/wp-content\/uploads\/2024\/12\/headlight-led-150x150.webp",150,150,true],"medium":["https:\/\/www.liwin-china.com\/wp-content\/uploads\/2024\/12\/headlight-led-300x248.webp",300,248,true],"medium_large":["https:\/\/www.liwin-china.com\/wp-content\/uploads\/2024\/12\/headlight-led.webp",600,496,false],"large":["https:\/\/www.liwin-china.com\/wp-content\/uploads\/2024\/12\/headlight-led.webp",600,496,false],"1536x1536":["https:\/\/www.liwin-china.com\/wp-content\/uploads\/2024\/12\/headlight-led.webp",600,496,false],"2048x2048":["https:\/\/www.liwin-china.com\/wp-content\/uploads\/2024\/12\/headlight-led.webp",600,496,false],"trp-custom-language-flag":["https:\/\/www.liwin-china.com\/wp-content\/uploads\/2024\/12\/headlight-led.webp",15,12,false],"woocommerce_archive_thumbnail":["https:\/\/www.liwin-china.com\/wp-content\/uploads\/2024\/12\/headlight-led-300x248.webp",300,248,true],"woocommerce_thumbnail":["https:\/\/www.liwin-china.com\/wp-content\/uploads\/2024\/12\/headlight-led-300x248.webp",300,248,true],"woocommerce_single":["https:\/\/www.liwin-china.com\/wp-content\/uploads\/2024\/12\/headlight-led.webp",600,496,false],"woocommerce_gallery_thumbnail":["https:\/\/www.liwin-china.com\/wp-content\/uploads\/2024\/12\/headlight-led-100x100.webp",100,100,true]},"uagb_author_info":{"display_name":"adminn","author_link":"https:\/\/www.liwin-china.com\/lt\/author\/"},"uagb_comment_info":0,"uagb_excerpt":"Liwiny Auto Led Light 6000k Car Light H4 H7 H11 9005 Automotive A2H Led Headlight Bulb Kits Brand Name\uff1aLiwiny Item\uff1aLed Headlights 50000lm,H4 Led Headlight,Led 9006 OEM Part No.\uff1aA2H- H1,H3,H4,H7,H8,H9,H10,H11,H13,HB3,HB4,9004,9005,9006,9007,880,881,H27 Voltage\uff1a12V Power\uff1a80W Lumen\uff1a8000LM Led Chip\uff1aCsp Color Temperature\uff1a6000k-6500k White Beam\uff1aHigh Low Beam High Power Material\uff1aAluminium Alloy Package\uff1aSmall Color Box OEM\uff1aAvailable Life Span\uff1aMore than 30000h Warranty\uff1a1 year Car&hellip;","_links":{"self":[{"href":"https:\/\/www.liwin-china.com\/lt\/wp-json\/wp\/v2\/product\/11848"}],"collection":[{"href":"https:\/\/www.liwin-china.com\/lt\/wp-json\/wp\/v2\/product"}],"about":[{"href":"https:\/\/www.liwin-china.com\/lt\/wp-json\/wp\/v2\/types\/product"}],"wp:featuredmedia":[{"embeddable":true,"href":"https:\/\/www.liwin-china.com\/lt\/wp-json\/wp\/v2\/media\/11851"}],"wp:attachment":[{"href":"https:\/\/www.liwin-china.com\/lt\/wp-json\/wp\/v2\/media?parent=11848"}],"wp:term":[{"taxonomy":"product_cat","embeddable":true,"href":"https:\/\/www.liwin-china.com\/lt\/wp-json\/wp\/v2\/product_cat?post=11848"},{"taxonomy":"product_tag","embeddable":true,"href":"https:\/\/www.liwin-china.com\/lt\/wp-json\/wp\/v2\/product_tag?post=11848"}],"curies":[{"name":"wp","href":"https:\/\/api.w.org\/{rel}","templated":true}]}}