{"id":83186,"date":"2026-05-03T17:58:28","date_gmt":"2026-05-03T09:58:28","guid":{"rendered":"https:\/\/www.liwin-china.com\/?post_type=product&#038;p=83186"},"modified":"2026-05-03T18:03:45","modified_gmt":"2026-05-03T10:03:45","slug":"liwiny-80w-led-angel-eyes-halo-ring-bulbs-8000lm-6000k-12v-headlight-for-2009-2011-e90-e91-cars-retrofit-upgrade","status":"publish","type":"product","link":"https:\/\/www.liwin-china.com\/fr\/produit\/liwiny-80w-led-angel-eyes-halo-ring-bulbs-8000lm-6000k-12v-headlight-for-2009-2011-e90-e91-cars-retrofit-upgrade\/","title":{"rendered":"Liwiny 80W LED Angel Eyes Halo Ring Bulbs 8000LM 6000K 12V Headlight for 2009-2011 E90 E91 Cars Retrofit\/Upgrade"},"content":{"rendered":"<p>Liwiny 80W LED Angel Eyes Halo Ring Bulbs 8000LM 6000K 12V Headlight for 2009-2011 E90 E91 Cars Retrofit\/Upgrade<\/p>\n<p>Item\uff1a<a class=\"group-link icbu-link-normal\" title=\"Marker Angle Eyes Bulbs Series\">Marker Angle Eyes Bulb<\/a><br \/>\nOEM Part No.\uff1aBM9008\u00a0 \u00a0 \u00a0 \u00a0 \u00a0 \u00a0 \u00a0 \u00a0 \u00a0 \u00a0 \u00a0 \u00a0\u00a0\u00a0 \u00a0 \u00a0 \u00a0 \u00a0 \u00a0 \u00a0 \u00a0 \u00a0 \u00a0 \u00a0 \u00a0 \u00a0 \u00a0 \u00a0 \u00a0 \u00a0 \u00a0 \u00a0 \u00a0 \u00a0 \u00a0 \u00a0 \u00a0 \u00a0 \u00a0 \u00a0 \u00a0 \u00a0 \u00a0 \u00a0 \u00a0 \u00a0 \u00a0 \u00a0 \u00a0 \u00a0 \u00a0 \u00a0 \u00a0 \u00a0 \u00a0 \u00a0 \u00a0 \u00a0 \u00a0 \u00a0 \u00a0 \u00a0 \u00a0 \u00a0 \u00a0 \u00a0 \u00a0 \u00a0 \u00a0 \u00a0 \u00a0 \u00a0 \u00a0 \u00a0 \u00a0 \u00a0 \u00a0 \u00a0 \u00a0 \u00a0 \u00a0 \u00a0 \u00a0 \u00a0 \u00a0 \u00a0 \u00a0 \u00a0 \u00a0 \u00a0 \u00a0 \u00a0 \u00a0 \u00a0 \u00a0 \u00a0 \u00a0 \u00a0 \u00a0 \u00a0 \u00a0 \u00a0 \u00a0 \u00a0 \u00a0 \u00a0 \u00a0 \u00a0 \u00a0 \u00a0 \u00a0 \u00a0 \u00a0 \u00a0 \u00a0 \u00a0 \u00a0 \u00a0 \u00a0 \u00a0 \u00a0 \u00a0 \u00a0 \u00a0 \u00a0 \u00a0 \u00a0 \u00a0 \u00a0 \u00a0 Voltage\uff1a<span style=\"color: #000000;\">12v<\/span><br \/>\nPuissance\uff1a80W<br \/>\nLumen\uff1a3500LM<br \/>\nTemp\u00e9rature de couleur\uff1aWhite<br \/>\nMaterial\uff1a Aluminum<br \/>\nEmballage\uff1aPetite bo\u00eete blanche<br \/>\nOEM\uff1aAvailable<br \/>\nDur\u00e9e de vie\uff1aPlus de 3000h<br \/>\nGarantie\uff1a1 an<br \/>\nMarque de voiture\uff1aUniversal<br \/>\nCertification\uff1aCE ROSH IP67<br \/>\nLieu d'origine : Guangdong, Chine<br \/>\nD\u00e9lai de livraison\uff1aSelon les d\u00e9tails de la commande du client<\/p>\n<p><span class=\"magic-6\" data-spm-anchor-id=\"a2700.details-description.0.i1.48dbnrFNnrFNhD\">Features:<br \/>\n&#8211; Durable headlights, waterproof &amp; stability, long lifespan<br \/>\n&#8211; 40W LED chip on each bulb<br \/>\n&#8211; High quality Aluminum housing, heat protection to ensure the secure temperature range<br \/>\n&#8211; Simple installation, no need to drilled or modified<br \/>\n&#8211; Superior illumination, long lasting<br \/>\n&#8211; Special design with the ideal angle for maximum illumination<br \/>\n&#8211; Ideal for refitting your car yellowish headlights with these SUPER BRIGHT XENON HID LIGHTS<\/span><\/p>\n<div><span class=\"magic-6\">\u00a0<\/span><\/div>\n<div><span class=\"magic-6\"> Fitment:<br \/>\n2009-2011 E90 Sedan Halogen Headlight Models<br \/>\n2009-2011 E91 Wagon Halogen Headlight Models<br \/>\nIt will not fit 2009-2011 E90\/E91 Xenon Headlight Models.<\/span><\/div>\n<h1><strong>Pourquoi choisir LIWINY ?<\/strong><\/h1>\n<p><img loading=\"lazy\" decoding=\"async\" class=\"alignnone size-full wp-image-4463\" src=\"https:\/\/www.liwin-china.com\/wp-content\/uploads\/2023\/12\/liwiny-oem-ballast.webp\" alt=\"\" width=\"1980\" height=\"600\" srcset=\"https:\/\/www.liwin-china.com\/wp-content\/uploads\/2023\/12\/liwiny-oem-ballast.webp 1980w, https:\/\/www.liwin-china.com\/wp-content\/uploads\/2023\/12\/liwiny-oem-ballast-300x91.webp 300w, https:\/\/www.liwin-china.com\/wp-content\/uploads\/2023\/12\/liwiny-oem-ballast-1024x310.webp 1024w, https:\/\/www.liwin-china.com\/wp-content\/uploads\/2023\/12\/liwiny-oem-ballast-768x233.webp 768w, https:\/\/www.liwin-china.com\/wp-content\/uploads\/2023\/12\/liwiny-oem-ballast-1536x465.webp 1536w, https:\/\/www.liwin-china.com\/wp-content\/uploads\/2023\/12\/liwiny-oem-ballast-600x182.webp 600w\" sizes=\"(max-width: 1980px) 100vw, 1980px\" \/><\/p>\n<ul>\n<li>Du mat\u00e9riau au produit fini, nous appliquons un contr\u00f4le de qualit\u00e9 strict, garantissant un taux de d\u00e9fectuosit\u00e9 inf\u00e9rieur \u00e0 1%.<\/li>\n<li>Nous acceptons une s\u00e9rie de demandes de personnalisation telles que l'apparence, la puissance, l'entra\u00eenement, le ventilateur, la puce, la couleur, la temp\u00e9rature, le logo et l'emballage.<\/li>\n<li>Nous offrons des garanties de 12 \u00e0 36 mois qui comprennent le remplacement direct. Il n'est pas n\u00e9cessaire de renvoyer les produits d\u00e9fectueux.<\/li>\n<li>Nous nous concentrons sur les tendances du march\u00e9 et d\u00e9veloppons 3 \u00e0 5 nouveaux produits chaque saison.<\/li>\n<\/ul>\n<p>&nbsp;<\/p>\n<h2>Demandez un devis d\u00e8s aujourd'hui !<\/h2>\n<p>Tous les produits LIWINY sont disponibles pour les commandes en vrac ! Si vous souhaitez vendre nos produits ou devenir notre distributeur, n'h\u00e9sitez pas \u00e0 nous contacter, vous b\u00e9n\u00e9ficierez des avantages suivants :<\/p>\n<p>Faible MOQ et livraison rapide<br \/>\nProduits innovants<br \/>\nMeilleur prix de gros<br \/>\nService OEM\/ODM<\/p>","protected":false},"excerpt":{"rendered":"<p>Liwiny 80W LED Angel Eyes Halo Ring Bulbs 8000LM 6000K 12V Headlight for 2009-2011 E90 E91 Cars Retrofit\/Upgrade<\/p>\n<p>Item\uff1a<a class=\"group-link icbu-link-normal\" title=\"Marker Angle Eyes Bulbs Series\">Marker Angle Eyes Bulb<\/a><br \/>\nOEM Part No.\uff1aBM9008\u00a0 \u00a0 \u00a0 \u00a0 \u00a0 \u00a0 \u00a0 \u00a0 \u00a0 \u00a0 \u00a0 \u00a0\u00a0\u00a0 \u00a0 \u00a0 \u00a0 \u00a0 \u00a0 \u00a0 \u00a0 \u00a0 \u00a0 \u00a0 \u00a0 \u00a0 \u00a0 \u00a0 \u00a0 \u00a0 \u00a0 \u00a0 \u00a0 \u00a0 \u00a0 \u00a0 \u00a0 \u00a0 \u00a0 \u00a0 \u00a0 \u00a0 \u00a0 \u00a0 \u00a0 \u00a0 \u00a0 \u00a0 \u00a0 \u00a0 \u00a0 \u00a0 \u00a0 \u00a0 \u00a0 \u00a0 \u00a0 \u00a0 \u00a0 \u00a0 \u00a0 \u00a0 \u00a0 \u00a0 \u00a0 \u00a0 \u00a0 \u00a0 \u00a0 \u00a0 \u00a0 \u00a0 \u00a0 \u00a0 \u00a0 \u00a0 \u00a0 \u00a0 \u00a0 \u00a0 \u00a0 \u00a0 \u00a0 \u00a0 \u00a0 \u00a0 \u00a0 \u00a0 \u00a0 \u00a0 \u00a0 \u00a0 \u00a0 \u00a0 \u00a0 \u00a0 \u00a0 \u00a0 \u00a0 \u00a0 \u00a0 \u00a0 \u00a0 \u00a0 \u00a0 \u00a0 \u00a0 \u00a0 \u00a0 \u00a0 \u00a0 \u00a0 \u00a0 \u00a0 \u00a0 \u00a0 \u00a0 \u00a0 \u00a0 \u00a0 \u00a0 \u00a0 \u00a0 \u00a0 \u00a0 \u00a0 \u00a0 \u00a0 \u00a0 \u00a0 Voltage\uff1a<span style=\"color: #000000;\">12v<\/span><br \/>\nPuissance\uff1a80W<br \/>\nLumen\uff1a3500LM<br \/>\nTemp\u00e9rature de couleur\uff1aWhite<br \/>\nMaterial\uff1a Aluminum<br \/>\nEmballage\uff1aPetite bo\u00eete blanche<br \/>\nOEM\uff1aAvailable<br \/>\nDur\u00e9e de vie\uff1aPlus de 3000h<br \/>\nGarantie\uff1a1 an<br \/>\nMarque de voiture\uff1aUniversal<br \/>\nCertification\uff1aCE ROSH IP67<br \/>\nLieu d'origine : Guangdong, Chine<br \/>\nD\u00e9lai de livraison\uff1aSelon les d\u00e9tails de la commande du client<\/p>\n<p><span class=\"magic-6\" data-spm-anchor-id=\"a2700.details-description.0.i1.48dbnrFNnrFNhD\">Features:<br \/>\n&#8211; Durable headlights, waterproof &amp; stability, long lifespan<br \/>\n&#8211; 40W LED chip on each bulb<br \/>\n&#8211; High quality Aluminum housing, heat protection to ensure the secure temperature range<br \/>\n&#8211; Simple installation, no need to drilled or modified<br \/>\n&#8211; Superior illumination, long lasting<br \/>\n&#8211; Special design with the ideal angle for maximum illumination<br \/>\n&#8211; Ideal for refitting your car yellowish headlights with these SUPER BRIGHT XENON HID LIGHTS<\/span><\/p>\n<div><span class=\"magic-6\">\u00a0<\/span><\/div>\n<div><span class=\"magic-6\"> Fitment:<br \/>\n2009-2011 E90 Sedan Halogen Headlight Models<br \/>\n2009-2011 E91 Wagon Halogen Headlight Models<br \/>\nIt will not fit 2009-2011 E90\/E91 Xenon Headlight Models.<\/span><\/div>","protected":false},"featured_media":83190,"template":"","meta":{"_seopress_robots_primary_cat":"none","_seopress_titles_title":"","_seopress_titles_desc":"","_seopress_robots_index":"","_uag_custom_page_level_css":"","_joinchat":[]},"product_cat":[487,483],"product_tag":[],"featured_image_urls":{"full":["https:\/\/www.liwin-china.com\/wp-content\/uploads\/2026\/05\/80W-LED-Angel-Eyes-Halo-Ring-Bulbs-21.webp",700,700,false],"thumbnail":["https:\/\/www.liwin-china.com\/wp-content\/uploads\/2026\/05\/80W-LED-Angel-Eyes-Halo-Ring-Bulbs-21-150x150.webp",150,150,true],"medium":["https:\/\/www.liwin-china.com\/wp-content\/uploads\/2026\/05\/80W-LED-Angel-Eyes-Halo-Ring-Bulbs-21-300x300.webp",300,300,true],"medium_large":["https:\/\/www.liwin-china.com\/wp-content\/uploads\/2026\/05\/80W-LED-Angel-Eyes-Halo-Ring-Bulbs-21.webp",700,700,false],"large":["https:\/\/www.liwin-china.com\/wp-content\/uploads\/2026\/05\/80W-LED-Angel-Eyes-Halo-Ring-Bulbs-21.webp",700,700,false],"1536x1536":["https:\/\/www.liwin-china.com\/wp-content\/uploads\/2026\/05\/80W-LED-Angel-Eyes-Halo-Ring-Bulbs-21.webp",700,700,false],"2048x2048":["https:\/\/www.liwin-china.com\/wp-content\/uploads\/2026\/05\/80W-LED-Angel-Eyes-Halo-Ring-Bulbs-21.webp",700,700,false],"trp-custom-language-flag":["https:\/\/www.liwin-china.com\/wp-content\/uploads\/2026\/05\/80W-LED-Angel-Eyes-Halo-Ring-Bulbs-21-12x12.webp",12,12,true],"woocommerce_archive_thumbnail":["https:\/\/www.liwin-china.com\/wp-content\/uploads\/2026\/05\/80W-LED-Angel-Eyes-Halo-Ring-Bulbs-21-300x300.webp",300,300,true],"woocommerce_thumbnail":["https:\/\/www.liwin-china.com\/wp-content\/uploads\/2026\/05\/80W-LED-Angel-Eyes-Halo-Ring-Bulbs-21-300x300.webp",300,300,true],"woocommerce_single":["https:\/\/www.liwin-china.com\/wp-content\/uploads\/2026\/05\/80W-LED-Angel-Eyes-Halo-Ring-Bulbs-21-600x600.webp",600,600,true],"woocommerce_gallery_thumbnail":["https:\/\/www.liwin-china.com\/wp-content\/uploads\/2026\/05\/80W-LED-Angel-Eyes-Halo-Ring-Bulbs-21-100x100.webp",100,100,true]},"post_excerpt_stackable":"<p>Liwiny 80W LED Angel Eyes Halo Ring Bulbs 8000LM 6000K 12V Headlight for 2009-2011 E90 E91 Cars Retrofit\/Upgrade<\/p>\n<p>Item\uff1a<a class=\"group-link icbu-link-normal\" title=\"Marker Angle Eyes Bulbs Series\">Marker Angle Eyes Bulb<\/a><br \/>\nOEM Part No.\uff1aBM9008\u00a0 \u00a0 \u00a0 \u00a0 \u00a0 \u00a0 \u00a0 \u00a0 \u00a0 \u00a0 \u00a0 \u00a0\u00a0\u00a0 \u00a0 \u00a0 \u00a0 \u00a0 \u00a0 \u00a0 \u00a0 \u00a0 \u00a0 \u00a0 \u00a0 \u00a0 \u00a0 \u00a0 \u00a0 \u00a0 \u00a0 \u00a0 \u00a0 \u00a0 \u00a0 \u00a0 \u00a0 \u00a0 \u00a0 \u00a0 \u00a0 \u00a0 \u00a0 \u00a0 \u00a0 \u00a0 \u00a0 \u00a0 \u00a0 \u00a0 \u00a0 \u00a0 \u00a0 \u00a0 \u00a0 \u00a0 \u00a0 \u00a0 \u00a0 \u00a0 \u00a0 \u00a0 \u00a0 \u00a0 \u00a0 \u00a0 \u00a0 \u00a0 \u00a0 \u00a0 \u00a0 \u00a0 \u00a0 \u00a0 \u00a0 \u00a0 \u00a0 \u00a0 \u00a0 \u00a0 \u00a0 \u00a0 \u00a0 \u00a0 \u00a0 \u00a0 \u00a0 \u00a0 \u00a0 \u00a0 \u00a0 \u00a0 \u00a0 \u00a0 \u00a0 \u00a0 \u00a0 \u00a0 \u00a0 \u00a0 \u00a0 \u00a0 \u00a0 \u00a0 \u00a0 \u00a0 \u00a0 \u00a0 \u00a0 \u00a0 \u00a0 \u00a0 \u00a0 \u00a0 \u00a0 \u00a0 \u00a0 \u00a0 \u00a0 \u00a0 \u00a0 \u00a0 \u00a0 \u00a0 \u00a0 \u00a0 \u00a0 \u00a0 \u00a0 \u00a0 Voltage\uff1a<span style=\"color: #000000;\">12v<\/span><br \/>\nPower\uff1a80W<br \/>\nLumen\uff1a3500LM<br \/>\nColor Temperature\uff1aWhite<br \/>\nMaterial\uff1a Aluminum<br \/>\nPackage\uff1aSmall White Box<br \/>\nOEM\uff1aAvailable<br \/>\nLife Span\uff1aMore than 3000h<br \/>\nWarranty\uff1a1 year<br \/>\nCar Make\uff1aUniversal<br \/>\nCertification\uff1aCE ROSH IP67<br \/>\nPlace of Origin:Guangdong, China<br \/>\nLead-time\uff1aAccording to customers order detail<\/p>\n<p><span class=\"magic-6\" data-spm-anchor-id=\"a2700.details-description.0.i1.48dbnrFNnrFNhD\">Features:<br \/>\n&#8211; Durable headlights, waterproof &amp; stability, long lifespan<br \/>\n&#8211; 40W LED chip on each bulb<br \/>\n&#8211; High quality Aluminum housing, heat protection to ensure the secure temperature range<br \/>\n&#8211; Simple installation, no need to drilled or modified<br \/>\n&#8211; Superior illumination, long lasting<br \/>\n&#8211; Special design with the ideal angle for maximum illumination<br \/>\n&#8211; Ideal for refitting your car yellowish headlights with these SUPER BRIGHT XENON HID LIGHTS<\/span><\/p>\n<div><span class=\"magic-6\">\u00a0<\/span><\/div>\n<div><span class=\"magic-6\"> Fitment:<br \/>\n2009-2011 E90 Sedan Halogen Headlight Models<br \/>\n2009-2011 E91 Wagon Halogen Headlight Models<br \/>\nIt will not fit 2009-2011 E90\/E91 Xenon Headlight Models.<\/span><\/div>\n","category_list":"","author_info":{"name":"","url":""},"comments_num":"0 commentaire","uagb_featured_image_src":{"full":["https:\/\/www.liwin-china.com\/wp-content\/uploads\/2026\/05\/80W-LED-Angel-Eyes-Halo-Ring-Bulbs-21.webp",700,700,false],"thumbnail":["https:\/\/www.liwin-china.com\/wp-content\/uploads\/2026\/05\/80W-LED-Angel-Eyes-Halo-Ring-Bulbs-21-150x150.webp",150,150,true],"medium":["https:\/\/www.liwin-china.com\/wp-content\/uploads\/2026\/05\/80W-LED-Angel-Eyes-Halo-Ring-Bulbs-21-300x300.webp",300,300,true],"medium_large":["https:\/\/www.liwin-china.com\/wp-content\/uploads\/2026\/05\/80W-LED-Angel-Eyes-Halo-Ring-Bulbs-21.webp",700,700,false],"large":["https:\/\/www.liwin-china.com\/wp-content\/uploads\/2026\/05\/80W-LED-Angel-Eyes-Halo-Ring-Bulbs-21.webp",700,700,false],"1536x1536":["https:\/\/www.liwin-china.com\/wp-content\/uploads\/2026\/05\/80W-LED-Angel-Eyes-Halo-Ring-Bulbs-21.webp",700,700,false],"2048x2048":["https:\/\/www.liwin-china.com\/wp-content\/uploads\/2026\/05\/80W-LED-Angel-Eyes-Halo-Ring-Bulbs-21.webp",700,700,false],"trp-custom-language-flag":["https:\/\/www.liwin-china.com\/wp-content\/uploads\/2026\/05\/80W-LED-Angel-Eyes-Halo-Ring-Bulbs-21-12x12.webp",12,12,true],"woocommerce_archive_thumbnail":["https:\/\/www.liwin-china.com\/wp-content\/uploads\/2026\/05\/80W-LED-Angel-Eyes-Halo-Ring-Bulbs-21-300x300.webp",300,300,true],"woocommerce_thumbnail":["https:\/\/www.liwin-china.com\/wp-content\/uploads\/2026\/05\/80W-LED-Angel-Eyes-Halo-Ring-Bulbs-21-300x300.webp",300,300,true],"woocommerce_single":["https:\/\/www.liwin-china.com\/wp-content\/uploads\/2026\/05\/80W-LED-Angel-Eyes-Halo-Ring-Bulbs-21-600x600.webp",600,600,true],"woocommerce_gallery_thumbnail":["https:\/\/www.liwin-china.com\/wp-content\/uploads\/2026\/05\/80W-LED-Angel-Eyes-Halo-Ring-Bulbs-21-100x100.webp",100,100,true]},"uagb_author_info":{"display_name":"adminn","author_link":"https:\/\/www.liwin-china.com\/fr\/author\/"},"uagb_comment_info":0,"uagb_excerpt":"Liwiny 80W LED Angel Eyes Halo Ring Bulbs 8000LM 6000K 12V Headlight for 2009-2011 E90 E91 Cars Retrofit\/Upgrade Item\uff1aMarker Angle Eyes Bulb OEM Part No.\uff1aBM9008\u00a0 \u00a0 \u00a0 \u00a0 \u00a0 \u00a0 \u00a0 \u00a0 \u00a0 \u00a0 \u00a0 \u00a0\u00a0\u00a0 \u00a0 \u00a0 \u00a0 \u00a0 \u00a0 \u00a0 \u00a0 \u00a0 \u00a0 \u00a0 \u00a0 \u00a0 \u00a0 \u00a0 \u00a0 \u00a0 \u00a0 \u00a0 \u00a0\u2026","_links":{"self":[{"href":"https:\/\/www.liwin-china.com\/fr\/wp-json\/wp\/v2\/product\/83186"}],"collection":[{"href":"https:\/\/www.liwin-china.com\/fr\/wp-json\/wp\/v2\/product"}],"about":[{"href":"https:\/\/www.liwin-china.com\/fr\/wp-json\/wp\/v2\/types\/product"}],"wp:featuredmedia":[{"embeddable":true,"href":"https:\/\/www.liwin-china.com\/fr\/wp-json\/wp\/v2\/media\/83190"}],"wp:attachment":[{"href":"https:\/\/www.liwin-china.com\/fr\/wp-json\/wp\/v2\/media?parent=83186"}],"wp:term":[{"taxonomy":"product_cat","embeddable":true,"href":"https:\/\/www.liwin-china.com\/fr\/wp-json\/wp\/v2\/product_cat?post=83186"},{"taxonomy":"product_tag","embeddable":true,"href":"https:\/\/www.liwin-china.com\/fr\/wp-json\/wp\/v2\/product_tag?post=83186"}],"curies":[{"name":"wp","href":"https:\/\/api.w.org\/{rel}","templated":true}]}}