{"id":83176,"date":"2026-05-03T17:14:03","date_gmt":"2026-05-03T09:14:03","guid":{"rendered":"https:\/\/www.liwin-china.com\/?post_type=product&#038;p=83176"},"modified":"2026-05-03T17:26:54","modified_gmt":"2026-05-03T09:26:54","slug":"liwiny-bridgelux-universal-led-angel-eyes-daytime-running-light-for-e39-series-3w-12v-ip65-auto-bulb-for-cars","status":"publish","type":"product","link":"https:\/\/www.liwin-china.com\/fr\/produit\/liwiny-bridgelux-universal-led-angel-eyes-daytime-running-light-for-e39-series-3w-12v-ip65-auto-bulb-for-cars\/","title":{"rendered":"Liwiny Bridgelux Universal LED Angel Eyes Daytime Running Light for E39 Series 3W 12V IP65 Auto Bulb for Cars"},"content":{"rendered":"<p>Liwiny Bridgelux Universal LED Angel Eyes Daytime Running Light for E39 Series 3W 12V IP65 Auto Bulb for Cars<\/p>\n<p>Item\uff1a<a class=\"group-link icbu-link-normal\" title=\"Marker Angle Eyes Bulbs Series\">Marker Angle Eyes Bulb<\/a><br \/>\nOEM Part No.\uff1aLH39B03W01\u00a0 \u00a0 \u00a0 \u00a0 \u00a0 \u00a0 \u00a0 \u00a0 \u00a0 \u00a0 \u00a0 \u00a0 \u00a0 \u00a0 \u00a0 \u00a0 \u00a0 \u00a0 \u00a0 \u00a0 \u00a0 \u00a0 \u00a0 \u00a0 \u00a0 \u00a0 \u00a0 \u00a0 \u00a0 \u00a0 \u00a0 \u00a0 \u00a0 \u00a0 \u00a0 \u00a0 \u00a0 \u00a0 \u00a0 \u00a0 \u00a0 \u00a0 \u00a0 \u00a0 \u00a0 \u00a0 \u00a0 \u00a0 \u00a0 \u00a0 \u00a0 \u00a0 \u00a0 \u00a0 \u00a0 \u00a0 \u00a0 \u00a0 \u00a0 \u00a0 \u00a0 \u00a0 \u00a0 \u00a0 \u00a0 \u00a0 \u00a0 \u00a0 \u00a0 \u00a0 \u00a0 \u00a0 \u00a0 \u00a0 \u00a0 \u00a0 \u00a0 \u00a0 \u00a0 \u00a0 \u00a0 \u00a0 \u00a0 \u00a0 \u00a0 \u00a0 \u00a0 \u00a0 \u00a0 \u00a0 \u00a0 \u00a0 \u00a0 \u00a0 \u00a0 \u00a0 \u00a0 \u00a0 \u00a0 \u00a0 \u00a0 \u00a0 \u00a0 \u00a0 \u00a0 \u00a0 \u00a0 \u00a0 \u00a0 \u00a0 \u00a0 \u00a0 \u00a0 \u00a0 \u00a0 \u00a0 \u00a0 \u00a0 \u00a0 \u00a0 \u00a0 \u00a0 for E39\u00a0 \u00a0 \u00a0 \u00a0 \u00a0 \u00a0 \u00a0 \u00a0 \u00a0 \u00a0 \u00a0 \u00a0 \u00a0 \u00a0 \u00a0 \u00a0 \u00a0 \u00a0 \u00a0 \u00a0 \u00a0 \u00a0 \u00a0 \u00a0 \u00a0 \u00a0 \u00a0 \u00a0 \u00a0 \u00a0 \u00a0 \u00a0 \u00a0 \u00a0 \u00a0 \u00a0 \u00a0 \u00a0 \u00a0 \u00a0 \u00a0 \u00a0 \u00a0 \u00a0 \u00a0 \u00a0 \u00a0 \u00a0 \u00a0 \u00a0 \u00a0 \u00a0 \u00a0 \u00a0 \u00a0 \u00a0 \u00a0 \u00a0 \u00a0 \u00a0 \u00a0 \u00a0 \u00a0 \u00a0 \u00a0 \u00a0 \u00a0 \u00a0 \u00a0 \u00a0 \u00a0 \u00a0 \u00a0 \u00a0 \u00a0 \u00a0 \u00a0 \u00a0 \u00a0 \u00a0 \u00a0 \u00a0 \u00a0 \u00a0 \u00a0 \u00a0 \u00a0 \u00a0 \u00a0 \u00a0 \u00a0 \u00a0 \u00a0 \u00a0 \u00a0 \u00a0 \u00a0 \u00a0 \u00a0 \u00a0 \u00a0 \u00a0 \u00a0 \u00a0 \u00a0 \u00a0 \u00a0 \u00a0 \u00a0 \u00a0 \u00a0 \u00a0 \u00a0 \u00a0 \u00a0 \u00a0 \u00a0 \u00a0 \u00a0 \u00a0 \u00a0 \u00a0 \u00a0 \u00a0 \u00a0 \u00a0 \u00a0 \u00a0 \u00a0 \u00a0 \u00a0 \u00a0 \u00a0 \u00a0 \u00a0 \u00a0 \u00a0 \u00a0 \u00a0 \u00a0 \u00a0 Voltage\uff1a<span style=\"color: #000000;\">12v<\/span><br \/>\nPuissance\uff1a3W<br \/>\nLumen\uff1a450LM<br \/>\nColor Temperature\uff1aWhite\/Yellow\/Blue\/Red\/Green<br \/>\nMaterial\uff1a Aluminum<br \/>\nEmballage\uff1aPetite bo\u00eete blanche<br \/>\nOEM\uff1aAvailable<br \/>\nDur\u00e9e de vie\uff1aPlus de 3000h<br \/>\nGarantie\uff1a1 an<br \/>\nMarque de voiture\uff1aUniversal<br \/>\nCertification\uff1aCE ROSH IP67<br \/>\nLieu d'origine : Guangdong, Chine<br \/>\nD\u00e9lai de livraison\uff1aSelon les d\u00e9tails de la commande du client<\/p>\n<p>Products Description: <span class=\"magic-6\">\u2022 100% Brand new and high quality, tested<br \/>\n\u2022 Durable headlights, waterproof &amp; stability, long lifespan<br \/>\n\u2022 High quality Aluminum housing, heat protection to ensure the secure temperature range<br \/>\n\u2022 Simple installation, no need to drilled or modified<br \/>\n\u2022 Superior illumination, long lasting<br \/>\n\u2022 Special design with the ideal angle for maximum illumination<br \/>\n\u2022 Ideal for refitting For the original car\u2019s yellowish headlights with these SUPER BRIGHT LED ANGEL EYES LIGHTS<\/p>\n<p><\/span><span class=\"magic-7\" style=\"color: #4e4e4e;\">Fitment:<br \/>\nFor 525i 2001-2007<br \/>\nFor 525xi 2006-2007<br \/>\nFor 530i 2001-2007<br \/>\nFor 530xi 2006-2007<br \/>\nFor 540i 2001-2003<br \/>\nFor 545i 2004-2005<br \/>\nFor 550i 2006-2007<br \/>\nFor 645Ci 2004-2005<br \/>\nFor 650i 2006-2007<br \/>\nFor 745i 2002-2006<br \/>\nFor 745Li 2002-2005<br \/>\nFor 750i 2006-2008<br \/>\nFor 750Li 2006-2008<br \/>\nFor 760i 2004-2006<br \/>\nFor 760Li 2003-2008<br \/>\nFor M5 2000-2007<br \/>\nFor M6 2006-2008<br \/>\nFor X3 2006-2007<br \/>\nFor X5 2000-2005<br \/>\n*Some models may need decoders if it happens flashes or errors.<\/span><\/p>\n<p>&nbsp;<\/p>\n<h1><strong>Pourquoi choisir LIWINY ?<\/strong><\/h1>\n<p><img loading=\"lazy\" decoding=\"async\" class=\"alignnone size-full wp-image-4463\" src=\"https:\/\/www.liwin-china.com\/wp-content\/uploads\/2023\/12\/liwiny-oem-ballast.webp\" alt=\"\" width=\"1980\" height=\"600\" srcset=\"https:\/\/www.liwin-china.com\/wp-content\/uploads\/2023\/12\/liwiny-oem-ballast.webp 1980w, https:\/\/www.liwin-china.com\/wp-content\/uploads\/2023\/12\/liwiny-oem-ballast-300x91.webp 300w, https:\/\/www.liwin-china.com\/wp-content\/uploads\/2023\/12\/liwiny-oem-ballast-1024x310.webp 1024w, https:\/\/www.liwin-china.com\/wp-content\/uploads\/2023\/12\/liwiny-oem-ballast-768x233.webp 768w, https:\/\/www.liwin-china.com\/wp-content\/uploads\/2023\/12\/liwiny-oem-ballast-1536x465.webp 1536w, https:\/\/www.liwin-china.com\/wp-content\/uploads\/2023\/12\/liwiny-oem-ballast-600x182.webp 600w\" sizes=\"(max-width: 1980px) 100vw, 1980px\" \/><\/p>\n<ul>\n<li>Du mat\u00e9riau au produit fini, nous appliquons un contr\u00f4le de qualit\u00e9 strict, garantissant un taux de d\u00e9fectuosit\u00e9 inf\u00e9rieur \u00e0 1%.<\/li>\n<li>Nous acceptons une s\u00e9rie de demandes de personnalisation telles que l'apparence, la puissance, l'entra\u00eenement, le ventilateur, la puce, la couleur, la temp\u00e9rature, le logo et l'emballage.<\/li>\n<li>Nous offrons des garanties de 12 \u00e0 36 mois qui comprennent le remplacement direct. Il n'est pas n\u00e9cessaire de renvoyer les produits d\u00e9fectueux.<\/li>\n<li>Nous nous concentrons sur les tendances du march\u00e9 et d\u00e9veloppons 3 \u00e0 5 nouveaux produits chaque saison.<\/li>\n<\/ul>\n<p>&nbsp;<\/p>\n<h2>Demandez un devis d\u00e8s aujourd'hui !<\/h2>\n<p>Tous les produits LIWINY sont disponibles pour les commandes en vrac ! Si vous souhaitez vendre nos produits ou devenir notre distributeur, n'h\u00e9sitez pas \u00e0 nous contacter, vous b\u00e9n\u00e9ficierez des avantages suivants :<\/p>\n<p>Faible MOQ et livraison rapide<br \/>\nProduits innovants<br \/>\nMeilleur prix de gros<br \/>\nService OEM\/ODM<\/p>","protected":false},"excerpt":{"rendered":"<p>Liwiny Bridgelux Universal LED Angel Eyes Daytime Running Light for E39 Series 3W 12V IP65 Auto Bulb for Cars<\/p>\n<p>Item\uff1a<a class=\"group-link icbu-link-normal\" title=\"Marker Angle Eyes Bulbs Series\">Marker Angle Eyes Bulb<\/a><br \/>\nOEM Part No.\uff1aLH39B03W01\u00a0 \u00a0 \u00a0 \u00a0 \u00a0 \u00a0 \u00a0 \u00a0 \u00a0 \u00a0 \u00a0 \u00a0 \u00a0 \u00a0 \u00a0 \u00a0 \u00a0 \u00a0 \u00a0 \u00a0 \u00a0 \u00a0 \u00a0 \u00a0 \u00a0 \u00a0 \u00a0 \u00a0 \u00a0 \u00a0 \u00a0 \u00a0 \u00a0 \u00a0 \u00a0 \u00a0 \u00a0 \u00a0 \u00a0 \u00a0 \u00a0 \u00a0 \u00a0 \u00a0 \u00a0 \u00a0 \u00a0 \u00a0 \u00a0 \u00a0 \u00a0 \u00a0 \u00a0 \u00a0 \u00a0 \u00a0 \u00a0 \u00a0 \u00a0 \u00a0 \u00a0 \u00a0 \u00a0 \u00a0 \u00a0 \u00a0 \u00a0 \u00a0 \u00a0 \u00a0 \u00a0 \u00a0 \u00a0 \u00a0 \u00a0 \u00a0 \u00a0 \u00a0 \u00a0 \u00a0 \u00a0 \u00a0 \u00a0 \u00a0 \u00a0 \u00a0 \u00a0 \u00a0 \u00a0 \u00a0 \u00a0 \u00a0 \u00a0 \u00a0 \u00a0 \u00a0 \u00a0 \u00a0 \u00a0 \u00a0 \u00a0 \u00a0 \u00a0 \u00a0 \u00a0 \u00a0 \u00a0 \u00a0 \u00a0 \u00a0 \u00a0 \u00a0 \u00a0 \u00a0 \u00a0 \u00a0 \u00a0 \u00a0 \u00a0 \u00a0 \u00a0 \u00a0 for E39\u00a0 \u00a0 \u00a0 \u00a0 \u00a0 \u00a0 \u00a0 \u00a0 \u00a0 \u00a0 \u00a0 \u00a0 \u00a0 \u00a0 \u00a0 \u00a0 \u00a0 \u00a0 \u00a0 \u00a0 \u00a0 \u00a0 \u00a0 \u00a0 \u00a0 \u00a0 \u00a0 \u00a0 \u00a0 \u00a0 \u00a0 \u00a0 \u00a0 \u00a0 \u00a0 \u00a0 \u00a0 \u00a0 \u00a0 \u00a0 \u00a0 \u00a0 \u00a0 \u00a0 \u00a0 \u00a0 \u00a0 \u00a0 \u00a0 \u00a0 \u00a0 \u00a0 \u00a0 \u00a0 \u00a0 \u00a0 \u00a0 \u00a0 \u00a0 \u00a0 \u00a0 \u00a0 \u00a0 \u00a0 \u00a0 \u00a0 \u00a0 \u00a0 \u00a0 \u00a0 \u00a0 \u00a0 \u00a0 \u00a0 \u00a0 \u00a0 \u00a0 \u00a0 \u00a0 \u00a0 \u00a0 \u00a0 \u00a0 \u00a0 \u00a0 \u00a0 \u00a0 \u00a0 \u00a0 \u00a0 \u00a0 \u00a0 \u00a0 \u00a0 \u00a0 \u00a0 \u00a0 \u00a0 \u00a0 \u00a0 \u00a0 \u00a0 \u00a0 \u00a0 \u00a0 \u00a0 \u00a0 \u00a0 \u00a0 \u00a0 \u00a0 \u00a0 \u00a0 \u00a0 \u00a0 \u00a0 \u00a0 \u00a0 \u00a0 \u00a0 \u00a0 \u00a0 \u00a0 \u00a0 \u00a0 \u00a0 \u00a0 \u00a0 \u00a0 \u00a0 \u00a0 \u00a0 \u00a0 \u00a0 \u00a0 \u00a0 \u00a0 \u00a0 \u00a0 \u00a0 \u00a0 Voltage\uff1a<span style=\"color: #000000;\">12v<\/span><br \/>\nPuissance\uff1a3W<br \/>\nLumen\uff1a450LM<br \/>\nColor Temperature\uff1aWhite\/Yellow\/Blue\/Red\/Green<br \/>\nMaterial\uff1a Aluminum<br \/>\nEmballage\uff1aPetite bo\u00eete blanche<br \/>\nOEM\uff1aAvailable<br \/>\nDur\u00e9e de vie\uff1aPlus de 3000h<br \/>\nGarantie\uff1a1 an<br \/>\nMarque de voiture\uff1aUniversal<br \/>\nCertification\uff1aCE ROSH IP67<br \/>\nLieu d'origine : Guangdong, Chine<br \/>\nD\u00e9lai de livraison\uff1aSelon les d\u00e9tails de la commande du client<\/p>\n<p>Products Description: <span class=\"magic-6\">\u2022 100% Brand new and high quality, tested<br \/>\n\u2022 Durable headlights, waterproof &amp; stability, long lifespan<br \/>\n\u2022 High quality Aluminum housing, heat protection to ensure the secure temperature range<br \/>\n\u2022 Simple installation, no need to drilled or modified<br \/>\n\u2022 Superior illumination, long lasting<br \/>\n\u2022 Special design with the ideal angle for maximum illumination<br \/>\n\u2022 Ideal for refitting For the original car\u2019s yellowish headlights with these SUPER BRIGHT LED ANGEL EYES LIGHTS<\/p>\n<p><\/span><span class=\"magic-7\" style=\"color: #4e4e4e;\">Fitment:<br \/>\nFor 525i 2001-2007<br \/>\nFor 525xi 2006-2007<br \/>\nFor 530i 2001-2007<br \/>\nFor 530xi 2006-2007<br \/>\nFor 540i 2001-2003<br \/>\nFor 545i 2004-2005<br \/>\nFor 550i 2006-2007<br \/>\nFor 645Ci 2004-2005<br \/>\nFor 650i 2006-2007<br \/>\nFor 745i 2002-2006<br \/>\nFor 745Li 2002-2005<br \/>\nFor 750i 2006-2008<br \/>\nFor 750Li 2006-2008<br \/>\nFor 760i 2004-2006<br \/>\nFor 760Li 2003-2008<br \/>\nFor M5 2000-2007<br \/>\nFor M6 2006-2008<br \/>\nFor X3 2006-2007<br \/>\nFor X5 2000-2005<br \/>\n*Some models may need decoders if it happens flashes or errors.<\/span><\/p>","protected":false},"featured_media":83181,"template":"","meta":{"_seopress_robots_primary_cat":"none","_seopress_titles_title":"","_seopress_titles_desc":"","_seopress_robots_index":"","_uag_custom_page_level_css":"","_joinchat":[]},"product_cat":[487,483],"product_tag":[],"featured_image_urls":{"full":["https:\/\/www.liwin-china.com\/wp-content\/uploads\/2026\/05\/for-E39-Series-3W-10W-12V-IP65-Auto-Bulb-for-Cars-2.webp",445,467,false],"thumbnail":["https:\/\/www.liwin-china.com\/wp-content\/uploads\/2026\/05\/for-E39-Series-3W-10W-12V-IP65-Auto-Bulb-for-Cars-2-150x150.webp",150,150,true],"medium":["https:\/\/www.liwin-china.com\/wp-content\/uploads\/2026\/05\/for-E39-Series-3W-10W-12V-IP65-Auto-Bulb-for-Cars-2-286x300.webp",286,300,true],"medium_large":["https:\/\/www.liwin-china.com\/wp-content\/uploads\/2026\/05\/for-E39-Series-3W-10W-12V-IP65-Auto-Bulb-for-Cars-2.webp",445,467,false],"large":["https:\/\/www.liwin-china.com\/wp-content\/uploads\/2026\/05\/for-E39-Series-3W-10W-12V-IP65-Auto-Bulb-for-Cars-2.webp",445,467,false],"1536x1536":["https:\/\/www.liwin-china.com\/wp-content\/uploads\/2026\/05\/for-E39-Series-3W-10W-12V-IP65-Auto-Bulb-for-Cars-2.webp",445,467,false],"2048x2048":["https:\/\/www.liwin-china.com\/wp-content\/uploads\/2026\/05\/for-E39-Series-3W-10W-12V-IP65-Auto-Bulb-for-Cars-2.webp",445,467,false],"trp-custom-language-flag":["https:\/\/www.liwin-china.com\/wp-content\/uploads\/2026\/05\/for-E39-Series-3W-10W-12V-IP65-Auto-Bulb-for-Cars-2-11x12.webp",11,12,true],"woocommerce_archive_thumbnail":["https:\/\/www.liwin-china.com\/wp-content\/uploads\/2026\/05\/for-E39-Series-3W-10W-12V-IP65-Auto-Bulb-for-Cars-2-300x315.webp",300,315,true],"woocommerce_thumbnail":["https:\/\/www.liwin-china.com\/wp-content\/uploads\/2026\/05\/for-E39-Series-3W-10W-12V-IP65-Auto-Bulb-for-Cars-2-300x315.webp",300,315,true],"woocommerce_single":["https:\/\/www.liwin-china.com\/wp-content\/uploads\/2026\/05\/for-E39-Series-3W-10W-12V-IP65-Auto-Bulb-for-Cars-2.webp",445,467,false],"woocommerce_gallery_thumbnail":["https:\/\/www.liwin-china.com\/wp-content\/uploads\/2026\/05\/for-E39-Series-3W-10W-12V-IP65-Auto-Bulb-for-Cars-2-100x100.webp",100,100,true]},"post_excerpt_stackable":"<p>Liwiny Bridgelux Universal LED Angel Eyes Daytime Running Light for E39 Series 3W 12V IP65 Auto Bulb for Cars<\/p>\n<p>Item\uff1a<a class=\"group-link icbu-link-normal\" title=\"Marker Angle Eyes Bulbs Series\">Marker Angle Eyes Bulb<\/a><br \/>\nOEM Part No.\uff1aLH39B03W01\u00a0 \u00a0 \u00a0 \u00a0 \u00a0 \u00a0 \u00a0 \u00a0 \u00a0 \u00a0 \u00a0 \u00a0 \u00a0 \u00a0 \u00a0 \u00a0 \u00a0 \u00a0 \u00a0 \u00a0 \u00a0 \u00a0 \u00a0 \u00a0 \u00a0 \u00a0 \u00a0 \u00a0 \u00a0 \u00a0 \u00a0 \u00a0 \u00a0 \u00a0 \u00a0 \u00a0 \u00a0 \u00a0 \u00a0 \u00a0 \u00a0 \u00a0 \u00a0 \u00a0 \u00a0 \u00a0 \u00a0 \u00a0 \u00a0 \u00a0 \u00a0 \u00a0 \u00a0 \u00a0 \u00a0 \u00a0 \u00a0 \u00a0 \u00a0 \u00a0 \u00a0 \u00a0 \u00a0 \u00a0 \u00a0 \u00a0 \u00a0 \u00a0 \u00a0 \u00a0 \u00a0 \u00a0 \u00a0 \u00a0 \u00a0 \u00a0 \u00a0 \u00a0 \u00a0 \u00a0 \u00a0 \u00a0 \u00a0 \u00a0 \u00a0 \u00a0 \u00a0 \u00a0 \u00a0 \u00a0 \u00a0 \u00a0 \u00a0 \u00a0 \u00a0 \u00a0 \u00a0 \u00a0 \u00a0 \u00a0 \u00a0 \u00a0 \u00a0 \u00a0 \u00a0 \u00a0 \u00a0 \u00a0 \u00a0 \u00a0 \u00a0 \u00a0 \u00a0 \u00a0 \u00a0 \u00a0 \u00a0 \u00a0 \u00a0 \u00a0 \u00a0 \u00a0 for E39\u00a0 \u00a0 \u00a0 \u00a0 \u00a0 \u00a0 \u00a0 \u00a0 \u00a0 \u00a0 \u00a0 \u00a0 \u00a0 \u00a0 \u00a0 \u00a0 \u00a0 \u00a0 \u00a0 \u00a0 \u00a0 \u00a0 \u00a0 \u00a0 \u00a0 \u00a0 \u00a0 \u00a0 \u00a0 \u00a0 \u00a0 \u00a0 \u00a0 \u00a0 \u00a0 \u00a0 \u00a0 \u00a0 \u00a0 \u00a0 \u00a0 \u00a0 \u00a0 \u00a0 \u00a0 \u00a0 \u00a0 \u00a0 \u00a0 \u00a0 \u00a0 \u00a0 \u00a0 \u00a0 \u00a0 \u00a0 \u00a0 \u00a0 \u00a0 \u00a0 \u00a0 \u00a0 \u00a0 \u00a0 \u00a0 \u00a0 \u00a0 \u00a0 \u00a0 \u00a0 \u00a0 \u00a0 \u00a0 \u00a0 \u00a0 \u00a0 \u00a0 \u00a0 \u00a0 \u00a0 \u00a0 \u00a0 \u00a0 \u00a0 \u00a0 \u00a0 \u00a0 \u00a0 \u00a0 \u00a0 \u00a0 \u00a0 \u00a0 \u00a0 \u00a0 \u00a0 \u00a0 \u00a0 \u00a0 \u00a0 \u00a0 \u00a0 \u00a0 \u00a0 \u00a0 \u00a0 \u00a0 \u00a0 \u00a0 \u00a0 \u00a0 \u00a0 \u00a0 \u00a0 \u00a0 \u00a0 \u00a0 \u00a0 \u00a0 \u00a0 \u00a0 \u00a0 \u00a0 \u00a0 \u00a0 \u00a0 \u00a0 \u00a0 \u00a0 \u00a0 \u00a0 \u00a0 \u00a0 \u00a0 \u00a0 \u00a0 \u00a0 \u00a0 \u00a0 \u00a0 \u00a0 Voltage\uff1a<span style=\"color: #000000;\">12v<\/span><br \/>\nPower\uff1a3W<br \/>\nLumen\uff1a450LM<br \/>\nColor Temperature\uff1aWhite\/Yellow\/Blue\/Red\/Green<br \/>\nMaterial\uff1a Aluminum<br \/>\nPackage\uff1aSmall White Box<br \/>\nOEM\uff1aAvailable<br \/>\nLife Span\uff1aMore than 3000h<br \/>\nWarranty\uff1a1 year<br \/>\nCar Make\uff1aUniversal<br \/>\nCertification\uff1aCE ROSH IP67<br \/>\nPlace of Origin:Guangdong, China<br \/>\nLead-time\uff1aAccording to customers order detail<\/p>\n<p>Products Description: <span class=\"magic-6\">\u2022 100% Brand new and high quality, tested<br \/>\n\u2022 Durable headlights, waterproof &amp; stability, long lifespan<br \/>\n\u2022 High quality Aluminum housing, heat protection to ensure the secure temperature range<br \/>\n\u2022 Simple installation, no need to drilled or modified<br \/>\n\u2022 Superior illumination, long lasting<br \/>\n\u2022 Special design with the ideal angle for maximum illumination<br \/>\n\u2022 Ideal for refitting For the original car\u2019s yellowish headlights with these SUPER BRIGHT LED ANGEL EYES LIGHTS<\/p>\n<p><\/span><span class=\"magic-7\" style=\"color: #4e4e4e;\">Fitment:<br \/>\nFor 525i 2001-2007<br \/>\nFor 525xi 2006-2007<br \/>\nFor 530i 2001-2007<br \/>\nFor 530xi 2006-2007<br \/>\nFor 540i 2001-2003<br \/>\nFor 545i 2004-2005<br \/>\nFor 550i 2006-2007<br \/>\nFor 645Ci 2004-2005<br \/>\nFor 650i 2006-2007<br \/>\nFor 745i 2002-2006<br \/>\nFor 745Li 2002-2005<br \/>\nFor 750i 2006-2008<br \/>\nFor 750Li 2006-2008<br \/>\nFor 760i 2004-2006<br \/>\nFor 760Li 2003-2008<br \/>\nFor M5 2000-2007<br \/>\nFor M6 2006-2008<br \/>\nFor X3 2006-2007<br \/>\nFor X5 2000-2005<br \/>\n*Some models may need decoders if it happens flashes or errors.<\/span><\/p>\n","category_list":"","author_info":{"name":"","url":""},"comments_num":"0 commentaire","uagb_featured_image_src":{"full":["https:\/\/www.liwin-china.com\/wp-content\/uploads\/2026\/05\/for-E39-Series-3W-10W-12V-IP65-Auto-Bulb-for-Cars-2.webp",445,467,false],"thumbnail":["https:\/\/www.liwin-china.com\/wp-content\/uploads\/2026\/05\/for-E39-Series-3W-10W-12V-IP65-Auto-Bulb-for-Cars-2-150x150.webp",150,150,true],"medium":["https:\/\/www.liwin-china.com\/wp-content\/uploads\/2026\/05\/for-E39-Series-3W-10W-12V-IP65-Auto-Bulb-for-Cars-2-286x300.webp",286,300,true],"medium_large":["https:\/\/www.liwin-china.com\/wp-content\/uploads\/2026\/05\/for-E39-Series-3W-10W-12V-IP65-Auto-Bulb-for-Cars-2.webp",445,467,false],"large":["https:\/\/www.liwin-china.com\/wp-content\/uploads\/2026\/05\/for-E39-Series-3W-10W-12V-IP65-Auto-Bulb-for-Cars-2.webp",445,467,false],"1536x1536":["https:\/\/www.liwin-china.com\/wp-content\/uploads\/2026\/05\/for-E39-Series-3W-10W-12V-IP65-Auto-Bulb-for-Cars-2.webp",445,467,false],"2048x2048":["https:\/\/www.liwin-china.com\/wp-content\/uploads\/2026\/05\/for-E39-Series-3W-10W-12V-IP65-Auto-Bulb-for-Cars-2.webp",445,467,false],"trp-custom-language-flag":["https:\/\/www.liwin-china.com\/wp-content\/uploads\/2026\/05\/for-E39-Series-3W-10W-12V-IP65-Auto-Bulb-for-Cars-2-11x12.webp",11,12,true],"woocommerce_archive_thumbnail":["https:\/\/www.liwin-china.com\/wp-content\/uploads\/2026\/05\/for-E39-Series-3W-10W-12V-IP65-Auto-Bulb-for-Cars-2-300x315.webp",300,315,true],"woocommerce_thumbnail":["https:\/\/www.liwin-china.com\/wp-content\/uploads\/2026\/05\/for-E39-Series-3W-10W-12V-IP65-Auto-Bulb-for-Cars-2-300x315.webp",300,315,true],"woocommerce_single":["https:\/\/www.liwin-china.com\/wp-content\/uploads\/2026\/05\/for-E39-Series-3W-10W-12V-IP65-Auto-Bulb-for-Cars-2.webp",445,467,false],"woocommerce_gallery_thumbnail":["https:\/\/www.liwin-china.com\/wp-content\/uploads\/2026\/05\/for-E39-Series-3W-10W-12V-IP65-Auto-Bulb-for-Cars-2-100x100.webp",100,100,true]},"uagb_author_info":{"display_name":"adminn","author_link":"https:\/\/www.liwin-china.com\/fr\/author\/"},"uagb_comment_info":0,"uagb_excerpt":"Liwiny Bridgelux Universal LED Angel Eyes Daytime Running Light for E39 Series 3W 12V IP65 Auto Bulb for Cars Item\uff1aMarker Angle Eyes Bulb OEM Part No.\uff1aLH39B03W01\u00a0 \u00a0 \u00a0 \u00a0 \u00a0 \u00a0 \u00a0 \u00a0 \u00a0 \u00a0 \u00a0 \u00a0 \u00a0 \u00a0 \u00a0 \u00a0 \u00a0 \u00a0 \u00a0 \u00a0 \u00a0 \u00a0 \u00a0 \u00a0 \u00a0 \u00a0 \u00a0 \u00a0 \u00a0 \u00a0\u2026","_links":{"self":[{"href":"https:\/\/www.liwin-china.com\/fr\/wp-json\/wp\/v2\/product\/83176"}],"collection":[{"href":"https:\/\/www.liwin-china.com\/fr\/wp-json\/wp\/v2\/product"}],"about":[{"href":"https:\/\/www.liwin-china.com\/fr\/wp-json\/wp\/v2\/types\/product"}],"wp:featuredmedia":[{"embeddable":true,"href":"https:\/\/www.liwin-china.com\/fr\/wp-json\/wp\/v2\/media\/83181"}],"wp:attachment":[{"href":"https:\/\/www.liwin-china.com\/fr\/wp-json\/wp\/v2\/media?parent=83176"}],"wp:term":[{"taxonomy":"product_cat","embeddable":true,"href":"https:\/\/www.liwin-china.com\/fr\/wp-json\/wp\/v2\/product_cat?post=83176"},{"taxonomy":"product_tag","embeddable":true,"href":"https:\/\/www.liwin-china.com\/fr\/wp-json\/wp\/v2\/product_tag?post=83176"}],"curies":[{"name":"wp","href":"https:\/\/api.w.org\/{rel}","templated":true}]}}