{"id":7725,"date":"2024-06-15T11:05:12","date_gmt":"2024-06-15T03:05:12","guid":{"rendered":"https:\/\/www.liwin-china.com\/?post_type=product&#038;p=7725"},"modified":"2024-12-04T21:32:31","modified_gmt":"2024-12-04T13:32:31","slug":"liwiny-china-supplier-assisted-steering-car-blind-spot-rearview-side-rear-view-mirror-for-mercedes-benz-glb-w247","status":"publish","type":"product","link":"https:\/\/www.liwin-china.com\/fr\/produit\/liwiny-china-supplier-assisted-steering-car-blind-spot-rearview-side-rear-view-mirror-for-mercedes-benz-glb-w247\/","title":{"rendered":"Liwiny China Supplier Assisted Steering Car Blind Spot Rearview Side Rear view Mirror For Mercedes Benz GLB W247"},"content":{"rendered":"<p>Liwiny China Supplier Assisted Steering Car Blind Spot Rearview Side Rear view Mirror For Mercedes Benz GLB W247<\/p>\n<p>Nom de marque\uff1aLiwiny<\/p>\n<p>Type\uff1aR\u00e9troviseur lat\u00e9ral, r\u00e9troviseur<\/p>\n<p>OEM Part No.\uff1aA2478105705, A2478106305, A2478107505, A2478108105, A2478108705, A2478109305, A2478100906, A2478101506, A2478102106, A2478102706, A2478103906, A2478106605, A2478107205, A2478107805, A2478108405, A2478109005, A2478109605, A2478100406, A2478101006, A2478101606, A2478102806, A2478103406<\/p>\n<p>Num\u00e9ro de mod\u00e8le\uff1aPour GLB W247<br \/>\nConvient \u00e0 la voiture\uff1aPour Mercedes-Benz GLB W247<br \/>\nAnn\u00e9e\uff1a2018-2022<\/p>\n<p>Mati\u00e8re\uff1aABS+PP+Verre<br \/>\nPosition\uff1aGauche Droite<\/p>\n<p>Function\uff1aWith folding, blind spots, cameras<\/p>\n<p>Installation\uff1aEasy installation<\/p>\n<p>OEM\uff1aAvailable<br \/>\nDur\u00e9e de vie\uff1aPlus de 30000h<br \/>\nGarantie\uff1a1 an<br \/>\nMarque de voiture\uff1aUniversal<br \/>\nLieu d'origine : Guangdong, Chine<br \/>\nD\u00e9lai de livraison\uff1aSelon les d\u00e9tails de la commande du client<\/p>\n<h2><b class=\"magic-18\"><span class=\"magic-18\">Instructions d'installation<\/span><\/b><\/h2>\n<p><img loading=\"lazy\" decoding=\"async\" class=\"alignnone size-full wp-image-7094\" src=\"https:\/\/www.liwin-china.com\/wp-content\/uploads\/2024\/06\/Rearview-Mirror-For-BMW-1-Series-F20.webp\" alt=\"\" width=\"750\" height=\"640\" srcset=\"https:\/\/www.liwin-china.com\/wp-content\/uploads\/2024\/06\/Rearview-Mirror-For-BMW-1-Series-F20.webp 750w, https:\/\/www.liwin-china.com\/wp-content\/uploads\/2024\/06\/Rearview-Mirror-For-BMW-1-Series-F20-300x256.webp 300w, https:\/\/www.liwin-china.com\/wp-content\/uploads\/2024\/06\/Rearview-Mirror-For-BMW-1-Series-F20-600x512.webp 600w\" sizes=\"(max-width: 750px) 100vw, 750px\" \/><\/p>\n<h1><strong>Pourquoi choisir LIWINY ?<\/strong><\/h1>\n<p><img loading=\"lazy\" decoding=\"async\" class=\"alignnone size-full wp-image-4463\" src=\"https:\/\/www.liwin-china.com\/wp-content\/uploads\/2023\/12\/liwiny-oem-ballast.webp\" alt=\"\" width=\"1980\" height=\"600\" srcset=\"https:\/\/www.liwin-china.com\/wp-content\/uploads\/2023\/12\/liwiny-oem-ballast.webp 1980w, https:\/\/www.liwin-china.com\/wp-content\/uploads\/2023\/12\/liwiny-oem-ballast-300x91.webp 300w, https:\/\/www.liwin-china.com\/wp-content\/uploads\/2023\/12\/liwiny-oem-ballast-1024x310.webp 1024w, https:\/\/www.liwin-china.com\/wp-content\/uploads\/2023\/12\/liwiny-oem-ballast-768x233.webp 768w, https:\/\/www.liwin-china.com\/wp-content\/uploads\/2023\/12\/liwiny-oem-ballast-1536x465.webp 1536w, https:\/\/www.liwin-china.com\/wp-content\/uploads\/2023\/12\/liwiny-oem-ballast-600x182.webp 600w\" sizes=\"(max-width: 1980px) 100vw, 1980px\" \/><\/p>\n<ul>\n<li>Du mat\u00e9riau au produit fini, nous appliquons un contr\u00f4le de qualit\u00e9 strict, garantissant un taux de d\u00e9fectuosit\u00e9 inf\u00e9rieur \u00e0 1%.<\/li>\n<li>Bienvenue aux odeurs OEM\/ODM, nous acceptons une s\u00e9rie d'exigences de personnalisation telles que l'apparence.<\/li>\n<li>Nous offrons une garantie de 12 mois.<\/li>\n<li>Nous nous concentrons sur les tendances du march\u00e9 et d\u00e9veloppons 3 \u00e0 5 nouveaux produits chaque saison.<\/li>\n<\/ul>\n<h2>Demandez un devis d\u00e8s aujourd'hui !<\/h2>\n<p>Tous les produits LIWINY sont disponibles pour les commandes en vrac ! Si vous souhaitez vendre nos produits ou devenir notre distributeur, n'h\u00e9sitez pas \u00e0 nous contacter, vous b\u00e9n\u00e9ficierez des avantages suivants :<\/p>\n<p>Faible MOQ et livraison rapide<br \/>\nProduits innovants<br \/>\nMeilleur prix de gros<br \/>\nService OEM\/ODM<\/p>","protected":false},"excerpt":{"rendered":"<p>Nom de marque\uff1aLiwiny<\/p>\n<p>Type\uff1aR\u00e9troviseur lat\u00e9ral, r\u00e9troviseur<\/p>\n<p>OEM Part No.\uff1aA2478105705, A2478106305, A2478107505, A2478108105, A2478108705, A2478109305, A2478100906, A2478101506, A2478102106, A2478102706, A2478103906, A2478106605, A2478107205, A2478107805, A2478108405, A2478109005, A2478109605, A2478100406, A2478101006, A2478101606, A2478102806, A2478103406<\/p>\n<p>Num\u00e9ro de mod\u00e8le\uff1aPour GLB W247<br \/>\nConvient \u00e0 la voiture\uff1aPour Mercedes-Benz GLB W247<br \/>\nAnn\u00e9e\uff1a2018-2022<\/p>\n<p>Mati\u00e8re\uff1aABS+PP+Verre<br \/>\nPosition\uff1aGauche Droite<\/p>\n<p>Function\uff1aWith folding, blind spots, cameras<\/p>\n<p>Installation\uff1aEasy installation<\/p>\n<p>OEM\uff1aAvailable<br \/>\nDur\u00e9e de vie\uff1aPlus de 30000h<br \/>\nGarantie\uff1a1 an<br \/>\nMarque de voiture\uff1aUniversal<br \/>\nLieu d'origine : Guangdong, Chine<br \/>\nD\u00e9lai de livraison\uff1aSelon les d\u00e9tails de la commande du client<\/p>","protected":false},"featured_media":7727,"template":"","meta":{"_seopress_robots_primary_cat":"none","_seopress_titles_title":"","_seopress_titles_desc":"","_seopress_robots_index":"","_uag_custom_page_level_css":"","_joinchat":[]},"product_cat":[456],"product_tag":[],"featured_image_urls":{"full":["https:\/\/www.liwin-china.com\/wp-content\/uploads\/2024\/06\/A2478105705-A2478106305-A2478107505-A2478108105-A2478108705-A2478109305-A2478100906-A2478101506-A2478102106.webp",800,800,false],"thumbnail":["https:\/\/www.liwin-china.com\/wp-content\/uploads\/2024\/06\/A2478105705-A2478106305-A2478107505-A2478108105-A2478108705-A2478109305-A2478100906-A2478101506-A2478102106-150x150.webp",150,150,true],"medium":["https:\/\/www.liwin-china.com\/wp-content\/uploads\/2024\/06\/A2478105705-A2478106305-A2478107505-A2478108105-A2478108705-A2478109305-A2478100906-A2478101506-A2478102106-300x300.webp",300,300,true],"medium_large":["https:\/\/www.liwin-china.com\/wp-content\/uploads\/2024\/06\/A2478105705-A2478106305-A2478107505-A2478108105-A2478108705-A2478109305-A2478100906-A2478101506-A2478102106-768x768.webp",768,768,true],"large":["https:\/\/www.liwin-china.com\/wp-content\/uploads\/2024\/06\/A2478105705-A2478106305-A2478107505-A2478108105-A2478108705-A2478109305-A2478100906-A2478101506-A2478102106.webp",800,800,false],"1536x1536":["https:\/\/www.liwin-china.com\/wp-content\/uploads\/2024\/06\/A2478105705-A2478106305-A2478107505-A2478108105-A2478108705-A2478109305-A2478100906-A2478101506-A2478102106.webp",800,800,false],"2048x2048":["https:\/\/www.liwin-china.com\/wp-content\/uploads\/2024\/06\/A2478105705-A2478106305-A2478107505-A2478108105-A2478108705-A2478109305-A2478100906-A2478101506-A2478102106.webp",800,800,false],"trp-custom-language-flag":["https:\/\/www.liwin-china.com\/wp-content\/uploads\/2024\/06\/A2478105705-A2478106305-A2478107505-A2478108105-A2478108705-A2478109305-A2478100906-A2478101506-A2478102106.webp",12,12,false],"woocommerce_archive_thumbnail":["https:\/\/www.liwin-china.com\/wp-content\/uploads\/2024\/06\/A2478105705-A2478106305-A2478107505-A2478108105-A2478108705-A2478109305-A2478100906-A2478101506-A2478102106-300x300.webp",300,300,true],"woocommerce_thumbnail":["https:\/\/www.liwin-china.com\/wp-content\/uploads\/2024\/06\/A2478105705-A2478106305-A2478107505-A2478108105-A2478108705-A2478109305-A2478100906-A2478101506-A2478102106-300x300.webp",300,300,true],"woocommerce_single":["https:\/\/www.liwin-china.com\/wp-content\/uploads\/2024\/06\/A2478105705-A2478106305-A2478107505-A2478108105-A2478108705-A2478109305-A2478100906-A2478101506-A2478102106-600x600.webp",600,600,true],"woocommerce_gallery_thumbnail":["https:\/\/www.liwin-china.com\/wp-content\/uploads\/2024\/06\/A2478105705-A2478106305-A2478107505-A2478108105-A2478108705-A2478109305-A2478100906-A2478101506-A2478102106-100x100.webp",100,100,true]},"post_excerpt_stackable":"<p>Brand Name\uff1aLiwiny<\/p>\n<p>Type\uff1aSide Mirror,Rearview Mirror<\/p>\n<p>OEM Part No.\uff1aA2478105705, A2478106305, A2478107505, A2478108105, A2478108705, A2478109305, A2478100906, A2478101506, A2478102106, A2478102706, A2478103906, A2478106605, A2478107205, A2478107805, A2478108405, A2478109005, A2478109605, A2478100406, A2478101006, A2478101606, A2478102806, A2478103406<\/p>\n<p>Model Number\uff1aFor GLB W247<br \/>\nFit for car\uff1aFor Mercedes-Benz GLB W247<br \/>\nYear\uff1a2018-2022<\/p>\n<p>Material\uff1aABS+PP+Glass<br \/>\nPosition\uff1aLeft Right<\/p>\n<p>Function\uff1aWith folding, blind spots, cameras<\/p>\n<p>Installation\uff1aEasy installation<\/p>\n<p>OEM\uff1aAvailable<br \/>\nLife Span\uff1aMore than 30000h<br \/>\nWarranty\uff1a1 year<br \/>\nCar Make\uff1aUniversal<br \/>\nPlace of Origin:Guangdong, China<br \/>\nLead-time\uff1aAccording to customers order detail<\/p>\n","category_list":"","author_info":{"name":"","url":""},"comments_num":"0 commentaire","uagb_featured_image_src":{"full":["https:\/\/www.liwin-china.com\/wp-content\/uploads\/2024\/06\/A2478105705-A2478106305-A2478107505-A2478108105-A2478108705-A2478109305-A2478100906-A2478101506-A2478102106.webp",800,800,false],"thumbnail":["https:\/\/www.liwin-china.com\/wp-content\/uploads\/2024\/06\/A2478105705-A2478106305-A2478107505-A2478108105-A2478108705-A2478109305-A2478100906-A2478101506-A2478102106-150x150.webp",150,150,true],"medium":["https:\/\/www.liwin-china.com\/wp-content\/uploads\/2024\/06\/A2478105705-A2478106305-A2478107505-A2478108105-A2478108705-A2478109305-A2478100906-A2478101506-A2478102106-300x300.webp",300,300,true],"medium_large":["https:\/\/www.liwin-china.com\/wp-content\/uploads\/2024\/06\/A2478105705-A2478106305-A2478107505-A2478108105-A2478108705-A2478109305-A2478100906-A2478101506-A2478102106-768x768.webp",768,768,true],"large":["https:\/\/www.liwin-china.com\/wp-content\/uploads\/2024\/06\/A2478105705-A2478106305-A2478107505-A2478108105-A2478108705-A2478109305-A2478100906-A2478101506-A2478102106.webp",800,800,false],"1536x1536":["https:\/\/www.liwin-china.com\/wp-content\/uploads\/2024\/06\/A2478105705-A2478106305-A2478107505-A2478108105-A2478108705-A2478109305-A2478100906-A2478101506-A2478102106.webp",800,800,false],"2048x2048":["https:\/\/www.liwin-china.com\/wp-content\/uploads\/2024\/06\/A2478105705-A2478106305-A2478107505-A2478108105-A2478108705-A2478109305-A2478100906-A2478101506-A2478102106.webp",800,800,false],"trp-custom-language-flag":["https:\/\/www.liwin-china.com\/wp-content\/uploads\/2024\/06\/A2478105705-A2478106305-A2478107505-A2478108105-A2478108705-A2478109305-A2478100906-A2478101506-A2478102106.webp",12,12,false],"woocommerce_archive_thumbnail":["https:\/\/www.liwin-china.com\/wp-content\/uploads\/2024\/06\/A2478105705-A2478106305-A2478107505-A2478108105-A2478108705-A2478109305-A2478100906-A2478101506-A2478102106-300x300.webp",300,300,true],"woocommerce_thumbnail":["https:\/\/www.liwin-china.com\/wp-content\/uploads\/2024\/06\/A2478105705-A2478106305-A2478107505-A2478108105-A2478108705-A2478109305-A2478100906-A2478101506-A2478102106-300x300.webp",300,300,true],"woocommerce_single":["https:\/\/www.liwin-china.com\/wp-content\/uploads\/2024\/06\/A2478105705-A2478106305-A2478107505-A2478108105-A2478108705-A2478109305-A2478100906-A2478101506-A2478102106-600x600.webp",600,600,true],"woocommerce_gallery_thumbnail":["https:\/\/www.liwin-china.com\/wp-content\/uploads\/2024\/06\/A2478105705-A2478106305-A2478107505-A2478108105-A2478108705-A2478109305-A2478100906-A2478101506-A2478102106-100x100.webp",100,100,true]},"uagb_author_info":{"display_name":"adminn","author_link":"https:\/\/www.liwin-china.com\/fr\/author\/"},"uagb_comment_info":0,"uagb_excerpt":"Brand Name\uff1aLiwiny Type\uff1aSide Mirror,Rearview Mirror OEM Part No.\uff1aA2478105705, A2478106305, A2478107505, A2478108105, A2478108705, A2478109305, A2478100906, A2478101506, A2478102106, A2478102706, A2478103906, A2478106605, A2478107205, A2478107805, A2478108405, A2478109005, A2478109605, A2478100406, A2478101006, A2478101606, A2478102806, A2478103406 Model Number\uff1aFor GLB W247 Fit for car\uff1aFor Mercedes-Benz GLB W247 Year\uff1a2018-2022 Material\uff1aABS+PP+Glass Position\uff1aLeft Right Function\uff1aWith folding, blind spots, cameras Installation\uff1aEasy installation OEM\uff1aAvailable Life Span\uff1aMore than 30000h\u2026","_links":{"self":[{"href":"https:\/\/www.liwin-china.com\/fr\/wp-json\/wp\/v2\/product\/7725"}],"collection":[{"href":"https:\/\/www.liwin-china.com\/fr\/wp-json\/wp\/v2\/product"}],"about":[{"href":"https:\/\/www.liwin-china.com\/fr\/wp-json\/wp\/v2\/types\/product"}],"wp:featuredmedia":[{"embeddable":true,"href":"https:\/\/www.liwin-china.com\/fr\/wp-json\/wp\/v2\/media\/7727"}],"wp:attachment":[{"href":"https:\/\/www.liwin-china.com\/fr\/wp-json\/wp\/v2\/media?parent=7725"}],"wp:term":[{"taxonomy":"product_cat","embeddable":true,"href":"https:\/\/www.liwin-china.com\/fr\/wp-json\/wp\/v2\/product_cat?post=7725"},{"taxonomy":"product_tag","embeddable":true,"href":"https:\/\/www.liwin-china.com\/fr\/wp-json\/wp\/v2\/product_tag?post=7725"}],"curies":[{"name":"wp","href":"https:\/\/api.w.org\/{rel}","templated":true}]}}