{"id":72899,"date":"2026-04-02T11:49:39","date_gmt":"2026-04-02T03:49:39","guid":{"rendered":"https:\/\/www.liwin-china.com\/?post_type=product&#038;p=72899"},"modified":"2026-04-02T11:51:08","modified_gmt":"2026-04-02T03:51:08","slug":"liwiny-lg2-d1s-d2s-d3s-d4s-d5s-d8s-led-for-car-headlights","status":"publish","type":"product","link":"https:\/\/www.liwin-china.com\/fr\/produit\/liwiny-lg2-d1s-d2s-d3s-d4s-d5s-d8s-led-for-car-headlights\/","title":{"rendered":"Liwiny LG2 D1S D2S D3S D4S D5S D8S led for car headlights"},"content":{"rendered":"<p>Liwiny LG2 D1S D2S D3S D4S D5S D8S led for car headlights<\/p>\n<p>Nom de marque\uff1aLiwiny<br \/>\nItem\uff1aled for car headlights<br \/>\nOEM Part No.\uff1aLG2-D1S D2S D3S D4S D5S D8S<\/p>\n<p>Tension\uff1a<span style=\"color: #000000;\">12v<\/span><br \/>\nPuissance\uff1a120W<br \/>\nLumen\uff1a12000LM<br \/>\nPuce Led\uff1aCsp<br \/>\nTemp\u00e9rature de couleur\uff1a<span style=\"color: #000000;\">6000K<\/span><br \/>\nFaisceau\uff1aHigh Low Beam High Power<br \/>\nMati\u00e8re\uff1aAlliage d'aluminium<br \/>\nEmballage\uff1aSmall Color Box<br \/>\nOEM\uff1aAvailable<br \/>\nDur\u00e9e de vie\uff1aPlus de 30000h<br \/>\nGarantie\uff1a1 an<br \/>\nMarque de voiture\uff1aUniversal<br \/>\nCertification\uff1aCE ROSH IP67<br \/>\nLieu d'origine : Guangdong, Chine<br \/>\nD\u00e9lai de livraison\uff1aSelon les d\u00e9tails de la commande du client<\/p>\n<p>&nbsp;<\/p>\n<h1><strong>Pourquoi choisir LIWINY ?<\/strong><\/h1>\n<p><img loading=\"lazy\" decoding=\"async\" class=\"alignnone size-full wp-image-4463\" src=\"https:\/\/www.liwin-china.com\/wp-content\/uploads\/2023\/12\/liwiny-oem-ballast.webp\" alt=\"\" width=\"1980\" height=\"600\" srcset=\"https:\/\/www.liwin-china.com\/wp-content\/uploads\/2023\/12\/liwiny-oem-ballast.webp 1980w, https:\/\/www.liwin-china.com\/wp-content\/uploads\/2023\/12\/liwiny-oem-ballast-300x91.webp 300w, https:\/\/www.liwin-china.com\/wp-content\/uploads\/2023\/12\/liwiny-oem-ballast-1024x310.webp 1024w, https:\/\/www.liwin-china.com\/wp-content\/uploads\/2023\/12\/liwiny-oem-ballast-768x233.webp 768w, https:\/\/www.liwin-china.com\/wp-content\/uploads\/2023\/12\/liwiny-oem-ballast-1536x465.webp 1536w, https:\/\/www.liwin-china.com\/wp-content\/uploads\/2023\/12\/liwiny-oem-ballast-600x182.webp 600w\" sizes=\"(max-width: 1980px) 100vw, 1980px\" \/><\/p>\n<ul>\n<li>Du mat\u00e9riau au produit fini, nous appliquons un contr\u00f4le de qualit\u00e9 strict, garantissant un taux de d\u00e9fectuosit\u00e9 inf\u00e9rieur \u00e0 1%.<\/li>\n<li>Nous acceptons une s\u00e9rie de demandes de personnalisation telles que l'apparence, la puissance, l'entra\u00eenement, le ventilateur, la puce, la couleur, la temp\u00e9rature, le logo et l'emballage.<\/li>\n<li>Nous offrons des garanties de 12 \u00e0 36 mois qui comprennent le remplacement direct. Il n'est pas n\u00e9cessaire de renvoyer les produits d\u00e9fectueux.<\/li>\n<li>Nous nous concentrons sur les tendances du march\u00e9 et d\u00e9veloppons 3 \u00e0 5 nouveaux produits chaque saison.<\/li>\n<\/ul>\n<p>&nbsp;<\/p>\n<h2>Demandez un devis d\u00e8s aujourd'hui !<\/h2>\n<p>Tous les produits LIWINY sont disponibles pour les commandes en vrac ! Si vous souhaitez vendre nos produits ou devenir notre distributeur, n'h\u00e9sitez pas \u00e0 nous contacter, vous b\u00e9n\u00e9ficierez des avantages suivants :<\/p>\n<p>Faible MOQ et livraison rapide<br \/>\nProduits innovants<br \/>\nMeilleur prix de gros<br \/>\nService OEM\/ODM<\/p>","protected":false},"excerpt":{"rendered":"<p>Liwiny LG2 D1S D2S D3S D4S D5S D8S led for car headlights<\/p>\n<p>Nom de marque\uff1aLiwiny<br \/>\nItem\uff1aled for car headlights<br \/>\nOEM Part No.\uff1aLG2-D1S D2S D3S D4S D5S D8S<\/p>\n<p>Tension\uff1a<span style=\"color: #000000;\">12v<\/span><br \/>\nPuissance\uff1a120W<br \/>\nLumen\uff1a12000LM<br \/>\nPuce Led\uff1aCsp<br \/>\nTemp\u00e9rature de couleur\uff1a<span style=\"color: #000000;\">6000K<\/span><br \/>\nFaisceau\uff1aHigh Low Beam High Power<br \/>\nMati\u00e8re\uff1aAlliage d'aluminium<br \/>\nEmballage\uff1aSmall Color Box<br \/>\nOEM\uff1aAvailable<\/p>","protected":false},"featured_media":72889,"template":"","meta":{"_seopress_robots_primary_cat":"none","_seopress_titles_title":"","_seopress_titles_desc":"","_seopress_robots_index":"","_uag_custom_page_level_css":"","_joinchat":[]},"product_cat":[462,58],"product_tag":[],"featured_image_urls":{"full":["https:\/\/www.liwin-china.com\/wp-content\/uploads\/2026\/04\/car-led-headlight-h7.webp",500,500,false],"thumbnail":["https:\/\/www.liwin-china.com\/wp-content\/uploads\/2026\/04\/car-led-headlight-h7-150x150.webp",150,150,true],"medium":["https:\/\/www.liwin-china.com\/wp-content\/uploads\/2026\/04\/car-led-headlight-h7-300x300.webp",300,300,true],"medium_large":["https:\/\/www.liwin-china.com\/wp-content\/uploads\/2026\/04\/car-led-headlight-h7.webp",500,500,false],"large":["https:\/\/www.liwin-china.com\/wp-content\/uploads\/2026\/04\/car-led-headlight-h7.webp",500,500,false],"1536x1536":["https:\/\/www.liwin-china.com\/wp-content\/uploads\/2026\/04\/car-led-headlight-h7.webp",500,500,false],"2048x2048":["https:\/\/www.liwin-china.com\/wp-content\/uploads\/2026\/04\/car-led-headlight-h7.webp",500,500,false],"trp-custom-language-flag":["https:\/\/www.liwin-china.com\/wp-content\/uploads\/2026\/04\/car-led-headlight-h7-12x12.webp",12,12,true],"woocommerce_archive_thumbnail":["https:\/\/www.liwin-china.com\/wp-content\/uploads\/2026\/04\/car-led-headlight-h7-300x300.webp",300,300,true],"woocommerce_thumbnail":["https:\/\/www.liwin-china.com\/wp-content\/uploads\/2026\/04\/car-led-headlight-h7-300x300.webp",300,300,true],"woocommerce_single":["https:\/\/www.liwin-china.com\/wp-content\/uploads\/2026\/04\/car-led-headlight-h7.webp",500,500,false],"woocommerce_gallery_thumbnail":["https:\/\/www.liwin-china.com\/wp-content\/uploads\/2026\/04\/car-led-headlight-h7-100x100.webp",100,100,true]},"post_excerpt_stackable":"<p>Liwiny LG2 D1S D2S D3S D4S D5S D8S led for car headlights<\/p>\n<p>Brand Name\uff1aLiwiny<br \/>\nItem\uff1aled for car headlights<br \/>\nOEM Part No.\uff1aLG2-D1S D2S D3S D4S D5S D8S<\/p>\n<p>Voltage\uff1a<span style=\"color: #000000;\">12v<\/span><br \/>\nPower\uff1a120W<br \/>\nLumen\uff1a12000LM<br \/>\nLed Chip\uff1aCsp<br \/>\nColor Temperature\uff1a<span style=\"color: #000000;\">6000K<\/span><br \/>\nBeam\uff1aHigh Low Beam High Power<br \/>\nMaterial\uff1aAluminium Alloy<br \/>\nPackage\uff1aSmall Color Box<br \/>\nOEM\uff1aAvailable<\/p>\n","category_list":"","author_info":{"name":"","url":""},"comments_num":"0 commentaire","uagb_featured_image_src":{"full":["https:\/\/www.liwin-china.com\/wp-content\/uploads\/2026\/04\/car-led-headlight-h7.webp",500,500,false],"thumbnail":["https:\/\/www.liwin-china.com\/wp-content\/uploads\/2026\/04\/car-led-headlight-h7-150x150.webp",150,150,true],"medium":["https:\/\/www.liwin-china.com\/wp-content\/uploads\/2026\/04\/car-led-headlight-h7-300x300.webp",300,300,true],"medium_large":["https:\/\/www.liwin-china.com\/wp-content\/uploads\/2026\/04\/car-led-headlight-h7.webp",500,500,false],"large":["https:\/\/www.liwin-china.com\/wp-content\/uploads\/2026\/04\/car-led-headlight-h7.webp",500,500,false],"1536x1536":["https:\/\/www.liwin-china.com\/wp-content\/uploads\/2026\/04\/car-led-headlight-h7.webp",500,500,false],"2048x2048":["https:\/\/www.liwin-china.com\/wp-content\/uploads\/2026\/04\/car-led-headlight-h7.webp",500,500,false],"trp-custom-language-flag":["https:\/\/www.liwin-china.com\/wp-content\/uploads\/2026\/04\/car-led-headlight-h7-12x12.webp",12,12,true],"woocommerce_archive_thumbnail":["https:\/\/www.liwin-china.com\/wp-content\/uploads\/2026\/04\/car-led-headlight-h7-300x300.webp",300,300,true],"woocommerce_thumbnail":["https:\/\/www.liwin-china.com\/wp-content\/uploads\/2026\/04\/car-led-headlight-h7-300x300.webp",300,300,true],"woocommerce_single":["https:\/\/www.liwin-china.com\/wp-content\/uploads\/2026\/04\/car-led-headlight-h7.webp",500,500,false],"woocommerce_gallery_thumbnail":["https:\/\/www.liwin-china.com\/wp-content\/uploads\/2026\/04\/car-led-headlight-h7-100x100.webp",100,100,true]},"uagb_author_info":{"display_name":"adminn","author_link":"https:\/\/www.liwin-china.com\/fr\/author\/"},"uagb_comment_info":0,"uagb_excerpt":"Liwiny LG2 D1S D2S D3S D4S D5S D8S led for car headlights Brand Name\uff1aLiwiny Item\uff1aled for car headlights OEM Part No.\uff1aLG2-D1S D2S D3S D4S D5S D8S Voltage\uff1a12v Power\uff1a120W Lumen\uff1a12000LM Led Chip\uff1aCsp Color Temperature\uff1a6000K Beam\uff1aHigh Low Beam High Power Material\uff1aAluminium Alloy Package\uff1aSmall Color Box OEM\uff1aAvailable","_links":{"self":[{"href":"https:\/\/www.liwin-china.com\/fr\/wp-json\/wp\/v2\/product\/72899"}],"collection":[{"href":"https:\/\/www.liwin-china.com\/fr\/wp-json\/wp\/v2\/product"}],"about":[{"href":"https:\/\/www.liwin-china.com\/fr\/wp-json\/wp\/v2\/types\/product"}],"wp:featuredmedia":[{"embeddable":true,"href":"https:\/\/www.liwin-china.com\/fr\/wp-json\/wp\/v2\/media\/72889"}],"wp:attachment":[{"href":"https:\/\/www.liwin-china.com\/fr\/wp-json\/wp\/v2\/media?parent=72899"}],"wp:term":[{"taxonomy":"product_cat","embeddable":true,"href":"https:\/\/www.liwin-china.com\/fr\/wp-json\/wp\/v2\/product_cat?post=72899"},{"taxonomy":"product_tag","embeddable":true,"href":"https:\/\/www.liwin-china.com\/fr\/wp-json\/wp\/v2\/product_tag?post=72899"}],"curies":[{"name":"wp","href":"https:\/\/api.w.org\/{rel}","templated":true}]}}