{"id":72764,"date":"2026-03-23T12:29:47","date_gmt":"2026-03-23T04:29:47","guid":{"rendered":"https:\/\/www.liwin-china.com\/?post_type=product&#038;p=72764"},"modified":"2026-03-23T12:40:08","modified_gmt":"2026-03-23T04:40:08","slug":"liwiny-lw0146-led-car-license-number-license-plate-light-lamp","status":"publish","type":"product","link":"https:\/\/www.liwin-china.com\/fr\/produit\/liwiny-lw0146-led-car-license-number-license-plate-light-lamp\/","title":{"rendered":"Liwiny LW0146 LED Car License Number License Plate Light Lamp"},"content":{"rendered":"<p>Liwiny LW0146 LED Car License Number License Plate Light Lamp<\/p>\n<p>Item\uff1aLED \u00e9clairage de plaque d'immatriculation<br \/>\nOEM Part No.\uff1aLW0146<\/p>\n<p>for Universal<\/p>\n<p>Tension\uff1a<span style=\"color: #000000;\">12v<\/span><br \/>\nPuissance\uff1a0.84W<br \/>\nLumen\uff1a100LM<br \/>\nLed Chip\uff1a6SMD 2835<br \/>\nTemp\u00e9rature de couleur\uff1a<span style=\"color: #000000;\">6000k<\/span><br \/>\nMati\u00e8re\uff1a Source lumineuse LED +ABS Plastique<br \/>\nEmballage\uff1aPetite bo\u00eete blanche<br \/>\nOEM\uff1aAvailable<br \/>\nDur\u00e9e de vie\uff1aPlus de 3000h<br \/>\nGarantie\uff1a1 an<br \/>\nMarque de voiture\uff1aUniversal<br \/>\nCertification\uff1aCE ROSH IP67<br \/>\nLieu d'origine : Guangdong, Chine<br \/>\nD\u00e9lai de livraison\uff1aSelon les d\u00e9tails de la commande du client<\/p>\n<p>&nbsp;<\/p>\n<h1><strong>Pourquoi choisir LIWINY ?<\/strong><\/h1>\n<p><img loading=\"lazy\" decoding=\"async\" class=\"alignnone size-full wp-image-4463\" src=\"https:\/\/www.liwin-china.com\/wp-content\/uploads\/2023\/12\/liwiny-oem-ballast.webp\" alt=\"\" width=\"1980\" height=\"600\" srcset=\"https:\/\/www.liwin-china.com\/wp-content\/uploads\/2023\/12\/liwiny-oem-ballast.webp 1980w, https:\/\/www.liwin-china.com\/wp-content\/uploads\/2023\/12\/liwiny-oem-ballast-300x91.webp 300w, https:\/\/www.liwin-china.com\/wp-content\/uploads\/2023\/12\/liwiny-oem-ballast-1024x310.webp 1024w, https:\/\/www.liwin-china.com\/wp-content\/uploads\/2023\/12\/liwiny-oem-ballast-768x233.webp 768w, https:\/\/www.liwin-china.com\/wp-content\/uploads\/2023\/12\/liwiny-oem-ballast-1536x465.webp 1536w, https:\/\/www.liwin-china.com\/wp-content\/uploads\/2023\/12\/liwiny-oem-ballast-600x182.webp 600w\" sizes=\"(max-width: 1980px) 100vw, 1980px\" \/><\/p>\n<ul>\n<li>Du mat\u00e9riau au produit fini, nous appliquons un contr\u00f4le de qualit\u00e9 strict, garantissant un taux de d\u00e9fectuosit\u00e9 inf\u00e9rieur \u00e0 1%.<\/li>\n<li>Nous acceptons une s\u00e9rie de demandes de personnalisation telles que l'apparence, la puissance, l'entra\u00eenement, le ventilateur, la puce, la couleur, la temp\u00e9rature, le logo et l'emballage.<\/li>\n<li>Nous offrons des garanties de 12 \u00e0 36 mois qui comprennent le remplacement direct. Il n'est pas n\u00e9cessaire de renvoyer les produits d\u00e9fectueux.<\/li>\n<li>Nous nous concentrons sur les tendances du march\u00e9 et d\u00e9veloppons 3 \u00e0 5 nouveaux produits chaque saison.<\/li>\n<\/ul>\n<p>&nbsp;<\/p>\n<h2>Demandez un devis d\u00e8s aujourd'hui !<\/h2>\n<p>Tous les produits LIWINY sont disponibles pour les commandes en vrac ! Si vous souhaitez vendre nos produits ou devenir notre distributeur, n'h\u00e9sitez pas \u00e0 nous contacter, vous b\u00e9n\u00e9ficierez des avantages suivants :<\/p>\n<p>Faible MOQ et livraison rapide<br \/>\nProduits innovants<br \/>\nMeilleur prix de gros<br \/>\nService OEM\/ODM<\/p>","protected":false},"excerpt":{"rendered":"<p>Liwiny LW0146 LED Car License Number License Plate Light Lamp<\/p>\n<p>Item\uff1aLED \u00e9clairage de plaque d'immatriculation<br \/>\nOEM Part No.\uff1aLW0146<\/p>\n<p>for Universal<\/p>\n<p>Tension\uff1a<span style=\"color: #000000;\">12v<\/span><br \/>\nPuissance\uff1a0.84W<br \/>\nLumen\uff1a100LM<br \/>\nLed Chip\uff1a6SMD 2835<br \/>\nTemp\u00e9rature de couleur\uff1a<span style=\"color: #000000;\">6000k<\/span><br \/>\nMati\u00e8re\uff1a Source lumineuse LED +ABS Plastique<br \/>\nEmballage\uff1aPetite bo\u00eete blanche<br \/>\nOEM\uff1aAvailable<br \/>\nDur\u00e9e de vie\uff1aPlus de 3000h<br \/>\nGarantie\uff1a1 an<br \/>\nMarque de voiture\uff1aUniversal<br \/>\nCertification\uff1aCE ROSH IP67<br \/>\nLieu d'origine : Guangdong, Chine<br \/>\nD\u00e9lai de livraison\uff1aSelon les d\u00e9tails de la commande du client<\/p>","protected":false},"featured_media":72765,"template":"","meta":{"_seopress_robots_primary_cat":"none","_seopress_titles_title":"","_seopress_titles_desc":"","_seopress_robots_index":"","_uag_custom_page_level_css":"","_joinchat":[]},"product_cat":[466],"product_tag":[],"featured_image_urls":{"full":["https:\/\/www.liwin-china.com\/wp-content\/uploads\/2026\/03\/LED-Car-License.webp",700,700,false],"thumbnail":["https:\/\/www.liwin-china.com\/wp-content\/uploads\/2026\/03\/LED-Car-License-150x150.webp",150,150,true],"medium":["https:\/\/www.liwin-china.com\/wp-content\/uploads\/2026\/03\/LED-Car-License-300x300.webp",300,300,true],"medium_large":["https:\/\/www.liwin-china.com\/wp-content\/uploads\/2026\/03\/LED-Car-License.webp",700,700,false],"large":["https:\/\/www.liwin-china.com\/wp-content\/uploads\/2026\/03\/LED-Car-License.webp",700,700,false],"1536x1536":["https:\/\/www.liwin-china.com\/wp-content\/uploads\/2026\/03\/LED-Car-License.webp",700,700,false],"2048x2048":["https:\/\/www.liwin-china.com\/wp-content\/uploads\/2026\/03\/LED-Car-License.webp",700,700,false],"trp-custom-language-flag":["https:\/\/www.liwin-china.com\/wp-content\/uploads\/2026\/03\/LED-Car-License-12x12.webp",12,12,true],"woocommerce_archive_thumbnail":["https:\/\/www.liwin-china.com\/wp-content\/uploads\/2026\/03\/LED-Car-License-300x300.webp",300,300,true],"woocommerce_thumbnail":["https:\/\/www.liwin-china.com\/wp-content\/uploads\/2026\/03\/LED-Car-License-300x300.webp",300,300,true],"woocommerce_single":["https:\/\/www.liwin-china.com\/wp-content\/uploads\/2026\/03\/LED-Car-License-600x600.webp",600,600,true],"woocommerce_gallery_thumbnail":["https:\/\/www.liwin-china.com\/wp-content\/uploads\/2026\/03\/LED-Car-License-100x100.webp",100,100,true]},"post_excerpt_stackable":"<p>Liwiny LW0146 LED Car License Number License Plate Light Lamp<\/p>\n<p>Item\uff1aLED License Plate Light<br \/>\nOEM Part No.\uff1aLW0146<\/p>\n<p>for Universal<\/p>\n<p>Voltage\uff1a<span style=\"color: #000000;\">12v<\/span><br \/>\nPower\uff1a0.84W<br \/>\nLumen\uff1a100LM<br \/>\nLed Chip\uff1a6SMD 2835<br \/>\nColor Temperature\uff1a<span style=\"color: #000000;\">6000k<\/span><br \/>\nMaterial\uff1a LED Light source +ABS Plastic hoursing<br \/>\nPackage\uff1aSmall White Box<br \/>\nOEM\uff1aAvailable<br \/>\nLife Span\uff1aMore than 3000h<br \/>\nWarranty\uff1a1 year<br \/>\nCar Make\uff1aUniversal<br \/>\nCertification\uff1aCE ROSH IP67<br \/>\nPlace of Origin:Guangdong, China<br \/>\nLead-time\uff1aAccording to customers order detail<\/p>\n","category_list":"","author_info":{"name":"","url":""},"comments_num":"0 commentaire","uagb_featured_image_src":{"full":["https:\/\/www.liwin-china.com\/wp-content\/uploads\/2026\/03\/LED-Car-License.webp",700,700,false],"thumbnail":["https:\/\/www.liwin-china.com\/wp-content\/uploads\/2026\/03\/LED-Car-License-150x150.webp",150,150,true],"medium":["https:\/\/www.liwin-china.com\/wp-content\/uploads\/2026\/03\/LED-Car-License-300x300.webp",300,300,true],"medium_large":["https:\/\/www.liwin-china.com\/wp-content\/uploads\/2026\/03\/LED-Car-License.webp",700,700,false],"large":["https:\/\/www.liwin-china.com\/wp-content\/uploads\/2026\/03\/LED-Car-License.webp",700,700,false],"1536x1536":["https:\/\/www.liwin-china.com\/wp-content\/uploads\/2026\/03\/LED-Car-License.webp",700,700,false],"2048x2048":["https:\/\/www.liwin-china.com\/wp-content\/uploads\/2026\/03\/LED-Car-License.webp",700,700,false],"trp-custom-language-flag":["https:\/\/www.liwin-china.com\/wp-content\/uploads\/2026\/03\/LED-Car-License-12x12.webp",12,12,true],"woocommerce_archive_thumbnail":["https:\/\/www.liwin-china.com\/wp-content\/uploads\/2026\/03\/LED-Car-License-300x300.webp",300,300,true],"woocommerce_thumbnail":["https:\/\/www.liwin-china.com\/wp-content\/uploads\/2026\/03\/LED-Car-License-300x300.webp",300,300,true],"woocommerce_single":["https:\/\/www.liwin-china.com\/wp-content\/uploads\/2026\/03\/LED-Car-License-600x600.webp",600,600,true],"woocommerce_gallery_thumbnail":["https:\/\/www.liwin-china.com\/wp-content\/uploads\/2026\/03\/LED-Car-License-100x100.webp",100,100,true]},"uagb_author_info":{"display_name":"adminn","author_link":"https:\/\/www.liwin-china.com\/fr\/author\/"},"uagb_comment_info":0,"uagb_excerpt":"Liwiny LW0146 LED Car License Number License Plate Light Lamp Item\uff1aLED License Plate Light OEM Part No.\uff1aLW0146 for Universal Voltage\uff1a12v Power\uff1a0.84W Lumen\uff1a100LM Led Chip\uff1a6SMD 2835 Color Temperature\uff1a6000k Material\uff1a LED Light source +ABS Plastic hoursing Package\uff1aSmall White Box OEM\uff1aAvailable Life Span\uff1aMore than 3000h Warranty\uff1a1 year Car Make\uff1aUniversal Certification\uff1aCE ROSH IP67 Place of Origin:Guangdong, China Lead-time\uff1aAccording to\u2026","_links":{"self":[{"href":"https:\/\/www.liwin-china.com\/fr\/wp-json\/wp\/v2\/product\/72764"}],"collection":[{"href":"https:\/\/www.liwin-china.com\/fr\/wp-json\/wp\/v2\/product"}],"about":[{"href":"https:\/\/www.liwin-china.com\/fr\/wp-json\/wp\/v2\/types\/product"}],"wp:featuredmedia":[{"embeddable":true,"href":"https:\/\/www.liwin-china.com\/fr\/wp-json\/wp\/v2\/media\/72765"}],"wp:attachment":[{"href":"https:\/\/www.liwin-china.com\/fr\/wp-json\/wp\/v2\/media?parent=72764"}],"wp:term":[{"taxonomy":"product_cat","embeddable":true,"href":"https:\/\/www.liwin-china.com\/fr\/wp-json\/wp\/v2\/product_cat?post=72764"},{"taxonomy":"product_tag","embeddable":true,"href":"https:\/\/www.liwin-china.com\/fr\/wp-json\/wp\/v2\/product_tag?post=72764"}],"curies":[{"name":"wp","href":"https:\/\/api.w.org\/{rel}","templated":true}]}}