{"id":53905,"date":"2025-12-01T12:14:15","date_gmt":"2025-12-01T04:14:15","guid":{"rendered":"https:\/\/www.liwin-china.com\/?post_type=product&#038;p=53905"},"modified":"2025-12-03T16:34:08","modified_gmt":"2025-12-03T08:34:08","slug":"liwiny-lf12-remote-control-tri-color-car-headlight-6000k-car-auto-headlamp-led-lights","status":"publish","type":"product","link":"https:\/\/www.liwin-china.com\/fr\/produit\/liwiny-lf12-remote-control-tri-color-car-headlight-6000k-car-auto-headlamp-led-lights\/","title":{"rendered":"Liwiny LF12 Lampe frontale de voiture t\u00e9l\u00e9command\u00e9e tri-couleur 6000K Lampe frontale auto \u00e0 led"},"content":{"rendered":"<p>Liwiny LF12 Lampe frontale de voiture t\u00e9l\u00e9command\u00e9e tri-couleur 6000K Lampe frontale auto \u00e0 led<\/p>\n<p>Nom de marque\uff1aLiwiny<br \/>\nItem\uff1aTri Color Car Headlight,Auto Headlamp Led Lights<br \/>\nNum\u00e9ro de pi\u00e8ce OEM \uff1a<span style=\"color: #ff0000;\">LF12 T\u00e9l\u00e9commande<\/span>\u00a0H1 H3 H7 H11 9005 9006 9012 880 881 5202 H16 H4<br \/>\nTension\uff1a<span style=\"color: #000000;\">12v<\/span><br \/>\nPuissance\uff1a250W<br \/>\nLumen\uff1a35000LM<br \/>\nPuce Led\uff1aCsp<br \/>\nTemp\u00e9rature de couleur\uff1a<span style=\"color: #ff0000;\">3000k+4300k+6000k<\/span><br \/>\nFaisceau\uff1aHigh Low Beam High Power<br \/>\nMati\u00e8re\uff1aAlliage d'aluminium<br \/>\nEmballage\uff1aSmall Color Box<br \/>\nOEM\uff1aAvailable<br \/>\nDur\u00e9e de vie\uff1aPlus de 30000h<br \/>\nGarantie\uff1a1 an<br \/>\nMarque de voiture\uff1aUniversal<br \/>\nCertification\uff1aCE ROSH IP67<br \/>\nLieu d'origine : Guangdong, Chine<br \/>\nD\u00e9lai de livraison\uff1aSelon les d\u00e9tails de la commande du client<\/p>\n<p>&nbsp;<\/p>\n<h1><strong>Pourquoi choisir LIWINY ?<\/strong><\/h1>\n<p><img loading=\"lazy\" decoding=\"async\" class=\"alignnone size-full wp-image-4463\" src=\"https:\/\/www.liwin-china.com\/wp-content\/uploads\/2023\/12\/liwiny-oem-ballast.webp\" alt=\"\" width=\"1980\" height=\"600\" srcset=\"https:\/\/www.liwin-china.com\/wp-content\/uploads\/2023\/12\/liwiny-oem-ballast.webp 1980w, https:\/\/www.liwin-china.com\/wp-content\/uploads\/2023\/12\/liwiny-oem-ballast-300x91.webp 300w, https:\/\/www.liwin-china.com\/wp-content\/uploads\/2023\/12\/liwiny-oem-ballast-1024x310.webp 1024w, https:\/\/www.liwin-china.com\/wp-content\/uploads\/2023\/12\/liwiny-oem-ballast-768x233.webp 768w, https:\/\/www.liwin-china.com\/wp-content\/uploads\/2023\/12\/liwiny-oem-ballast-1536x465.webp 1536w, https:\/\/www.liwin-china.com\/wp-content\/uploads\/2023\/12\/liwiny-oem-ballast-600x182.webp 600w\" sizes=\"(max-width: 1980px) 100vw, 1980px\" \/><\/p>\n<ul>\n<li>Du mat\u00e9riau au produit fini, nous appliquons un contr\u00f4le de qualit\u00e9 strict, garantissant un taux de d\u00e9fectuosit\u00e9 inf\u00e9rieur \u00e0 1%.<\/li>\n<li>Nous acceptons une s\u00e9rie de demandes de personnalisation telles que l'apparence, la puissance, l'entra\u00eenement, le ventilateur, la puce, la couleur, la temp\u00e9rature, le logo et l'emballage.<\/li>\n<li>Nous offrons des garanties de 12 \u00e0 36 mois qui comprennent le remplacement direct. Il n'est pas n\u00e9cessaire de renvoyer les produits d\u00e9fectueux.<\/li>\n<li>Nous nous concentrons sur les tendances du march\u00e9 et d\u00e9veloppons 3 \u00e0 5 nouveaux produits chaque saison.<\/li>\n<\/ul>\n<p>&nbsp;<\/p>\n<h2>Demandez un devis d\u00e8s aujourd'hui !<\/h2>\n<p>Tous les produits LIWINY sont disponibles pour les commandes en vrac ! Si vous souhaitez vendre nos produits ou devenir notre distributeur, n'h\u00e9sitez pas \u00e0 nous contacter, vous b\u00e9n\u00e9ficierez des avantages suivants :<\/p>\n<p>Faible MOQ et livraison rapide<br \/>\nProduits innovants<br \/>\nMeilleur prix de gros<br \/>\nService OEM\/ODM<\/p>","protected":false},"excerpt":{"rendered":"<p>Liwiny LF12 Lampe frontale de voiture t\u00e9l\u00e9command\u00e9e tri-couleur 6000K Lampe frontale auto \u00e0 led<\/p>\n<p>Nom de marque\uff1aLiwiny<br \/>\nItem\uff1aTri Color Car Headlight,Auto Headlamp Led Lights<br \/>\nNum\u00e9ro de pi\u00e8ce OEM \uff1a<span style=\"color: #ff0000;\">LF12 T\u00e9l\u00e9commande<\/span>\u00a0H1 H3 H7 H11 9005 9006 9012 880 881 5202 H16 H4<br \/>\nTension\uff1a<span style=\"color: #000000;\">12v<\/span><br \/>\nPuissance\uff1a250W<br \/>\nLumen\uff1a35000LM<br \/>\nPuce Led\uff1aCsp<br \/>\nTemp\u00e9rature de couleur\uff1a<span style=\"color: #ff0000;\">3000k+4300k+6000k<\/span><\/p>\n<p>Faisceau\uff1aHigh Low Beam High Power<br \/>\nMati\u00e8re\uff1aAlliage d'aluminium<br \/>\nEmballage\uff1aSmall Color Box<br \/>\nOEM\uff1aAvailable<br \/>\nDur\u00e9e de vie\uff1aPlus de 30000h<br \/>\nGarantie\uff1a1 an<br \/>\nMarque de voiture\uff1aUniversal<br \/>\nCertification\uff1aCE ROSH IP67<br \/>\nLieu d'origine : Guangdong, Chine<br \/>\nD\u00e9lai de livraison\uff1aSelon les d\u00e9tails de la commande du client<\/p>","protected":false},"featured_media":53906,"template":"","meta":{"_seopress_robots_primary_cat":"none","_seopress_titles_title":"","_seopress_titles_desc":"","_seopress_robots_index":"","_uag_custom_page_level_css":"","_joinchat":[]},"product_cat":[465,58],"product_tag":[],"featured_image_urls":{"full":["https:\/\/www.liwin-china.com\/wp-content\/uploads\/2025\/12\/led-car-headlight-price.webp",500,551,false],"thumbnail":["https:\/\/www.liwin-china.com\/wp-content\/uploads\/2025\/12\/led-car-headlight-price-150x150.webp",150,150,true],"medium":["https:\/\/www.liwin-china.com\/wp-content\/uploads\/2025\/12\/led-car-headlight-price-272x300.webp",272,300,true],"medium_large":["https:\/\/www.liwin-china.com\/wp-content\/uploads\/2025\/12\/led-car-headlight-price.webp",500,551,false],"large":["https:\/\/www.liwin-china.com\/wp-content\/uploads\/2025\/12\/led-car-headlight-price.webp",500,551,false],"1536x1536":["https:\/\/www.liwin-china.com\/wp-content\/uploads\/2025\/12\/led-car-headlight-price.webp",500,551,false],"2048x2048":["https:\/\/www.liwin-china.com\/wp-content\/uploads\/2025\/12\/led-car-headlight-price.webp",500,551,false],"trp-custom-language-flag":["https:\/\/www.liwin-china.com\/wp-content\/uploads\/2025\/12\/led-car-headlight-price-11x12.webp",11,12,true],"woocommerce_archive_thumbnail":["https:\/\/www.liwin-china.com\/wp-content\/uploads\/2025\/12\/led-car-headlight-price-300x331.webp",300,331,true],"woocommerce_thumbnail":["https:\/\/www.liwin-china.com\/wp-content\/uploads\/2025\/12\/led-car-headlight-price-300x331.webp",300,331,true],"woocommerce_single":["https:\/\/www.liwin-china.com\/wp-content\/uploads\/2025\/12\/led-car-headlight-price.webp",500,551,false],"woocommerce_gallery_thumbnail":["https:\/\/www.liwin-china.com\/wp-content\/uploads\/2025\/12\/led-car-headlight-price-100x100.webp",100,100,true]},"post_excerpt_stackable":"<p>Liwiny LF12 Remote control Tri Color Car Headlight 6000K Car Auto Headlamp Led Lights<\/p>\n<p>Brand Name\uff1aLiwiny<br \/>\nItem\uff1aTri Color Car Headlight,Car Auto Headlamp Led Lights<br \/>\nOEM Part No.\uff1a<span style=\"color: #ff0000;\">LF12 Remote control<\/span>\u00a0H1 H3 H7 H11 9005 9006 9012 880 881 5202 H16 H4<br \/>\nVoltage\uff1a<span style=\"color: #000000;\">12v<\/span><br \/>\nPower\uff1a250W<br \/>\nLumen\uff1a35000LM<br \/>\nLed Chip\uff1aCsp<br \/>\nColor Temperature\uff1a<span style=\"color: #ff0000;\">3000k+4300k+6000k<\/span><\/p>\n<p>Beam\uff1aHigh Low Beam High Power<br \/>\nMaterial\uff1aAluminium Alloy<br \/>\nPackage\uff1aSmall Color Box<br \/>\nOEM\uff1aAvailable<br \/>\nLife Span\uff1aMore than 30000h<br \/>\nWarranty\uff1a1 year<br \/>\nCar Make\uff1aUniversal<br \/>\nCertification\uff1aCE ROSH IP67<br \/>\nPlace of Origin:Guangdong, China<br \/>\nLead-time\uff1aAccording to customers order detail<\/p>\n","category_list":"","author_info":{"name":"","url":""},"comments_num":"0 commentaire","uagb_featured_image_src":{"full":["https:\/\/www.liwin-china.com\/wp-content\/uploads\/2025\/12\/led-car-headlight-price.webp",500,551,false],"thumbnail":["https:\/\/www.liwin-china.com\/wp-content\/uploads\/2025\/12\/led-car-headlight-price-150x150.webp",150,150,true],"medium":["https:\/\/www.liwin-china.com\/wp-content\/uploads\/2025\/12\/led-car-headlight-price-272x300.webp",272,300,true],"medium_large":["https:\/\/www.liwin-china.com\/wp-content\/uploads\/2025\/12\/led-car-headlight-price.webp",500,551,false],"large":["https:\/\/www.liwin-china.com\/wp-content\/uploads\/2025\/12\/led-car-headlight-price.webp",500,551,false],"1536x1536":["https:\/\/www.liwin-china.com\/wp-content\/uploads\/2025\/12\/led-car-headlight-price.webp",500,551,false],"2048x2048":["https:\/\/www.liwin-china.com\/wp-content\/uploads\/2025\/12\/led-car-headlight-price.webp",500,551,false],"trp-custom-language-flag":["https:\/\/www.liwin-china.com\/wp-content\/uploads\/2025\/12\/led-car-headlight-price-11x12.webp",11,12,true],"woocommerce_archive_thumbnail":["https:\/\/www.liwin-china.com\/wp-content\/uploads\/2025\/12\/led-car-headlight-price-300x331.webp",300,331,true],"woocommerce_thumbnail":["https:\/\/www.liwin-china.com\/wp-content\/uploads\/2025\/12\/led-car-headlight-price-300x331.webp",300,331,true],"woocommerce_single":["https:\/\/www.liwin-china.com\/wp-content\/uploads\/2025\/12\/led-car-headlight-price.webp",500,551,false],"woocommerce_gallery_thumbnail":["https:\/\/www.liwin-china.com\/wp-content\/uploads\/2025\/12\/led-car-headlight-price-100x100.webp",100,100,true]},"uagb_author_info":{"display_name":"adminn","author_link":"https:\/\/www.liwin-china.com\/fr\/author\/"},"uagb_comment_info":0,"uagb_excerpt":"Liwiny LF12 Remote control Tri Color Car Headlight 6000K Car Auto Headlamp Led Lights Brand Name\uff1aLiwiny Item\uff1aTri Color Car Headlight,Car Auto Headlamp Led Lights OEM Part No.\uff1aLF12 Remote control\u00a0H1 H3 H7 H11 9005 9006 9012 880 881 5202 H16 H4 Voltage\uff1a12v Power\uff1a250W Lumen\uff1a35000LM Led Chip\uff1aCsp Color Temperature\uff1a3000k+4300k+6000k Beam\uff1aHigh Low Beam High Power Material\uff1aAluminium Alloy Package\uff1aSmall\u2026","_links":{"self":[{"href":"https:\/\/www.liwin-china.com\/fr\/wp-json\/wp\/v2\/product\/53905"}],"collection":[{"href":"https:\/\/www.liwin-china.com\/fr\/wp-json\/wp\/v2\/product"}],"about":[{"href":"https:\/\/www.liwin-china.com\/fr\/wp-json\/wp\/v2\/types\/product"}],"wp:featuredmedia":[{"embeddable":true,"href":"https:\/\/www.liwin-china.com\/fr\/wp-json\/wp\/v2\/media\/53906"}],"wp:attachment":[{"href":"https:\/\/www.liwin-china.com\/fr\/wp-json\/wp\/v2\/media?parent=53905"}],"wp:term":[{"taxonomy":"product_cat","embeddable":true,"href":"https:\/\/www.liwin-china.com\/fr\/wp-json\/wp\/v2\/product_cat?post=53905"},{"taxonomy":"product_tag","embeddable":true,"href":"https:\/\/www.liwin-china.com\/fr\/wp-json\/wp\/v2\/product_tag?post=53905"}],"curies":[{"name":"wp","href":"https:\/\/api.w.org\/{rel}","templated":true}]}}