{"id":5358,"date":"2024-06-06T20:46:51","date_gmt":"2024-06-06T12:46:51","guid":{"rendered":"https:\/\/www.liwin-china.com\/?post_type=product&#038;p=5358"},"modified":"2026-04-17T19:34:17","modified_gmt":"2026-04-17T11:34:17","slug":"liwiny-t15-led-light-w16w-921-t16-4014-45smd-super-bright-reversing-lights-white-red-amber-canbus-bulb-for-car-led-t15","status":"publish","type":"product","link":"https:\/\/www.liwin-china.com\/fr\/produit\/liwiny-t15-led-light-w16w-921-t16-4014-45smd-super-bright-reversing-lights-white-red-amber-canbus-bulb-for-car-led-t15\/","title":{"rendered":"Liwiny t15 led light w16w 921 T16 4014 45smd super bright Reversing lights white red amber canbus bulb for car led t15"},"content":{"rendered":"<p>Liwiny t15 led light w16w 921 T16 4014 45smd super bright Reversing lights white red amber canbus bulb for car led t15<\/p>\n<p>Nom de marque\uff1aLiwiny<\/p>\n<p>Item\uff1acar trunlight reverse light<br \/>\nOEM Part No.\uff1aT16 T20 S25 4014 45smd<br \/>\nTension\uff1a12v<br \/>\nPuissance\uff1a10W<br \/>\nLumen\uff1a1700LM<br \/>\nPuce Led\uff1a4014 smd<\/p>\n<p>Led Qty\uff1a45 pcs<br \/>\nTemp\u00e9rature de couleur\uff1aWhite<\/p>\n<p>Douille utile\uff1aT15 T16 W16W 912 912<\/p>\n<p>Mati\u00e8re\uff1aAlliage d'aluminium<br \/>\nEmballage\uff1aSmall Color Box<br \/>\nOEM\uff1aAvailable<br \/>\nDur\u00e9e de vie\uff1aPlus de 30000h<br \/>\nGarantie\uff1a1 an<br \/>\nMarque de voiture\uff1aUniversal<br \/>\nLieu d'origine : Guangdong, Chine<br \/>\nD\u00e9lai de livraison\uff1aSelon les d\u00e9tails de la commande du client<\/p>\n<p>&nbsp;<\/p>\n<p>Fonction\uff1a<span class=\"magic-16\" data-spm-anchor-id=\"a2700.details.0.i101.6c827f69FPcQq3\">Pas d'Hyper Flash ; plus lumineux 200% ;<\/span><\/p>\n<div data-spm-anchor-id=\"a2700.pc-decorate.0.i96.4dbf3333oJtTj4\"><span class=\"magic-16\">Dissipation rapide de la chaleur ;<\/span><\/div>\n<div data-spm-anchor-id=\"a2700.pc-decorate.0.i96.4dbf3333oJtTj4\"><span class=\"magic-16\">Aluminium aviation 6063<br \/>\n<\/span><\/p>\n<div data-spm-anchor-id=\"a2700.pc-decorate.0.i93.4dbf3333oJtTj4\">\n<p><span class=\"magic-16\">Plug and Play;100% Canbus ;<\/span><\/p>\n<div data-spm-anchor-id=\"a2700.pc-decorate.0.i88.4dbf3333oJtTj4\"><span class=\"magic-16\">Taille de l'\u00e9talon halog\u00e8ne mondial ;<\/span><\/div>\n<div data-spm-anchor-id=\"a2700.pc-decorate.0.i88.4dbf3333oJtTj4\"><span class=\"magic-16\">R\u00e9gulation de la temp\u00e9rature dans l'automobile ;<\/span><\/div>\n<div data-spm-anchor-id=\"a2700.pc-decorate.0.i88.4dbf3333oJtTj4\"><span class=\"magic-16\">Anti-Hyper Flash ; aluminium thermique creux ;<\/span><\/div>\n<\/div>\n<\/div>\n<div data-spm-anchor-id=\"a2700.pc-decorate.0.i88.4dbf3333oJtTj4\"><\/div>\n<div data-spm-anchor-id=\"a2700.pc-decorate.0.i88.4dbf3333oJtTj4\"><\/div>\n<div data-spm-anchor-id=\"a2700.pc-decorate.0.i96.4dbf3333oJtTj4\">\n<div data-spm-anchor-id=\"a2700.pc-decorate.0.i88.4dbf3333oJtTj4\">NOTE :<br \/>\n1) Le prix est bas\u00e9 sur le mode d'\u00e9clairage. Veuillez nous contacter si vous avez besoin d'un mode stroboscopique.<br \/>\n2) Veuillez nous rappeler si vous avez besoin d'une tension sp\u00e9ciale pour des v\u00e9hicules particuliers.<br \/>\n3) Si vous avez besoin d'un canbus int\u00e9gr\u00e9, veuillez nous contacter pour plus de d\u00e9tails.<br \/>\n4) En g\u00e9n\u00e9ral, nous emballons gratuitement les produits dans un sac antistatique, mais si vous avez besoin d'un emballage personnalis\u00e9, veuillez nous contacter.<\/div>\n<\/div>\n<p>&nbsp;<\/p>\n<h1><strong>Pourquoi choisir LIWINY ?<\/strong><\/h1>\n<p><img loading=\"lazy\" decoding=\"async\" class=\"alignnone size-full wp-image-4463\" src=\"https:\/\/www.liwin-china.com\/wp-content\/uploads\/2023\/12\/liwiny-oem-ballast.webp\" alt=\"\" width=\"1980\" height=\"600\" srcset=\"https:\/\/www.liwin-china.com\/wp-content\/uploads\/2023\/12\/liwiny-oem-ballast.webp 1980w, https:\/\/www.liwin-china.com\/wp-content\/uploads\/2023\/12\/liwiny-oem-ballast-300x91.webp 300w, https:\/\/www.liwin-china.com\/wp-content\/uploads\/2023\/12\/liwiny-oem-ballast-1024x310.webp 1024w, https:\/\/www.liwin-china.com\/wp-content\/uploads\/2023\/12\/liwiny-oem-ballast-768x233.webp 768w, https:\/\/www.liwin-china.com\/wp-content\/uploads\/2023\/12\/liwiny-oem-ballast-1536x465.webp 1536w, https:\/\/www.liwin-china.com\/wp-content\/uploads\/2023\/12\/liwiny-oem-ballast-600x182.webp 600w\" sizes=\"(max-width: 1980px) 100vw, 1980px\" \/><\/p>\n<ul>\n<li>Du mat\u00e9riau au produit fini, nous appliquons un contr\u00f4le de qualit\u00e9 strict, garantissant un taux de d\u00e9fectuosit\u00e9 inf\u00e9rieur \u00e0 1%.<\/li>\n<li>Nous acceptons une s\u00e9rie de demandes de personnalisation telles que l'apparence, la puissance, l'entra\u00eenement, le ventilateur, la puce, la couleur, la temp\u00e9rature, le logo et l'emballage.<\/li>\n<li>Nous offrons des garanties de 12 \u00e0 36 mois qui comprennent le remplacement direct. Il n'est pas n\u00e9cessaire de renvoyer les produits d\u00e9fectueux.<\/li>\n<li>Nous nous concentrons sur les tendances du march\u00e9 et d\u00e9veloppons 3 \u00e0 5 nouveaux produits chaque saison.<\/li>\n<\/ul>\n<p>&nbsp;<\/p>\n<h2>Demandez un devis d\u00e8s aujourd'hui !<\/h2>\n<p>Tous les produits LIWINY sont disponibles pour les commandes en vrac ! Si vous souhaitez vendre nos produits ou devenir notre distributeur, n'h\u00e9sitez pas \u00e0 nous contacter, vous b\u00e9n\u00e9ficierez des avantages suivants :<\/p>\n<p>Faible MOQ et livraison rapide<br \/>\nProduits innovants<br \/>\nMeilleur prix de gros<br \/>\nService OEM\/ODM<\/p>","protected":false},"excerpt":{"rendered":"<p>Nom de marque\uff1aLiwiny<\/p>\n<p>Item\uff1acar trunlight reverse light<br \/>\nOEM Part No.\uff1aT16 T20 S25 4014 45smd<br \/>\nTension\uff1a12v<br \/>\nPuissance\uff1a10W<br \/>\nLumen\uff1a1700LM<br \/>\nPuce Led\uff1a4014 smd<\/p>\n<p>Led Qty\uff1a45 pcs<br \/>\nTemp\u00e9rature de couleur\uff1aWhite<\/p>\n<p>Douille utile\uff1aT15 T16 W16W 912 912<\/p>\n<p>Mati\u00e8re\uff1aAlliage d'aluminium<br \/>\nEmballage\uff1aSmall Color Box<br \/>\nOEM\uff1aAvailable<br \/>\nDur\u00e9e de vie\uff1aPlus de 30000h<br \/>\nGarantie\uff1a1 an<br \/>\nMarque de voiture\uff1aUniversal<br \/>\nLieu d'origine : Guangdong, Chine<br \/>\nD\u00e9lai de livraison\uff1aSelon les d\u00e9tails de la commande du client<\/p>","protected":false},"featured_media":5364,"template":"","meta":{"_seopress_robots_primary_cat":"none","_seopress_titles_title":"","_seopress_titles_desc":"","_seopress_robots_index":"","_uag_custom_page_level_css":"","_joinchat":[]},"product_cat":[475,77],"product_tag":[],"featured_image_urls":{"full":["https:\/\/www.liwin-china.com\/wp-content\/uploads\/2024\/06\/w16w-921-T16-4014-45smd-super-bright-Reversing-lights.webp",800,800,false],"thumbnail":["https:\/\/www.liwin-china.com\/wp-content\/uploads\/2024\/06\/w16w-921-T16-4014-45smd-super-bright-Reversing-lights-150x150.webp",150,150,true],"medium":["https:\/\/www.liwin-china.com\/wp-content\/uploads\/2024\/06\/w16w-921-T16-4014-45smd-super-bright-Reversing-lights-300x300.webp",300,300,true],"medium_large":["https:\/\/www.liwin-china.com\/wp-content\/uploads\/2024\/06\/w16w-921-T16-4014-45smd-super-bright-Reversing-lights-768x768.webp",768,768,true],"large":["https:\/\/www.liwin-china.com\/wp-content\/uploads\/2024\/06\/w16w-921-T16-4014-45smd-super-bright-Reversing-lights.webp",800,800,false],"1536x1536":["https:\/\/www.liwin-china.com\/wp-content\/uploads\/2024\/06\/w16w-921-T16-4014-45smd-super-bright-Reversing-lights.webp",800,800,false],"2048x2048":["https:\/\/www.liwin-china.com\/wp-content\/uploads\/2024\/06\/w16w-921-T16-4014-45smd-super-bright-Reversing-lights.webp",800,800,false],"trp-custom-language-flag":["https:\/\/www.liwin-china.com\/wp-content\/uploads\/2024\/06\/w16w-921-T16-4014-45smd-super-bright-Reversing-lights.webp",12,12,false],"woocommerce_archive_thumbnail":["https:\/\/www.liwin-china.com\/wp-content\/uploads\/2024\/06\/w16w-921-T16-4014-45smd-super-bright-Reversing-lights-300x300.webp",300,300,true],"woocommerce_thumbnail":["https:\/\/www.liwin-china.com\/wp-content\/uploads\/2024\/06\/w16w-921-T16-4014-45smd-super-bright-Reversing-lights-300x300.webp",300,300,true],"woocommerce_single":["https:\/\/www.liwin-china.com\/wp-content\/uploads\/2024\/06\/w16w-921-T16-4014-45smd-super-bright-Reversing-lights-600x600.webp",600,600,true],"woocommerce_gallery_thumbnail":["https:\/\/www.liwin-china.com\/wp-content\/uploads\/2024\/06\/w16w-921-T16-4014-45smd-super-bright-Reversing-lights-100x100.webp",100,100,true]},"post_excerpt_stackable":"<p>Brand Name\uff1aLiwiny<\/p>\n<p>Item\uff1acar trunlight reverse light<br \/>\nOEM Part No.\uff1aT16 T20 S25 4014 45smd<br \/>\nVoltage\uff1a12v<br \/>\nPower\uff1a10W<br \/>\nLumen\uff1a1700LM<br \/>\nLed Chip\uff1a4014 smd<\/p>\n<p>Led Qty\uff1a45 pcs<br \/>\nColor Temperature\uff1aWhite<\/p>\n<p>Useful Socket\uff1aT15 T16 W16W 912 912<\/p>\n<p>Material\uff1aAluminium Alloy<br \/>\nPackage\uff1aSmall Color Box<br \/>\nOEM\uff1aAvailable<br \/>\nLife Span\uff1aMore than 30000h<br \/>\nWarranty\uff1a1 year<br \/>\nCar Make\uff1aUniversal<br \/>\nPlace of Origin:Guangdong, China<br \/>\nLead-time\uff1aAccording to customers order detail<\/p>\n","category_list":"","author_info":{"name":"","url":""},"comments_num":"0 commentaire","uagb_featured_image_src":{"full":["https:\/\/www.liwin-china.com\/wp-content\/uploads\/2024\/06\/w16w-921-T16-4014-45smd-super-bright-Reversing-lights.webp",800,800,false],"thumbnail":["https:\/\/www.liwin-china.com\/wp-content\/uploads\/2024\/06\/w16w-921-T16-4014-45smd-super-bright-Reversing-lights-150x150.webp",150,150,true],"medium":["https:\/\/www.liwin-china.com\/wp-content\/uploads\/2024\/06\/w16w-921-T16-4014-45smd-super-bright-Reversing-lights-300x300.webp",300,300,true],"medium_large":["https:\/\/www.liwin-china.com\/wp-content\/uploads\/2024\/06\/w16w-921-T16-4014-45smd-super-bright-Reversing-lights-768x768.webp",768,768,true],"large":["https:\/\/www.liwin-china.com\/wp-content\/uploads\/2024\/06\/w16w-921-T16-4014-45smd-super-bright-Reversing-lights.webp",800,800,false],"1536x1536":["https:\/\/www.liwin-china.com\/wp-content\/uploads\/2024\/06\/w16w-921-T16-4014-45smd-super-bright-Reversing-lights.webp",800,800,false],"2048x2048":["https:\/\/www.liwin-china.com\/wp-content\/uploads\/2024\/06\/w16w-921-T16-4014-45smd-super-bright-Reversing-lights.webp",800,800,false],"trp-custom-language-flag":["https:\/\/www.liwin-china.com\/wp-content\/uploads\/2024\/06\/w16w-921-T16-4014-45smd-super-bright-Reversing-lights.webp",12,12,false],"woocommerce_archive_thumbnail":["https:\/\/www.liwin-china.com\/wp-content\/uploads\/2024\/06\/w16w-921-T16-4014-45smd-super-bright-Reversing-lights-300x300.webp",300,300,true],"woocommerce_thumbnail":["https:\/\/www.liwin-china.com\/wp-content\/uploads\/2024\/06\/w16w-921-T16-4014-45smd-super-bright-Reversing-lights-300x300.webp",300,300,true],"woocommerce_single":["https:\/\/www.liwin-china.com\/wp-content\/uploads\/2024\/06\/w16w-921-T16-4014-45smd-super-bright-Reversing-lights-600x600.webp",600,600,true],"woocommerce_gallery_thumbnail":["https:\/\/www.liwin-china.com\/wp-content\/uploads\/2024\/06\/w16w-921-T16-4014-45smd-super-bright-Reversing-lights-100x100.webp",100,100,true]},"uagb_author_info":{"display_name":"adminn","author_link":"https:\/\/www.liwin-china.com\/fr\/author\/"},"uagb_comment_info":0,"uagb_excerpt":"Brand Name\uff1aLiwiny Item\uff1acar trunlight reverse light OEM Part No.\uff1aT16 T20 S25 4014 45smd Voltage\uff1a12v Power\uff1a10W Lumen\uff1a1700LM Led Chip\uff1a4014 smd Led Qty\uff1a45 pcs Color Temperature\uff1aWhite Useful Socket\uff1aT15 T16 W16W 912 912 Material\uff1aAluminium Alloy Package\uff1aSmall Color Box OEM\uff1aAvailable Life Span\uff1aMore than 30000h Warranty\uff1a1 year Car Make\uff1aUniversal Place of Origin:Guangdong, China Lead-time\uff1aAccording to customers order detail","_links":{"self":[{"href":"https:\/\/www.liwin-china.com\/fr\/wp-json\/wp\/v2\/product\/5358"}],"collection":[{"href":"https:\/\/www.liwin-china.com\/fr\/wp-json\/wp\/v2\/product"}],"about":[{"href":"https:\/\/www.liwin-china.com\/fr\/wp-json\/wp\/v2\/types\/product"}],"wp:featuredmedia":[{"embeddable":true,"href":"https:\/\/www.liwin-china.com\/fr\/wp-json\/wp\/v2\/media\/5364"}],"wp:attachment":[{"href":"https:\/\/www.liwin-china.com\/fr\/wp-json\/wp\/v2\/media?parent=5358"}],"wp:term":[{"taxonomy":"product_cat","embeddable":true,"href":"https:\/\/www.liwin-china.com\/fr\/wp-json\/wp\/v2\/product_cat?post=5358"},{"taxonomy":"product_tag","embeddable":true,"href":"https:\/\/www.liwin-china.com\/fr\/wp-json\/wp\/v2\/product_tag?post=5358"}],"curies":[{"name":"wp","href":"https:\/\/api.w.org\/{rel}","templated":true}]}}