{"id":4062,"date":"2023-12-16T15:46:44","date_gmt":"2023-12-16T07:46:44","guid":{"rendered":"https:\/\/www.liwin-china.com\/?post_type=product&#038;p=4062"},"modified":"2024-12-04T19:15:53","modified_gmt":"2024-12-04T11:15:53","slug":"for-bmw-f10-taillights","status":"publish","type":"product","link":"https:\/\/www.liwin-china.com\/fr\/produit\/for-bmw-f10-taillights\/","title":{"rendered":"pour BMW F10 Feux arri\u00e8re"},"content":{"rendered":"<p>Liwny Auto - Vente \u00e0 chaud pour BMW s\u00e9rie 5 F10 Ensemble de feux arri\u00e8re 2011-2017 LED Retrofit New Style Rear Lights<\/p>\n<p>Nom de marque\uff1aLiwiny<br \/>\nNum\u00e9ro de mod\u00e8le\uff1apour les feux arri\u00e8re de BMW F10<br \/>\nMod\u00e8le r\u00e9duit\uff1apour BMW F10 Taillights<br \/>\nProduct Name\uff1aCar Led Tail Light<br \/>\nTension\uff1a12V<br \/>\nPuissance\uff1a36W<br \/>\nCondition\uff1aNew<br \/>\nInstallation\uff1aPlug+Play<br \/>\nFitment\uff1a100% Fitment<br \/>\nEmballage\uff1aStandard Carton Box<br \/>\nGarantie\uff1a1 an<br \/>\nLieu d'origine : Guangdong, Chine<br \/>\nLead-time\uff1aFor Bmw F10 Taillights,Taillights For Bmw F10,Led Taillights For Bmw F10<\/p>","protected":false},"excerpt":{"rendered":"<p>Nom de marque\uff1aLiwiny<br \/>\nNum\u00e9ro de mod\u00e8le\uff1apour les feux arri\u00e8re de BMW F10<br \/>\nMod\u00e8le r\u00e9duit\uff1apour BMW F10 Taillights<br \/>\nProduct Name\uff1aCar Led Tail Light<br \/>\nTension\uff1a12V<br \/>\nPuissance\uff1a36W<br \/>\nCondition\uff1aNew<br \/>\nInstallation\uff1aPlug+Play<br \/>\nFitment\uff1a100% Fitment<br \/>\nEmballage\uff1aStandard Carton Box<br \/>\nGarantie\uff1a1 an<br \/>\nLieu d'origine : Guangdong, Chine<br \/>\nLead-time\uff1aFor Bmw F10 Taillights,Taillights For Bmw F10,Led Taillights For Bmw F10<\/p>","protected":false},"featured_media":4066,"template":"","meta":{"_seopress_robots_primary_cat":"","_seopress_titles_title":"","_seopress_titles_desc":"","_seopress_robots_index":"","_uag_custom_page_level_css":"","_joinchat":[]},"product_cat":[455],"product_tag":[],"featured_image_urls":{"full":["https:\/\/www.liwin-china.com\/wp-content\/uploads\/2023\/12\/for-BMW-F10-Taillights-2.webp",750,750,false],"thumbnail":["https:\/\/www.liwin-china.com\/wp-content\/uploads\/2023\/12\/for-BMW-F10-Taillights-2-150x150.webp",150,150,true],"medium":["https:\/\/www.liwin-china.com\/wp-content\/uploads\/2023\/12\/for-BMW-F10-Taillights-2-300x300.webp",300,300,true],"medium_large":["https:\/\/www.liwin-china.com\/wp-content\/uploads\/2023\/12\/for-BMW-F10-Taillights-2.webp",750,750,false],"large":["https:\/\/www.liwin-china.com\/wp-content\/uploads\/2023\/12\/for-BMW-F10-Taillights-2.webp",750,750,false],"1536x1536":["https:\/\/www.liwin-china.com\/wp-content\/uploads\/2023\/12\/for-BMW-F10-Taillights-2.webp",750,750,false],"2048x2048":["https:\/\/www.liwin-china.com\/wp-content\/uploads\/2023\/12\/for-BMW-F10-Taillights-2.webp",750,750,false],"trp-custom-language-flag":["https:\/\/www.liwin-china.com\/wp-content\/uploads\/2023\/12\/for-BMW-F10-Taillights-2.webp",12,12,false],"woocommerce_archive_thumbnail":["https:\/\/www.liwin-china.com\/wp-content\/uploads\/2023\/12\/for-BMW-F10-Taillights-2-300x300.webp",300,300,true],"woocommerce_thumbnail":["https:\/\/www.liwin-china.com\/wp-content\/uploads\/2023\/12\/for-BMW-F10-Taillights-2-300x300.webp",300,300,true],"woocommerce_single":["https:\/\/www.liwin-china.com\/wp-content\/uploads\/2023\/12\/for-BMW-F10-Taillights-2-600x600.webp",600,600,true],"woocommerce_gallery_thumbnail":["https:\/\/www.liwin-china.com\/wp-content\/uploads\/2023\/12\/for-BMW-F10-Taillights-2-100x100.webp",100,100,true]},"post_excerpt_stackable":"<p>Brand Name\uff1aLiwiny<br \/>\nModel Number\uff1afor BMW F10 Taillights<br \/>\nCar Model\uff1afor BMW F10 Taillights<br \/>\nProduct Name\uff1aCar Led Tail Light<br \/>\nVoltage\uff1a12V<br \/>\nPower\uff1a36W<br \/>\nCondition\uff1aNew<br \/>\nInstallation\uff1aPlug+Play<br \/>\nFitment\uff1a100% Fitment<br \/>\nPackage\uff1aStandard Carton Box<br \/>\nWarranty\uff1a1 year<br \/>\nPlace of Origin:Guangdong, China<br \/>\nLead-time\uff1aFor Bmw F10 Taillights,Taillights For Bmw F10,Led Taillights For Bmw F10<\/p>\n","category_list":"","author_info":{"name":"","url":""},"comments_num":"0 commentaire","uagb_featured_image_src":{"full":["https:\/\/www.liwin-china.com\/wp-content\/uploads\/2023\/12\/for-BMW-F10-Taillights-2.webp",750,750,false],"thumbnail":["https:\/\/www.liwin-china.com\/wp-content\/uploads\/2023\/12\/for-BMW-F10-Taillights-2-150x150.webp",150,150,true],"medium":["https:\/\/www.liwin-china.com\/wp-content\/uploads\/2023\/12\/for-BMW-F10-Taillights-2-300x300.webp",300,300,true],"medium_large":["https:\/\/www.liwin-china.com\/wp-content\/uploads\/2023\/12\/for-BMW-F10-Taillights-2.webp",750,750,false],"large":["https:\/\/www.liwin-china.com\/wp-content\/uploads\/2023\/12\/for-BMW-F10-Taillights-2.webp",750,750,false],"1536x1536":["https:\/\/www.liwin-china.com\/wp-content\/uploads\/2023\/12\/for-BMW-F10-Taillights-2.webp",750,750,false],"2048x2048":["https:\/\/www.liwin-china.com\/wp-content\/uploads\/2023\/12\/for-BMW-F10-Taillights-2.webp",750,750,false],"trp-custom-language-flag":["https:\/\/www.liwin-china.com\/wp-content\/uploads\/2023\/12\/for-BMW-F10-Taillights-2.webp",12,12,false],"woocommerce_archive_thumbnail":["https:\/\/www.liwin-china.com\/wp-content\/uploads\/2023\/12\/for-BMW-F10-Taillights-2-300x300.webp",300,300,true],"woocommerce_thumbnail":["https:\/\/www.liwin-china.com\/wp-content\/uploads\/2023\/12\/for-BMW-F10-Taillights-2-300x300.webp",300,300,true],"woocommerce_single":["https:\/\/www.liwin-china.com\/wp-content\/uploads\/2023\/12\/for-BMW-F10-Taillights-2-600x600.webp",600,600,true],"woocommerce_gallery_thumbnail":["https:\/\/www.liwin-china.com\/wp-content\/uploads\/2023\/12\/for-BMW-F10-Taillights-2-100x100.webp",100,100,true]},"uagb_author_info":{"display_name":"adminn","author_link":"https:\/\/www.liwin-china.com\/fr\/author\/"},"uagb_comment_info":0,"uagb_excerpt":"Brand Name\uff1aLiwiny Model Number\uff1afor BMW F10 Taillights Car Model\uff1afor BMW F10 Taillights Product Name\uff1aCar Led Tail Light Voltage\uff1a12V Power\uff1a36W Condition\uff1aNew Installation\uff1aPlug+Play Fitment\uff1a100% Fitment Package\uff1aStandard Carton Box Warranty\uff1a1 year Place of Origin:Guangdong, China Lead-time\uff1aFor Bmw F10 Taillights,Taillights For Bmw F10,Led Taillights For Bmw F10","_links":{"self":[{"href":"https:\/\/www.liwin-china.com\/fr\/wp-json\/wp\/v2\/product\/4062"}],"collection":[{"href":"https:\/\/www.liwin-china.com\/fr\/wp-json\/wp\/v2\/product"}],"about":[{"href":"https:\/\/www.liwin-china.com\/fr\/wp-json\/wp\/v2\/types\/product"}],"wp:featuredmedia":[{"embeddable":true,"href":"https:\/\/www.liwin-china.com\/fr\/wp-json\/wp\/v2\/media\/4066"}],"wp:attachment":[{"href":"https:\/\/www.liwin-china.com\/fr\/wp-json\/wp\/v2\/media?parent=4062"}],"wp:term":[{"taxonomy":"product_cat","embeddable":true,"href":"https:\/\/www.liwin-china.com\/fr\/wp-json\/wp\/v2\/product_cat?post=4062"},{"taxonomy":"product_tag","embeddable":true,"href":"https:\/\/www.liwin-china.com\/fr\/wp-json\/wp\/v2\/product_tag?post=4062"}],"curies":[{"name":"wp","href":"https:\/\/api.w.org\/{rel}","templated":true}]}}