{"id":3989,"date":"2023-12-16T13:17:03","date_gmt":"2023-12-16T05:17:03","guid":{"rendered":"https:\/\/www.liwin-china.com\/?post_type=product&#038;p=3989"},"modified":"2024-12-04T19:18:48","modified_gmt":"2024-12-04T11:18:48","slug":"for-bmw-g20-g80-2019-2021-taillights","status":"publish","type":"product","link":"https:\/\/www.liwin-china.com\/fr\/produit\/for-bmw-g20-g80-2019-2021-taillights\/","title":{"rendered":"pour bmw g20 g80 2019-2021 feux arriere"},"content":{"rendered":"<p>Liwny Auto Car Systems Feux arri\u00e8re pour BMW G20 G80 19-21<br \/>\nFeu arri\u00e8re \u00e0 diodes \u00e9lectroluminescentes (LED) pour l'\u00e9caille de dragon<\/p>\n<p>Nom de marque\uff1aLiwiny<br \/>\nNum\u00e9ro de mod\u00e8le\uff1afor bmw g20 g80 2019-2021 taillights<br \/>\nMod\u00e8le de voiture\uff1afor bmw g20 g80 2019-2021 taillights<br \/>\nProduct Name\uff1aCar Led Tail Light<br \/>\nType\uff1aLes feux arri\u00e8re \u00e0 LED modifi\u00e9s<br \/>\nFonction\uff1aTurn Light+Brake Light<br \/>\nDRL\uff1aLED Feu de jour rouge<br \/>\nTension\uff1a12V<br \/>\nPuissance\uff1a36W<br \/>\nCondition\uff1aNew<br \/>\nInstallation\uff1aPlug+Play<br \/>\nEmballage\uff1aStandard Carton Box<br \/>\nGarantie\uff1a1 an<br \/>\nLieu d'origine : Guangdong, Chine<br \/>\nD\u00e9lai de livraison\uff1aSelon les d\u00e9tails de la commande du client<br \/>\nKeword\uff1aFor Bmw G20 G80 Taillight,Feu arri\u00e8re style Gts pour Bmw G20 G80,Led Rear Lights For Bmw G20 G80<\/p>","protected":false},"excerpt":{"rendered":"<p>Nom de marque\uff1aLiwiny<br \/>\nNum\u00e9ro de mod\u00e8le\uff1afor bmw g20 g80 2019-2021 taillights<br \/>\nMod\u00e8le de voiture\uff1afor bmw g20 g80 2019-2021 taillights<br \/>\nProduct Name\uff1aCar Led Tail Light<br \/>\nType\uff1aLes feux arri\u00e8re \u00e0 LED modifi\u00e9s<br \/>\nFonction\uff1aTurn Light+Brake Light<br \/>\nDRL\uff1aLED Feu de jour rouge<br \/>\nTension\uff1a12V<br \/>\nPuissance\uff1a36W<br \/>\nCondition\uff1aNew<br \/>\nInstallation\uff1aPlug+Play<br \/>\nEmballage\uff1aStandard Carton Box<br \/>\nGarantie\uff1a1 an<br \/>\nLieu d'origine : Guangdong, Chine<br \/>\nD\u00e9lai de livraison\uff1aSelon les d\u00e9tails de la commande du client<br \/>\nKeword\uff1aFor Bmw G20 G80 Taillight,Feu arri\u00e8re style Gts pour Bmw G20 G80,Led Rear Lights For Bmw G20 G80<\/p>","protected":false},"featured_media":3995,"template":"","meta":{"_seopress_robots_primary_cat":"","_seopress_titles_title":"","_seopress_titles_desc":"","_seopress_robots_index":"","_uag_custom_page_level_css":"","_joinchat":[]},"product_cat":[455],"product_tag":[],"featured_image_urls":{"full":["https:\/\/www.liwin-china.com\/wp-content\/uploads\/2023\/12\/for-bmw-g20-g80-2019-2021-taillights-4.webp",750,750,false],"thumbnail":["https:\/\/www.liwin-china.com\/wp-content\/uploads\/2023\/12\/for-bmw-g20-g80-2019-2021-taillights-4-150x150.webp",150,150,true],"medium":["https:\/\/www.liwin-china.com\/wp-content\/uploads\/2023\/12\/for-bmw-g20-g80-2019-2021-taillights-4-300x300.webp",300,300,true],"medium_large":["https:\/\/www.liwin-china.com\/wp-content\/uploads\/2023\/12\/for-bmw-g20-g80-2019-2021-taillights-4.webp",750,750,false],"large":["https:\/\/www.liwin-china.com\/wp-content\/uploads\/2023\/12\/for-bmw-g20-g80-2019-2021-taillights-4.webp",750,750,false],"1536x1536":["https:\/\/www.liwin-china.com\/wp-content\/uploads\/2023\/12\/for-bmw-g20-g80-2019-2021-taillights-4.webp",750,750,false],"2048x2048":["https:\/\/www.liwin-china.com\/wp-content\/uploads\/2023\/12\/for-bmw-g20-g80-2019-2021-taillights-4.webp",750,750,false],"trp-custom-language-flag":["https:\/\/www.liwin-china.com\/wp-content\/uploads\/2023\/12\/for-bmw-g20-g80-2019-2021-taillights-4.webp",12,12,false],"woocommerce_archive_thumbnail":["https:\/\/www.liwin-china.com\/wp-content\/uploads\/2023\/12\/for-bmw-g20-g80-2019-2021-taillights-4-300x300.webp",300,300,true],"woocommerce_thumbnail":["https:\/\/www.liwin-china.com\/wp-content\/uploads\/2023\/12\/for-bmw-g20-g80-2019-2021-taillights-4-300x300.webp",300,300,true],"woocommerce_single":["https:\/\/www.liwin-china.com\/wp-content\/uploads\/2023\/12\/for-bmw-g20-g80-2019-2021-taillights-4-600x600.webp",600,600,true],"woocommerce_gallery_thumbnail":["https:\/\/www.liwin-china.com\/wp-content\/uploads\/2023\/12\/for-bmw-g20-g80-2019-2021-taillights-4-100x100.webp",100,100,true]},"post_excerpt_stackable":"<p>Brand Name\uff1aLiwiny<br \/>\nModel Number\uff1afor bmw g20 g80 2019-2021 taillights<br \/>\nCar Model\uff1afor bmw g20 g80 2019-2021 taillights<br \/>\nProduct Name\uff1aCar Led Tail Light<br \/>\nType\uff1aModified LED Taillight<br \/>\nFunction\uff1aTurn Light+Brake Light<br \/>\nDRL\uff1aLED Red Day Running Light<br \/>\nVoltage\uff1a12V<br \/>\nPower\uff1a36W<br \/>\nCondition\uff1aNew<br \/>\nInstallation\uff1aPlug+Play<br \/>\nPackage\uff1aStandard Carton Box<br \/>\nWarranty\uff1a1 year<br \/>\nPlace of Origin:Guangdong, China<br \/>\nLead-time\uff1aAccording to customers order detail<br \/>\nKeword\uff1aFor Bmw G20 G80 Taillight,Gts Style Tail Lights For Bmw G20 G80,Led Rear Lights For Bmw G20 G80<\/p>\n","category_list":"","author_info":{"name":"","url":""},"comments_num":"0 commentaire","uagb_featured_image_src":{"full":["https:\/\/www.liwin-china.com\/wp-content\/uploads\/2023\/12\/for-bmw-g20-g80-2019-2021-taillights-4.webp",750,750,false],"thumbnail":["https:\/\/www.liwin-china.com\/wp-content\/uploads\/2023\/12\/for-bmw-g20-g80-2019-2021-taillights-4-150x150.webp",150,150,true],"medium":["https:\/\/www.liwin-china.com\/wp-content\/uploads\/2023\/12\/for-bmw-g20-g80-2019-2021-taillights-4-300x300.webp",300,300,true],"medium_large":["https:\/\/www.liwin-china.com\/wp-content\/uploads\/2023\/12\/for-bmw-g20-g80-2019-2021-taillights-4.webp",750,750,false],"large":["https:\/\/www.liwin-china.com\/wp-content\/uploads\/2023\/12\/for-bmw-g20-g80-2019-2021-taillights-4.webp",750,750,false],"1536x1536":["https:\/\/www.liwin-china.com\/wp-content\/uploads\/2023\/12\/for-bmw-g20-g80-2019-2021-taillights-4.webp",750,750,false],"2048x2048":["https:\/\/www.liwin-china.com\/wp-content\/uploads\/2023\/12\/for-bmw-g20-g80-2019-2021-taillights-4.webp",750,750,false],"trp-custom-language-flag":["https:\/\/www.liwin-china.com\/wp-content\/uploads\/2023\/12\/for-bmw-g20-g80-2019-2021-taillights-4.webp",12,12,false],"woocommerce_archive_thumbnail":["https:\/\/www.liwin-china.com\/wp-content\/uploads\/2023\/12\/for-bmw-g20-g80-2019-2021-taillights-4-300x300.webp",300,300,true],"woocommerce_thumbnail":["https:\/\/www.liwin-china.com\/wp-content\/uploads\/2023\/12\/for-bmw-g20-g80-2019-2021-taillights-4-300x300.webp",300,300,true],"woocommerce_single":["https:\/\/www.liwin-china.com\/wp-content\/uploads\/2023\/12\/for-bmw-g20-g80-2019-2021-taillights-4-600x600.webp",600,600,true],"woocommerce_gallery_thumbnail":["https:\/\/www.liwin-china.com\/wp-content\/uploads\/2023\/12\/for-bmw-g20-g80-2019-2021-taillights-4-100x100.webp",100,100,true]},"uagb_author_info":{"display_name":"adminn","author_link":"https:\/\/www.liwin-china.com\/fr\/author\/"},"uagb_comment_info":0,"uagb_excerpt":"Brand Name\uff1aLiwiny Model Number\uff1afor bmw g20 g80 2019-2021 taillights Car Model\uff1afor bmw g20 g80 2019-2021 taillights Product Name\uff1aCar Led Tail Light Type\uff1aModified LED Taillight Function\uff1aTurn Light+Brake Light DRL\uff1aLED Red Day Running Light Voltage\uff1a12V Power\uff1a36W Condition\uff1aNew Installation\uff1aPlug+Play Package\uff1aStandard Carton Box Warranty\uff1a1 year Place of Origin:Guangdong, China Lead-time\uff1aAccording to customers order detail Keword\uff1aFor Bmw G20 G80 Taillight,Gts\u2026","_links":{"self":[{"href":"https:\/\/www.liwin-china.com\/fr\/wp-json\/wp\/v2\/product\/3989"}],"collection":[{"href":"https:\/\/www.liwin-china.com\/fr\/wp-json\/wp\/v2\/product"}],"about":[{"href":"https:\/\/www.liwin-china.com\/fr\/wp-json\/wp\/v2\/types\/product"}],"wp:featuredmedia":[{"embeddable":true,"href":"https:\/\/www.liwin-china.com\/fr\/wp-json\/wp\/v2\/media\/3995"}],"wp:attachment":[{"href":"https:\/\/www.liwin-china.com\/fr\/wp-json\/wp\/v2\/media?parent=3989"}],"wp:term":[{"taxonomy":"product_cat","embeddable":true,"href":"https:\/\/www.liwin-china.com\/fr\/wp-json\/wp\/v2\/product_cat?post=3989"},{"taxonomy":"product_tag","embeddable":true,"href":"https:\/\/www.liwin-china.com\/fr\/wp-json\/wp\/v2\/product_tag?post=3989"}],"curies":[{"name":"wp","href":"https:\/\/api.w.org\/{rel}","templated":true}]}}