{"id":3896,"date":"2023-12-15T18:17:04","date_gmt":"2023-12-15T10:17:04","guid":{"rendered":"https:\/\/www.liwin-china.com\/?post_type=product&#038;p=3896"},"modified":"2025-12-07T13:55:22","modified_gmt":"2025-12-07T05:55:22","slug":"liwiny-factory-wholesale-auto-truck-canbus-led-headlight-22000lm-car-lights-h1-h4-h7-9005-h11-led-headlight-bulb-for-car","status":"publish","type":"product","link":"https:\/\/www.liwin-china.com\/fr\/produit\/liwiny-factory-wholesale-auto-truck-canbus-led-headlight-22000lm-car-lights-h1-h4-h7-9005-h11-led-headlight-bulb-for-car\/","title":{"rendered":"Liwiny OEM ODM A4H Car Led Lighting H13 H4 9007 9004 H4 H7 H11 9005 9006 H16 880 80W Automobile Led Light Bulb"},"content":{"rendered":"<p>Liwiny Factory Ampoule de phare \u00e0 led pour voiture H1 H4 H7 9005 H11 pour camion canbus 22000lm<\/p>\n<p>Nom de marque\uff1aLiwiny<br \/>\nItem\uff1aLes phares \u00e0 led,Ampoule de phare \u00e0 led,Phare \u00e0 led H4<br \/>\nOEM Part No.\uff1aA4H-H1,H3,H4,H7,H8,H9,H10,H11,H13,HB3,HB4,9004,9005,9006,9007,880,881,H27,5202,H16,9012<br \/>\nTemp\u00e9rature de couleur\uff1a6000K<br \/>\nTension\uff1a12V<br \/>\nPuissance\uff1a80W<br \/>\nLumen\uff1a10000LM<br \/>\nMati\u00e8re\uff1aAlliage d'aluminium<br \/>\nEmballage\uff1aSmall Color Box<br \/>\nOEM\uff1aAvailable<br \/>\nDur\u00e9e de vie\uff1aPlus de 30000h<br \/>\nGarantie\uff1a1 an<br \/>\nMarque de voiture\uff1aUniversal<br \/>\nLieu d'origine : Guangdong, Chine<\/p>\n<p>&nbsp;<\/p>\n<h1><strong>Pourquoi choisir LIWINY ?<\/strong><\/h1>\n<p><img loading=\"lazy\" decoding=\"async\" class=\"alignnone size-full wp-image-4463\" src=\"https:\/\/www.liwin-china.com\/wp-content\/uploads\/2023\/12\/liwiny-oem-ballast.webp\" alt=\"\" width=\"1980\" height=\"600\" srcset=\"https:\/\/www.liwin-china.com\/wp-content\/uploads\/2023\/12\/liwiny-oem-ballast.webp 1980w, https:\/\/www.liwin-china.com\/wp-content\/uploads\/2023\/12\/liwiny-oem-ballast-300x91.webp 300w, https:\/\/www.liwin-china.com\/wp-content\/uploads\/2023\/12\/liwiny-oem-ballast-1024x310.webp 1024w, https:\/\/www.liwin-china.com\/wp-content\/uploads\/2023\/12\/liwiny-oem-ballast-768x233.webp 768w, https:\/\/www.liwin-china.com\/wp-content\/uploads\/2023\/12\/liwiny-oem-ballast-1536x465.webp 1536w, https:\/\/www.liwin-china.com\/wp-content\/uploads\/2023\/12\/liwiny-oem-ballast-600x182.webp 600w\" sizes=\"(max-width: 1980px) 100vw, 1980px\" \/><\/p>\n<ul>\n<li>Du mat\u00e9riau au produit fini, nous appliquons un contr\u00f4le de qualit\u00e9 strict, garantissant un taux de d\u00e9fectuosit\u00e9 inf\u00e9rieur \u00e0 1%.<\/li>\n<li>Nous acceptons une s\u00e9rie de demandes de personnalisation telles que l'apparence, la puissance, l'entra\u00eenement, le ventilateur, la puce, la couleur, la temp\u00e9rature, le logo et l'emballage.<\/li>\n<li>Nous offrons des garanties de 12 \u00e0 36 mois qui comprennent le remplacement direct. Il n'est pas n\u00e9cessaire de renvoyer les produits d\u00e9fectueux.<\/li>\n<li>Nous nous concentrons sur les tendances du march\u00e9 et d\u00e9veloppons 3 \u00e0 5 nouveaux produits chaque saison.<\/li>\n<\/ul>\n<p>&nbsp;<\/p>\n<h2>Demandez un devis d\u00e8s aujourd'hui !<\/h2>\n<p>Tous les produits LIWINY sont disponibles pour les commandes en vrac ! Si vous souhaitez vendre nos produits ou devenir notre distributeur, n'h\u00e9sitez pas \u00e0 nous contacter, vous b\u00e9n\u00e9ficierez des avantages suivants :<\/p>\n<p>Faible MOQ et livraison rapide<br \/>\nProduits innovants<br \/>\nMeilleur prix de gros<br \/>\nService OEM\/ODM<\/p>","protected":false},"excerpt":{"rendered":"<p>Liwiny Factory Ampoule de phare \u00e0 led pour voiture H1 H4 H7 9005 H11 pour camion canbus 22000lm<\/p>\n<p>Nom de marque\uff1aLiwiny<br \/>\nItem\uff1aLes phares \u00e0 led,Ampoule de phare \u00e0 led,Phare \u00e0 led H4<br \/>\nOEM Part No.\uff1aA4H-H1,H3,H4,H7,H8,H9,H10,H11,H13,HB3,HB4,9004,9005,9006,9007,880,881,H27,5202,H16,9012<br \/>\nTemp\u00e9rature de couleur\uff1a6000K<br \/>\nTension\uff1a12V<br \/>\nPuissance\uff1a80W<br \/>\nLumen\uff1a10000LM<br \/>\nMati\u00e8re\uff1aAlliage d'aluminium<br \/>\nEmballage\uff1aSmall Color Box<br \/>\nOEM\uff1aAvailable<br \/>\nDur\u00e9e de vie\uff1aPlus de 30000h<br \/>\nGarantie\uff1a1 an<br \/>\nMarque de voiture\uff1aUniversal<br \/>\nLieu d'origine : Guangdong, Chine<\/p>\n<p>D\u00e9lai de livraison\uff1aSelon les d\u00e9tails de la commande du client<br \/>\nPrincipaux march\u00e9s d'exportation\uff1aAsie\/Europe de l'Est\/Moyen-Orient\/Afrique\/Australasie\/Am\u00e9rique du Nord\/Am\u00e9rique centrale\/Sud\/Europe occidentale<\/p>","protected":false},"featured_media":3900,"template":"","meta":{"_seopress_robots_primary_cat":"none","_seopress_titles_title":"","_seopress_titles_desc":"","_seopress_robots_index":"","_uag_custom_page_level_css":"","_joinchat":[]},"product_cat":[464,58],"product_tag":[],"featured_image_urls":{"full":["https:\/\/www.liwin-china.com\/wp-content\/uploads\/2023\/12\/Liwiny-Factory-Wholesale-auto-truck-canbus-led-headlight-22000lm-car-lights-H1-H4-H7-9005-H11-Led-Headlight-bulb-for-car-2.webp",720,720,false],"thumbnail":["https:\/\/www.liwin-china.com\/wp-content\/uploads\/2023\/12\/Liwiny-Factory-Wholesale-auto-truck-canbus-led-headlight-22000lm-car-lights-H1-H4-H7-9005-H11-Led-Headlight-bulb-for-car-2-150x150.webp",150,150,true],"medium":["https:\/\/www.liwin-china.com\/wp-content\/uploads\/2023\/12\/Liwiny-Factory-Wholesale-auto-truck-canbus-led-headlight-22000lm-car-lights-H1-H4-H7-9005-H11-Led-Headlight-bulb-for-car-2-300x300.webp",300,300,true],"medium_large":["https:\/\/www.liwin-china.com\/wp-content\/uploads\/2023\/12\/Liwiny-Factory-Wholesale-auto-truck-canbus-led-headlight-22000lm-car-lights-H1-H4-H7-9005-H11-Led-Headlight-bulb-for-car-2.webp",720,720,false],"large":["https:\/\/www.liwin-china.com\/wp-content\/uploads\/2023\/12\/Liwiny-Factory-Wholesale-auto-truck-canbus-led-headlight-22000lm-car-lights-H1-H4-H7-9005-H11-Led-Headlight-bulb-for-car-2.webp",720,720,false],"1536x1536":["https:\/\/www.liwin-china.com\/wp-content\/uploads\/2023\/12\/Liwiny-Factory-Wholesale-auto-truck-canbus-led-headlight-22000lm-car-lights-H1-H4-H7-9005-H11-Led-Headlight-bulb-for-car-2.webp",720,720,false],"2048x2048":["https:\/\/www.liwin-china.com\/wp-content\/uploads\/2023\/12\/Liwiny-Factory-Wholesale-auto-truck-canbus-led-headlight-22000lm-car-lights-H1-H4-H7-9005-H11-Led-Headlight-bulb-for-car-2.webp",720,720,false],"trp-custom-language-flag":["https:\/\/www.liwin-china.com\/wp-content\/uploads\/2023\/12\/Liwiny-Factory-Wholesale-auto-truck-canbus-led-headlight-22000lm-car-lights-H1-H4-H7-9005-H11-Led-Headlight-bulb-for-car-2.webp",12,12,false],"woocommerce_archive_thumbnail":["https:\/\/www.liwin-china.com\/wp-content\/uploads\/2023\/12\/Liwiny-Factory-Wholesale-auto-truck-canbus-led-headlight-22000lm-car-lights-H1-H4-H7-9005-H11-Led-Headlight-bulb-for-car-2-300x300.webp",300,300,true],"woocommerce_thumbnail":["https:\/\/www.liwin-china.com\/wp-content\/uploads\/2023\/12\/Liwiny-Factory-Wholesale-auto-truck-canbus-led-headlight-22000lm-car-lights-H1-H4-H7-9005-H11-Led-Headlight-bulb-for-car-2-300x300.webp",300,300,true],"woocommerce_single":["https:\/\/www.liwin-china.com\/wp-content\/uploads\/2023\/12\/Liwiny-Factory-Wholesale-auto-truck-canbus-led-headlight-22000lm-car-lights-H1-H4-H7-9005-H11-Led-Headlight-bulb-for-car-2-600x600.webp",600,600,true],"woocommerce_gallery_thumbnail":["https:\/\/www.liwin-china.com\/wp-content\/uploads\/2023\/12\/Liwiny-Factory-Wholesale-auto-truck-canbus-led-headlight-22000lm-car-lights-H1-H4-H7-9005-H11-Led-Headlight-bulb-for-car-2-100x100.webp",100,100,true]},"post_excerpt_stackable":"<p>Liwiny Factory Wholesale auto truck canbus led headlight 22000lm car lights H1 H4 H7 9005 H11 Led Headlight bulb for car<\/p>\n<p>Brand Name\uff1aLiwiny<br \/>\nItem\uff1aled headlight,Led Headlight Bulb,H4 Led Headlight<br \/>\nOEM Part No.\uff1aA4H-H1,H3,H4,H7,H8,H9,H10,H11,H13,HB3,HB4,9004,9005,9006,9007,880,881,H27,5202,H16,9012<br \/>\nColor Temperature\uff1a6000K<br \/>\nVoltage\uff1a12V<br \/>\nPower\uff1a80W<br \/>\nLumen\uff1a10000LM<br \/>\nMaterial\uff1aAluminium Alloy<br \/>\nPackage\uff1aSmall Color Box<br \/>\nOEM\uff1aAvailable<br \/>\nLife Span\uff1aMore than 30000h<br \/>\nWarranty\uff1a1 year<br \/>\nCar Make\uff1aUniversal<br \/>\nPlace of Origin:Guangdong, China<\/p>\n<p>Lead-time\uff1aAccording to customers order detail<br \/>\nMain export markets\uff1aAsia\/Eastern Europe\/Middle East\/Africa\/Australasia\/North America\/central\/South America\/Western Europe<\/p>\n","category_list":"","author_info":{"name":"","url":""},"comments_num":"0 commentaire","uagb_featured_image_src":{"full":["https:\/\/www.liwin-china.com\/wp-content\/uploads\/2023\/12\/Liwiny-Factory-Wholesale-auto-truck-canbus-led-headlight-22000lm-car-lights-H1-H4-H7-9005-H11-Led-Headlight-bulb-for-car-2.webp",720,720,false],"thumbnail":["https:\/\/www.liwin-china.com\/wp-content\/uploads\/2023\/12\/Liwiny-Factory-Wholesale-auto-truck-canbus-led-headlight-22000lm-car-lights-H1-H4-H7-9005-H11-Led-Headlight-bulb-for-car-2-150x150.webp",150,150,true],"medium":["https:\/\/www.liwin-china.com\/wp-content\/uploads\/2023\/12\/Liwiny-Factory-Wholesale-auto-truck-canbus-led-headlight-22000lm-car-lights-H1-H4-H7-9005-H11-Led-Headlight-bulb-for-car-2-300x300.webp",300,300,true],"medium_large":["https:\/\/www.liwin-china.com\/wp-content\/uploads\/2023\/12\/Liwiny-Factory-Wholesale-auto-truck-canbus-led-headlight-22000lm-car-lights-H1-H4-H7-9005-H11-Led-Headlight-bulb-for-car-2.webp",720,720,false],"large":["https:\/\/www.liwin-china.com\/wp-content\/uploads\/2023\/12\/Liwiny-Factory-Wholesale-auto-truck-canbus-led-headlight-22000lm-car-lights-H1-H4-H7-9005-H11-Led-Headlight-bulb-for-car-2.webp",720,720,false],"1536x1536":["https:\/\/www.liwin-china.com\/wp-content\/uploads\/2023\/12\/Liwiny-Factory-Wholesale-auto-truck-canbus-led-headlight-22000lm-car-lights-H1-H4-H7-9005-H11-Led-Headlight-bulb-for-car-2.webp",720,720,false],"2048x2048":["https:\/\/www.liwin-china.com\/wp-content\/uploads\/2023\/12\/Liwiny-Factory-Wholesale-auto-truck-canbus-led-headlight-22000lm-car-lights-H1-H4-H7-9005-H11-Led-Headlight-bulb-for-car-2.webp",720,720,false],"trp-custom-language-flag":["https:\/\/www.liwin-china.com\/wp-content\/uploads\/2023\/12\/Liwiny-Factory-Wholesale-auto-truck-canbus-led-headlight-22000lm-car-lights-H1-H4-H7-9005-H11-Led-Headlight-bulb-for-car-2.webp",12,12,false],"woocommerce_archive_thumbnail":["https:\/\/www.liwin-china.com\/wp-content\/uploads\/2023\/12\/Liwiny-Factory-Wholesale-auto-truck-canbus-led-headlight-22000lm-car-lights-H1-H4-H7-9005-H11-Led-Headlight-bulb-for-car-2-300x300.webp",300,300,true],"woocommerce_thumbnail":["https:\/\/www.liwin-china.com\/wp-content\/uploads\/2023\/12\/Liwiny-Factory-Wholesale-auto-truck-canbus-led-headlight-22000lm-car-lights-H1-H4-H7-9005-H11-Led-Headlight-bulb-for-car-2-300x300.webp",300,300,true],"woocommerce_single":["https:\/\/www.liwin-china.com\/wp-content\/uploads\/2023\/12\/Liwiny-Factory-Wholesale-auto-truck-canbus-led-headlight-22000lm-car-lights-H1-H4-H7-9005-H11-Led-Headlight-bulb-for-car-2-600x600.webp",600,600,true],"woocommerce_gallery_thumbnail":["https:\/\/www.liwin-china.com\/wp-content\/uploads\/2023\/12\/Liwiny-Factory-Wholesale-auto-truck-canbus-led-headlight-22000lm-car-lights-H1-H4-H7-9005-H11-Led-Headlight-bulb-for-car-2-100x100.webp",100,100,true]},"uagb_author_info":{"display_name":"adminn","author_link":"https:\/\/www.liwin-china.com\/fr\/author\/"},"uagb_comment_info":0,"uagb_excerpt":"Liwiny Factory Wholesale auto truck canbus led headlight 22000lm car lights H1 H4 H7 9005 H11 Led Headlight bulb for car Brand Name\uff1aLiwiny Item\uff1aled headlight,Led Headlight Bulb,H4 Led Headlight OEM Part No.\uff1aA4H-H1,H3,H4,H7,H8,H9,H10,H11,H13,HB3,HB4,9004,9005,9006,9007,880,881,H27,5202,H16,9012 Color Temperature\uff1a6000K Voltage\uff1a12V Power\uff1a80W Lumen\uff1a10000LM Material\uff1aAluminium Alloy Package\uff1aSmall Color Box OEM\uff1aAvailable Life Span\uff1aMore than 30000h Warranty\uff1a1 year Car Make\uff1aUniversal Place of Origin:Guangdong, China\u2026","_links":{"self":[{"href":"https:\/\/www.liwin-china.com\/fr\/wp-json\/wp\/v2\/product\/3896"}],"collection":[{"href":"https:\/\/www.liwin-china.com\/fr\/wp-json\/wp\/v2\/product"}],"about":[{"href":"https:\/\/www.liwin-china.com\/fr\/wp-json\/wp\/v2\/types\/product"}],"wp:featuredmedia":[{"embeddable":true,"href":"https:\/\/www.liwin-china.com\/fr\/wp-json\/wp\/v2\/media\/3900"}],"wp:attachment":[{"href":"https:\/\/www.liwin-china.com\/fr\/wp-json\/wp\/v2\/media?parent=3896"}],"wp:term":[{"taxonomy":"product_cat","embeddable":true,"href":"https:\/\/www.liwin-china.com\/fr\/wp-json\/wp\/v2\/product_cat?post=3896"},{"taxonomy":"product_tag","embeddable":true,"href":"https:\/\/www.liwin-china.com\/fr\/wp-json\/wp\/v2\/product_tag?post=3896"}],"curies":[{"name":"wp","href":"https:\/\/api.w.org\/{rel}","templated":true}]}}