{"id":1829,"date":"2023-11-27T21:34:30","date_gmt":"2023-11-27T13:34:30","guid":{"rendered":"https:\/\/www.liwin-china.com\/?post_type=product&#038;p=1829"},"modified":"2025-03-29T18:54:19","modified_gmt":"2025-03-29T10:54:19","slug":"6311849484463117444685","status":"publish","type":"product","link":"https:\/\/www.liwin-china.com\/fr\/produit\/6311849484463117444685\/","title":{"rendered":"Liwiny Full LED Headlight Control Module 63118494844 For F20 F22 F30 F32 F34 F15 F16 Wiht Adaptive Headlight"},"content":{"rendered":"<p>Liwiny Full LED Headlight Control Module 63118494844 For F20 F22 F30 F32 F34 F15 F16 Wiht Adaptive Headlight<\/p>\n<p>Nom de marque\uff1aLiwiny<br \/>\nItem\uff1aModule de phares \u00e0 diodes \u00e9lectroluminescentes<br \/>\nMode&amp;Date\uff1aPour 2014-2019<br \/>\nOEM Part No.\uff1aLW-63118494844 <span style=\"color: #ff0000;\">(Besoin d'un code)<\/span><br \/>\nUtilisation pour le ch\u00e2ssis\uff1aFor F20\/F22\/F30\/F32\/F34\/F15\/F16<br \/>\nTension\uff1a12V<br \/>\nPuissance\uff1a35W<br \/>\nMati\u00e8re\uff1aAlliage d'aluminium<br \/>\nEmballage\uff1aSmall Normal Box<br \/>\nOEM\uff1aAvailable<br \/>\nGarantie\uff1a1 an<\/p>\n<p>&nbsp;<\/p>\n<h4><strong>Clause de non-responsabilit\u00e9<\/strong>: Veuillez v\u00e9rifier la pi\u00e8ce utilis\u00e9e sur votre v\u00e9hicule afin de vous assurer de sa compatibilit\u00e9. Nous ne pouvons \u00eatre tenus responsables de toute information erron\u00e9e qui entra\u00eenerait l'achat de pi\u00e8ces incorrectes.<\/h4>\n<h4>Note : le prix est pour une pi\u00e8ce ! Si vous n'\u00eates pas s\u00fbr du ballast qui vous convient, n'oubliez pas de nous interroger en ligne. Service 24\/7.<\/h4>\n<h1><\/h1>\n<h1><strong>Pourquoi choisir LIWINY ?<\/strong><\/h1>\n<p><img loading=\"lazy\" decoding=\"async\" class=\"alignnone size-full wp-image-4463\" src=\"https:\/\/www.liwin-china.com\/wp-content\/uploads\/2023\/12\/liwiny-oem-ballast.webp\" alt=\"\" width=\"1980\" height=\"600\" srcset=\"https:\/\/www.liwin-china.com\/wp-content\/uploads\/2023\/12\/liwiny-oem-ballast.webp 1980w, https:\/\/www.liwin-china.com\/wp-content\/uploads\/2023\/12\/liwiny-oem-ballast-300x91.webp 300w, https:\/\/www.liwin-china.com\/wp-content\/uploads\/2023\/12\/liwiny-oem-ballast-1024x310.webp 1024w, https:\/\/www.liwin-china.com\/wp-content\/uploads\/2023\/12\/liwiny-oem-ballast-768x233.webp 768w, https:\/\/www.liwin-china.com\/wp-content\/uploads\/2023\/12\/liwiny-oem-ballast-1536x465.webp 1536w, https:\/\/www.liwin-china.com\/wp-content\/uploads\/2023\/12\/liwiny-oem-ballast-600x182.webp 600w\" sizes=\"(max-width: 1980px) 100vw, 1980px\" \/><\/p>\n<ul>\n<li>Du mat\u00e9riau au produit fini, nous appliquons un contr\u00f4le de qualit\u00e9 strict, garantissant un taux de d\u00e9fectuosit\u00e9 inf\u00e9rieur \u00e0 1%.<\/li>\n<li>Nous acceptons une s\u00e9rie de demandes de personnalisation telles que l'apparence, la puissance, l'entra\u00eenement, le ventilateur, la puce, la couleur, la temp\u00e9rature, le logo et l'emballage.<\/li>\n<li>Nous offrons des garanties de 12 \u00e0 36 mois qui comprennent le remplacement direct. Il n'est pas n\u00e9cessaire de renvoyer les produits d\u00e9fectueux.<\/li>\n<li>Nous nous concentrons sur les tendances du march\u00e9 et d\u00e9veloppons 3 \u00e0 5 nouveaux produits chaque saison.<\/li>\n<\/ul>\n<p>&nbsp;<\/p>\n<h2>Demandez un devis d\u00e8s aujourd'hui !<\/h2>\n<p>Tous les produits LIWINY sont disponibles pour les commandes en vrac ! Si vous souhaitez vendre nos produits ou devenir notre distributeur, n'h\u00e9sitez pas \u00e0 nous contacter, vous b\u00e9n\u00e9ficierez des avantages suivants :<\/p>\n<p>Faible MOQ et livraison rapide<br \/>\nProduits innovants<br \/>\nMeilleur prix de gros<br \/>\nService OEM\/ODM<\/p>","protected":false},"excerpt":{"rendered":"<p>Liwiny Full LED Headlight Control Module 63118494844 For F20 F22 F30 F32 F34 F15 F16 Wiht Adaptive Headlight<\/p>\n<p>Nom de marque\uff1aLiwiny<br \/>\nItem\uff1aModule de phares \u00e0 diodes \u00e9lectroluminescentes<br \/>\nMode&amp;Date\uff1aPour 2014-2019<br \/>\nOEM Part No.\uff1aLW-63118494844<span style=\"color: #ff0000;\">(Besoin d'un code)<\/span><br \/>\nUtilisation pour le ch\u00e2ssis\uff1aFor F20\/F22\/F30\/F32\/F34\/F15\/F16<\/p>\n<p>Tension\uff1a12V<br \/>\nPuissance\uff1a35W<br \/>\nMati\u00e8re\uff1aAlliage d'aluminium<br \/>\nEmballage\uff1aSmall Normal Box<br \/>\nOEM\uff1aAvailable<br \/>\nGarantie\uff1a1 an<\/p>\n<p>D\u00e9lai de livraison\uff1aSelon les d\u00e9tails de la commande du client<br \/>\nPrincipaux march\u00e9s d'exportation\uff1aAsie\/Europe de l'Est\/Moyen-Orient\/Afrique\/Australasie\/Am\u00e9rique du Nord\/Am\u00e9rique centrale\/Sud\/Europe occidentale<\/p>","protected":false},"featured_media":1832,"template":"","meta":{"_seopress_robots_primary_cat":"none","_seopress_titles_title":"","_seopress_titles_desc":"","_seopress_robots_index":"","_uag_custom_page_level_css":"","_joinchat":[]},"product_cat":[452],"product_tag":[],"featured_image_urls":{"full":["https:\/\/www.liwin-china.com\/wp-content\/uploads\/2023\/11\/Led-Headlight-Module-63118494844-63117444685-for-2014-2019-F20-F22-F30-F32-F34-F15-F16-1.webp",1000,1000,false],"thumbnail":["https:\/\/www.liwin-china.com\/wp-content\/uploads\/2023\/11\/Led-Headlight-Module-63118494844-63117444685-for-2014-2019-F20-F22-F30-F32-F34-F15-F16-1-150x150.webp",150,150,true],"medium":["https:\/\/www.liwin-china.com\/wp-content\/uploads\/2023\/11\/Led-Headlight-Module-63118494844-63117444685-for-2014-2019-F20-F22-F30-F32-F34-F15-F16-1-300x300.webp",300,300,true],"medium_large":["https:\/\/www.liwin-china.com\/wp-content\/uploads\/2023\/11\/Led-Headlight-Module-63118494844-63117444685-for-2014-2019-F20-F22-F30-F32-F34-F15-F16-1-768x768.webp",768,768,true],"large":["https:\/\/www.liwin-china.com\/wp-content\/uploads\/2023\/11\/Led-Headlight-Module-63118494844-63117444685-for-2014-2019-F20-F22-F30-F32-F34-F15-F16-1.webp",1000,1000,false],"1536x1536":["https:\/\/www.liwin-china.com\/wp-content\/uploads\/2023\/11\/Led-Headlight-Module-63118494844-63117444685-for-2014-2019-F20-F22-F30-F32-F34-F15-F16-1.webp",1000,1000,false],"2048x2048":["https:\/\/www.liwin-china.com\/wp-content\/uploads\/2023\/11\/Led-Headlight-Module-63118494844-63117444685-for-2014-2019-F20-F22-F30-F32-F34-F15-F16-1.webp",1000,1000,false],"trp-custom-language-flag":["https:\/\/www.liwin-china.com\/wp-content\/uploads\/2023\/11\/Led-Headlight-Module-63118494844-63117444685-for-2014-2019-F20-F22-F30-F32-F34-F15-F16-1.webp",12,12,false],"woocommerce_archive_thumbnail":["https:\/\/www.liwin-china.com\/wp-content\/uploads\/2023\/11\/Led-Headlight-Module-63118494844-63117444685-for-2014-2019-F20-F22-F30-F32-F34-F15-F16-1-300x300.webp",300,300,true],"woocommerce_thumbnail":["https:\/\/www.liwin-china.com\/wp-content\/uploads\/2023\/11\/Led-Headlight-Module-63118494844-63117444685-for-2014-2019-F20-F22-F30-F32-F34-F15-F16-1-300x300.webp",300,300,true],"woocommerce_single":["https:\/\/www.liwin-china.com\/wp-content\/uploads\/2023\/11\/Led-Headlight-Module-63118494844-63117444685-for-2014-2019-F20-F22-F30-F32-F34-F15-F16-1-600x600.webp",600,600,true],"woocommerce_gallery_thumbnail":["https:\/\/www.liwin-china.com\/wp-content\/uploads\/2023\/11\/Led-Headlight-Module-63118494844-63117444685-for-2014-2019-F20-F22-F30-F32-F34-F15-F16-1-100x100.webp",100,100,true]},"post_excerpt_stackable":"<p>Liwiny Full LED Headlight Control Module 63118494844 For F20 F22 F30 F32 F34 F15 F16 Wiht Adaptive Headlight<\/p>\n<p>Brand Name\uff1aLiwiny<br \/>\nItem\uff1aLed Headlight Module<br \/>\nMode&amp;Date\uff1aFor 2014-2019<br \/>\nOEM Part No.\uff1aLW-63118494844<span style=\"color: #ff0000;\">(Need code)<\/span><br \/>\nUse For Chassis\uff1aFor F20\/F22\/F30\/F32\/F34\/F15\/F16<\/p>\n<p>Voltage\uff1a12V<br \/>\nPower\uff1a35W<br \/>\nMaterial\uff1aAluminium Alloy<br \/>\nPackage\uff1aSmall Normal Box<br \/>\nOEM\uff1aAvailable<br \/>\nWarranty\uff1a1 year<\/p>\n<p>Lead-time\uff1aAccording to customers order detail<br \/>\nMain export markets\uff1aAsia\/Eastern Europe\/Middle East\/Africa\/Australasia\/North America\/central\/South America\/Western Europe<\/p>\n","category_list":"","author_info":{"name":"","url":""},"comments_num":"0 commentaire","uagb_featured_image_src":{"full":["https:\/\/www.liwin-china.com\/wp-content\/uploads\/2023\/11\/Led-Headlight-Module-63118494844-63117444685-for-2014-2019-F20-F22-F30-F32-F34-F15-F16-1.webp",1000,1000,false],"thumbnail":["https:\/\/www.liwin-china.com\/wp-content\/uploads\/2023\/11\/Led-Headlight-Module-63118494844-63117444685-for-2014-2019-F20-F22-F30-F32-F34-F15-F16-1-150x150.webp",150,150,true],"medium":["https:\/\/www.liwin-china.com\/wp-content\/uploads\/2023\/11\/Led-Headlight-Module-63118494844-63117444685-for-2014-2019-F20-F22-F30-F32-F34-F15-F16-1-300x300.webp",300,300,true],"medium_large":["https:\/\/www.liwin-china.com\/wp-content\/uploads\/2023\/11\/Led-Headlight-Module-63118494844-63117444685-for-2014-2019-F20-F22-F30-F32-F34-F15-F16-1-768x768.webp",768,768,true],"large":["https:\/\/www.liwin-china.com\/wp-content\/uploads\/2023\/11\/Led-Headlight-Module-63118494844-63117444685-for-2014-2019-F20-F22-F30-F32-F34-F15-F16-1.webp",1000,1000,false],"1536x1536":["https:\/\/www.liwin-china.com\/wp-content\/uploads\/2023\/11\/Led-Headlight-Module-63118494844-63117444685-for-2014-2019-F20-F22-F30-F32-F34-F15-F16-1.webp",1000,1000,false],"2048x2048":["https:\/\/www.liwin-china.com\/wp-content\/uploads\/2023\/11\/Led-Headlight-Module-63118494844-63117444685-for-2014-2019-F20-F22-F30-F32-F34-F15-F16-1.webp",1000,1000,false],"trp-custom-language-flag":["https:\/\/www.liwin-china.com\/wp-content\/uploads\/2023\/11\/Led-Headlight-Module-63118494844-63117444685-for-2014-2019-F20-F22-F30-F32-F34-F15-F16-1.webp",12,12,false],"woocommerce_archive_thumbnail":["https:\/\/www.liwin-china.com\/wp-content\/uploads\/2023\/11\/Led-Headlight-Module-63118494844-63117444685-for-2014-2019-F20-F22-F30-F32-F34-F15-F16-1-300x300.webp",300,300,true],"woocommerce_thumbnail":["https:\/\/www.liwin-china.com\/wp-content\/uploads\/2023\/11\/Led-Headlight-Module-63118494844-63117444685-for-2014-2019-F20-F22-F30-F32-F34-F15-F16-1-300x300.webp",300,300,true],"woocommerce_single":["https:\/\/www.liwin-china.com\/wp-content\/uploads\/2023\/11\/Led-Headlight-Module-63118494844-63117444685-for-2014-2019-F20-F22-F30-F32-F34-F15-F16-1-600x600.webp",600,600,true],"woocommerce_gallery_thumbnail":["https:\/\/www.liwin-china.com\/wp-content\/uploads\/2023\/11\/Led-Headlight-Module-63118494844-63117444685-for-2014-2019-F20-F22-F30-F32-F34-F15-F16-1-100x100.webp",100,100,true]},"uagb_author_info":{"display_name":"adminn","author_link":"https:\/\/www.liwin-china.com\/fr\/author\/"},"uagb_comment_info":0,"uagb_excerpt":"Liwiny Full LED Headlight Control Module 63118494844 For F20 F22 F30 F32 F34 F15 F16 Wiht Adaptive Headlight Brand Name\uff1aLiwiny Item\uff1aLed Headlight Module Mode&amp;Date\uff1aFor 2014-2019 OEM Part No.\uff1aLW-63118494844(Need code) Use For Chassis\uff1aFor F20\/F22\/F30\/F32\/F34\/F15\/F16 Voltage\uff1a12V Power\uff1a35W Material\uff1aAluminium Alloy Package\uff1aSmall Normal Box OEM\uff1aAvailable Warranty\uff1a1 year Lead-time\uff1aAccording to customers order detail Main export markets\uff1aAsia\/Eastern Europe\/Middle East\/Africa\/Australasia\/North America\/central\/South America\/Western\u2026","_links":{"self":[{"href":"https:\/\/www.liwin-china.com\/fr\/wp-json\/wp\/v2\/product\/1829"}],"collection":[{"href":"https:\/\/www.liwin-china.com\/fr\/wp-json\/wp\/v2\/product"}],"about":[{"href":"https:\/\/www.liwin-china.com\/fr\/wp-json\/wp\/v2\/types\/product"}],"wp:featuredmedia":[{"embeddable":true,"href":"https:\/\/www.liwin-china.com\/fr\/wp-json\/wp\/v2\/media\/1832"}],"wp:attachment":[{"href":"https:\/\/www.liwin-china.com\/fr\/wp-json\/wp\/v2\/media?parent=1829"}],"wp:term":[{"taxonomy":"product_cat","embeddable":true,"href":"https:\/\/www.liwin-china.com\/fr\/wp-json\/wp\/v2\/product_cat?post=1829"},{"taxonomy":"product_tag","embeddable":true,"href":"https:\/\/www.liwin-china.com\/fr\/wp-json\/wp\/v2\/product_tag?post=1829"}],"curies":[{"name":"wp","href":"https:\/\/api.w.org\/{rel}","templated":true}]}}