{"id":12982,"date":"2025-01-09T20:16:10","date_gmt":"2025-01-09T12:16:10","guid":{"rendered":"https:\/\/www.liwin-china.com\/?post_type=product&#038;p=12982"},"modified":"2026-04-17T18:25:31","modified_gmt":"2026-04-17T10:25:31","slug":"liwiny-high-power-led-canbus-bulb-s25-w21w-t20-7440-1156-27w-led-turn-signal-light-with-fan-for-car","status":"publish","type":"product","link":"https:\/\/www.liwin-china.com\/fr\/produit\/liwiny-high-power-led-canbus-bulb-s25-w21w-t20-7440-1156-27w-led-turn-signal-light-with-fan-for-car\/","title":{"rendered":"Liwiny Ampoule LED Canbus S25 W21W T20 7440 1156 27W Feu clignotant LED avec ventilateur pour voiture"},"content":{"rendered":"<p>Liwiny Ampoule LED Canbus S25 W21W T20 7440 1156 27W Feu clignotant LED avec ventilateur pour voiture<\/p>\n<p>Nom de marque\uff1aLiwiny<\/p>\n<p>Item\uff1acar Turn Signal Light, Brake light, Turn Signal Indicator Lamp,<\/p>\n<p>Clignotant LED dynamique,Lampe de signalisation LED pour voiture<br \/>\nOEM Part No.\uff1aT20 1156 1157 7440 3156 3030 24SMD 27W<br \/>\nTension\uff1aDC 12V<br \/>\nPuissance\uff1a27W<br \/>\nLumen\uff1a2000LM<br \/>\nPuce Led\uff1a3030<\/p>\n<p>Led Qty\uff1a24pcs<br \/>\nTemp\u00e9rature de couleur\uff1aBlanc \/ Jaune (jaune 1156\/150\u00b0, jaune 7440, jaune 1156\/180\u00b0, jaune 3156, blanc 1156\/150\u00b0, blanc 7440, blanc 1156\/180\u00b0)<\/p>\n<p>Prise utile\uff1aT20 1156 1157 7440 3156<\/p>\n<p>Mati\u00e8re\uff1aAlliage d'aluminium<br \/>\nOEM\uff1aAvailable<br \/>\nDur\u00e9e de vie\uff1aPlus de 30000h<br \/>\nGarantie\uff1a1 an<br \/>\nMarque de voiture\uff1aUniversal<br \/>\nLieu d'origine : Guangdong, Chine<br \/>\nD\u00e9lai de livraison\uff1aSelon les d\u00e9tails de la commande du client<\/p>\n<p>&nbsp;<\/p>\n<p>Fonction\uff1a<span class=\"magic-16\" data-spm-anchor-id=\"a2700.details.0.i101.6c827f69FPcQq3\">Pas d'Hyper Flash ; plus lumineux 200% ;<\/span><\/p>\n<div data-spm-anchor-id=\"a2700.pc-decorate.0.i96.4dbf3333oJtTj4\"><span class=\"magic-16\">Dissipation rapide de la chaleur ;<\/span><\/div>\n<div data-spm-anchor-id=\"a2700.pc-decorate.0.i96.4dbf3333oJtTj4\"><span class=\"magic-16\">Aluminium aviation 6063<br \/>\n<\/span><\/p>\n<div data-spm-anchor-id=\"a2700.pc-decorate.0.i93.4dbf3333oJtTj4\">\n<p><span class=\"magic-16\">Plug and Play;100% Canbus ;<\/span><\/p>\n<div data-spm-anchor-id=\"a2700.pc-decorate.0.i88.4dbf3333oJtTj4\"><span class=\"magic-16\">Taille de l'\u00e9talon halog\u00e8ne mondial ;<\/span><\/div>\n<div data-spm-anchor-id=\"a2700.pc-decorate.0.i88.4dbf3333oJtTj4\"><span class=\"magic-16\">R\u00e9gulation de la temp\u00e9rature dans l'automobile ;<\/span><\/div>\n<div data-spm-anchor-id=\"a2700.pc-decorate.0.i88.4dbf3333oJtTj4\"><span class=\"magic-16\">Anti-Hyper Flash ; aluminium thermique creux ;<\/span><\/div>\n<\/div>\n<\/div>\n<div data-spm-anchor-id=\"a2700.pc-decorate.0.i88.4dbf3333oJtTj4\"><\/div>\n<div data-spm-anchor-id=\"a2700.pc-decorate.0.i88.4dbf3333oJtTj4\"><\/div>\n<div data-spm-anchor-id=\"a2700.pc-decorate.0.i96.4dbf3333oJtTj4\">\n<div data-spm-anchor-id=\"a2700.pc-decorate.0.i88.4dbf3333oJtTj4\">NOTE :<br \/>\n1) Le prix est bas\u00e9 sur le mode d'\u00e9clairage. Veuillez nous contacter si vous avez besoin d'un mode stroboscopique.<br \/>\n2) Veuillez nous rappeler si vous avez besoin d'une tension sp\u00e9ciale pour des v\u00e9hicules particuliers.<br \/>\n3) Si vous avez besoin d'un canbus int\u00e9gr\u00e9, veuillez nous contacter pour plus de d\u00e9tails.<br \/>\n4) En g\u00e9n\u00e9ral, nous emballons gratuitement les produits dans un sac antistatique, mais si vous avez besoin d'un emballage personnalis\u00e9, veuillez nous contacter.<\/div>\n<\/div>\n<p>&nbsp;<\/p>\n<h1><strong>Pourquoi choisir LIWINY ?<\/strong><\/h1>\n<p><img loading=\"lazy\" decoding=\"async\" class=\"alignnone size-full wp-image-4463\" src=\"https:\/\/www.liwin-china.com\/wp-content\/uploads\/2023\/12\/liwiny-oem-ballast.webp\" alt=\"\" width=\"1980\" height=\"600\" srcset=\"https:\/\/www.liwin-china.com\/wp-content\/uploads\/2023\/12\/liwiny-oem-ballast.webp 1980w, https:\/\/www.liwin-china.com\/wp-content\/uploads\/2023\/12\/liwiny-oem-ballast-300x91.webp 300w, https:\/\/www.liwin-china.com\/wp-content\/uploads\/2023\/12\/liwiny-oem-ballast-1024x310.webp 1024w, https:\/\/www.liwin-china.com\/wp-content\/uploads\/2023\/12\/liwiny-oem-ballast-768x233.webp 768w, https:\/\/www.liwin-china.com\/wp-content\/uploads\/2023\/12\/liwiny-oem-ballast-1536x465.webp 1536w, https:\/\/www.liwin-china.com\/wp-content\/uploads\/2023\/12\/liwiny-oem-ballast-600x182.webp 600w\" sizes=\"(max-width: 1980px) 100vw, 1980px\" \/><\/p>\n<ul>\n<li>Du mat\u00e9riau au produit fini, nous appliquons un contr\u00f4le de qualit\u00e9 strict, garantissant un taux de d\u00e9fectuosit\u00e9 inf\u00e9rieur \u00e0 1%.<\/li>\n<li>Nous acceptons une s\u00e9rie de demandes de personnalisation telles que l'apparence, la puissance, l'entra\u00eenement, le ventilateur, la puce, la couleur, la temp\u00e9rature, le logo et l'emballage.<\/li>\n<li>Nous offrons des garanties de 12 \u00e0 36 mois qui comprennent le remplacement direct. Il n'est pas n\u00e9cessaire de renvoyer les produits d\u00e9fectueux.<\/li>\n<li>Nous nous concentrons sur les tendances du march\u00e9 et d\u00e9veloppons 3 \u00e0 5 nouveaux produits chaque saison.<\/li>\n<\/ul>\n<p>&nbsp;<\/p>\n<h2>Demandez un devis d\u00e8s aujourd'hui !<\/h2>\n<p>Tous les produits LIWINY sont disponibles pour les commandes en vrac ! Si vous souhaitez vendre nos produits ou devenir notre distributeur, n'h\u00e9sitez pas \u00e0 nous contacter, vous b\u00e9n\u00e9ficierez des avantages suivants :<\/p>\n<p>Faible MOQ et livraison rapide<br \/>\nProduits innovants<br \/>\nMeilleur prix de gros<br \/>\nService OEM\/ODM<\/p>","protected":false},"excerpt":{"rendered":"<p>Liwiny Ampoule LED Canbus S25 W21W T20 7440 1156 27W Feu clignotant LED avec ventilateur pour voiture<\/p>\n<p>Nom de marque\uff1aLiwiny<\/p>\n<p>Item\uff1acar Turn Signal Light, Brake light, Turn Signal Indicator Lamp,<\/p>\n<p>Clignotant LED dynamique,Lampe de signalisation LED pour voiture<br \/>\nOEM Part No.\uff1aT20 1156 1157 7440 3156 3030 24SMD 27W<br \/>\nTension\uff1aDC 12V<br \/>\nPuissance\uff1a27W<br \/>\nLumen\uff1a2000LM<br \/>\nPuce Led\uff1a3030<\/p>\n<p>Led Qty\uff1a24pcs<br \/>\nTemp\u00e9rature de couleur\uff1aBlanc \/ Jaune<\/p>\n<p>Prise utile\uff1aT20 1156 1157 7440 3156<\/p>\n<p>Mati\u00e8re\uff1aAlliage d'aluminium<br \/>\nEmballage\uff1aSmall Color Box<br \/>\nOEM\uff1aAvailable<br \/>\nDur\u00e9e de vie\uff1aPlus de 30000h<br \/>\nGarantie\uff1a1 an<br \/>\nMarque de voiture\uff1aUniversal<br \/>\nLieu d'origine : Guangdong, Chine<br \/>\nD\u00e9lai de livraison\uff1aSelon les d\u00e9tails de la commande du client<\/p>","protected":false},"featured_media":12983,"template":"","meta":{"_seopress_robots_primary_cat":"none","_seopress_titles_title":"","_seopress_titles_desc":"","_seopress_robots_index":"","_uag_custom_page_level_css":"","_joinchat":[]},"product_cat":[478,77],"product_tag":[],"featured_image_urls":{"full":["https:\/\/www.liwin-china.com\/wp-content\/uploads\/2025\/01\/T20-1156-1157-27W-1.webp",624,624,false],"thumbnail":["https:\/\/www.liwin-china.com\/wp-content\/uploads\/2025\/01\/T20-1156-1157-27W-1-150x150.webp",150,150,true],"medium":["https:\/\/www.liwin-china.com\/wp-content\/uploads\/2025\/01\/T20-1156-1157-27W-1-300x300.webp",300,300,true],"medium_large":["https:\/\/www.liwin-china.com\/wp-content\/uploads\/2025\/01\/T20-1156-1157-27W-1.webp",624,624,false],"large":["https:\/\/www.liwin-china.com\/wp-content\/uploads\/2025\/01\/T20-1156-1157-27W-1.webp",624,624,false],"1536x1536":["https:\/\/www.liwin-china.com\/wp-content\/uploads\/2025\/01\/T20-1156-1157-27W-1.webp",624,624,false],"2048x2048":["https:\/\/www.liwin-china.com\/wp-content\/uploads\/2025\/01\/T20-1156-1157-27W-1.webp",624,624,false],"trp-custom-language-flag":["https:\/\/www.liwin-china.com\/wp-content\/uploads\/2025\/01\/T20-1156-1157-27W-1.webp",12,12,false],"woocommerce_archive_thumbnail":["https:\/\/www.liwin-china.com\/wp-content\/uploads\/2025\/01\/T20-1156-1157-27W-1-300x300.webp",300,300,true],"woocommerce_thumbnail":["https:\/\/www.liwin-china.com\/wp-content\/uploads\/2025\/01\/T20-1156-1157-27W-1-300x300.webp",300,300,true],"woocommerce_single":["https:\/\/www.liwin-china.com\/wp-content\/uploads\/2025\/01\/T20-1156-1157-27W-1-600x600.webp",600,600,true],"woocommerce_gallery_thumbnail":["https:\/\/www.liwin-china.com\/wp-content\/uploads\/2025\/01\/T20-1156-1157-27W-1-100x100.webp",100,100,true]},"post_excerpt_stackable":"<p>Liwiny High Power LED Canbus Bulb S25 W21W T20 7440 1156 27W LED Turn Signal Light With Fan For Car<\/p>\n<p>Brand Name\uff1aLiwiny<\/p>\n<p>Item\uff1acar Turn Signal Light,Brake light,Turn Signal Indicator Lamp,<\/p>\n<p>Dynamic Blinker LED Turn Signal,Car Led Signal Lamps<br \/>\nOEM Part No.\uff1aT20 1156 1157 7440 3156 3030 24SMD 27W<br \/>\nVoltage\uff1aDC 12V<br \/>\nPower\uff1a27W<br \/>\nLumen\uff1a2000LM<br \/>\nLed Chip\uff1a3030<\/p>\n<p>Led Qty\uff1a24pcs<br \/>\nColor Temperature\uff1aWhite \/ Yellow<\/p>\n<p>Useful Socket\uff1aT20 1156 1157 7440 3156<\/p>\n<p>Material\uff1aAluminium Alloy<br \/>\nPackage\uff1aSmall Color Box<br \/>\nOEM\uff1aAvailable<br \/>\nLife Span\uff1aMore than 30000h<br \/>\nWarranty\uff1a1 year<br \/>\nCar Make\uff1aUniversal<br \/>\nPlace of Origin:Guangdong, China<br \/>\nLead-time\uff1aAccording to customers order detail<\/p>\n","category_list":"","author_info":{"name":"","url":""},"comments_num":"0 commentaire","uagb_featured_image_src":{"full":["https:\/\/www.liwin-china.com\/wp-content\/uploads\/2025\/01\/T20-1156-1157-27W-1.webp",624,624,false],"thumbnail":["https:\/\/www.liwin-china.com\/wp-content\/uploads\/2025\/01\/T20-1156-1157-27W-1-150x150.webp",150,150,true],"medium":["https:\/\/www.liwin-china.com\/wp-content\/uploads\/2025\/01\/T20-1156-1157-27W-1-300x300.webp",300,300,true],"medium_large":["https:\/\/www.liwin-china.com\/wp-content\/uploads\/2025\/01\/T20-1156-1157-27W-1.webp",624,624,false],"large":["https:\/\/www.liwin-china.com\/wp-content\/uploads\/2025\/01\/T20-1156-1157-27W-1.webp",624,624,false],"1536x1536":["https:\/\/www.liwin-china.com\/wp-content\/uploads\/2025\/01\/T20-1156-1157-27W-1.webp",624,624,false],"2048x2048":["https:\/\/www.liwin-china.com\/wp-content\/uploads\/2025\/01\/T20-1156-1157-27W-1.webp",624,624,false],"trp-custom-language-flag":["https:\/\/www.liwin-china.com\/wp-content\/uploads\/2025\/01\/T20-1156-1157-27W-1.webp",12,12,false],"woocommerce_archive_thumbnail":["https:\/\/www.liwin-china.com\/wp-content\/uploads\/2025\/01\/T20-1156-1157-27W-1-300x300.webp",300,300,true],"woocommerce_thumbnail":["https:\/\/www.liwin-china.com\/wp-content\/uploads\/2025\/01\/T20-1156-1157-27W-1-300x300.webp",300,300,true],"woocommerce_single":["https:\/\/www.liwin-china.com\/wp-content\/uploads\/2025\/01\/T20-1156-1157-27W-1-600x600.webp",600,600,true],"woocommerce_gallery_thumbnail":["https:\/\/www.liwin-china.com\/wp-content\/uploads\/2025\/01\/T20-1156-1157-27W-1-100x100.webp",100,100,true]},"uagb_author_info":{"display_name":"adminn","author_link":"https:\/\/www.liwin-china.com\/fr\/author\/"},"uagb_comment_info":0,"uagb_excerpt":"Liwiny High Power LED Canbus Bulb S25 W21W T20 7440 1156 27W LED Turn Signal Light With Fan For Car Brand Name\uff1aLiwiny Item\uff1acar Turn Signal Light,Brake light,Turn Signal Indicator Lamp, Dynamic Blinker LED Turn Signal,Car Led Signal Lamps OEM Part No.\uff1aT20 1156 1157 7440 3156 3030 24SMD 27W Voltage\uff1aDC 12V Power\uff1a27W Lumen\uff1a2000LM Led Chip\uff1a3030 Led\u2026","_links":{"self":[{"href":"https:\/\/www.liwin-china.com\/fr\/wp-json\/wp\/v2\/product\/12982"}],"collection":[{"href":"https:\/\/www.liwin-china.com\/fr\/wp-json\/wp\/v2\/product"}],"about":[{"href":"https:\/\/www.liwin-china.com\/fr\/wp-json\/wp\/v2\/types\/product"}],"wp:featuredmedia":[{"embeddable":true,"href":"https:\/\/www.liwin-china.com\/fr\/wp-json\/wp\/v2\/media\/12983"}],"wp:attachment":[{"href":"https:\/\/www.liwin-china.com\/fr\/wp-json\/wp\/v2\/media?parent=12982"}],"wp:term":[{"taxonomy":"product_cat","embeddable":true,"href":"https:\/\/www.liwin-china.com\/fr\/wp-json\/wp\/v2\/product_cat?post=12982"},{"taxonomy":"product_tag","embeddable":true,"href":"https:\/\/www.liwin-china.com\/fr\/wp-json\/wp\/v2\/product_tag?post=12982"}],"curies":[{"name":"wp","href":"https:\/\/api.w.org\/{rel}","templated":true}]}}