{"id":83202,"date":"2026-05-03T18:33:37","date_gmt":"2026-05-03T10:33:37","guid":{"rendered":"https:\/\/www.liwin-china.com\/?post_type=product&#038;p=83202"},"modified":"2026-05-03T18:39:06","modified_gmt":"2026-05-03T10:39:06","slug":"liwiny-9006-6500k-led-angle-eyes-car-light-bulb-new-headlamp-lighting-for-e92-e90-e87-cars-led-maker-for-ev-auto","status":"publish","type":"product","link":"https:\/\/www.liwin-china.com\/es\/product\/liwiny-9006-6500k-led-angle-eyes-car-light-bulb-new-headlamp-lighting-for-e92-e90-e87-cars-led-maker-for-ev-auto\/","title":{"rendered":"Liwiny 9006 6500K LED Angle Eyes Car Light Bulb New Headlamp Lighting for E92 E90 E87 Cars LED MAKER for EV AUTO"},"content":{"rendered":"<p>Liwiny 9006 6500K LED Angle Eyes Car Light Bulb New Headlamp Lighting for E92 E90 E87 Cars LED MAKER for EV AUTO<\/p>\n<p>Item\uff1a<a class=\"group-link icbu-link-normal\" title=\"Marker Angle Eyes Bulbs Series\">Marker Angle Eyes Bulb<\/a><br \/>\nOEM Part No.\uff1aBMA9216-1\u00a0 \u00a0 \u00a0 \u00a0 \u00a0 \u00a0 \u00a0 \u00a0 \u00a0 \u00a0 \u00a0 \u00a0 \u00a0 \u00a0 \u00a0 \u00a0 \u00a0 \u00a0 \u00a0 \u00a0 \u00a0 \u00a0 \u00a0 \u00a0 \u00a0 \u00a0 \u00a0 \u00a0 \u00a0 \u00a0 \u00a0 \u00a0 \u00a0 \u00a0 \u00a0 \u00a0 \u00a0 \u00a0 \u00a0 \u00a0 \u00a0 \u00a0 \u00a0 \u00a0 \u00a0 \u00a0 \u00a0 \u00a0 \u00a0 \u00a0 \u00a0 \u00a0 \u00a0 \u00a0 \u00a0 \u00a0 \u00a0 \u00a0 \u00a0 \u00a0 \u00a0 \u00a0 \u00a0 \u00a0 \u00a0 \u00a0 \u00a0 \u00a0 \u00a0 \u00a0 \u00a0 \u00a0 \u00a0 \u00a0 \u00a0 \u00a0 \u00a0 \u00a0 \u00a0 \u00a0 \u00a0 \u00a0 \u00a0 \u00a0 \u00a0 \u00a0 \u00a0 \u00a0 \u00a0 \u00a0 \u00a0 \u00a0 \u00a0 \u00a0 \u00a0 \u00a0 \u00a0 \u00a0 \u00a0 \u00a0 \u00a0 \u00a0 \u00a0 \u00a0 \u00a0 \u00a0 \u00a0 \u00a0 \u00a0 \u00a0 \u00a0 \u00a0 \u00a0 \u00a0 \u00a0 \u00a0 \u00a0 \u00a0 \u00a0 \u00a0 \u00a0 \u00a0 \u00a0 \u00a0 \u00a0 \u00a0 \u00a0 Voltage\uff1a<span style=\"color: #000000;\">12v<\/span><br \/>\nPower\uff1a60W<br \/>\nLumen\uff1a3000LM<br \/>\nTemperatura de color\uff1aBlanco<br \/>\nMaterial\uff1a Aluminum<br \/>\nEnvase\uff1aCaja blanca peque\u00f1a<br \/>\nOEM\uff1aDisponible<br \/>\nVida \u00fatil\uff1aM\u00e1s de 3000h<br \/>\nGarant\u00eda\uff1a1 a\u00f1o<br \/>\nMarca del coche\uff1aUniversal<br \/>\nCertificaci\u00f3n: ROSH IP67<br \/>\nLugar de origen: Guangdong, China<br \/>\nPlazo de entrega\uff1aSeg\u00fan detalle del pedido del cliente.<\/p>\n<p>Fit For 1 Series E81 3-Door Hatchback<br \/>\nFit For 1 Series E82 Coupe<br \/>\nFit For 1 Series E87 5-Door Hatchback manufactured from March 2007 onwards<br \/>\nFit For 1 Series E88 Cabriolet<br \/>\nFit For 3 Series E90 M3 Saloon manufactured from 2007 onwards<br \/>\nFit For 3 Series E90 saloon with LCI Xenon Lights Manufactured from February 2008 onwards<br \/>\nFit For 3 Series E91 Touring with LCI Xenon Lights manufactured from February 2008 onwards.<br \/>\nFit For 3 Series E92 Coupe Manufactured from September 2006 onwards.<br \/>\nFit For 3 Series E93 Convertible manufactured from 2006 onwards<br \/>\nFit For 6 Series E63 Convertible manufactured from 2007 onwards (except M6)<br \/>\nFit For 6 Series E64 Convertible manufactured from September 2007 onwards (except M6).<br \/>\nFit For X5 E70 manufactured from September 2007 onwards.<\/p>\n<h1><strong>\u00bfPor qu\u00e9 elegir LIWINY?<\/strong><\/h1>\n<p><img loading=\"lazy\" decoding=\"async\" class=\"alignnone size-full wp-image-4463\" src=\"https:\/\/www.liwin-china.com\/wp-content\/uploads\/2023\/12\/liwiny-oem-ballast.webp\" alt=\"\" width=\"1980\" height=\"600\" srcset=\"https:\/\/www.liwin-china.com\/wp-content\/uploads\/2023\/12\/liwiny-oem-ballast.webp 1980w, https:\/\/www.liwin-china.com\/wp-content\/uploads\/2023\/12\/liwiny-oem-ballast-300x91.webp 300w, https:\/\/www.liwin-china.com\/wp-content\/uploads\/2023\/12\/liwiny-oem-ballast-1024x310.webp 1024w, https:\/\/www.liwin-china.com\/wp-content\/uploads\/2023\/12\/liwiny-oem-ballast-768x233.webp 768w, https:\/\/www.liwin-china.com\/wp-content\/uploads\/2023\/12\/liwiny-oem-ballast-1536x465.webp 1536w, https:\/\/www.liwin-china.com\/wp-content\/uploads\/2023\/12\/liwiny-oem-ballast-600x182.webp 600w\" sizes=\"(max-width: 1980px) 100vw, 1980px\" \/><\/p>\n<ul>\n<li>Desde el material hasta el producto acabado, seguimos un estricto control de calidad, garantizando que la tasa de defectos sea inferior a 1%.<\/li>\n<li>Bienvenido OEM \/ ODM oders, aceptamos una serie de requisitos de personalizaci\u00f3n, tales como la apariencia, el poder, la unidad, el ventilador, el chip, la temperatura de color, logotipo, embalaje.<\/li>\n<li>Ofrecemos garant\u00edas de 12 a 36 meses que incluyen la sustituci\u00f3n directa. No es necesario devolver los productos defectuosos.<\/li>\n<li>Nos centramos en la tendencia del mercado, desarrollamos de 3 a 5 productos nuevos cada temporada.<\/li>\n<\/ul>\n<p>&nbsp;<\/p>\n<h2>Pida presupuesto hoy mismo<\/h2>\n<p>Todos los productos LIWINY est\u00e1n disponibles para pedidos al por mayor. Si desea vender nuestros productos o convertirse en nuestro distribuidor, p\u00f3ngase en contacto con nosotros, obtendr\u00e1 los siguientes beneficios:<\/p>\n<p>MOQ bajo y entrega r\u00e1pida<br \/>\nProductos innovadores<br \/>\nMejor precio al por mayor<br \/>\nServicio OEM\/ODM<\/p>","protected":false},"excerpt":{"rendered":"<p>Liwiny 9006 6500K LED Angle Eyes Car Light Bulb New Headlamp Lighting for E92 E90 E87 Cars LED MAKER for EV AUTO<\/p>\n<p>Item\uff1a<a class=\"group-link icbu-link-normal\" title=\"Marker Angle Eyes Bulbs Series\">Marker Angle Eyes Bulb<\/a><br \/>\nOEM Part No.\uff1aBMA9216-1\u00a0 \u00a0 \u00a0 \u00a0 \u00a0 \u00a0 \u00a0 \u00a0 \u00a0 \u00a0 \u00a0 \u00a0 \u00a0 \u00a0 \u00a0 \u00a0 \u00a0 \u00a0 \u00a0 \u00a0 \u00a0 \u00a0 \u00a0 \u00a0 \u00a0 \u00a0 \u00a0 \u00a0 \u00a0 \u00a0 \u00a0 \u00a0 \u00a0 \u00a0 \u00a0 \u00a0 \u00a0 \u00a0 \u00a0 \u00a0 \u00a0 \u00a0 \u00a0 \u00a0 \u00a0 \u00a0 \u00a0 \u00a0 \u00a0 \u00a0 \u00a0 \u00a0 \u00a0 \u00a0 \u00a0 \u00a0 \u00a0 \u00a0 \u00a0 \u00a0 \u00a0 \u00a0 \u00a0 \u00a0 \u00a0 \u00a0 \u00a0 \u00a0 \u00a0 \u00a0 \u00a0 \u00a0 \u00a0 \u00a0 \u00a0 \u00a0 \u00a0 \u00a0 \u00a0 \u00a0 \u00a0 \u00a0 \u00a0 \u00a0 \u00a0 \u00a0 \u00a0 \u00a0 \u00a0 \u00a0 \u00a0 \u00a0 \u00a0 \u00a0 \u00a0 \u00a0 \u00a0 \u00a0 \u00a0 \u00a0 \u00a0 \u00a0 \u00a0 \u00a0 \u00a0 \u00a0 \u00a0 \u00a0 \u00a0 \u00a0 \u00a0 \u00a0 \u00a0 \u00a0 \u00a0 \u00a0 \u00a0 \u00a0 \u00a0 \u00a0 \u00a0 \u00a0 \u00a0 \u00a0 \u00a0 \u00a0 \u00a0 Voltage\uff1a<span style=\"color: #000000;\">12v<\/span><br \/>\nPower\uff1a60W<br \/>\nLumen\uff1a3000LM<br \/>\nTemperatura de color\uff1aBlanco<br \/>\nMaterial\uff1a Aluminum<br \/>\nEnvase\uff1aCaja blanca peque\u00f1a<br \/>\nOEM\uff1aDisponible<br \/>\nVida \u00fatil\uff1aM\u00e1s de 3000h<br \/>\nGarant\u00eda\uff1a1 a\u00f1o<br \/>\nMarca del coche\uff1aUniversal<br \/>\nCertificaci\u00f3n: ROSH IP67<br \/>\nLugar de origen: Guangdong, China<br \/>\nPlazo de entrega\uff1aSeg\u00fan detalle del pedido del cliente.<\/p>\n<p>Fit For 1 Series E81 3-Door Hatchback<br \/>\nFit For 1 Series E82 Coupe<br \/>\nFit For 1 Series E87 5-Door Hatchback manufactured from March 2007 onwards<br \/>\nFit For 1 Series E88 Cabriolet<br \/>\nFit For 3 Series E90 M3 Saloon manufactured from 2007 onwards<br \/>\nFit For 3 Series E90 saloon with LCI Xenon Lights Manufactured from February 2008 onwards<br \/>\nFit For 3 Series E91 Touring with LCI Xenon Lights manufactured from February 2008 onwards.<br \/>\nFit For 3 Series E92 Coupe Manufactured from September 2006 onwards.<br \/>\nFit For 3 Series E93 Convertible manufactured from 2006 onwards<br \/>\nFit For 6 Series E63 Convertible manufactured from 2007 onwards (except M6)<br \/>\nFit For 6 Series E64 Convertible manufactured from September 2007 onwards (except M6).<br \/>\nFit For X5 E70 manufactured from September 2007 onwards.<\/p>","protected":false},"featured_media":83203,"template":"","meta":{"_seopress_robots_primary_cat":"none","_seopress_titles_title":"","_seopress_titles_desc":"","_seopress_robots_index":"","_uag_custom_page_level_css":"","_joinchat":[]},"product_cat":[487,483],"product_tag":[],"featured_image_urls":{"full":["https:\/\/www.liwin-china.com\/wp-content\/uploads\/2026\/05\/Liwiny-9006-6500K-LED-Angle-Eyes-Car-Light-Bulb-11.webp",700,700,false],"thumbnail":["https:\/\/www.liwin-china.com\/wp-content\/uploads\/2026\/05\/Liwiny-9006-6500K-LED-Angle-Eyes-Car-Light-Bulb-11-150x150.webp",150,150,true],"medium":["https:\/\/www.liwin-china.com\/wp-content\/uploads\/2026\/05\/Liwiny-9006-6500K-LED-Angle-Eyes-Car-Light-Bulb-11-300x300.webp",300,300,true],"medium_large":["https:\/\/www.liwin-china.com\/wp-content\/uploads\/2026\/05\/Liwiny-9006-6500K-LED-Angle-Eyes-Car-Light-Bulb-11.webp",700,700,false],"large":["https:\/\/www.liwin-china.com\/wp-content\/uploads\/2026\/05\/Liwiny-9006-6500K-LED-Angle-Eyes-Car-Light-Bulb-11.webp",700,700,false],"1536x1536":["https:\/\/www.liwin-china.com\/wp-content\/uploads\/2026\/05\/Liwiny-9006-6500K-LED-Angle-Eyes-Car-Light-Bulb-11.webp",700,700,false],"2048x2048":["https:\/\/www.liwin-china.com\/wp-content\/uploads\/2026\/05\/Liwiny-9006-6500K-LED-Angle-Eyes-Car-Light-Bulb-11.webp",700,700,false],"trp-custom-language-flag":["https:\/\/www.liwin-china.com\/wp-content\/uploads\/2026\/05\/Liwiny-9006-6500K-LED-Angle-Eyes-Car-Light-Bulb-11-12x12.webp",12,12,true],"woocommerce_archive_thumbnail":["https:\/\/www.liwin-china.com\/wp-content\/uploads\/2026\/05\/Liwiny-9006-6500K-LED-Angle-Eyes-Car-Light-Bulb-11-300x300.webp",300,300,true],"woocommerce_thumbnail":["https:\/\/www.liwin-china.com\/wp-content\/uploads\/2026\/05\/Liwiny-9006-6500K-LED-Angle-Eyes-Car-Light-Bulb-11-300x300.webp",300,300,true],"woocommerce_single":["https:\/\/www.liwin-china.com\/wp-content\/uploads\/2026\/05\/Liwiny-9006-6500K-LED-Angle-Eyes-Car-Light-Bulb-11-600x600.webp",600,600,true],"woocommerce_gallery_thumbnail":["https:\/\/www.liwin-china.com\/wp-content\/uploads\/2026\/05\/Liwiny-9006-6500K-LED-Angle-Eyes-Car-Light-Bulb-11-100x100.webp",100,100,true]},"post_excerpt_stackable":"<p>Liwiny 9006 6500K LED Angle Eyes Car Light Bulb New Headlamp Lighting for E92 E90 E87 Cars LED MAKER for EV AUTO<\/p>\n<p>Item\uff1a<a class=\"group-link icbu-link-normal\" title=\"Marker Angle Eyes Bulbs Series\">Marker Angle Eyes Bulb<\/a><br \/>\nOEM Part No.\uff1aBMA9216-1\u00a0 \u00a0 \u00a0 \u00a0 \u00a0 \u00a0 \u00a0 \u00a0 \u00a0 \u00a0 \u00a0 \u00a0 \u00a0 \u00a0 \u00a0 \u00a0 \u00a0 \u00a0 \u00a0 \u00a0 \u00a0 \u00a0 \u00a0 \u00a0 \u00a0 \u00a0 \u00a0 \u00a0 \u00a0 \u00a0 \u00a0 \u00a0 \u00a0 \u00a0 \u00a0 \u00a0 \u00a0 \u00a0 \u00a0 \u00a0 \u00a0 \u00a0 \u00a0 \u00a0 \u00a0 \u00a0 \u00a0 \u00a0 \u00a0 \u00a0 \u00a0 \u00a0 \u00a0 \u00a0 \u00a0 \u00a0 \u00a0 \u00a0 \u00a0 \u00a0 \u00a0 \u00a0 \u00a0 \u00a0 \u00a0 \u00a0 \u00a0 \u00a0 \u00a0 \u00a0 \u00a0 \u00a0 \u00a0 \u00a0 \u00a0 \u00a0 \u00a0 \u00a0 \u00a0 \u00a0 \u00a0 \u00a0 \u00a0 \u00a0 \u00a0 \u00a0 \u00a0 \u00a0 \u00a0 \u00a0 \u00a0 \u00a0 \u00a0 \u00a0 \u00a0 \u00a0 \u00a0 \u00a0 \u00a0 \u00a0 \u00a0 \u00a0 \u00a0 \u00a0 \u00a0 \u00a0 \u00a0 \u00a0 \u00a0 \u00a0 \u00a0 \u00a0 \u00a0 \u00a0 \u00a0 \u00a0 \u00a0 \u00a0 \u00a0 \u00a0 \u00a0 \u00a0 \u00a0 \u00a0 \u00a0 \u00a0 \u00a0 Voltage\uff1a<span style=\"color: #000000;\">12v<\/span><br \/>\nPower\uff1a60W<br \/>\nLumen\uff1a3000LM<br \/>\nColor Temperature\uff1aWhite<br \/>\nMaterial\uff1a Aluminum<br \/>\nPackage\uff1aSmall White Box<br \/>\nOEM\uff1aAvailable<br \/>\nLife Span\uff1aMore than 3000h<br \/>\nWarranty\uff1a1 year<br \/>\nCar Make\uff1aUniversal<br \/>\nCertification\uff1aCE ROSH IP67<br \/>\nPlace of Origin:Guangdong, China<br \/>\nLead-time\uff1aAccording to customers order detail<\/p>\n<p>Fit For 1 Series E81 3-Door Hatchback<br \/>\nFit For 1 Series E82 Coupe<br \/>\nFit For 1 Series E87 5-Door Hatchback manufactured from March 2007 onwards<br \/>\nFit For 1 Series E88 Cabriolet<br \/>\nFit For 3 Series E90 M3 Saloon manufactured from 2007 onwards<br \/>\nFit For 3 Series E90 saloon with LCI Xenon Lights Manufactured from February 2008 onwards<br \/>\nFit For 3 Series E91 Touring with LCI Xenon Lights manufactured from February 2008 onwards.<br \/>\nFit For 3 Series E92 Coupe Manufactured from September 2006 onwards.<br \/>\nFit For 3 Series E93 Convertible manufactured from 2006 onwards<br \/>\nFit For 6 Series E63 Convertible manufactured from 2007 onwards (except M6)<br \/>\nFit For 6 Series E64 Convertible manufactured from September 2007 onwards (except M6).<br \/>\nFit For X5 E70 manufactured from September 2007 onwards.<\/p>\n","category_list":"","author_info":{"name":"","url":""},"comments_num":"0 comments","uagb_featured_image_src":{"full":["https:\/\/www.liwin-china.com\/wp-content\/uploads\/2026\/05\/Liwiny-9006-6500K-LED-Angle-Eyes-Car-Light-Bulb-11.webp",700,700,false],"thumbnail":["https:\/\/www.liwin-china.com\/wp-content\/uploads\/2026\/05\/Liwiny-9006-6500K-LED-Angle-Eyes-Car-Light-Bulb-11-150x150.webp",150,150,true],"medium":["https:\/\/www.liwin-china.com\/wp-content\/uploads\/2026\/05\/Liwiny-9006-6500K-LED-Angle-Eyes-Car-Light-Bulb-11-300x300.webp",300,300,true],"medium_large":["https:\/\/www.liwin-china.com\/wp-content\/uploads\/2026\/05\/Liwiny-9006-6500K-LED-Angle-Eyes-Car-Light-Bulb-11.webp",700,700,false],"large":["https:\/\/www.liwin-china.com\/wp-content\/uploads\/2026\/05\/Liwiny-9006-6500K-LED-Angle-Eyes-Car-Light-Bulb-11.webp",700,700,false],"1536x1536":["https:\/\/www.liwin-china.com\/wp-content\/uploads\/2026\/05\/Liwiny-9006-6500K-LED-Angle-Eyes-Car-Light-Bulb-11.webp",700,700,false],"2048x2048":["https:\/\/www.liwin-china.com\/wp-content\/uploads\/2026\/05\/Liwiny-9006-6500K-LED-Angle-Eyes-Car-Light-Bulb-11.webp",700,700,false],"trp-custom-language-flag":["https:\/\/www.liwin-china.com\/wp-content\/uploads\/2026\/05\/Liwiny-9006-6500K-LED-Angle-Eyes-Car-Light-Bulb-11-12x12.webp",12,12,true],"woocommerce_archive_thumbnail":["https:\/\/www.liwin-china.com\/wp-content\/uploads\/2026\/05\/Liwiny-9006-6500K-LED-Angle-Eyes-Car-Light-Bulb-11-300x300.webp",300,300,true],"woocommerce_thumbnail":["https:\/\/www.liwin-china.com\/wp-content\/uploads\/2026\/05\/Liwiny-9006-6500K-LED-Angle-Eyes-Car-Light-Bulb-11-300x300.webp",300,300,true],"woocommerce_single":["https:\/\/www.liwin-china.com\/wp-content\/uploads\/2026\/05\/Liwiny-9006-6500K-LED-Angle-Eyes-Car-Light-Bulb-11-600x600.webp",600,600,true],"woocommerce_gallery_thumbnail":["https:\/\/www.liwin-china.com\/wp-content\/uploads\/2026\/05\/Liwiny-9006-6500K-LED-Angle-Eyes-Car-Light-Bulb-11-100x100.webp",100,100,true]},"uagb_author_info":{"display_name":"adminn","author_link":"https:\/\/www.liwin-china.com\/es\/author\/"},"uagb_comment_info":0,"uagb_excerpt":"Liwiny 9006 6500K LED Angle Eyes Car Light Bulb New Headlamp Lighting for E92 E90 E87 Cars LED MAKER for EV AUTO Item\uff1aMarker Angle Eyes Bulb OEM Part No.\uff1aBMA9216-1\u00a0 \u00a0 \u00a0 \u00a0 \u00a0 \u00a0 \u00a0 \u00a0 \u00a0 \u00a0 \u00a0 \u00a0 \u00a0 \u00a0 \u00a0 \u00a0 \u00a0 \u00a0 \u00a0 \u00a0 \u00a0 \u00a0 \u00a0 \u00a0 \u00a0 \u00a0 \u00a0&hellip;","_links":{"self":[{"href":"https:\/\/www.liwin-china.com\/es\/wp-json\/wp\/v2\/product\/83202"}],"collection":[{"href":"https:\/\/www.liwin-china.com\/es\/wp-json\/wp\/v2\/product"}],"about":[{"href":"https:\/\/www.liwin-china.com\/es\/wp-json\/wp\/v2\/types\/product"}],"wp:featuredmedia":[{"embeddable":true,"href":"https:\/\/www.liwin-china.com\/es\/wp-json\/wp\/v2\/media\/83203"}],"wp:attachment":[{"href":"https:\/\/www.liwin-china.com\/es\/wp-json\/wp\/v2\/media?parent=83202"}],"wp:term":[{"taxonomy":"product_cat","embeddable":true,"href":"https:\/\/www.liwin-china.com\/es\/wp-json\/wp\/v2\/product_cat?post=83202"},{"taxonomy":"product_tag","embeddable":true,"href":"https:\/\/www.liwin-china.com\/es\/wp-json\/wp\/v2\/product_tag?post=83202"}],"curies":[{"name":"wp","href":"https:\/\/api.w.org\/{rel}","templated":true}]}}