{"id":7796,"date":"2024-06-15T14:49:06","date_gmt":"2024-06-15T06:49:06","guid":{"rendered":"https:\/\/www.liwin-china.com\/?post_type=product&#038;p=7796"},"modified":"2024-12-04T22:17:06","modified_gmt":"2024-12-04T14:17:06","slug":"liwiny-auto-safety-electric-folding-side-mirror-retractable-rearview-mirror-for-mercedes-benz-205-coupe","status":"publish","type":"product","link":"https:\/\/www.liwin-china.com\/es\/product\/liwiny-auto-safety-electric-folding-side-mirror-retractable-rearview-mirror-for-mercedes-benz-205-coupe\/","title":{"rendered":"Liwiny Auto Seguridad plegable el\u00e9ctrico Espejo retrovisor retr\u00e1ctil para Mercedes-Benz 205 Coupe"},"content":{"rendered":"<p>Liwiny Auto Seguridad plegable el\u00e9ctrico Espejo retrovisor retr\u00e1ctil para Mercedes-Benz 205 Coupe<\/p>\n<p>Marca\uff1aLiwiny<\/p>\n<p>Tipo\uff1aEspejo lateral,Espejo retrovisor<\/p>\n<p>N\u00ba de pieza OEM\uff1aA2058100902, A2058100300, A2058101102, A2058100305, A2058101302, A2058100905, A2058101502, A2058101705, A2058101702, A2058103305, A2058101902, A2058102305, A2058100002, A2058100202, A2058100605, A2058100402, A2058100602, A2058101805, A2058101605<\/p>\n<p>N\u00famero de modelo\uff1aPara 205 Coupe<br \/>\nApto para coche\uff1aPara Mercedes-Benz 205 Coupe.<br \/>\nA\u00f1o\uff1a2018-2022<\/p>\n<p>Material\uff1aABS+PP+Vidrio<br \/>\nPosici\u00f3n\uff1a Izquierda Derecha<\/p>\n<p>Funci\u00f3n\uff1aPlegado, calentamiento<\/p>\n<p>Instalaci\u00f3n\uff1aF\u00e1cil instalaci\u00f3n<\/p>\n<p>OEM\uff1aDisponible<br \/>\nVida \u00fatil\uff1aM\u00e1s de 30000h<br \/>\nGarant\u00eda\uff1a1 a\u00f1o<br \/>\nMarca del coche\uff1aUniversal<br \/>\nLugar de origen: Guangdong, China<br \/>\nPlazo de entrega\uff1aSeg\u00fan detalle del pedido del cliente.<\/p>\n<h2><b class=\"magic-18\"><span class=\"magic-18\">Instrucciones de instalaci\u00f3n<\/span><\/b><\/h2>\n<p><img loading=\"lazy\" decoding=\"async\" class=\"alignnone size-full wp-image-7094\" src=\"https:\/\/www.liwin-china.com\/wp-content\/uploads\/2024\/06\/Rearview-Mirror-For-BMW-1-Series-F20.webp\" alt=\"\" width=\"750\" height=\"640\" srcset=\"https:\/\/www.liwin-china.com\/wp-content\/uploads\/2024\/06\/Rearview-Mirror-For-BMW-1-Series-F20.webp 750w, https:\/\/www.liwin-china.com\/wp-content\/uploads\/2024\/06\/Rearview-Mirror-For-BMW-1-Series-F20-300x256.webp 300w, https:\/\/www.liwin-china.com\/wp-content\/uploads\/2024\/06\/Rearview-Mirror-For-BMW-1-Series-F20-600x512.webp 600w\" sizes=\"(max-width: 750px) 100vw, 750px\" \/><\/p>\n<h1><strong>\u00bfPor qu\u00e9 elegir LIWINY?<\/strong><\/h1>\n<p><img loading=\"lazy\" decoding=\"async\" class=\"alignnone size-full wp-image-4463\" src=\"https:\/\/www.liwin-china.com\/wp-content\/uploads\/2023\/12\/liwiny-oem-ballast.webp\" alt=\"\" width=\"1980\" height=\"600\" srcset=\"https:\/\/www.liwin-china.com\/wp-content\/uploads\/2023\/12\/liwiny-oem-ballast.webp 1980w, https:\/\/www.liwin-china.com\/wp-content\/uploads\/2023\/12\/liwiny-oem-ballast-300x91.webp 300w, https:\/\/www.liwin-china.com\/wp-content\/uploads\/2023\/12\/liwiny-oem-ballast-1024x310.webp 1024w, https:\/\/www.liwin-china.com\/wp-content\/uploads\/2023\/12\/liwiny-oem-ballast-768x233.webp 768w, https:\/\/www.liwin-china.com\/wp-content\/uploads\/2023\/12\/liwiny-oem-ballast-1536x465.webp 1536w, https:\/\/www.liwin-china.com\/wp-content\/uploads\/2023\/12\/liwiny-oem-ballast-600x182.webp 600w\" sizes=\"(max-width: 1980px) 100vw, 1980px\" \/><\/p>\n<ul>\n<li>Desde el material hasta el producto acabado, seguimos un estricto control de calidad, garantizando que la tasa de defectos sea inferior a 1%.<\/li>\n<li>Bienvenido OEM \/ ODM oders, aceptamos una serie de requisitos de personalizaci\u00f3n como la apariencia.<\/li>\n<li>Ofrecemos 12 meses de garant\u00eda.<\/li>\n<li>Nos centramos en la tendencia del mercado, desarrollamos de 3 a 5 productos nuevos cada temporada.<\/li>\n<\/ul>\n<h2>Pida presupuesto hoy mismo<\/h2>\n<p>Todos los productos LIWINY est\u00e1n disponibles para pedidos al por mayor. Si desea vender nuestros productos o convertirse en nuestro distribuidor, p\u00f3ngase en contacto con nosotros, obtendr\u00e1 los siguientes beneficios:<\/p>\n<p>MOQ bajo y entrega r\u00e1pida<br \/>\nProductos innovadores<br \/>\nMejor precio al por mayor<br \/>\nServicio OEM\/ODM<\/p>","protected":false},"excerpt":{"rendered":"<p>Marca\uff1aLiwiny<\/p>\n<p>Tipo\uff1aEspejo lateral,Espejo retrovisor<\/p>\n<p>N\u00ba de pieza OEM\uff1aA2058100902, A2058100300, A2058101102, A2058100305, A2058101302, A2058100905, A2058101502, A2058101705, A2058101702, A2058103305, A2058101902, A2058102305, A2058100002, A2058100202, A2058100605, A2058100402, A2058100602, A2058101805, A2058101605<\/p>\n<p>N\u00famero de modelo\uff1aPara 205 Coupe<br \/>\nApto para coche\uff1aPara Mercedes-Benz 205 Coupe.<br \/>\nA\u00f1o\uff1a2018-2022<\/p>\n<p>Material\uff1aABS+PP+Vidrio<br \/>\nPosici\u00f3n\uff1a Izquierda Derecha<\/p>\n<p>Funci\u00f3n\uff1aPlegado, calentamiento<\/p>\n<p>Instalaci\u00f3n\uff1aF\u00e1cil instalaci\u00f3n<\/p>\n<p>OEM\uff1aDisponible<br \/>\nVida \u00fatil\uff1aM\u00e1s de 30000h<br \/>\nGarant\u00eda\uff1a1 a\u00f1o<br \/>\nMarca del coche\uff1aUniversal<br \/>\nLugar de origen: Guangdong, China<br \/>\nPlazo de entrega\uff1aSeg\u00fan detalle del pedido del cliente.<\/p>","protected":false},"featured_media":7798,"template":"","meta":{"_seopress_robots_primary_cat":"none","_seopress_titles_title":"","_seopress_titles_desc":"","_seopress_robots_index":"","_uag_custom_page_level_css":"","_joinchat":[]},"product_cat":[456],"product_tag":[],"featured_image_urls":{"full":["https:\/\/www.liwin-china.com\/wp-content\/uploads\/2024\/06\/A2058100902-A2058100300-A2058101102-A2058100305-A2058101302-A2058100905-A2058101502-A2058101705-A2058101702.webp",800,800,false],"thumbnail":["https:\/\/www.liwin-china.com\/wp-content\/uploads\/2024\/06\/A2058100902-A2058100300-A2058101102-A2058100305-A2058101302-A2058100905-A2058101502-A2058101705-A2058101702-150x150.webp",150,150,true],"medium":["https:\/\/www.liwin-china.com\/wp-content\/uploads\/2024\/06\/A2058100902-A2058100300-A2058101102-A2058100305-A2058101302-A2058100905-A2058101502-A2058101705-A2058101702-300x300.webp",300,300,true],"medium_large":["https:\/\/www.liwin-china.com\/wp-content\/uploads\/2024\/06\/A2058100902-A2058100300-A2058101102-A2058100305-A2058101302-A2058100905-A2058101502-A2058101705-A2058101702-768x768.webp",768,768,true],"large":["https:\/\/www.liwin-china.com\/wp-content\/uploads\/2024\/06\/A2058100902-A2058100300-A2058101102-A2058100305-A2058101302-A2058100905-A2058101502-A2058101705-A2058101702.webp",800,800,false],"1536x1536":["https:\/\/www.liwin-china.com\/wp-content\/uploads\/2024\/06\/A2058100902-A2058100300-A2058101102-A2058100305-A2058101302-A2058100905-A2058101502-A2058101705-A2058101702.webp",800,800,false],"2048x2048":["https:\/\/www.liwin-china.com\/wp-content\/uploads\/2024\/06\/A2058100902-A2058100300-A2058101102-A2058100305-A2058101302-A2058100905-A2058101502-A2058101705-A2058101702.webp",800,800,false],"trp-custom-language-flag":["https:\/\/www.liwin-china.com\/wp-content\/uploads\/2024\/06\/A2058100902-A2058100300-A2058101102-A2058100305-A2058101302-A2058100905-A2058101502-A2058101705-A2058101702.webp",12,12,false],"woocommerce_archive_thumbnail":["https:\/\/www.liwin-china.com\/wp-content\/uploads\/2024\/06\/A2058100902-A2058100300-A2058101102-A2058100305-A2058101302-A2058100905-A2058101502-A2058101705-A2058101702-300x300.webp",300,300,true],"woocommerce_thumbnail":["https:\/\/www.liwin-china.com\/wp-content\/uploads\/2024\/06\/A2058100902-A2058100300-A2058101102-A2058100305-A2058101302-A2058100905-A2058101502-A2058101705-A2058101702-300x300.webp",300,300,true],"woocommerce_single":["https:\/\/www.liwin-china.com\/wp-content\/uploads\/2024\/06\/A2058100902-A2058100300-A2058101102-A2058100305-A2058101302-A2058100905-A2058101502-A2058101705-A2058101702-600x600.webp",600,600,true],"woocommerce_gallery_thumbnail":["https:\/\/www.liwin-china.com\/wp-content\/uploads\/2024\/06\/A2058100902-A2058100300-A2058101102-A2058100305-A2058101302-A2058100905-A2058101502-A2058101705-A2058101702-100x100.webp",100,100,true]},"post_excerpt_stackable":"<p>Brand Name\uff1aLiwiny<\/p>\n<p>Type\uff1aSide Mirror,Rearview Mirror<\/p>\n<p>OEM Part No.\uff1aA2058100902, A2058100300, A2058101102, A2058100305, A2058101302, A2058100905, A2058101502, A2058101705, A2058101702, A2058103305, A2058101902, A2058102305, A2058100002, A2058100202, A2058100605, A2058100402, A2058100602, A2058101805, A2058101605<\/p>\n<p>Model Number\uff1aFor 205 Coupe<br \/>\nFit for car\uff1aFor Mercedes-Benz 205 Coupe<br \/>\nYear\uff1a2018-2022<\/p>\n<p>Material\uff1aABS+PP+Glass<br \/>\nPosition\uff1aLeft Right<\/p>\n<p>Function\uff1aFolding, heating<\/p>\n<p>Installation\uff1aEasy installation<\/p>\n<p>OEM\uff1aAvailable<br \/>\nLife Span\uff1aMore than 30000h<br \/>\nWarranty\uff1a1 year<br \/>\nCar Make\uff1aUniversal<br \/>\nPlace of Origin:Guangdong, China<br \/>\nLead-time\uff1aAccording to customers order detail<\/p>\n","category_list":"","author_info":{"name":"","url":""},"comments_num":"0 comments","uagb_featured_image_src":{"full":["https:\/\/www.liwin-china.com\/wp-content\/uploads\/2024\/06\/A2058100902-A2058100300-A2058101102-A2058100305-A2058101302-A2058100905-A2058101502-A2058101705-A2058101702.webp",800,800,false],"thumbnail":["https:\/\/www.liwin-china.com\/wp-content\/uploads\/2024\/06\/A2058100902-A2058100300-A2058101102-A2058100305-A2058101302-A2058100905-A2058101502-A2058101705-A2058101702-150x150.webp",150,150,true],"medium":["https:\/\/www.liwin-china.com\/wp-content\/uploads\/2024\/06\/A2058100902-A2058100300-A2058101102-A2058100305-A2058101302-A2058100905-A2058101502-A2058101705-A2058101702-300x300.webp",300,300,true],"medium_large":["https:\/\/www.liwin-china.com\/wp-content\/uploads\/2024\/06\/A2058100902-A2058100300-A2058101102-A2058100305-A2058101302-A2058100905-A2058101502-A2058101705-A2058101702-768x768.webp",768,768,true],"large":["https:\/\/www.liwin-china.com\/wp-content\/uploads\/2024\/06\/A2058100902-A2058100300-A2058101102-A2058100305-A2058101302-A2058100905-A2058101502-A2058101705-A2058101702.webp",800,800,false],"1536x1536":["https:\/\/www.liwin-china.com\/wp-content\/uploads\/2024\/06\/A2058100902-A2058100300-A2058101102-A2058100305-A2058101302-A2058100905-A2058101502-A2058101705-A2058101702.webp",800,800,false],"2048x2048":["https:\/\/www.liwin-china.com\/wp-content\/uploads\/2024\/06\/A2058100902-A2058100300-A2058101102-A2058100305-A2058101302-A2058100905-A2058101502-A2058101705-A2058101702.webp",800,800,false],"trp-custom-language-flag":["https:\/\/www.liwin-china.com\/wp-content\/uploads\/2024\/06\/A2058100902-A2058100300-A2058101102-A2058100305-A2058101302-A2058100905-A2058101502-A2058101705-A2058101702.webp",12,12,false],"woocommerce_archive_thumbnail":["https:\/\/www.liwin-china.com\/wp-content\/uploads\/2024\/06\/A2058100902-A2058100300-A2058101102-A2058100305-A2058101302-A2058100905-A2058101502-A2058101705-A2058101702-300x300.webp",300,300,true],"woocommerce_thumbnail":["https:\/\/www.liwin-china.com\/wp-content\/uploads\/2024\/06\/A2058100902-A2058100300-A2058101102-A2058100305-A2058101302-A2058100905-A2058101502-A2058101705-A2058101702-300x300.webp",300,300,true],"woocommerce_single":["https:\/\/www.liwin-china.com\/wp-content\/uploads\/2024\/06\/A2058100902-A2058100300-A2058101102-A2058100305-A2058101302-A2058100905-A2058101502-A2058101705-A2058101702-600x600.webp",600,600,true],"woocommerce_gallery_thumbnail":["https:\/\/www.liwin-china.com\/wp-content\/uploads\/2024\/06\/A2058100902-A2058100300-A2058101102-A2058100305-A2058101302-A2058100905-A2058101502-A2058101705-A2058101702-100x100.webp",100,100,true]},"uagb_author_info":{"display_name":"adminn","author_link":"https:\/\/www.liwin-china.com\/es\/author\/"},"uagb_comment_info":0,"uagb_excerpt":"Brand Name\uff1aLiwiny Type\uff1aSide Mirror,Rearview Mirror OEM Part No.\uff1aA2058100902, A2058100300, A2058101102, A2058100305, A2058101302, A2058100905, A2058101502, A2058101705, A2058101702, A2058103305, A2058101902, A2058102305, A2058100002, A2058100202, A2058100605, A2058100402, A2058100602, A2058101805, A2058101605 Model Number\uff1aFor 205 Coupe Fit for car\uff1aFor Mercedes-Benz 205 Coupe Year\uff1a2018-2022 Material\uff1aABS+PP+Glass Position\uff1aLeft Right Function\uff1aFolding, heating Installation\uff1aEasy installation OEM\uff1aAvailable Life Span\uff1aMore than 30000h Warranty\uff1a1 year Car Make\uff1aUniversal Place of&hellip;","_links":{"self":[{"href":"https:\/\/www.liwin-china.com\/es\/wp-json\/wp\/v2\/product\/7796"}],"collection":[{"href":"https:\/\/www.liwin-china.com\/es\/wp-json\/wp\/v2\/product"}],"about":[{"href":"https:\/\/www.liwin-china.com\/es\/wp-json\/wp\/v2\/types\/product"}],"wp:featuredmedia":[{"embeddable":true,"href":"https:\/\/www.liwin-china.com\/es\/wp-json\/wp\/v2\/media\/7798"}],"wp:attachment":[{"href":"https:\/\/www.liwin-china.com\/es\/wp-json\/wp\/v2\/media?parent=7796"}],"wp:term":[{"taxonomy":"product_cat","embeddable":true,"href":"https:\/\/www.liwin-china.com\/es\/wp-json\/wp\/v2\/product_cat?post=7796"},{"taxonomy":"product_tag","embeddable":true,"href":"https:\/\/www.liwin-china.com\/es\/wp-json\/wp\/v2\/product_tag?post=7796"}],"curies":[{"name":"wp","href":"https:\/\/api.w.org\/{rel}","templated":true}]}}