{"id":72927,"date":"2026-04-03T08:04:17","date_gmt":"2026-04-03T00:04:17","guid":{"rendered":"https:\/\/www.liwin-china.com\/?post_type=product&#038;p=72927"},"modified":"2026-04-03T08:35:57","modified_gmt":"2026-04-03T00:35:57","slug":"liwiny-c2-d1-d2-d3-d4-d5-d8-automotive-led-headlights-manufacturer","status":"publish","type":"product","link":"https:\/\/www.liwin-china.com\/es\/product\/liwiny-c2-d1-d2-d3-d4-d5-d8-automotive-led-headlights-manufacturer\/","title":{"rendered":"Liwiny C2 D1 D2 D3 D4 D5 D8 Automotive Led Headlights Manufacturer"},"content":{"rendered":"<p>Liwiny C2 D1 D2 D3 D4 D5 D8 Automotive Led Headlights Manufacturer<\/p>\n<p>Marca\uff1aLiwiny<br \/>\nItem\uff1aautomotive led headlights \/ led headlight manufacturer<br \/>\nOEM Part No.\uff1aC2-D1S D2S D3S D4S D5S D8S<\/p>\n<p>Tensi\u00f3n\uff1a<span style=\"color: #000000;\">12v<\/span><br \/>\nPotencia\uff1a120W<br \/>\nLumen\uff1a12000LM<br \/>\nChip Led\uff1aCsp<br \/>\nTemperatura de color\uff1a<span style=\"color: #000000;\">6000K<\/span><br \/>\nLuz\uff1aAlta Luz de cruce Alta potencia<br \/>\nMaterial: aleaci\u00f3n de aluminio<br \/>\nPaquete\uff1aCaja de color peque\u00f1a<br \/>\nOEM\uff1aDisponible<br \/>\nVida \u00fatil\uff1aM\u00e1s de 30000h<br \/>\nGarant\u00eda\uff1a1 a\u00f1o<br \/>\nMarca del coche\uff1aUniversal<br \/>\nCertificaci\u00f3n: ROSH IP67<br \/>\nLugar de origen: Guangdong, China<br \/>\nPlazo de entrega\uff1aSeg\u00fan detalle del pedido del cliente.<\/p>\n<p>&nbsp;<\/p>\n<h1><strong>\u00bfPor qu\u00e9 elegir LIWINY?<\/strong><\/h1>\n<p><img loading=\"lazy\" decoding=\"async\" class=\"alignnone size-full wp-image-4463\" src=\"https:\/\/www.liwin-china.com\/wp-content\/uploads\/2023\/12\/liwiny-oem-ballast.webp\" alt=\"\" width=\"1980\" height=\"600\" srcset=\"https:\/\/www.liwin-china.com\/wp-content\/uploads\/2023\/12\/liwiny-oem-ballast.webp 1980w, https:\/\/www.liwin-china.com\/wp-content\/uploads\/2023\/12\/liwiny-oem-ballast-300x91.webp 300w, https:\/\/www.liwin-china.com\/wp-content\/uploads\/2023\/12\/liwiny-oem-ballast-1024x310.webp 1024w, https:\/\/www.liwin-china.com\/wp-content\/uploads\/2023\/12\/liwiny-oem-ballast-768x233.webp 768w, https:\/\/www.liwin-china.com\/wp-content\/uploads\/2023\/12\/liwiny-oem-ballast-1536x465.webp 1536w, https:\/\/www.liwin-china.com\/wp-content\/uploads\/2023\/12\/liwiny-oem-ballast-600x182.webp 600w\" sizes=\"(max-width: 1980px) 100vw, 1980px\" \/><\/p>\n<ul>\n<li>Desde el material hasta el producto acabado, seguimos un estricto control de calidad, garantizando que la tasa de defectos sea inferior a 1%.<\/li>\n<li>Bienvenido OEM \/ ODM oders, aceptamos una serie de requisitos de personalizaci\u00f3n, tales como la apariencia, el poder, la unidad, el ventilador, el chip, la temperatura de color, logotipo, embalaje.<\/li>\n<li>Ofrecemos garant\u00edas de 12 a 36 meses que incluyen la sustituci\u00f3n directa. No es necesario devolver los productos defectuosos.<\/li>\n<li>Nos centramos en la tendencia del mercado, desarrollamos de 3 a 5 productos nuevos cada temporada.<\/li>\n<\/ul>\n<p>&nbsp;<\/p>\n<h2>Pida presupuesto hoy mismo<\/h2>\n<p>Todos los productos LIWINY est\u00e1n disponibles para pedidos al por mayor. Si desea vender nuestros productos o convertirse en nuestro distribuidor, p\u00f3ngase en contacto con nosotros, obtendr\u00e1 los siguientes beneficios:<\/p>\n<p>MOQ bajo y entrega r\u00e1pida<br \/>\nProductos innovadores<br \/>\nMejor precio al por mayor<br \/>\nServicio OEM\/ODM<\/p>","protected":false},"excerpt":{"rendered":"<p>Liwiny C2 D1 D2 D3 D4 D5 D8 Automotive Led Headlights Manufacturer<\/p>\n<p>Marca\uff1aLiwiny<br \/>\nItem\uff1aautomotive led headlights \/ led headlight manufacturer<br \/>\nOEM Part No.\uff1aC2-D1S D2S D3S D4S D5S D8S<\/p>\n<p>Tensi\u00f3n\uff1a<span style=\"color: #000000;\">12v<\/span><br \/>\nPotencia\uff1a120W<br \/>\nLumen\uff1a12000LM<br \/>\nChip Led\uff1aCsp<br \/>\nTemperatura de color\uff1a<span style=\"color: #000000;\">6000K<\/span><br \/>\nLuz\uff1aAlta Luz de cruce Alta potencia<br \/>\nMaterial: aleaci\u00f3n de aluminio<br \/>\nPaquete\uff1aCaja de color peque\u00f1a<br \/>\nOEM\uff1aDisponible<br \/>\nVida \u00fatil\uff1aM\u00e1s de 30000h<br \/>\nGarant\u00eda\uff1a1 a\u00f1o<br \/>\nMarca del coche\uff1aUniversal<\/p>","protected":false},"featured_media":72934,"template":"","meta":{"_seopress_robots_primary_cat":"none","_seopress_titles_title":"","_seopress_titles_desc":"","_seopress_robots_index":"","_uag_custom_page_level_css":"","_joinchat":[]},"product_cat":[462,58],"product_tag":[],"featured_image_urls":{"full":["https:\/\/www.liwin-china.com\/wp-content\/uploads\/2026\/04\/led-for-car-headlights.webp",500,500,false],"thumbnail":["https:\/\/www.liwin-china.com\/wp-content\/uploads\/2026\/04\/led-for-car-headlights-150x150.webp",150,150,true],"medium":["https:\/\/www.liwin-china.com\/wp-content\/uploads\/2026\/04\/led-for-car-headlights-300x300.webp",300,300,true],"medium_large":["https:\/\/www.liwin-china.com\/wp-content\/uploads\/2026\/04\/led-for-car-headlights.webp",500,500,false],"large":["https:\/\/www.liwin-china.com\/wp-content\/uploads\/2026\/04\/led-for-car-headlights.webp",500,500,false],"1536x1536":["https:\/\/www.liwin-china.com\/wp-content\/uploads\/2026\/04\/led-for-car-headlights.webp",500,500,false],"2048x2048":["https:\/\/www.liwin-china.com\/wp-content\/uploads\/2026\/04\/led-for-car-headlights.webp",500,500,false],"trp-custom-language-flag":["https:\/\/www.liwin-china.com\/wp-content\/uploads\/2026\/04\/led-for-car-headlights-12x12.webp",12,12,true],"woocommerce_archive_thumbnail":["https:\/\/www.liwin-china.com\/wp-content\/uploads\/2026\/04\/led-for-car-headlights-300x300.webp",300,300,true],"woocommerce_thumbnail":["https:\/\/www.liwin-china.com\/wp-content\/uploads\/2026\/04\/led-for-car-headlights-300x300.webp",300,300,true],"woocommerce_single":["https:\/\/www.liwin-china.com\/wp-content\/uploads\/2026\/04\/led-for-car-headlights.webp",500,500,false],"woocommerce_gallery_thumbnail":["https:\/\/www.liwin-china.com\/wp-content\/uploads\/2026\/04\/led-for-car-headlights-100x100.webp",100,100,true]},"post_excerpt_stackable":"<p>Liwiny C2 D1 D2 D3 D4 D5 D8 Automotive Led Headlights Manufacturer<\/p>\n<p>Brand Name\uff1aLiwiny<br \/>\nItem\uff1aautomotive led headlights \/ led headlight manufacturer<br \/>\nOEM Part No.\uff1aC2-D1S D2S D3S D4S D5S D8S<\/p>\n<p>Voltage\uff1a<span style=\"color: #000000;\">12v<\/span><br \/>\nPower\uff1a120W<br \/>\nLumen\uff1a12000LM<br \/>\nLed Chip\uff1aCsp<br \/>\nColor Temperature\uff1a<span style=\"color: #000000;\">6000K<\/span><br \/>\nBeam\uff1aHigh Low Beam High Power<br \/>\nMaterial\uff1aAluminium Alloy<br \/>\nPackage\uff1aSmall Color Box<br \/>\nOEM\uff1aAvailable<br \/>\nLife Span\uff1aMore than 30000h<br \/>\nWarranty\uff1a1 year<br \/>\nCar Make\uff1aUniversal<\/p>\n","category_list":"","author_info":{"name":"","url":""},"comments_num":"0 comments","uagb_featured_image_src":{"full":["https:\/\/www.liwin-china.com\/wp-content\/uploads\/2026\/04\/led-for-car-headlights.webp",500,500,false],"thumbnail":["https:\/\/www.liwin-china.com\/wp-content\/uploads\/2026\/04\/led-for-car-headlights-150x150.webp",150,150,true],"medium":["https:\/\/www.liwin-china.com\/wp-content\/uploads\/2026\/04\/led-for-car-headlights-300x300.webp",300,300,true],"medium_large":["https:\/\/www.liwin-china.com\/wp-content\/uploads\/2026\/04\/led-for-car-headlights.webp",500,500,false],"large":["https:\/\/www.liwin-china.com\/wp-content\/uploads\/2026\/04\/led-for-car-headlights.webp",500,500,false],"1536x1536":["https:\/\/www.liwin-china.com\/wp-content\/uploads\/2026\/04\/led-for-car-headlights.webp",500,500,false],"2048x2048":["https:\/\/www.liwin-china.com\/wp-content\/uploads\/2026\/04\/led-for-car-headlights.webp",500,500,false],"trp-custom-language-flag":["https:\/\/www.liwin-china.com\/wp-content\/uploads\/2026\/04\/led-for-car-headlights-12x12.webp",12,12,true],"woocommerce_archive_thumbnail":["https:\/\/www.liwin-china.com\/wp-content\/uploads\/2026\/04\/led-for-car-headlights-300x300.webp",300,300,true],"woocommerce_thumbnail":["https:\/\/www.liwin-china.com\/wp-content\/uploads\/2026\/04\/led-for-car-headlights-300x300.webp",300,300,true],"woocommerce_single":["https:\/\/www.liwin-china.com\/wp-content\/uploads\/2026\/04\/led-for-car-headlights.webp",500,500,false],"woocommerce_gallery_thumbnail":["https:\/\/www.liwin-china.com\/wp-content\/uploads\/2026\/04\/led-for-car-headlights-100x100.webp",100,100,true]},"uagb_author_info":{"display_name":"adminn","author_link":"https:\/\/www.liwin-china.com\/es\/author\/"},"uagb_comment_info":0,"uagb_excerpt":"Liwiny C2 D1 D2 D3 D4 D5 D8 Automotive Led Headlights Manufacturer Brand Name\uff1aLiwiny Item\uff1aautomotive led headlights \/ led headlight manufacturer OEM Part No.\uff1aC2-D1S D2S D3S D4S D5S D8S Voltage\uff1a12v Power\uff1a120W Lumen\uff1a12000LM Led Chip\uff1aCsp Color Temperature\uff1a6000K Beam\uff1aHigh Low Beam High Power Material\uff1aAluminium Alloy Package\uff1aSmall Color Box OEM\uff1aAvailable Life Span\uff1aMore than 30000h Warranty\uff1a1 year Car Make\uff1aUniversal","_links":{"self":[{"href":"https:\/\/www.liwin-china.com\/es\/wp-json\/wp\/v2\/product\/72927"}],"collection":[{"href":"https:\/\/www.liwin-china.com\/es\/wp-json\/wp\/v2\/product"}],"about":[{"href":"https:\/\/www.liwin-china.com\/es\/wp-json\/wp\/v2\/types\/product"}],"wp:featuredmedia":[{"embeddable":true,"href":"https:\/\/www.liwin-china.com\/es\/wp-json\/wp\/v2\/media\/72934"}],"wp:attachment":[{"href":"https:\/\/www.liwin-china.com\/es\/wp-json\/wp\/v2\/media?parent=72927"}],"wp:term":[{"taxonomy":"product_cat","embeddable":true,"href":"https:\/\/www.liwin-china.com\/es\/wp-json\/wp\/v2\/product_cat?post=72927"},{"taxonomy":"product_tag","embeddable":true,"href":"https:\/\/www.liwin-china.com\/es\/wp-json\/wp\/v2\/product_tag?post=72927"}],"curies":[{"name":"wp","href":"https:\/\/api.w.org\/{rel}","templated":true}]}}