{"id":5774,"date":"2024-06-07T22:16:20","date_gmt":"2024-06-07T14:16:20","guid":{"rendered":"https:\/\/www.liwin-china.com\/?post_type=product&#038;p=5774"},"modified":"2024-12-05T10:33:04","modified_gmt":"2024-12-05T02:33:04","slug":"liwiny-h7-2835-led-car-fog-driving-light-bulb-super-bright-white-lamp-tail-turn-signal-brake-lights-led-lamps-h7","status":"publish","type":"product","link":"https:\/\/www.liwin-china.com\/es\/product\/liwiny-h7-2835-led-car-fog-driving-light-bulb-super-bright-white-lamp-tail-turn-signal-brake-lights-led-lamps-h7\/","title":{"rendered":"Liwiny H7 2835 LED de niebla del coche Bombilla de luz de conducci\u00f3n Super Bright White l\u00e1mpara Tail Turn Signal Luces de freno L\u00e1mparas Led H7"},"content":{"rendered":"<p>Liwiny H7 2835 LED de niebla del coche Bombilla de luz de conducci\u00f3n Super Bright White l\u00e1mpara Tail Turn Signal Luces de freno L\u00e1mparas Led H7<\/p>\n<p>Marca\uff1aLiwiny<\/p>\n<p>Art\u00edculo\uff1aLuces antiniebla LED<br \/>\nN\u00ba de pieza OEM: \uff1aH7 21SMD 2835<br \/>\nTensi\u00f3n\uff1a10-30V<br \/>\nPotencia\uff1a2 W<br \/>\nLumen\uff1a300 LM<br \/>\nChip Led\uff1a2835 smd<\/p>\n<p>Led Cantidad\uff1a21 unidades<br \/>\nTemperatura de color\uff1aBlanco Rojo Amarillo<\/p>\n<p>Z\u00f3calo \u00fatil\uff1aH11 H8 H9 H4 H7 9005 9006 HB3 HB4<\/p>\n<p>Tama\u00f1o\uff1a56*33,8mm<\/p>\n<p>Paquete\uff1aCaja de color peque\u00f1a<br \/>\nOEM\uff1aDisponible<br \/>\nVida \u00fatil\uff1aM\u00e1s de 30000h<br \/>\nGarant\u00eda\uff1a1 a\u00f1o<br \/>\nMarca del coche\uff1aUniversal<br \/>\nLugar de origen: Guangdong, China<br \/>\nPlazo de entrega\uff1aSeg\u00fan detalle del pedido del cliente.<\/p>\n<p>&nbsp;<\/p>\n<p>Funci\u00f3n\uff1a<span class=\"magic-16\" data-spm-anchor-id=\"a2700.details.0.i101.6c827f69FPcQq3\">Sin Hyper Flash;M\u00e1s brillante 200%;<\/span><\/p>\n<div data-spm-anchor-id=\"a2700.pc-decorate.0.i96.4dbf3333oJtTj4\"><span class=\"magic-16\">R\u00e1pida disipaci\u00f3n del calor;<\/span><\/div>\n<div data-spm-anchor-id=\"a2700.pc-decorate.0.i96.4dbf3333oJtTj4\"><span class=\"magic-16\">Aluminio de aviaci\u00f3n 6063<br \/>\n<\/span><\/p>\n<div data-spm-anchor-id=\"a2700.pc-decorate.0.i93.4dbf3333oJtTj4\">\n<p><span class=\"magic-16\">Plug and Play;100% Canbus;<\/span><\/p>\n<div data-spm-anchor-id=\"a2700.pc-decorate.0.i88.4dbf3333oJtTj4\"><span class=\"magic-16\">Tama\u00f1o est\u00e1ndar global hal\u00f3geno;<\/span><\/div>\n<div data-spm-anchor-id=\"a2700.pc-decorate.0.i88.4dbf3333oJtTj4\"><span class=\"magic-16\">Control de temperatura en automoci\u00f3n;<\/span><\/div>\n<div data-spm-anchor-id=\"a2700.pc-decorate.0.i88.4dbf3333oJtTj4\"><span class=\"magic-16\">Anti-Hyper Flash;Aluminio T\u00e9rmico Hueco;<\/span><\/div>\n<\/div>\n<\/div>\n<div data-spm-anchor-id=\"a2700.pc-decorate.0.i88.4dbf3333oJtTj4\"><\/div>\n<div data-spm-anchor-id=\"a2700.pc-decorate.0.i88.4dbf3333oJtTj4\"><\/div>\n<div data-spm-anchor-id=\"a2700.pc-decorate.0.i96.4dbf3333oJtTj4\">\n<div data-spm-anchor-id=\"a2700.pc-decorate.0.i88.4dbf3333oJtTj4\">NOTA:<br \/>\n1) El precio se basa en el modo de iluminaci\u00f3n. Pls en contacto si necesita el modo estrobosc\u00f3pico.<br \/>\n2) Por favor recu\u00e9rdenos si necesita voltaje especial para veh\u00edculos especiales.<br \/>\n3) Si necesita canbus integrado, p\u00f3ngase en contacto con nosotros para obtener m\u00e1s informaci\u00f3n.<br \/>\n4) Generalmente embalamos con el bolso antiest\u00e1tico con la carga libre, contacto de los pls si usted necesita el paquete modificado para requisitos particulares.gracias.<\/div>\n<\/div>\n<p>&nbsp;<\/p>\n<h1><strong>\u00bfPor qu\u00e9 elegir LIWINY?<\/strong><\/h1>\n<p><img loading=\"lazy\" decoding=\"async\" class=\"alignnone size-full wp-image-4463\" src=\"https:\/\/www.liwin-china.com\/wp-content\/uploads\/2023\/12\/liwiny-oem-ballast.webp\" alt=\"\" width=\"1980\" height=\"600\" srcset=\"https:\/\/www.liwin-china.com\/wp-content\/uploads\/2023\/12\/liwiny-oem-ballast.webp 1980w, https:\/\/www.liwin-china.com\/wp-content\/uploads\/2023\/12\/liwiny-oem-ballast-300x91.webp 300w, https:\/\/www.liwin-china.com\/wp-content\/uploads\/2023\/12\/liwiny-oem-ballast-1024x310.webp 1024w, https:\/\/www.liwin-china.com\/wp-content\/uploads\/2023\/12\/liwiny-oem-ballast-768x233.webp 768w, https:\/\/www.liwin-china.com\/wp-content\/uploads\/2023\/12\/liwiny-oem-ballast-1536x465.webp 1536w, https:\/\/www.liwin-china.com\/wp-content\/uploads\/2023\/12\/liwiny-oem-ballast-600x182.webp 600w\" sizes=\"(max-width: 1980px) 100vw, 1980px\" \/><\/p>\n<ul>\n<li>Desde el material hasta el producto acabado, seguimos un estricto control de calidad, garantizando que la tasa de defectos sea inferior a 1%.<\/li>\n<li>Bienvenido OEM \/ ODM oders, aceptamos una serie de requisitos de personalizaci\u00f3n, tales como la apariencia, el poder, la unidad, el ventilador, el chip, la temperatura de color, logotipo, embalaje.<\/li>\n<li>Ofrecemos garant\u00edas de 12 a 36 meses que incluyen la sustituci\u00f3n directa. No es necesario devolver los productos defectuosos.<\/li>\n<li>Nos centramos en la tendencia del mercado, desarrollamos de 3 a 5 productos nuevos cada temporada.<\/li>\n<\/ul>\n<p>&nbsp;<\/p>\n<h2>Pida presupuesto hoy mismo<\/h2>\n<p>Todos los productos LIWINY est\u00e1n disponibles para pedidos al por mayor. Si desea vender nuestros productos o convertirse en nuestro distribuidor, p\u00f3ngase en contacto con nosotros, obtendr\u00e1 los siguientes beneficios:<\/p>\n<p>MOQ bajo y entrega r\u00e1pida<br \/>\nProductos innovadores<br \/>\nMejor precio al por mayor<br \/>\nServicio OEM\/ODM<\/p>","protected":false},"excerpt":{"rendered":"<p>Marca\uff1aLiwiny<\/p>\n<p>Art\u00edculo\uff1aLuces antiniebla LED<br \/>\nN\u00ba de pieza OEM: \uff1aH7 21SMD 2835<br \/>\nTensi\u00f3n\uff1a10-30V<br \/>\nPotencia\uff1a2 W<br \/>\nLumen\uff1a300 LM<br \/>\nChip Led\uff1a2835 smd<\/p>\n<p>Led Cantidad\uff1a21 unidades<br \/>\nTemperatura de color\uff1aBlanco Rojo Amarillo<\/p>\n<p>Z\u00f3calo \u00fatil\uff1aH11 H8 H9 H4 H7 9005 9006 HB3 HB4<\/p>\n<p>Tama\u00f1o\uff1a56*33,8mm<\/p>\n<p>Material: aleaci\u00f3n de aluminio<br \/>\nPaquete\uff1aCaja de color peque\u00f1a<br \/>\nOEM\uff1aDisponible<br \/>\nVida \u00fatil\uff1aM\u00e1s de 30000h<br \/>\nGarant\u00eda\uff1a1 a\u00f1o<br \/>\nMarca del coche\uff1aUniversal<br \/>\nLugar de origen: Guangdong, China<br \/>\nPlazo de entrega\uff1aSeg\u00fan detalle del pedido del cliente.<\/p>","protected":false},"featured_media":5776,"template":"","meta":{"_seopress_robots_primary_cat":"none","_seopress_titles_title":"","_seopress_titles_desc":"","_seopress_robots_index":"","_uag_custom_page_level_css":"","_joinchat":[]},"product_cat":[77],"product_tag":[],"featured_image_urls":{"full":["https:\/\/www.liwin-china.com\/wp-content\/uploads\/2024\/06\/H7-21SMD-2835.webp",800,800,false],"thumbnail":["https:\/\/www.liwin-china.com\/wp-content\/uploads\/2024\/06\/H7-21SMD-2835-150x150.webp",150,150,true],"medium":["https:\/\/www.liwin-china.com\/wp-content\/uploads\/2024\/06\/H7-21SMD-2835-300x300.webp",300,300,true],"medium_large":["https:\/\/www.liwin-china.com\/wp-content\/uploads\/2024\/06\/H7-21SMD-2835-768x768.webp",768,768,true],"large":["https:\/\/www.liwin-china.com\/wp-content\/uploads\/2024\/06\/H7-21SMD-2835.webp",800,800,false],"1536x1536":["https:\/\/www.liwin-china.com\/wp-content\/uploads\/2024\/06\/H7-21SMD-2835.webp",800,800,false],"2048x2048":["https:\/\/www.liwin-china.com\/wp-content\/uploads\/2024\/06\/H7-21SMD-2835.webp",800,800,false],"trp-custom-language-flag":["https:\/\/www.liwin-china.com\/wp-content\/uploads\/2024\/06\/H7-21SMD-2835.webp",12,12,false],"woocommerce_archive_thumbnail":["https:\/\/www.liwin-china.com\/wp-content\/uploads\/2024\/06\/H7-21SMD-2835-300x300.webp",300,300,true],"woocommerce_thumbnail":["https:\/\/www.liwin-china.com\/wp-content\/uploads\/2024\/06\/H7-21SMD-2835-300x300.webp",300,300,true],"woocommerce_single":["https:\/\/www.liwin-china.com\/wp-content\/uploads\/2024\/06\/H7-21SMD-2835-600x600.webp",600,600,true],"woocommerce_gallery_thumbnail":["https:\/\/www.liwin-china.com\/wp-content\/uploads\/2024\/06\/H7-21SMD-2835-100x100.webp",100,100,true]},"post_excerpt_stackable":"<p>Brand Name\uff1aLiwiny<\/p>\n<p>Item\uff1aLED Fog Light<br \/>\nOEM Part No.\uff1aH7 21SMD 2835<br \/>\nVoltage\uff1a10-30V<br \/>\nPower\uff1a2 W<br \/>\nLumen\uff1a300 LM<br \/>\nLed Chip\uff1a2835 smd<\/p>\n<p>Led Qty\uff1a21 pcs<br \/>\nColor Temperature\uff1aWhite Red Yellow<\/p>\n<p>Useful Socket\uff1aH11 H8 H9 H4 H7 9005 9006 HB3 HB4<\/p>\n<p>Size\uff1a56*33.8mm<\/p>\n<p>Material\uff1aAluminium Alloy<br \/>\nPackage\uff1aSmall Color Box<br \/>\nOEM\uff1aAvailable<br \/>\nLife Span\uff1aMore than 30000h<br \/>\nWarranty\uff1a1 year<br \/>\nCar Make\uff1aUniversal<br \/>\nPlace of Origin:Guangdong, China<br \/>\nLead-time\uff1aAccording to customers order detail<\/p>\n","category_list":"","author_info":{"name":"","url":""},"comments_num":"0 comments","uagb_featured_image_src":{"full":["https:\/\/www.liwin-china.com\/wp-content\/uploads\/2024\/06\/H7-21SMD-2835.webp",800,800,false],"thumbnail":["https:\/\/www.liwin-china.com\/wp-content\/uploads\/2024\/06\/H7-21SMD-2835-150x150.webp",150,150,true],"medium":["https:\/\/www.liwin-china.com\/wp-content\/uploads\/2024\/06\/H7-21SMD-2835-300x300.webp",300,300,true],"medium_large":["https:\/\/www.liwin-china.com\/wp-content\/uploads\/2024\/06\/H7-21SMD-2835-768x768.webp",768,768,true],"large":["https:\/\/www.liwin-china.com\/wp-content\/uploads\/2024\/06\/H7-21SMD-2835.webp",800,800,false],"1536x1536":["https:\/\/www.liwin-china.com\/wp-content\/uploads\/2024\/06\/H7-21SMD-2835.webp",800,800,false],"2048x2048":["https:\/\/www.liwin-china.com\/wp-content\/uploads\/2024\/06\/H7-21SMD-2835.webp",800,800,false],"trp-custom-language-flag":["https:\/\/www.liwin-china.com\/wp-content\/uploads\/2024\/06\/H7-21SMD-2835.webp",12,12,false],"woocommerce_archive_thumbnail":["https:\/\/www.liwin-china.com\/wp-content\/uploads\/2024\/06\/H7-21SMD-2835-300x300.webp",300,300,true],"woocommerce_thumbnail":["https:\/\/www.liwin-china.com\/wp-content\/uploads\/2024\/06\/H7-21SMD-2835-300x300.webp",300,300,true],"woocommerce_single":["https:\/\/www.liwin-china.com\/wp-content\/uploads\/2024\/06\/H7-21SMD-2835-600x600.webp",600,600,true],"woocommerce_gallery_thumbnail":["https:\/\/www.liwin-china.com\/wp-content\/uploads\/2024\/06\/H7-21SMD-2835-100x100.webp",100,100,true]},"uagb_author_info":{"display_name":"adminn","author_link":"https:\/\/www.liwin-china.com\/es\/author\/"},"uagb_comment_info":0,"uagb_excerpt":"Brand Name\uff1aLiwiny Item\uff1aLED Fog Light OEM Part No.\uff1aH7 21SMD 2835 Voltage\uff1a10-30V Power\uff1a2 W Lumen\uff1a300 LM Led Chip\uff1a2835 smd Led Qty\uff1a21 pcs Color Temperature\uff1aWhite Red Yellow Useful Socket\uff1aH11 H8 H9 H4 H7 9005 9006 HB3 HB4 Size\uff1a56*33.8mm Material\uff1aAluminium Alloy Package\uff1aSmall Color Box OEM\uff1aAvailable Life Span\uff1aMore than 30000h Warranty\uff1a1 year Car Make\uff1aUniversal Place of Origin:Guangdong, China Lead-time\uff1aAccording&hellip;","_links":{"self":[{"href":"https:\/\/www.liwin-china.com\/es\/wp-json\/wp\/v2\/product\/5774"}],"collection":[{"href":"https:\/\/www.liwin-china.com\/es\/wp-json\/wp\/v2\/product"}],"about":[{"href":"https:\/\/www.liwin-china.com\/es\/wp-json\/wp\/v2\/types\/product"}],"wp:featuredmedia":[{"embeddable":true,"href":"https:\/\/www.liwin-china.com\/es\/wp-json\/wp\/v2\/media\/5776"}],"wp:attachment":[{"href":"https:\/\/www.liwin-china.com\/es\/wp-json\/wp\/v2\/media?parent=5774"}],"wp:term":[{"taxonomy":"product_cat","embeddable":true,"href":"https:\/\/www.liwin-china.com\/es\/wp-json\/wp\/v2\/product_cat?post=5774"},{"taxonomy":"product_tag","embeddable":true,"href":"https:\/\/www.liwin-china.com\/es\/wp-json\/wp\/v2\/product_tag?post=5774"}],"curies":[{"name":"wp","href":"https:\/\/api.w.org\/{rel}","templated":true}]}}