{"id":55964,"date":"2025-12-21T21:59:35","date_gmt":"2025-12-21T13:59:35","guid":{"rendered":"https:\/\/www.liwin-china.com\/?post_type=product&#038;p=55964"},"modified":"2025-12-21T22:10:47","modified_gmt":"2025-12-21T14:10:47","slug":"liwiny-headlight-cover-head-lamp-lens-covers-case-plastic-shell-us-version-for-legacy-03-05-year","status":"publish","type":"product","link":"https:\/\/www.liwin-china.com\/es\/product\/liwiny-headlight-cover-head-lamp-lens-covers-case-plastic-shell-us-version-for-legacy-03-05-year\/","title":{"rendered":"Liwiny Headlight Cover Head Lamp Lens Covers case Plastic Shell US Version for LEGACY 03-05 Year"},"content":{"rendered":"<p>Liwiny Headlight Cover Head Lamp Lens Covers case Plastic Shell US Version for LEGACY 03-05 Year<\/p>\n<p>Art\u00edculo\uff1aCubre Lente de Faro<br \/>\nOEM Part No.\uff1afor LEGACY 03-05 Year US Version<\/p>\n<p>Talla\uff1aTalla est\u00e1ndar<br \/>\nCalidad\uff1aAltas prestaciones<br \/>\nMaterial\uff1a Pl\u00e1stico<br \/>\nPaquete\uff1aEnvasado neutro<br \/>\nOEM\uff1aDisponible<br \/>\nVida \u00fatil\uff1aM\u00e1s de 3000h<br \/>\nGarant\u00eda\uff1a1 a\u00f1o<br \/>\nMarca del coche\uff1aUniversal<br \/>\nCertificaci\u00f3n: ROSH IP67<br \/>\nLugar de origen: Guangdong, China<br \/>\nPlazo de entrega\uff1aSeg\u00fan detalle del pedido del cliente.<\/p>\n<p>&nbsp;<\/p>\n<h1><strong>\u00bfPor qu\u00e9 elegir LIWINY?<\/strong><\/h1>\n<p><img loading=\"lazy\" decoding=\"async\" class=\"alignnone size-full wp-image-4463\" src=\"https:\/\/www.liwin-china.com\/wp-content\/uploads\/2023\/12\/liwiny-oem-ballast.webp\" alt=\"\" width=\"1980\" height=\"600\" srcset=\"https:\/\/www.liwin-china.com\/wp-content\/uploads\/2023\/12\/liwiny-oem-ballast.webp 1980w, https:\/\/www.liwin-china.com\/wp-content\/uploads\/2023\/12\/liwiny-oem-ballast-300x91.webp 300w, https:\/\/www.liwin-china.com\/wp-content\/uploads\/2023\/12\/liwiny-oem-ballast-1024x310.webp 1024w, https:\/\/www.liwin-china.com\/wp-content\/uploads\/2023\/12\/liwiny-oem-ballast-768x233.webp 768w, https:\/\/www.liwin-china.com\/wp-content\/uploads\/2023\/12\/liwiny-oem-ballast-1536x465.webp 1536w, https:\/\/www.liwin-china.com\/wp-content\/uploads\/2023\/12\/liwiny-oem-ballast-600x182.webp 600w\" sizes=\"(max-width: 1980px) 100vw, 1980px\" \/><\/p>\n<ul>\n<li>Desde el material hasta el producto acabado, seguimos un estricto control de calidad, garantizando que la tasa de defectos sea inferior a 1%.<\/li>\n<li>Bienvenido OEM \/ ODM oders, aceptamos una serie de requisitos de personalizaci\u00f3n, tales como la apariencia, el poder, la unidad, el ventilador, el chip, la temperatura de color, logotipo, embalaje.<\/li>\n<li>Ofrecemos garant\u00edas de 12 a 36 meses que incluyen la sustituci\u00f3n directa. No es necesario devolver los productos defectuosos.<\/li>\n<li>Nos centramos en la tendencia del mercado, desarrollamos de 3 a 5 productos nuevos cada temporada.<\/li>\n<\/ul>\n<p>&nbsp;<\/p>\n<h2>Pida presupuesto hoy mismo<\/h2>\n<p>Todos los productos LIWINY est\u00e1n disponibles para pedidos al por mayor. Si desea vender nuestros productos o convertirse en nuestro distribuidor, p\u00f3ngase en contacto con nosotros, obtendr\u00e1 los siguientes beneficios:<\/p>\n<p>MOQ bajo y entrega r\u00e1pida<br \/>\nProductos innovadores<br \/>\nMejor precio al por mayor<br \/>\nServicio OEM\/ODM<\/p>","protected":false},"excerpt":{"rendered":"<p>Liwiny Headlight Cover Head Lamp Lens Covers case Plastic Shell US Version for LEGACY 03-05 Year<\/p>\n<p>Art\u00edculo\uff1aCubre Lente de Faro<br \/>\nOEM Part No.\uff1afor LEGACY 03-05 Year US Version<\/p>\n<p>Talla\uff1aTalla est\u00e1ndar<br \/>\nCalidad\uff1aAltas prestaciones<br \/>\nMaterial\uff1a Pl\u00e1stico<br \/>\nPaquete\uff1aEnvasado neutro<\/p>\n<p>OEM\uff1aDisponible<br \/>\nVida \u00fatil\uff1aM\u00e1s de 3000h<br \/>\nGarant\u00eda\uff1a1 a\u00f1o<br \/>\nMarca del coche\uff1aUniversal<br \/>\nCertificaci\u00f3n: ROSH IP67<br \/>\nLugar de origen: Guangdong, China<br \/>\nPlazo de entrega\uff1aSeg\u00fan detalle del pedido del cliente.<\/p>","protected":false},"featured_media":55966,"template":"","meta":{"_seopress_robots_primary_cat":"none","_seopress_titles_title":"","_seopress_titles_desc":"","_seopress_robots_index":"","_uag_custom_page_level_css":"","_joinchat":[]},"product_cat":[468,469],"product_tag":[],"featured_image_urls":{"full":["https:\/\/www.liwin-china.com\/wp-content\/uploads\/2025\/12\/Headlight-Cover-Head-Lamp-Lens-Covers-1-5.webp",700,700,false],"thumbnail":["https:\/\/www.liwin-china.com\/wp-content\/uploads\/2025\/12\/Headlight-Cover-Head-Lamp-Lens-Covers-1-5-150x150.webp",150,150,true],"medium":["https:\/\/www.liwin-china.com\/wp-content\/uploads\/2025\/12\/Headlight-Cover-Head-Lamp-Lens-Covers-1-5-300x300.webp",300,300,true],"medium_large":["https:\/\/www.liwin-china.com\/wp-content\/uploads\/2025\/12\/Headlight-Cover-Head-Lamp-Lens-Covers-1-5.webp",700,700,false],"large":["https:\/\/www.liwin-china.com\/wp-content\/uploads\/2025\/12\/Headlight-Cover-Head-Lamp-Lens-Covers-1-5.webp",700,700,false],"1536x1536":["https:\/\/www.liwin-china.com\/wp-content\/uploads\/2025\/12\/Headlight-Cover-Head-Lamp-Lens-Covers-1-5.webp",700,700,false],"2048x2048":["https:\/\/www.liwin-china.com\/wp-content\/uploads\/2025\/12\/Headlight-Cover-Head-Lamp-Lens-Covers-1-5.webp",700,700,false],"trp-custom-language-flag":["https:\/\/www.liwin-china.com\/wp-content\/uploads\/2025\/12\/Headlight-Cover-Head-Lamp-Lens-Covers-1-5-12x12.webp",12,12,true],"woocommerce_archive_thumbnail":["https:\/\/www.liwin-china.com\/wp-content\/uploads\/2025\/12\/Headlight-Cover-Head-Lamp-Lens-Covers-1-5-300x300.webp",300,300,true],"woocommerce_thumbnail":["https:\/\/www.liwin-china.com\/wp-content\/uploads\/2025\/12\/Headlight-Cover-Head-Lamp-Lens-Covers-1-5-300x300.webp",300,300,true],"woocommerce_single":["https:\/\/www.liwin-china.com\/wp-content\/uploads\/2025\/12\/Headlight-Cover-Head-Lamp-Lens-Covers-1-5-600x600.webp",600,600,true],"woocommerce_gallery_thumbnail":["https:\/\/www.liwin-china.com\/wp-content\/uploads\/2025\/12\/Headlight-Cover-Head-Lamp-Lens-Covers-1-5-100x100.webp",100,100,true]},"post_excerpt_stackable":"<p>Liwiny Headlight Cover Head Lamp Lens Covers case Plastic Shell US Version for LEGACY 03-05 Year<\/p>\n<p>Item\uff1aHeadlight Lens Cover<br \/>\nOEM Part No.\uff1afor LEGACY 03-05 Year US Version<\/p>\n<p>Size\uff1aStandard Size<br \/>\nQuality\uff1aHigh Performance<br \/>\nMaterial\uff1a Plastic<br \/>\nPackage\uff1aNeutral Packing<\/p>\n<p>OEM\uff1aAvailable<br \/>\nLife Span\uff1aMore than 3000h<br \/>\nWarranty\uff1a1 year<br \/>\nCar Make\uff1aUniversal<br \/>\nCertification\uff1aCE ROSH IP67<br \/>\nPlace of Origin:Guangdong, China<br \/>\nLead-time\uff1aAccording to customers order detail<\/p>\n","category_list":"","author_info":{"name":"","url":""},"comments_num":"0 comments","uagb_featured_image_src":{"full":["https:\/\/www.liwin-china.com\/wp-content\/uploads\/2025\/12\/Headlight-Cover-Head-Lamp-Lens-Covers-1-5.webp",700,700,false],"thumbnail":["https:\/\/www.liwin-china.com\/wp-content\/uploads\/2025\/12\/Headlight-Cover-Head-Lamp-Lens-Covers-1-5-150x150.webp",150,150,true],"medium":["https:\/\/www.liwin-china.com\/wp-content\/uploads\/2025\/12\/Headlight-Cover-Head-Lamp-Lens-Covers-1-5-300x300.webp",300,300,true],"medium_large":["https:\/\/www.liwin-china.com\/wp-content\/uploads\/2025\/12\/Headlight-Cover-Head-Lamp-Lens-Covers-1-5.webp",700,700,false],"large":["https:\/\/www.liwin-china.com\/wp-content\/uploads\/2025\/12\/Headlight-Cover-Head-Lamp-Lens-Covers-1-5.webp",700,700,false],"1536x1536":["https:\/\/www.liwin-china.com\/wp-content\/uploads\/2025\/12\/Headlight-Cover-Head-Lamp-Lens-Covers-1-5.webp",700,700,false],"2048x2048":["https:\/\/www.liwin-china.com\/wp-content\/uploads\/2025\/12\/Headlight-Cover-Head-Lamp-Lens-Covers-1-5.webp",700,700,false],"trp-custom-language-flag":["https:\/\/www.liwin-china.com\/wp-content\/uploads\/2025\/12\/Headlight-Cover-Head-Lamp-Lens-Covers-1-5-12x12.webp",12,12,true],"woocommerce_archive_thumbnail":["https:\/\/www.liwin-china.com\/wp-content\/uploads\/2025\/12\/Headlight-Cover-Head-Lamp-Lens-Covers-1-5-300x300.webp",300,300,true],"woocommerce_thumbnail":["https:\/\/www.liwin-china.com\/wp-content\/uploads\/2025\/12\/Headlight-Cover-Head-Lamp-Lens-Covers-1-5-300x300.webp",300,300,true],"woocommerce_single":["https:\/\/www.liwin-china.com\/wp-content\/uploads\/2025\/12\/Headlight-Cover-Head-Lamp-Lens-Covers-1-5-600x600.webp",600,600,true],"woocommerce_gallery_thumbnail":["https:\/\/www.liwin-china.com\/wp-content\/uploads\/2025\/12\/Headlight-Cover-Head-Lamp-Lens-Covers-1-5-100x100.webp",100,100,true]},"uagb_author_info":{"display_name":"adminn","author_link":"https:\/\/www.liwin-china.com\/es\/author\/"},"uagb_comment_info":0,"uagb_excerpt":"Liwiny Headlight Cover Head Lamp Lens Covers case Plastic Shell US Version for LEGACY 03-05 Year Item\uff1aHeadlight Lens Cover OEM Part No.\uff1afor LEGACY 03-05 Year US Version Size\uff1aStandard Size Quality\uff1aHigh Performance Material\uff1a Plastic Package\uff1aNeutral Packing OEM\uff1aAvailable Life Span\uff1aMore than 3000h Warranty\uff1a1 year Car Make\uff1aUniversal Certification\uff1aCE ROSH IP67 Place of Origin:Guangdong, China Lead-time\uff1aAccording to customers order&hellip;","_links":{"self":[{"href":"https:\/\/www.liwin-china.com\/es\/wp-json\/wp\/v2\/product\/55964"}],"collection":[{"href":"https:\/\/www.liwin-china.com\/es\/wp-json\/wp\/v2\/product"}],"about":[{"href":"https:\/\/www.liwin-china.com\/es\/wp-json\/wp\/v2\/types\/product"}],"wp:featuredmedia":[{"embeddable":true,"href":"https:\/\/www.liwin-china.com\/es\/wp-json\/wp\/v2\/media\/55966"}],"wp:attachment":[{"href":"https:\/\/www.liwin-china.com\/es\/wp-json\/wp\/v2\/media?parent=55964"}],"wp:term":[{"taxonomy":"product_cat","embeddable":true,"href":"https:\/\/www.liwin-china.com\/es\/wp-json\/wp\/v2\/product_cat?post=55964"},{"taxonomy":"product_tag","embeddable":true,"href":"https:\/\/www.liwin-china.com\/es\/wp-json\/wp\/v2\/product_tag?post=55964"}],"curies":[{"name":"wp","href":"https:\/\/api.w.org\/{rel}","templated":true}]}}