{"id":5261,"date":"2024-06-05T20:59:59","date_gmt":"2024-06-05T12:59:59","guid":{"rendered":"https:\/\/www.liwin-china.com\/?post_type=product&#038;p=5261"},"modified":"2026-04-17T18:44:28","modified_gmt":"2026-04-17T10:44:28","slug":"liwiny-28w-t20-7440-3156-2800lm-strong-canbus-3838-chips-waterproof-high-speed-cooling-fan-reverse-light-turn-signal","status":"publish","type":"product","link":"https:\/\/www.liwin-china.com\/es\/product\/liwiny-28w-t20-7440-3156-2800lm-strong-canbus-3838-chips-waterproof-high-speed-cooling-fan-reverse-light-turn-signal\/","title":{"rendered":"Liwiny 28W t20 7440 3156 2800lm fuerte canbus 3838 chips impermeable de alta velocidad ventilador de refrigeraci\u00f3n luz de marcha atr\u00e1s intermitente"},"content":{"rendered":"<p>Liwiny 28W t20 7440 3156 2800lm fuerte canbus 3838 chips impermeable de alta velocidad ventilador de refrigeraci\u00f3n luz de marcha atr\u00e1s intermitente<\/p>\n<p>Marca\uff1aLiwiny<\/p>\n<p>Art\u00edculo\uff1aBombilla Led de intermitencia<br \/>\nN\u00ba de pieza OEM: \uff1a28W 3838 24SMD<br \/>\nTensi\u00f3n\uff1a12V<br \/>\nPotencia\uff1a28W<br \/>\nLumen\uff1a2800LM<br \/>\nChip Led\uff1a3838 smd<\/p>\n<p>Led Ctd\uff1a24pcs<br \/>\nTemperatura de color\uff1aBlanco, amarillo, rojo<\/p>\n<p>Z\u00f3calo \u00fatil\uff1a7443 1156 Ba15s Bau15s T25 3156 T20 7440<\/p>\n<p>Material: aleaci\u00f3n de aluminio<br \/>\nPaquete\uff1aCaja de color peque\u00f1a<br \/>\nOEM\uff1aDisponible<br \/>\nVida \u00fatil\uff1aM\u00e1s de 30000h<br \/>\nGarant\u00eda\uff1a1 a\u00f1o<br \/>\nMarca del coche\uff1aUniversal<br \/>\nLugar de origen: Guangdong, China<br \/>\nPlazo de entrega\uff1aSeg\u00fan detalle del pedido del cliente.<\/p>\n<p>&nbsp;<\/p>\n<p>Funci\u00f3n\uff1a<span class=\"magic-16\" data-spm-anchor-id=\"a2700.details.0.i101.6c827f69FPcQq3\">Sin Hyper Flash;M\u00e1s brillante 200%;<\/span><\/p>\n<div data-spm-anchor-id=\"a2700.pc-decorate.0.i96.4dbf3333oJtTj4\"><span class=\"magic-16\">R\u00e1pida disipaci\u00f3n del calor;<\/span><\/div>\n<div data-spm-anchor-id=\"a2700.pc-decorate.0.i96.4dbf3333oJtTj4\"><span class=\"magic-16\">Aluminio de aviaci\u00f3n 6063<br \/>\n<\/span><\/p>\n<div data-spm-anchor-id=\"a2700.pc-decorate.0.i93.4dbf3333oJtTj4\">\n<p><span class=\"magic-16\">Plug and Play;100% Canbus;<\/span><\/p>\n<div data-spm-anchor-id=\"a2700.pc-decorate.0.i88.4dbf3333oJtTj4\"><span class=\"magic-16\">Tama\u00f1o est\u00e1ndar global hal\u00f3geno;<\/span><\/div>\n<div data-spm-anchor-id=\"a2700.pc-decorate.0.i88.4dbf3333oJtTj4\"><span class=\"magic-16\">Control de temperatura en automoci\u00f3n;<\/span><\/div>\n<div data-spm-anchor-id=\"a2700.pc-decorate.0.i88.4dbf3333oJtTj4\"><span class=\"magic-16\">Anti-Hyper Flash;Aluminio T\u00e9rmico Hueco;<\/span><\/div>\n<\/div>\n<\/div>\n<p>&nbsp;<\/p>\n<h1><strong>\u00bfPor qu\u00e9 elegir LIWINY?<\/strong><\/h1>\n<p><img loading=\"lazy\" decoding=\"async\" class=\"alignnone size-full wp-image-4463\" src=\"https:\/\/www.liwin-china.com\/wp-content\/uploads\/2023\/12\/liwiny-oem-ballast.webp\" alt=\"\" width=\"1980\" height=\"600\" srcset=\"https:\/\/www.liwin-china.com\/wp-content\/uploads\/2023\/12\/liwiny-oem-ballast.webp 1980w, https:\/\/www.liwin-china.com\/wp-content\/uploads\/2023\/12\/liwiny-oem-ballast-300x91.webp 300w, https:\/\/www.liwin-china.com\/wp-content\/uploads\/2023\/12\/liwiny-oem-ballast-1024x310.webp 1024w, https:\/\/www.liwin-china.com\/wp-content\/uploads\/2023\/12\/liwiny-oem-ballast-768x233.webp 768w, https:\/\/www.liwin-china.com\/wp-content\/uploads\/2023\/12\/liwiny-oem-ballast-1536x465.webp 1536w, https:\/\/www.liwin-china.com\/wp-content\/uploads\/2023\/12\/liwiny-oem-ballast-600x182.webp 600w\" sizes=\"(max-width: 1980px) 100vw, 1980px\" \/><\/p>\n<ul>\n<li>Desde el material hasta el producto acabado, seguimos un estricto control de calidad, garantizando que la tasa de defectos sea inferior a 1%.<\/li>\n<li>Bienvenido OEM \/ ODM oders, aceptamos una serie de requisitos de personalizaci\u00f3n, tales como la apariencia, el poder, la unidad, el ventilador, el chip, la temperatura de color, logotipo, embalaje.<\/li>\n<li>Ofrecemos garant\u00edas de 12 a 36 meses que incluyen la sustituci\u00f3n directa. No es necesario devolver los productos defectuosos.<\/li>\n<li>Nos centramos en la tendencia del mercado, desarrollamos de 3 a 5 productos nuevos cada temporada.<\/li>\n<\/ul>\n<p>&nbsp;<\/p>\n<h2>Pida presupuesto hoy mismo<\/h2>\n<p>Todos los productos LIWINY est\u00e1n disponibles para pedidos al por mayor. Si desea vender nuestros productos o convertirse en nuestro distribuidor, p\u00f3ngase en contacto con nosotros, obtendr\u00e1 los siguientes beneficios:<\/p>\n<p>MOQ bajo y entrega r\u00e1pida<br \/>\nProductos innovadores<br \/>\nMejor precio al por mayor<br \/>\nServicio OEM\/ODM<\/p>","protected":false},"excerpt":{"rendered":"<p>Marca\uff1aLiwiny<\/p>\n<p>Art\u00edculo\uff1aBombilla Led de intermitencia<br \/>\nN\u00ba de pieza OEM: \uff1a28W 3838 24SMD<br \/>\nTensi\u00f3n\uff1a12V<br \/>\nPotencia\uff1a28W<br \/>\nLumen\uff1a2800LM<br \/>\nChip Led\uff1a3838 smd<\/p>\n<p>Led Ctd\uff1a24pcs<br \/>\nTemperatura de color\uff1aBlanco, amarillo, rojo<\/p>\n<p>Z\u00f3calo \u00fatil\uff1a7443 1156 Ba15s Bau15s T25 3156 T20 7440<\/p>\n<p>Material: aleaci\u00f3n de aluminio<br \/>\nPaquete\uff1aCaja de color peque\u00f1a<br \/>\nOEM\uff1aDisponible<br \/>\nVida \u00fatil\uff1aM\u00e1s de 30000h<br \/>\nGarant\u00eda\uff1a1 a\u00f1o<br \/>\nMarca del coche\uff1aUniversal<br \/>\nLugar de origen: Guangdong, China<br \/>\nPlazo de entrega\uff1aSeg\u00fan detalle del pedido del cliente.<\/p>","protected":false},"featured_media":5266,"template":"","meta":{"_seopress_robots_primary_cat":"none","_seopress_titles_title":"","_seopress_titles_desc":"","_seopress_robots_index":"","_uag_custom_page_level_css":"","_joinchat":[]},"product_cat":[478,77],"product_tag":[],"featured_image_urls":{"full":["https:\/\/www.liwin-china.com\/wp-content\/uploads\/2024\/06\/28W-t20-7440-3156-car-led-lamp-2.webp",800,612,false],"thumbnail":["https:\/\/www.liwin-china.com\/wp-content\/uploads\/2024\/06\/28W-t20-7440-3156-car-led-lamp-2-150x150.webp",150,150,true],"medium":["https:\/\/www.liwin-china.com\/wp-content\/uploads\/2024\/06\/28W-t20-7440-3156-car-led-lamp-2-300x230.webp",300,230,true],"medium_large":["https:\/\/www.liwin-china.com\/wp-content\/uploads\/2024\/06\/28W-t20-7440-3156-car-led-lamp-2-768x588.webp",768,588,true],"large":["https:\/\/www.liwin-china.com\/wp-content\/uploads\/2024\/06\/28W-t20-7440-3156-car-led-lamp-2.webp",800,612,false],"1536x1536":["https:\/\/www.liwin-china.com\/wp-content\/uploads\/2024\/06\/28W-t20-7440-3156-car-led-lamp-2.webp",800,612,false],"2048x2048":["https:\/\/www.liwin-china.com\/wp-content\/uploads\/2024\/06\/28W-t20-7440-3156-car-led-lamp-2.webp",800,612,false],"trp-custom-language-flag":["https:\/\/www.liwin-china.com\/wp-content\/uploads\/2024\/06\/28W-t20-7440-3156-car-led-lamp-2.webp",16,12,false],"woocommerce_archive_thumbnail":["https:\/\/www.liwin-china.com\/wp-content\/uploads\/2024\/06\/28W-t20-7440-3156-car-led-lamp-2-300x230.webp",300,230,true],"woocommerce_thumbnail":["https:\/\/www.liwin-china.com\/wp-content\/uploads\/2024\/06\/28W-t20-7440-3156-car-led-lamp-2-300x230.webp",300,230,true],"woocommerce_single":["https:\/\/www.liwin-china.com\/wp-content\/uploads\/2024\/06\/28W-t20-7440-3156-car-led-lamp-2-600x459.webp",600,459,true],"woocommerce_gallery_thumbnail":["https:\/\/www.liwin-china.com\/wp-content\/uploads\/2024\/06\/28W-t20-7440-3156-car-led-lamp-2-100x100.webp",100,100,true]},"post_excerpt_stackable":"<p>Brand Name\uff1aLiwiny<\/p>\n<p>Item\uff1aTurn Signal Led Bulb<br \/>\nOEM Part No.\uff1a28W 3838 24SMD<br \/>\nVoltage\uff1a12V<br \/>\nPower\uff1a28W<br \/>\nLumen\uff1a2800LM<br \/>\nLed Chip\uff1a3838 smd<\/p>\n<p>Led Qty\uff1a24pcs<br \/>\nColor Temperature\uff1aWhite,Yellow ,Red<\/p>\n<p>Useful Socket\uff1a7443 1156 Ba15s Bau15s T25 3156 T20 7440<\/p>\n<p>Material\uff1aAluminium Alloy<br \/>\nPackage\uff1aSmall Color Box<br \/>\nOEM\uff1aAvailable<br \/>\nLife Span\uff1aMore than 30000h<br \/>\nWarranty\uff1a1 year<br \/>\nCar Make\uff1aUniversal<br \/>\nPlace of Origin:Guangdong, China<br \/>\nLead-time\uff1aAccording to customers order detail<\/p>\n","category_list":"","author_info":{"name":"","url":""},"comments_num":"0 comments","uagb_featured_image_src":{"full":["https:\/\/www.liwin-china.com\/wp-content\/uploads\/2024\/06\/28W-t20-7440-3156-car-led-lamp-2.webp",800,612,false],"thumbnail":["https:\/\/www.liwin-china.com\/wp-content\/uploads\/2024\/06\/28W-t20-7440-3156-car-led-lamp-2-150x150.webp",150,150,true],"medium":["https:\/\/www.liwin-china.com\/wp-content\/uploads\/2024\/06\/28W-t20-7440-3156-car-led-lamp-2-300x230.webp",300,230,true],"medium_large":["https:\/\/www.liwin-china.com\/wp-content\/uploads\/2024\/06\/28W-t20-7440-3156-car-led-lamp-2-768x588.webp",768,588,true],"large":["https:\/\/www.liwin-china.com\/wp-content\/uploads\/2024\/06\/28W-t20-7440-3156-car-led-lamp-2.webp",800,612,false],"1536x1536":["https:\/\/www.liwin-china.com\/wp-content\/uploads\/2024\/06\/28W-t20-7440-3156-car-led-lamp-2.webp",800,612,false],"2048x2048":["https:\/\/www.liwin-china.com\/wp-content\/uploads\/2024\/06\/28W-t20-7440-3156-car-led-lamp-2.webp",800,612,false],"trp-custom-language-flag":["https:\/\/www.liwin-china.com\/wp-content\/uploads\/2024\/06\/28W-t20-7440-3156-car-led-lamp-2.webp",16,12,false],"woocommerce_archive_thumbnail":["https:\/\/www.liwin-china.com\/wp-content\/uploads\/2024\/06\/28W-t20-7440-3156-car-led-lamp-2-300x230.webp",300,230,true],"woocommerce_thumbnail":["https:\/\/www.liwin-china.com\/wp-content\/uploads\/2024\/06\/28W-t20-7440-3156-car-led-lamp-2-300x230.webp",300,230,true],"woocommerce_single":["https:\/\/www.liwin-china.com\/wp-content\/uploads\/2024\/06\/28W-t20-7440-3156-car-led-lamp-2-600x459.webp",600,459,true],"woocommerce_gallery_thumbnail":["https:\/\/www.liwin-china.com\/wp-content\/uploads\/2024\/06\/28W-t20-7440-3156-car-led-lamp-2-100x100.webp",100,100,true]},"uagb_author_info":{"display_name":"adminn","author_link":"https:\/\/www.liwin-china.com\/es\/author\/"},"uagb_comment_info":0,"uagb_excerpt":"Brand Name\uff1aLiwiny Item\uff1aTurn Signal Led Bulb OEM Part No.\uff1a28W 3838 24SMD Voltage\uff1a12V Power\uff1a28W Lumen\uff1a2800LM Led Chip\uff1a3838 smd Led Qty\uff1a24pcs Color Temperature\uff1aWhite,Yellow ,Red Useful Socket\uff1a7443 1156 Ba15s Bau15s T25 3156 T20 7440 Material\uff1aAluminium Alloy Package\uff1aSmall Color Box OEM\uff1aAvailable Life Span\uff1aMore than 30000h Warranty\uff1a1 year Car Make\uff1aUniversal Place of Origin:Guangdong, China Lead-time\uff1aAccording to customers order detail","_links":{"self":[{"href":"https:\/\/www.liwin-china.com\/es\/wp-json\/wp\/v2\/product\/5261"}],"collection":[{"href":"https:\/\/www.liwin-china.com\/es\/wp-json\/wp\/v2\/product"}],"about":[{"href":"https:\/\/www.liwin-china.com\/es\/wp-json\/wp\/v2\/types\/product"}],"wp:featuredmedia":[{"embeddable":true,"href":"https:\/\/www.liwin-china.com\/es\/wp-json\/wp\/v2\/media\/5266"}],"wp:attachment":[{"href":"https:\/\/www.liwin-china.com\/es\/wp-json\/wp\/v2\/media?parent=5261"}],"wp:term":[{"taxonomy":"product_cat","embeddable":true,"href":"https:\/\/www.liwin-china.com\/es\/wp-json\/wp\/v2\/product_cat?post=5261"},{"taxonomy":"product_tag","embeddable":true,"href":"https:\/\/www.liwin-china.com\/es\/wp-json\/wp\/v2\/product_tag?post=5261"}],"curies":[{"name":"wp","href":"https:\/\/api.w.org\/{rel}","templated":true}]}}