{"id":1878,"date":"2023-11-28T14:16:34","date_gmt":"2023-11-28T06:16:34","guid":{"rendered":"https:\/\/www.liwin-china.com\/?post_type=product&#038;p=1878"},"modified":"2025-03-29T19:20:43","modified_gmt":"2025-03-29T11:20:43","slug":"66216982402","status":"publish","type":"product","link":"https:\/\/www.liwin-china.com\/es\/product\/66216982402\/","title":{"rendered":"Liwiny Piezas de Autom\u00f3vil Unidad de Control M\u00f3dulo de Ordenador Genuino 66216982402 66209252639"},"content":{"rendered":"<p>Liwiny Car Parts Unidad de Control Auto Pdc M\u00f3dulo de Ordenador Genuino de Alta Calidad 66216982402 66209252639 Para 1 3series X1 2006-2013<\/p>\n<p>Marca\uff1aLiwiny<br \/>\nArt\u00edculo\uff1aUnidad de control PDC (Control de Distancia de Aparcamiento)<br \/>\nMode&amp;Date\uff1aPara 1\/3series X1 2006-2013<br \/>\nN\u00ba de pieza OEM \uff1aLW-66216982402 \/ 66209252639 <span style=\"color: #ff0000;\">(2plug Low Version)<\/span><br \/>\nUso Para Chasis\uff1aPara E81\/E82\/E87\/E88 E90\/E91\/E92\/E84<br \/>\nTensi\u00f3n\uff1a12V<br \/>\nPotencia\uff1a35W<br \/>\nMaterial: aleaci\u00f3n de aluminio<br \/>\nPaquete\uff1aCaja Normal Peque\u00f1a<br \/>\nOEM\uff1aDisponible<br \/>\nGarant\u00eda\uff1a1 a\u00f1o<\/p>\n<p>&nbsp;<\/p>\n<h4><strong>Descargo de responsabilidad<\/strong>: Por favor, vuelva a comprobar la parte utilizada en su autom\u00f3vil real para garantizar la compatibilidad adecuada. No podemos ser responsables de cualquier informaci\u00f3n err\u00f3nea que resulta en la compra de las piezas incorrectas.<\/h4>\n<h4>Nota: \u00a1el precio es por una pieza! Si no est\u00e1 seguro de cu\u00e1l es el lastre correcto, no olvide consultarnos en l\u00ednea. Servicio 24\/7.<\/h4>\n<h1><\/h1>\n<h1><strong>\u00bfPor qu\u00e9 elegir LIWINY?<\/strong><\/h1>\n<p><img loading=\"lazy\" decoding=\"async\" class=\"alignnone size-full wp-image-4463\" src=\"https:\/\/www.liwin-china.com\/wp-content\/uploads\/2023\/12\/liwiny-oem-ballast.webp\" alt=\"\" width=\"1980\" height=\"600\" srcset=\"https:\/\/www.liwin-china.com\/wp-content\/uploads\/2023\/12\/liwiny-oem-ballast.webp 1980w, https:\/\/www.liwin-china.com\/wp-content\/uploads\/2023\/12\/liwiny-oem-ballast-300x91.webp 300w, https:\/\/www.liwin-china.com\/wp-content\/uploads\/2023\/12\/liwiny-oem-ballast-1024x310.webp 1024w, https:\/\/www.liwin-china.com\/wp-content\/uploads\/2023\/12\/liwiny-oem-ballast-768x233.webp 768w, https:\/\/www.liwin-china.com\/wp-content\/uploads\/2023\/12\/liwiny-oem-ballast-1536x465.webp 1536w, https:\/\/www.liwin-china.com\/wp-content\/uploads\/2023\/12\/liwiny-oem-ballast-600x182.webp 600w\" sizes=\"(max-width: 1980px) 100vw, 1980px\" \/><\/p>\n<ul>\n<li>Desde el material hasta el producto acabado, seguimos un estricto control de calidad, garantizando que la tasa de defectos sea inferior a 1%.<\/li>\n<li>Bienvenido OEM \/ ODM oders, aceptamos una serie de requisitos de personalizaci\u00f3n, tales como la apariencia, el poder, la unidad, el ventilador, el chip, la temperatura de color, logotipo, embalaje.<\/li>\n<li>Ofrecemos garant\u00edas de 12 a 36 meses que incluyen la sustituci\u00f3n directa. No es necesario devolver los productos defectuosos.<\/li>\n<li>Nos centramos en la tendencia del mercado, desarrollamos de 3 a 5 productos nuevos cada temporada.<\/li>\n<\/ul>\n<p>&nbsp;<\/p>\n<h2>Pida presupuesto hoy mismo<\/h2>\n<p>Todos los productos LIWINY est\u00e1n disponibles para pedidos al por mayor. Si desea vender nuestros productos o convertirse en nuestro distribuidor, p\u00f3ngase en contacto con nosotros, obtendr\u00e1 los siguientes beneficios:<\/p>\n<p>MOQ bajo y entrega r\u00e1pida<br \/>\nProductos innovadores<br \/>\nMejor precio al por mayor<br \/>\nServicio OEM\/ODM<\/p>","protected":false},"excerpt":{"rendered":"<p>Liwiny Car Parts Unidad de Control Auto Pdc M\u00f3dulo de Ordenador Genuino de Alta Calidad 66216982402 66209252639 Para 1 3series X1 2006-2013<\/p>\n<p>Marca\uff1aLiwiny<br \/>\nArt\u00edculo\uff1aUnidad de control PDC (Control de Distancia de Aparcamiento)<br \/>\nMode&amp;Date\uff1aPara 1\/3series X1 2006-2013<br \/>\nN\u00ba de pieza OEM \uff1aLW-66216982402 \/ 66209252639<span style=\"color: #ff0000;\">(2plug Low Version)<\/span><br \/>\nUso Para Chasis\uff1aPara E81\/E82\/E87\/E88 E90\/E91\/E92\/E84<\/p>\n<p>Tensi\u00f3n\uff1a12V<br \/>\nPotencia\uff1a35W<br \/>\nMaterial: aleaci\u00f3n de aluminio<br \/>\nPaquete\uff1aCaja Normal Peque\u00f1a<br \/>\nOEM\uff1aDisponible<br \/>\nGarant\u00eda\uff1a1 a\u00f1o<\/p>\n<p>Plazo de entrega\uff1aSeg\u00fan detalle del pedido del cliente.<br \/>\nPrincipales mercados de exportaci\u00f3n\uff1aAsia\/Europa Oriental\/Oriente Pr\u00f3ximo\/\u00c1frica\/Australasia\/Am\u00e9rica del Norte\/Am\u00e9rica Central\/Am\u00e9rica del Sur\/Europa Occidental<\/p>","protected":false},"featured_media":1883,"template":"","meta":{"_seopress_robots_primary_cat":"none","_seopress_titles_title":"","_seopress_titles_desc":"","_seopress_robots_index":"","_uag_custom_page_level_css":"","_joinchat":[]},"product_cat":[449],"product_tag":[],"featured_image_urls":{"full":["https:\/\/www.liwin-china.com\/wp-content\/uploads\/2023\/11\/Control-unit-PDC-66216982402-for-X13series-2006-2013-E81-E82-E87-E88-E90-E91-E92-E84-3.webp",720,720,false],"thumbnail":["https:\/\/www.liwin-china.com\/wp-content\/uploads\/2023\/11\/Control-unit-PDC-66216982402-for-X13series-2006-2013-E81-E82-E87-E88-E90-E91-E92-E84-3-150x150.webp",150,150,true],"medium":["https:\/\/www.liwin-china.com\/wp-content\/uploads\/2023\/11\/Control-unit-PDC-66216982402-for-X13series-2006-2013-E81-E82-E87-E88-E90-E91-E92-E84-3-300x300.webp",300,300,true],"medium_large":["https:\/\/www.liwin-china.com\/wp-content\/uploads\/2023\/11\/Control-unit-PDC-66216982402-for-X13series-2006-2013-E81-E82-E87-E88-E90-E91-E92-E84-3.webp",720,720,false],"large":["https:\/\/www.liwin-china.com\/wp-content\/uploads\/2023\/11\/Control-unit-PDC-66216982402-for-X13series-2006-2013-E81-E82-E87-E88-E90-E91-E92-E84-3.webp",720,720,false],"1536x1536":["https:\/\/www.liwin-china.com\/wp-content\/uploads\/2023\/11\/Control-unit-PDC-66216982402-for-X13series-2006-2013-E81-E82-E87-E88-E90-E91-E92-E84-3.webp",720,720,false],"2048x2048":["https:\/\/www.liwin-china.com\/wp-content\/uploads\/2023\/11\/Control-unit-PDC-66216982402-for-X13series-2006-2013-E81-E82-E87-E88-E90-E91-E92-E84-3.webp",720,720,false],"trp-custom-language-flag":["https:\/\/www.liwin-china.com\/wp-content\/uploads\/2023\/11\/Control-unit-PDC-66216982402-for-X13series-2006-2013-E81-E82-E87-E88-E90-E91-E92-E84-3.webp",12,12,false],"woocommerce_archive_thumbnail":["https:\/\/www.liwin-china.com\/wp-content\/uploads\/2023\/11\/Control-unit-PDC-66216982402-for-X13series-2006-2013-E81-E82-E87-E88-E90-E91-E92-E84-3-300x300.webp",300,300,true],"woocommerce_thumbnail":["https:\/\/www.liwin-china.com\/wp-content\/uploads\/2023\/11\/Control-unit-PDC-66216982402-for-X13series-2006-2013-E81-E82-E87-E88-E90-E91-E92-E84-3-300x300.webp",300,300,true],"woocommerce_single":["https:\/\/www.liwin-china.com\/wp-content\/uploads\/2023\/11\/Control-unit-PDC-66216982402-for-X13series-2006-2013-E81-E82-E87-E88-E90-E91-E92-E84-3-600x600.webp",600,600,true],"woocommerce_gallery_thumbnail":["https:\/\/www.liwin-china.com\/wp-content\/uploads\/2023\/11\/Control-unit-PDC-66216982402-for-X13series-2006-2013-E81-E82-E87-E88-E90-E91-E92-E84-3-100x100.webp",100,100,true]},"post_excerpt_stackable":"<p>Liwiny Car Parts Control Unit Auto Pdc Computer Module Genuine High Quality 66216982402 66209252639 For 1 3series X1 2006-2013<\/p>\n<p>Brand Name\uff1aLiwiny<br \/>\nItem\uff1aControl unit PDC (Parking Distance Control)<br \/>\nMode&amp;Date\uff1aFor 1\/3series X1 2006-2013<br \/>\nOEM Part No.\uff1aLW-66216982402 \/ 66209252639<span style=\"color: #ff0000;\">(2plug Low Version)<\/span><br \/>\nUse For Chassis\uff1aFor E81\/E82\/E87\/E88 E90\/E91\/E92\/E84<\/p>\n<p>Voltage\uff1a12V<br \/>\nPower\uff1a35W<br \/>\nMaterial\uff1aAluminium Alloy<br \/>\nPackage\uff1aSmall Normal Box<br \/>\nOEM\uff1aAvailable<br \/>\nWarranty\uff1a1 year<\/p>\n<p>Lead-time\uff1aAccording to customers order detail<br \/>\nMain export markets\uff1aAsia\/Eastern Europe\/Middle East\/Africa\/Australasia\/North America\/central\/South America\/Western Europe<\/p>\n","category_list":"","author_info":{"name":"","url":""},"comments_num":"0 comments","uagb_featured_image_src":{"full":["https:\/\/www.liwin-china.com\/wp-content\/uploads\/2023\/11\/Control-unit-PDC-66216982402-for-X13series-2006-2013-E81-E82-E87-E88-E90-E91-E92-E84-3.webp",720,720,false],"thumbnail":["https:\/\/www.liwin-china.com\/wp-content\/uploads\/2023\/11\/Control-unit-PDC-66216982402-for-X13series-2006-2013-E81-E82-E87-E88-E90-E91-E92-E84-3-150x150.webp",150,150,true],"medium":["https:\/\/www.liwin-china.com\/wp-content\/uploads\/2023\/11\/Control-unit-PDC-66216982402-for-X13series-2006-2013-E81-E82-E87-E88-E90-E91-E92-E84-3-300x300.webp",300,300,true],"medium_large":["https:\/\/www.liwin-china.com\/wp-content\/uploads\/2023\/11\/Control-unit-PDC-66216982402-for-X13series-2006-2013-E81-E82-E87-E88-E90-E91-E92-E84-3.webp",720,720,false],"large":["https:\/\/www.liwin-china.com\/wp-content\/uploads\/2023\/11\/Control-unit-PDC-66216982402-for-X13series-2006-2013-E81-E82-E87-E88-E90-E91-E92-E84-3.webp",720,720,false],"1536x1536":["https:\/\/www.liwin-china.com\/wp-content\/uploads\/2023\/11\/Control-unit-PDC-66216982402-for-X13series-2006-2013-E81-E82-E87-E88-E90-E91-E92-E84-3.webp",720,720,false],"2048x2048":["https:\/\/www.liwin-china.com\/wp-content\/uploads\/2023\/11\/Control-unit-PDC-66216982402-for-X13series-2006-2013-E81-E82-E87-E88-E90-E91-E92-E84-3.webp",720,720,false],"trp-custom-language-flag":["https:\/\/www.liwin-china.com\/wp-content\/uploads\/2023\/11\/Control-unit-PDC-66216982402-for-X13series-2006-2013-E81-E82-E87-E88-E90-E91-E92-E84-3.webp",12,12,false],"woocommerce_archive_thumbnail":["https:\/\/www.liwin-china.com\/wp-content\/uploads\/2023\/11\/Control-unit-PDC-66216982402-for-X13series-2006-2013-E81-E82-E87-E88-E90-E91-E92-E84-3-300x300.webp",300,300,true],"woocommerce_thumbnail":["https:\/\/www.liwin-china.com\/wp-content\/uploads\/2023\/11\/Control-unit-PDC-66216982402-for-X13series-2006-2013-E81-E82-E87-E88-E90-E91-E92-E84-3-300x300.webp",300,300,true],"woocommerce_single":["https:\/\/www.liwin-china.com\/wp-content\/uploads\/2023\/11\/Control-unit-PDC-66216982402-for-X13series-2006-2013-E81-E82-E87-E88-E90-E91-E92-E84-3-600x600.webp",600,600,true],"woocommerce_gallery_thumbnail":["https:\/\/www.liwin-china.com\/wp-content\/uploads\/2023\/11\/Control-unit-PDC-66216982402-for-X13series-2006-2013-E81-E82-E87-E88-E90-E91-E92-E84-3-100x100.webp",100,100,true]},"uagb_author_info":{"display_name":"adminn","author_link":"https:\/\/www.liwin-china.com\/es\/author\/"},"uagb_comment_info":0,"uagb_excerpt":"Liwiny Car Parts Control Unit Auto Pdc Computer Module Genuine High Quality 66216982402 66209252639 For 1 3series X1 2006-2013 Brand Name\uff1aLiwiny Item\uff1aControl unit PDC (Parking Distance Control) Mode&amp;Date\uff1aFor 1\/3series X1 2006-2013 OEM Part No.\uff1aLW-66216982402 \/ 66209252639(2plug Low Version) Use For Chassis\uff1aFor E81\/E82\/E87\/E88 E90\/E91\/E92\/E84 Voltage\uff1a12V Power\uff1a35W Material\uff1aAluminium Alloy Package\uff1aSmall Normal Box OEM\uff1aAvailable Warranty\uff1a1 year Lead-time\uff1aAccording to&hellip;","_links":{"self":[{"href":"https:\/\/www.liwin-china.com\/es\/wp-json\/wp\/v2\/product\/1878"}],"collection":[{"href":"https:\/\/www.liwin-china.com\/es\/wp-json\/wp\/v2\/product"}],"about":[{"href":"https:\/\/www.liwin-china.com\/es\/wp-json\/wp\/v2\/types\/product"}],"wp:featuredmedia":[{"embeddable":true,"href":"https:\/\/www.liwin-china.com\/es\/wp-json\/wp\/v2\/media\/1883"}],"wp:attachment":[{"href":"https:\/\/www.liwin-china.com\/es\/wp-json\/wp\/v2\/media?parent=1878"}],"wp:term":[{"taxonomy":"product_cat","embeddable":true,"href":"https:\/\/www.liwin-china.com\/es\/wp-json\/wp\/v2\/product_cat?post=1878"},{"taxonomy":"product_tag","embeddable":true,"href":"https:\/\/www.liwin-china.com\/es\/wp-json\/wp\/v2\/product_tag?post=1878"}],"curies":[{"name":"wp","href":"https:\/\/api.w.org\/{rel}","templated":true}]}}