{"id":7698,"date":"2024-06-15T10:31:00","date_gmt":"2024-06-15T02:31:00","guid":{"rendered":"https:\/\/www.liwin-china.com\/?post_type=product&#038;p=7698"},"modified":"2024-12-04T21:33:35","modified_gmt":"2024-12-04T13:33:35","slug":"liwiny-original-automatic-folding-rearview-mirror-outside-side-mirror-for-mercedes-benz-cla-w117-amg","status":"publish","type":"product","link":"https:\/\/www.liwin-china.com\/de\/produkt\/liwiny-original-automatic-folding-rearview-mirror-outside-side-mirror-for-mercedes-benz-cla-w117-amg\/","title":{"rendered":"Liwiny Original Automatisch klappbarer R\u00fcckspiegel Au\u00dfenspiegel f\u00fcr Mercedes Benz CLA W117 AMG"},"content":{"rendered":"<p>Liwiny Original Automatisch klappbarer R\u00fcckspiegel Au\u00dfenspiegel f\u00fcr Mercedes Benz CLA W117 AMG<\/p>\n<p>Markenname\uff1aLiwiny<\/p>\n<p>Typ\uff1aSeitenspiegel,R\u00fcckspiegel<\/p>\n<p>OEM-Teile-Nr.\uff1aA1178100776, A1178101500, A1178101376, A1178101700, A1178100976, A1178101900, A1178101176, A1178102100, A1178100876, A1178101600, A1178101076, A1178101800, A1178101276, A1178102000<\/p>\n<p>Modellnummer\uff1aF\u00fcr CLA W117<br \/>\nPassend f\u00fcr Auto\uff1aF\u00fcr Mercedes-Benz CLA W117<br \/>\nJahr\uff1a2015-2018<\/p>\n<p>Material\uff1aABS+PP+Glas<br \/>\nPosition\uff1aLinks Rechts<\/p>\n<p>Funktion\uff1aKlappen, Heizen, Blendschutz<\/p>\n<p>Installation\uff1aEinfache Installation<\/p>\n<p>OEM\uff1aVerf\u00fcgbar<br \/>\nLebensdauer\uff1aMehr als 30000h<br \/>\nGarantie\uff1a1 Jahr<br \/>\nAutomarke\uff1aUniversal<br \/>\nHerkunftsort:Guangdong, China<br \/>\nVorlaufzeit\uff1aGem\u00e4\u00df den Bestelldaten des Kunden<\/p>\n<h2><b class=\"magic-18\"><span class=\"magic-18\">Installationsanweisung<\/span><\/b><\/h2>\n<p><img loading=\"lazy\" decoding=\"async\" class=\"alignnone size-full wp-image-7094\" src=\"https:\/\/www.liwin-china.com\/wp-content\/uploads\/2024\/06\/Rearview-Mirror-For-BMW-1-Series-F20.webp\" alt=\"\" width=\"750\" height=\"640\" srcset=\"https:\/\/www.liwin-china.com\/wp-content\/uploads\/2024\/06\/Rearview-Mirror-For-BMW-1-Series-F20.webp 750w, https:\/\/www.liwin-china.com\/wp-content\/uploads\/2024\/06\/Rearview-Mirror-For-BMW-1-Series-F20-300x256.webp 300w, https:\/\/www.liwin-china.com\/wp-content\/uploads\/2024\/06\/Rearview-Mirror-For-BMW-1-Series-F20-600x512.webp 600w\" sizes=\"(max-width: 750px) 100vw, 750px\" \/><\/p>\n<h1><strong>Warum LIWINY w\u00e4hlen?<\/strong><\/h1>\n<p><img loading=\"lazy\" decoding=\"async\" class=\"alignnone size-full wp-image-4463\" src=\"https:\/\/www.liwin-china.com\/wp-content\/uploads\/2023\/12\/liwiny-oem-ballast.webp\" alt=\"\" width=\"1980\" height=\"600\" srcset=\"https:\/\/www.liwin-china.com\/wp-content\/uploads\/2023\/12\/liwiny-oem-ballast.webp 1980w, https:\/\/www.liwin-china.com\/wp-content\/uploads\/2023\/12\/liwiny-oem-ballast-300x91.webp 300w, https:\/\/www.liwin-china.com\/wp-content\/uploads\/2023\/12\/liwiny-oem-ballast-1024x310.webp 1024w, https:\/\/www.liwin-china.com\/wp-content\/uploads\/2023\/12\/liwiny-oem-ballast-768x233.webp 768w, https:\/\/www.liwin-china.com\/wp-content\/uploads\/2023\/12\/liwiny-oem-ballast-1536x465.webp 1536w, https:\/\/www.liwin-china.com\/wp-content\/uploads\/2023\/12\/liwiny-oem-ballast-600x182.webp 600w\" sizes=\"(max-width: 1980px) 100vw, 1980px\" \/><\/p>\n<ul>\n<li>Vom Material bis zum fertigen Produkt f\u00fchren wir eine strenge Qualit\u00e4tskontrolle durch, um sicherzustellen, dass die Fehlerquote unter 1% liegt.<\/li>\n<li>Willkommen OEM\/ODM oders, wir akzeptieren eine Reihe von Anpassungsanforderungen wie Aussehen.<\/li>\n<li>Wir bieten 12 Monate Garantie.<\/li>\n<li>Wir orientieren uns an den Markttrends und entwickeln jede Saison 3-5 neue Produkte.<\/li>\n<\/ul>\n<h2>Fordern Sie noch heute ein Angebot an!<\/h2>\n<p>Alle LIWINY Produkte sind f\u00fcr BULK\/WHOLESALE ORDER verf\u00fcgbar! Wenn Sie unsere Produkte verkaufen oder unser Vertriebspartner werden m\u00f6chten, kontaktieren Sie uns bitte, Sie erhalten die folgenden Vorteile:<\/p>\n<p>Niedriges MOQ &amp; schnelle Lieferung<br \/>\nInnovative Produkte<br \/>\nBester Gro\u00dfhandelspreis<br \/>\nOEM\/ODM-Dienstleistung<\/p>","protected":false},"excerpt":{"rendered":"<p>Markenname\uff1aLiwiny<\/p>\n<p>Typ\uff1aSeitenspiegel,R\u00fcckspiegel<\/p>\n<p>OEM-Teile-Nr.\uff1aA1178100776, A1178101500, A1178101376, A1178101700, A1178100976, A1178101900, A1178101176, A1178102100, A1178100876, A1178101600, A1178101076, A1178101800, A1178101276, A1178102000<\/p>\n<p>Modellnummer\uff1aF\u00fcr CLA W117<br \/>\nPassend f\u00fcr Auto\uff1aF\u00fcr Mercedes-Benz CLA W117<br \/>\nJahr\uff1a2015-2018<\/p>\n<p>Material\uff1aABS+PP+Glas<br \/>\nPosition\uff1aLinks Rechts<\/p>\n<p>Funktion\uff1aKlappen, Heizen, Blendschutz<\/p>\n<p>Installation\uff1aEinfache Installation<\/p>\n<p>OEM\uff1aVerf\u00fcgbar<br \/>\nLebensdauer\uff1aMehr als 30000h<br \/>\nGarantie\uff1a1 Jahr<br \/>\nAutomarke\uff1aUniversal<br \/>\nHerkunftsort:Guangdong, China<br \/>\nVorlaufzeit\uff1aGem\u00e4\u00df den Bestelldaten des Kunden<\/p>","protected":false},"featured_media":7699,"template":"","meta":{"_seopress_robots_primary_cat":"none","_seopress_titles_title":"","_seopress_titles_desc":"","_seopress_robots_index":"","_uag_custom_page_level_css":"","_joinchat":[]},"product_cat":[456],"product_tag":[],"featured_image_urls":{"full":["https:\/\/www.liwin-china.com\/wp-content\/uploads\/2024\/06\/A1178100776-A1178101500-A1178101376-A1178101700-A1178100976-A1178101900.webp",800,800,false],"thumbnail":["https:\/\/www.liwin-china.com\/wp-content\/uploads\/2024\/06\/A1178100776-A1178101500-A1178101376-A1178101700-A1178100976-A1178101900-150x150.webp",150,150,true],"medium":["https:\/\/www.liwin-china.com\/wp-content\/uploads\/2024\/06\/A1178100776-A1178101500-A1178101376-A1178101700-A1178100976-A1178101900-300x300.webp",300,300,true],"medium_large":["https:\/\/www.liwin-china.com\/wp-content\/uploads\/2024\/06\/A1178100776-A1178101500-A1178101376-A1178101700-A1178100976-A1178101900-768x768.webp",768,768,true],"large":["https:\/\/www.liwin-china.com\/wp-content\/uploads\/2024\/06\/A1178100776-A1178101500-A1178101376-A1178101700-A1178100976-A1178101900.webp",800,800,false],"1536x1536":["https:\/\/www.liwin-china.com\/wp-content\/uploads\/2024\/06\/A1178100776-A1178101500-A1178101376-A1178101700-A1178100976-A1178101900.webp",800,800,false],"2048x2048":["https:\/\/www.liwin-china.com\/wp-content\/uploads\/2024\/06\/A1178100776-A1178101500-A1178101376-A1178101700-A1178100976-A1178101900.webp",800,800,false],"trp-custom-language-flag":["https:\/\/www.liwin-china.com\/wp-content\/uploads\/2024\/06\/A1178100776-A1178101500-A1178101376-A1178101700-A1178100976-A1178101900.webp",12,12,false],"woocommerce_archive_thumbnail":["https:\/\/www.liwin-china.com\/wp-content\/uploads\/2024\/06\/A1178100776-A1178101500-A1178101376-A1178101700-A1178100976-A1178101900-300x300.webp",300,300,true],"woocommerce_thumbnail":["https:\/\/www.liwin-china.com\/wp-content\/uploads\/2024\/06\/A1178100776-A1178101500-A1178101376-A1178101700-A1178100976-A1178101900-300x300.webp",300,300,true],"woocommerce_single":["https:\/\/www.liwin-china.com\/wp-content\/uploads\/2024\/06\/A1178100776-A1178101500-A1178101376-A1178101700-A1178100976-A1178101900-600x600.webp",600,600,true],"woocommerce_gallery_thumbnail":["https:\/\/www.liwin-china.com\/wp-content\/uploads\/2024\/06\/A1178100776-A1178101500-A1178101376-A1178101700-A1178100976-A1178101900-100x100.webp",100,100,true]},"post_excerpt_stackable":"<p>Brand Name\uff1aLiwiny<\/p>\n<p>Type\uff1aSide Mirror,Rearview Mirror<\/p>\n<p>OEM Part No.\uff1aA1178100776, A1178101500, A1178101376, A1178101700, A1178100976, A1178101900, A1178101176, A1178102100, A1178100876, A1178101600, A1178101076, A1178101800, A1178101276, A1178102000<\/p>\n<p>Model Number\uff1aFor CLA W117<br \/>\nFit for car\uff1aFor Mercedes-Benz CLA W117<br \/>\nYear\uff1a2015-2018<\/p>\n<p>Material\uff1aABS+PP+Glass<br \/>\nPosition\uff1aLeft Right<\/p>\n<p>Function\uff1aFolding,heating,anti-glare<\/p>\n<p>Installation\uff1aEasy installation<\/p>\n<p>OEM\uff1aAvailable<br \/>\nLife Span\uff1aMore than 30000h<br \/>\nWarranty\uff1a1 year<br \/>\nCar Make\uff1aUniversal<br \/>\nPlace of Origin:Guangdong, China<br \/>\nLead-time\uff1aAccording to customers order detail<\/p>\n","category_list":"","author_info":{"name":"","url":""},"comments_num":"0 comments","uagb_featured_image_src":{"full":["https:\/\/www.liwin-china.com\/wp-content\/uploads\/2024\/06\/A1178100776-A1178101500-A1178101376-A1178101700-A1178100976-A1178101900.webp",800,800,false],"thumbnail":["https:\/\/www.liwin-china.com\/wp-content\/uploads\/2024\/06\/A1178100776-A1178101500-A1178101376-A1178101700-A1178100976-A1178101900-150x150.webp",150,150,true],"medium":["https:\/\/www.liwin-china.com\/wp-content\/uploads\/2024\/06\/A1178100776-A1178101500-A1178101376-A1178101700-A1178100976-A1178101900-300x300.webp",300,300,true],"medium_large":["https:\/\/www.liwin-china.com\/wp-content\/uploads\/2024\/06\/A1178100776-A1178101500-A1178101376-A1178101700-A1178100976-A1178101900-768x768.webp",768,768,true],"large":["https:\/\/www.liwin-china.com\/wp-content\/uploads\/2024\/06\/A1178100776-A1178101500-A1178101376-A1178101700-A1178100976-A1178101900.webp",800,800,false],"1536x1536":["https:\/\/www.liwin-china.com\/wp-content\/uploads\/2024\/06\/A1178100776-A1178101500-A1178101376-A1178101700-A1178100976-A1178101900.webp",800,800,false],"2048x2048":["https:\/\/www.liwin-china.com\/wp-content\/uploads\/2024\/06\/A1178100776-A1178101500-A1178101376-A1178101700-A1178100976-A1178101900.webp",800,800,false],"trp-custom-language-flag":["https:\/\/www.liwin-china.com\/wp-content\/uploads\/2024\/06\/A1178100776-A1178101500-A1178101376-A1178101700-A1178100976-A1178101900.webp",12,12,false],"woocommerce_archive_thumbnail":["https:\/\/www.liwin-china.com\/wp-content\/uploads\/2024\/06\/A1178100776-A1178101500-A1178101376-A1178101700-A1178100976-A1178101900-300x300.webp",300,300,true],"woocommerce_thumbnail":["https:\/\/www.liwin-china.com\/wp-content\/uploads\/2024\/06\/A1178100776-A1178101500-A1178101376-A1178101700-A1178100976-A1178101900-300x300.webp",300,300,true],"woocommerce_single":["https:\/\/www.liwin-china.com\/wp-content\/uploads\/2024\/06\/A1178100776-A1178101500-A1178101376-A1178101700-A1178100976-A1178101900-600x600.webp",600,600,true],"woocommerce_gallery_thumbnail":["https:\/\/www.liwin-china.com\/wp-content\/uploads\/2024\/06\/A1178100776-A1178101500-A1178101376-A1178101700-A1178100976-A1178101900-100x100.webp",100,100,true]},"uagb_author_info":{"display_name":"adminn","author_link":"https:\/\/www.liwin-china.com\/de\/author\/"},"uagb_comment_info":0,"uagb_excerpt":"Brand Name\uff1aLiwiny Type\uff1aSide Mirror,Rearview Mirror OEM Part No.\uff1aA1178100776, A1178101500, A1178101376, A1178101700, A1178100976, A1178101900, A1178101176, A1178102100, A1178100876, A1178101600, A1178101076, A1178101800, A1178101276, A1178102000 Model Number\uff1aFor CLA W117 Fit for car\uff1aFor Mercedes-Benz CLA W117 Year\uff1a2015-2018 Material\uff1aABS+PP+Glass Position\uff1aLeft Right Function\uff1aFolding,heating,anti-glare Installation\uff1aEasy installation OEM\uff1aAvailable Life Span\uff1aMore than 30000h Warranty\uff1a1 year Car Make\uff1aUniversal Place of Origin:Guangdong, China Lead-time\uff1aAccording to customers order&hellip;","_links":{"self":[{"href":"https:\/\/www.liwin-china.com\/de\/wp-json\/wp\/v2\/product\/7698"}],"collection":[{"href":"https:\/\/www.liwin-china.com\/de\/wp-json\/wp\/v2\/product"}],"about":[{"href":"https:\/\/www.liwin-china.com\/de\/wp-json\/wp\/v2\/types\/product"}],"wp:featuredmedia":[{"embeddable":true,"href":"https:\/\/www.liwin-china.com\/de\/wp-json\/wp\/v2\/media\/7699"}],"wp:attachment":[{"href":"https:\/\/www.liwin-china.com\/de\/wp-json\/wp\/v2\/media?parent=7698"}],"wp:term":[{"taxonomy":"product_cat","embeddable":true,"href":"https:\/\/www.liwin-china.com\/de\/wp-json\/wp\/v2\/product_cat?post=7698"},{"taxonomy":"product_tag","embeddable":true,"href":"https:\/\/www.liwin-china.com\/de\/wp-json\/wp\/v2\/product_tag?post=7698"}],"curies":[{"name":"wp","href":"https:\/\/api.w.org\/{rel}","templated":true}]}}