{"id":53913,"date":"2025-12-01T14:20:17","date_gmt":"2025-12-01T06:20:17","guid":{"rendered":"https:\/\/www.liwin-china.com\/?post_type=product&#038;p=53913"},"modified":"2025-12-03T16:28:38","modified_gmt":"2025-12-03T08:28:38","slug":"liwiny-lf8a-led-auto-lighting-system-high-low-beam-headlight-bulb-for-cars-compatible","status":"publish","type":"product","link":"https:\/\/www.liwin-china.com\/de\/produkt\/liwiny-lf8a-led-auto-lighting-system-high-low-beam-headlight-bulb-for-cars-compatible\/","title":{"rendered":"Liwiny LF8A LED Auto Beleuchtungssystem hohe Abblendlicht Scheinwerfer Gl\u00fchbirne f\u00fcr Autos Kompatibel"},"content":{"rendered":"<p>Liwiny LF8A LED Auto Beleuchtungssystem hohe Abblendlicht Scheinwerfer Gl\u00fchbirne f\u00fcr Autos Kompatibel<\/p>\n<p>Markenname\uff1aLiwiny<br \/>\nArtikel\uff1aAuto-Beleuchtungssystem, Scheinwerferlampe f\u00fcr Fern- und Abblendlicht<br \/>\nOEM Teile-Nr.\uff1aLF8A H1 H3 H7 H11 9005 9006<br \/>\n9012 H4 H13 9004 9007<br \/>\nSpannung\uff1a<span style=\"color: #000000;\">12v<\/span><br \/>\nLeistung\uff1a180W<br \/>\nLumen\uff1a25000LM<br \/>\nLed Chip\uff1aCsp<br \/>\nFarbtemperatur\uff1a<span style=\"color: #ff0000;\">6000k<\/span><br \/>\nStrahl\uff1aHoch Abblendlicht Hohe Leistung<br \/>\nMaterial\uff1aAluminium-Legierung<br \/>\nVerpackung\uff1aKleine Farbbox<br \/>\nOEM\uff1aVerf\u00fcgbar<br \/>\nLebensdauer\uff1aMehr als 30000h<br \/>\nGarantie\uff1a1 Jahr<br \/>\nAutomarke\uff1aUniversal<br \/>\nZertifizierung\uff1aCE ROSH IP67<br \/>\nHerkunftsort:Guangdong, China<br \/>\nVorlaufzeit\uff1aGem\u00e4\u00df den Bestelldaten des Kunden<\/p>\n<p>&nbsp;<\/p>\n<h1><strong>Warum LIWINY w\u00e4hlen?<\/strong><\/h1>\n<p><img loading=\"lazy\" decoding=\"async\" class=\"alignnone size-full wp-image-4463\" src=\"https:\/\/www.liwin-china.com\/wp-content\/uploads\/2023\/12\/liwiny-oem-ballast.webp\" alt=\"\" width=\"1980\" height=\"600\" srcset=\"https:\/\/www.liwin-china.com\/wp-content\/uploads\/2023\/12\/liwiny-oem-ballast.webp 1980w, https:\/\/www.liwin-china.com\/wp-content\/uploads\/2023\/12\/liwiny-oem-ballast-300x91.webp 300w, https:\/\/www.liwin-china.com\/wp-content\/uploads\/2023\/12\/liwiny-oem-ballast-1024x310.webp 1024w, https:\/\/www.liwin-china.com\/wp-content\/uploads\/2023\/12\/liwiny-oem-ballast-768x233.webp 768w, https:\/\/www.liwin-china.com\/wp-content\/uploads\/2023\/12\/liwiny-oem-ballast-1536x465.webp 1536w, https:\/\/www.liwin-china.com\/wp-content\/uploads\/2023\/12\/liwiny-oem-ballast-600x182.webp 600w\" sizes=\"(max-width: 1980px) 100vw, 1980px\" \/><\/p>\n<ul>\n<li>Vom Material bis zum fertigen Produkt f\u00fchren wir eine strenge Qualit\u00e4tskontrolle durch, um sicherzustellen, dass die Fehlerquote unter 1% liegt.<\/li>\n<li>Willkommen OEM\/ODM Auftr\u00e4ge, wir akzeptieren eine Reihe von Anpassungsanforderungen wie Aussehen, Leistung, Antrieb, L\u00fcfter, Chip, Farbtemperatur, Logo, Verpackung.<\/li>\n<li>Wir bieten 12-36 Monate Garantie mit direktem Ersatz. Sie m\u00fcssen defekte Produkte nicht zur\u00fcckschicken.<\/li>\n<li>Wir orientieren uns an den Markttrends und entwickeln jede Saison 3-5 neue Produkte.<\/li>\n<\/ul>\n<p>&nbsp;<\/p>\n<h2>Fordern Sie noch heute ein Angebot an!<\/h2>\n<p>Alle LIWINY Produkte sind f\u00fcr BULK\/WHOLESALE ORDER verf\u00fcgbar! Wenn Sie unsere Produkte verkaufen oder unser Vertriebspartner werden m\u00f6chten, kontaktieren Sie uns bitte, Sie erhalten die folgenden Vorteile:<\/p>\n<p>Niedriges MOQ &amp; schnelle Lieferung<br \/>\nInnovative Produkte<br \/>\nBester Gro\u00dfhandelspreis<br \/>\nOEM\/ODM-Dienstleistung<\/p>","protected":false},"excerpt":{"rendered":"<p>Liwiny LF8A LED Auto Beleuchtungssystem hohe Abblendlicht Scheinwerfer Gl\u00fchbirne f\u00fcr Autos Kompatibel<\/p>\n<p>Markenname\uff1aLiwiny<br \/>\nArtikel\uff1aAuto-Beleuchtungssystem, Scheinwerferlampe f\u00fcr Fern- und Abblendlicht<br \/>\nOEM Teile-Nr.\uff1aLF8A H1 H3 H7 H11 9005 9006<br \/>\n9012 H4 H13 9004 9007<br \/>\nSpannung\uff1a<span style=\"color: #000000;\">12v<\/span><br \/>\nLeistung\uff1a180W<br \/>\nLumen\uff1a25000LM<br \/>\nLed Chip\uff1aCsp<br \/>\nFarbtemperatur\uff1a<span style=\"color: #ff0000;\">6000k<\/span><\/p>\n<p>Strahl\uff1aHoch Abblendlicht Hohe Leistung<br \/>\nMaterial\uff1aAluminium-Legierung<br \/>\nVerpackung\uff1aKleine Farbbox<br \/>\nOEM\uff1aVerf\u00fcgbar<br \/>\nLebensdauer\uff1aMehr als 30000h<br \/>\nGarantie\uff1a1 Jahr<br \/>\nAutomarke\uff1aUniversal<br \/>\nZertifizierung\uff1aCE ROSH IP67<br \/>\nHerkunftsort:Guangdong, China<br \/>\nVorlaufzeit\uff1aGem\u00e4\u00df den Bestelldaten des Kunden<\/p>","protected":false},"featured_media":53915,"template":"","meta":{"_seopress_robots_primary_cat":"none","_seopress_titles_title":"","_seopress_titles_desc":"","_seopress_robots_index":"","_uag_custom_page_level_css":"","_joinchat":[]},"product_cat":[464,58],"product_tag":[],"featured_image_urls":{"full":["https:\/\/www.liwin-china.com\/wp-content\/uploads\/2025\/12\/h4b-led-car-headlight.webp",700,700,false],"thumbnail":["https:\/\/www.liwin-china.com\/wp-content\/uploads\/2025\/12\/h4b-led-car-headlight-150x150.webp",150,150,true],"medium":["https:\/\/www.liwin-china.com\/wp-content\/uploads\/2025\/12\/h4b-led-car-headlight-300x300.webp",300,300,true],"medium_large":["https:\/\/www.liwin-china.com\/wp-content\/uploads\/2025\/12\/h4b-led-car-headlight.webp",700,700,false],"large":["https:\/\/www.liwin-china.com\/wp-content\/uploads\/2025\/12\/h4b-led-car-headlight.webp",700,700,false],"1536x1536":["https:\/\/www.liwin-china.com\/wp-content\/uploads\/2025\/12\/h4b-led-car-headlight.webp",700,700,false],"2048x2048":["https:\/\/www.liwin-china.com\/wp-content\/uploads\/2025\/12\/h4b-led-car-headlight.webp",700,700,false],"trp-custom-language-flag":["https:\/\/www.liwin-china.com\/wp-content\/uploads\/2025\/12\/h4b-led-car-headlight-12x12.webp",12,12,true],"woocommerce_archive_thumbnail":["https:\/\/www.liwin-china.com\/wp-content\/uploads\/2025\/12\/h4b-led-car-headlight-300x300.webp",300,300,true],"woocommerce_thumbnail":["https:\/\/www.liwin-china.com\/wp-content\/uploads\/2025\/12\/h4b-led-car-headlight-300x300.webp",300,300,true],"woocommerce_single":["https:\/\/www.liwin-china.com\/wp-content\/uploads\/2025\/12\/h4b-led-car-headlight-600x600.webp",600,600,true],"woocommerce_gallery_thumbnail":["https:\/\/www.liwin-china.com\/wp-content\/uploads\/2025\/12\/h4b-led-car-headlight-100x100.webp",100,100,true]},"post_excerpt_stackable":"<p>Liwiny LF8A LED Auto Lighting System High Low Beam Headlight Bulb for Cars Compatible<\/p>\n<p>Brand Name\uff1aLiwiny<br \/>\nItem\uff1aAuto Lighting System,High Low Beam Headlight Bulb<br \/>\nOEM Part No.\uff1aLF8A H1 H3 H7 H11 9005 9006<br \/>\n9012 H4 H13 9004 9007<br \/>\nVoltage\uff1a<span style=\"color: #000000;\">12v<\/span><br \/>\nPower\uff1a180W<br \/>\nLumen\uff1a25000LM<br \/>\nLed Chip\uff1aCsp<br \/>\nColor Temperature\uff1a<span style=\"color: #ff0000;\">6000k<\/span><\/p>\n<p>Beam\uff1aHigh Low Beam High Power<br \/>\nMaterial\uff1aAluminium Alloy<br \/>\nPackage\uff1aSmall Color Box<br \/>\nOEM\uff1aAvailable<br \/>\nLife Span\uff1aMore than 30000h<br \/>\nWarranty\uff1a1 year<br \/>\nCar Make\uff1aUniversal<br \/>\nCertification\uff1aCE ROSH IP67<br \/>\nPlace of Origin:Guangdong, China<br \/>\nLead-time\uff1aAccording to customers order detail<\/p>\n","category_list":"","author_info":{"name":"","url":""},"comments_num":"0 comments","uagb_featured_image_src":{"full":["https:\/\/www.liwin-china.com\/wp-content\/uploads\/2025\/12\/h4b-led-car-headlight.webp",700,700,false],"thumbnail":["https:\/\/www.liwin-china.com\/wp-content\/uploads\/2025\/12\/h4b-led-car-headlight-150x150.webp",150,150,true],"medium":["https:\/\/www.liwin-china.com\/wp-content\/uploads\/2025\/12\/h4b-led-car-headlight-300x300.webp",300,300,true],"medium_large":["https:\/\/www.liwin-china.com\/wp-content\/uploads\/2025\/12\/h4b-led-car-headlight.webp",700,700,false],"large":["https:\/\/www.liwin-china.com\/wp-content\/uploads\/2025\/12\/h4b-led-car-headlight.webp",700,700,false],"1536x1536":["https:\/\/www.liwin-china.com\/wp-content\/uploads\/2025\/12\/h4b-led-car-headlight.webp",700,700,false],"2048x2048":["https:\/\/www.liwin-china.com\/wp-content\/uploads\/2025\/12\/h4b-led-car-headlight.webp",700,700,false],"trp-custom-language-flag":["https:\/\/www.liwin-china.com\/wp-content\/uploads\/2025\/12\/h4b-led-car-headlight-12x12.webp",12,12,true],"woocommerce_archive_thumbnail":["https:\/\/www.liwin-china.com\/wp-content\/uploads\/2025\/12\/h4b-led-car-headlight-300x300.webp",300,300,true],"woocommerce_thumbnail":["https:\/\/www.liwin-china.com\/wp-content\/uploads\/2025\/12\/h4b-led-car-headlight-300x300.webp",300,300,true],"woocommerce_single":["https:\/\/www.liwin-china.com\/wp-content\/uploads\/2025\/12\/h4b-led-car-headlight-600x600.webp",600,600,true],"woocommerce_gallery_thumbnail":["https:\/\/www.liwin-china.com\/wp-content\/uploads\/2025\/12\/h4b-led-car-headlight-100x100.webp",100,100,true]},"uagb_author_info":{"display_name":"adminn","author_link":"https:\/\/www.liwin-china.com\/de\/author\/"},"uagb_comment_info":0,"uagb_excerpt":"Liwiny LF8A LED Auto Lighting System High Low Beam Headlight Bulb for Cars Compatible Brand Name\uff1aLiwiny Item\uff1aAuto Lighting System,High Low Beam Headlight Bulb OEM Part No.\uff1aLF8A H1 H3 H7 H11 9005 9006 9012 H4 H13 9004 9007 Voltage\uff1a12v Power\uff1a180W Lumen\uff1a25000LM Led Chip\uff1aCsp Color Temperature\uff1a6000k Beam\uff1aHigh Low Beam High Power Material\uff1aAluminium Alloy Package\uff1aSmall Color Box OEM\uff1aAvailable&hellip;","_links":{"self":[{"href":"https:\/\/www.liwin-china.com\/de\/wp-json\/wp\/v2\/product\/53913"}],"collection":[{"href":"https:\/\/www.liwin-china.com\/de\/wp-json\/wp\/v2\/product"}],"about":[{"href":"https:\/\/www.liwin-china.com\/de\/wp-json\/wp\/v2\/types\/product"}],"wp:featuredmedia":[{"embeddable":true,"href":"https:\/\/www.liwin-china.com\/de\/wp-json\/wp\/v2\/media\/53915"}],"wp:attachment":[{"href":"https:\/\/www.liwin-china.com\/de\/wp-json\/wp\/v2\/media?parent=53913"}],"wp:term":[{"taxonomy":"product_cat","embeddable":true,"href":"https:\/\/www.liwin-china.com\/de\/wp-json\/wp\/v2\/product_cat?post=53913"},{"taxonomy":"product_tag","embeddable":true,"href":"https:\/\/www.liwin-china.com\/de\/wp-json\/wp\/v2\/product_tag?post=53913"}],"curies":[{"name":"wp","href":"https:\/\/api.w.org\/{rel}","templated":true}]}}