{"id":5261,"date":"2024-06-05T20:59:59","date_gmt":"2024-06-05T12:59:59","guid":{"rendered":"https:\/\/www.liwin-china.com\/?post_type=product&#038;p=5261"},"modified":"2026-04-17T18:44:28","modified_gmt":"2026-04-17T10:44:28","slug":"liwiny-28w-t20-7440-3156-2800lm-strong-canbus-3838-chips-waterproof-high-speed-cooling-fan-reverse-light-turn-signal","status":"publish","type":"product","link":"https:\/\/www.liwin-china.com\/de\/produkt\/liwiny-28w-t20-7440-3156-2800lm-strong-canbus-3838-chips-waterproof-high-speed-cooling-fan-reverse-light-turn-signal\/","title":{"rendered":"Liwiny 28W t20 7440 3156 2800lm starke Canbus 3838 Chips wasserdicht hohe Geschwindigkeit K\u00fchlung L\u00fcfter R\u00fcckfahrlicht Blinker"},"content":{"rendered":"<p>Liwiny 28W t20 7440 3156 2800lm starke Canbus 3838 Chips wasserdicht hohe Geschwindigkeit K\u00fchlung L\u00fcfter R\u00fcckfahrlicht Blinker<\/p>\n<p>Markenname\uff1aLiwiny<\/p>\n<p>Artikel\uff1aBlinker Led-Gl\u00fchbirne<br \/>\nOEM-Teile-Nr.\uff1a28W 3838 24SMD<br \/>\nSpannung\uff1a12V<br \/>\nLeistung\uff1a28W<br \/>\nLumen\uff1a2800LM<br \/>\nLed Chip\uff1a3838 smd<\/p>\n<p>Anzahl der Led\uff1a24St\u00fcck<br \/>\nFarbtemperatur\uff1aWei\u00df, Gelb, Rot<\/p>\n<p>N\u00fctzliche Steckdose\uff1a7443 1156 Ba15s Bau15s T25 3156 T20 7440<\/p>\n<p>Material\uff1aAluminium-Legierung<br \/>\nVerpackung\uff1aKleine Farbbox<br \/>\nOEM\uff1aVerf\u00fcgbar<br \/>\nLebensdauer\uff1aMehr als 30000h<br \/>\nGarantie\uff1a1 Jahr<br \/>\nAutomarke\uff1aUniversal<br \/>\nHerkunftsort:Guangdong, China<br \/>\nVorlaufzeit\uff1aGem\u00e4\u00df den Bestelldaten des Kunden<\/p>\n<p>&nbsp;<\/p>\n<p>Funktion\uff1a<span class=\"magic-16\" data-spm-anchor-id=\"a2700.details.0.i101.6c827f69FPcQq3\">Kein Hyper Flash;Heller 200%;<\/span><\/p>\n<div data-spm-anchor-id=\"a2700.pc-decorate.0.i96.4dbf3333oJtTj4\"><span class=\"magic-16\">Schnelle W\u00e4rmeableitung;<\/span><\/div>\n<div data-spm-anchor-id=\"a2700.pc-decorate.0.i96.4dbf3333oJtTj4\"><span class=\"magic-16\">6063 Luftfahrt-Aluminium<br \/>\n<\/span><\/p>\n<div data-spm-anchor-id=\"a2700.pc-decorate.0.i93.4dbf3333oJtTj4\">\n<p><span class=\"magic-16\">Plug and Play;100% Canbus;<\/span><\/p>\n<div data-spm-anchor-id=\"a2700.pc-decorate.0.i88.4dbf3333oJtTj4\"><span class=\"magic-16\">Global Halogen Standard Size;<\/span><\/div>\n<div data-spm-anchor-id=\"a2700.pc-decorate.0.i88.4dbf3333oJtTj4\"><span class=\"magic-16\">Temperaturregelung f\u00fcr Kraftfahrzeuge;<\/span><\/div>\n<div data-spm-anchor-id=\"a2700.pc-decorate.0.i88.4dbf3333oJtTj4\"><span class=\"magic-16\">Anti-Hyper-Flash; hohles thermisches Aluminium;<\/span><\/div>\n<\/div>\n<\/div>\n<p>&nbsp;<\/p>\n<h1><strong>Warum LIWINY w\u00e4hlen?<\/strong><\/h1>\n<p><img loading=\"lazy\" decoding=\"async\" class=\"alignnone size-full wp-image-4463\" src=\"https:\/\/www.liwin-china.com\/wp-content\/uploads\/2023\/12\/liwiny-oem-ballast.webp\" alt=\"\" width=\"1980\" height=\"600\" srcset=\"https:\/\/www.liwin-china.com\/wp-content\/uploads\/2023\/12\/liwiny-oem-ballast.webp 1980w, https:\/\/www.liwin-china.com\/wp-content\/uploads\/2023\/12\/liwiny-oem-ballast-300x91.webp 300w, https:\/\/www.liwin-china.com\/wp-content\/uploads\/2023\/12\/liwiny-oem-ballast-1024x310.webp 1024w, https:\/\/www.liwin-china.com\/wp-content\/uploads\/2023\/12\/liwiny-oem-ballast-768x233.webp 768w, https:\/\/www.liwin-china.com\/wp-content\/uploads\/2023\/12\/liwiny-oem-ballast-1536x465.webp 1536w, https:\/\/www.liwin-china.com\/wp-content\/uploads\/2023\/12\/liwiny-oem-ballast-600x182.webp 600w\" sizes=\"(max-width: 1980px) 100vw, 1980px\" \/><\/p>\n<ul>\n<li>Vom Material bis zum fertigen Produkt f\u00fchren wir eine strenge Qualit\u00e4tskontrolle durch, um sicherzustellen, dass die Fehlerquote unter 1% liegt.<\/li>\n<li>Willkommen OEM\/ODM Auftr\u00e4ge, wir akzeptieren eine Reihe von Anpassungsanforderungen wie Aussehen, Leistung, Antrieb, L\u00fcfter, Chip, Farbtemperatur, Logo, Verpackung.<\/li>\n<li>Wir bieten 12-36 Monate Garantie mit direktem Ersatz. Sie m\u00fcssen defekte Produkte nicht zur\u00fcckschicken.<\/li>\n<li>Wir orientieren uns an den Markttrends und entwickeln jede Saison 3-5 neue Produkte.<\/li>\n<\/ul>\n<p>&nbsp;<\/p>\n<h2>Fordern Sie noch heute ein Angebot an!<\/h2>\n<p>Alle LIWINY Produkte sind f\u00fcr BULK\/WHOLESALE ORDER verf\u00fcgbar! Wenn Sie unsere Produkte verkaufen oder unser Vertriebspartner werden m\u00f6chten, kontaktieren Sie uns bitte, Sie erhalten die folgenden Vorteile:<\/p>\n<p>Niedriges MOQ &amp; schnelle Lieferung<br \/>\nInnovative Produkte<br \/>\nBester Gro\u00dfhandelspreis<br \/>\nOEM\/ODM-Dienstleistung<\/p>","protected":false},"excerpt":{"rendered":"<p>Markenname\uff1aLiwiny<\/p>\n<p>Artikel\uff1aBlinker Led-Gl\u00fchbirne<br \/>\nOEM-Teile-Nr.\uff1a28W 3838 24SMD<br \/>\nSpannung\uff1a12V<br \/>\nLeistung\uff1a28W<br \/>\nLumen\uff1a2800LM<br \/>\nLed Chip\uff1a3838 smd<\/p>\n<p>Anzahl der Led\uff1a24St\u00fcck<br \/>\nFarbtemperatur\uff1aWei\u00df, Gelb, Rot<\/p>\n<p>N\u00fctzliche Steckdose\uff1a7443 1156 Ba15s Bau15s T25 3156 T20 7440<\/p>\n<p>Material\uff1aAluminium-Legierung<br \/>\nVerpackung\uff1aKleine Farbbox<br \/>\nOEM\uff1aVerf\u00fcgbar<br \/>\nLebensdauer\uff1aMehr als 30000h<br \/>\nGarantie\uff1a1 Jahr<br \/>\nAutomarke\uff1aUniversal<br \/>\nHerkunftsort:Guangdong, China<br \/>\nVorlaufzeit\uff1aGem\u00e4\u00df den Bestelldaten des Kunden<\/p>","protected":false},"featured_media":5266,"template":"","meta":{"_seopress_robots_primary_cat":"none","_seopress_titles_title":"","_seopress_titles_desc":"","_seopress_robots_index":"","_uag_custom_page_level_css":"","_joinchat":[]},"product_cat":[478,77],"product_tag":[],"featured_image_urls":{"full":["https:\/\/www.liwin-china.com\/wp-content\/uploads\/2024\/06\/28W-t20-7440-3156-car-led-lamp-2.webp",800,612,false],"thumbnail":["https:\/\/www.liwin-china.com\/wp-content\/uploads\/2024\/06\/28W-t20-7440-3156-car-led-lamp-2-150x150.webp",150,150,true],"medium":["https:\/\/www.liwin-china.com\/wp-content\/uploads\/2024\/06\/28W-t20-7440-3156-car-led-lamp-2-300x230.webp",300,230,true],"medium_large":["https:\/\/www.liwin-china.com\/wp-content\/uploads\/2024\/06\/28W-t20-7440-3156-car-led-lamp-2-768x588.webp",768,588,true],"large":["https:\/\/www.liwin-china.com\/wp-content\/uploads\/2024\/06\/28W-t20-7440-3156-car-led-lamp-2.webp",800,612,false],"1536x1536":["https:\/\/www.liwin-china.com\/wp-content\/uploads\/2024\/06\/28W-t20-7440-3156-car-led-lamp-2.webp",800,612,false],"2048x2048":["https:\/\/www.liwin-china.com\/wp-content\/uploads\/2024\/06\/28W-t20-7440-3156-car-led-lamp-2.webp",800,612,false],"trp-custom-language-flag":["https:\/\/www.liwin-china.com\/wp-content\/uploads\/2024\/06\/28W-t20-7440-3156-car-led-lamp-2.webp",16,12,false],"woocommerce_archive_thumbnail":["https:\/\/www.liwin-china.com\/wp-content\/uploads\/2024\/06\/28W-t20-7440-3156-car-led-lamp-2-300x230.webp",300,230,true],"woocommerce_thumbnail":["https:\/\/www.liwin-china.com\/wp-content\/uploads\/2024\/06\/28W-t20-7440-3156-car-led-lamp-2-300x230.webp",300,230,true],"woocommerce_single":["https:\/\/www.liwin-china.com\/wp-content\/uploads\/2024\/06\/28W-t20-7440-3156-car-led-lamp-2-600x459.webp",600,459,true],"woocommerce_gallery_thumbnail":["https:\/\/www.liwin-china.com\/wp-content\/uploads\/2024\/06\/28W-t20-7440-3156-car-led-lamp-2-100x100.webp",100,100,true]},"post_excerpt_stackable":"<p>Brand Name\uff1aLiwiny<\/p>\n<p>Item\uff1aTurn Signal Led Bulb<br \/>\nOEM Part No.\uff1a28W 3838 24SMD<br \/>\nVoltage\uff1a12V<br \/>\nPower\uff1a28W<br \/>\nLumen\uff1a2800LM<br \/>\nLed Chip\uff1a3838 smd<\/p>\n<p>Led Qty\uff1a24pcs<br \/>\nColor Temperature\uff1aWhite,Yellow ,Red<\/p>\n<p>Useful Socket\uff1a7443 1156 Ba15s Bau15s T25 3156 T20 7440<\/p>\n<p>Material\uff1aAluminium Alloy<br \/>\nPackage\uff1aSmall Color Box<br \/>\nOEM\uff1aAvailable<br \/>\nLife Span\uff1aMore than 30000h<br \/>\nWarranty\uff1a1 year<br \/>\nCar Make\uff1aUniversal<br \/>\nPlace of Origin:Guangdong, China<br \/>\nLead-time\uff1aAccording to customers order detail<\/p>\n","category_list":"","author_info":{"name":"","url":""},"comments_num":"0 comments","uagb_featured_image_src":{"full":["https:\/\/www.liwin-china.com\/wp-content\/uploads\/2024\/06\/28W-t20-7440-3156-car-led-lamp-2.webp",800,612,false],"thumbnail":["https:\/\/www.liwin-china.com\/wp-content\/uploads\/2024\/06\/28W-t20-7440-3156-car-led-lamp-2-150x150.webp",150,150,true],"medium":["https:\/\/www.liwin-china.com\/wp-content\/uploads\/2024\/06\/28W-t20-7440-3156-car-led-lamp-2-300x230.webp",300,230,true],"medium_large":["https:\/\/www.liwin-china.com\/wp-content\/uploads\/2024\/06\/28W-t20-7440-3156-car-led-lamp-2-768x588.webp",768,588,true],"large":["https:\/\/www.liwin-china.com\/wp-content\/uploads\/2024\/06\/28W-t20-7440-3156-car-led-lamp-2.webp",800,612,false],"1536x1536":["https:\/\/www.liwin-china.com\/wp-content\/uploads\/2024\/06\/28W-t20-7440-3156-car-led-lamp-2.webp",800,612,false],"2048x2048":["https:\/\/www.liwin-china.com\/wp-content\/uploads\/2024\/06\/28W-t20-7440-3156-car-led-lamp-2.webp",800,612,false],"trp-custom-language-flag":["https:\/\/www.liwin-china.com\/wp-content\/uploads\/2024\/06\/28W-t20-7440-3156-car-led-lamp-2.webp",16,12,false],"woocommerce_archive_thumbnail":["https:\/\/www.liwin-china.com\/wp-content\/uploads\/2024\/06\/28W-t20-7440-3156-car-led-lamp-2-300x230.webp",300,230,true],"woocommerce_thumbnail":["https:\/\/www.liwin-china.com\/wp-content\/uploads\/2024\/06\/28W-t20-7440-3156-car-led-lamp-2-300x230.webp",300,230,true],"woocommerce_single":["https:\/\/www.liwin-china.com\/wp-content\/uploads\/2024\/06\/28W-t20-7440-3156-car-led-lamp-2-600x459.webp",600,459,true],"woocommerce_gallery_thumbnail":["https:\/\/www.liwin-china.com\/wp-content\/uploads\/2024\/06\/28W-t20-7440-3156-car-led-lamp-2-100x100.webp",100,100,true]},"uagb_author_info":{"display_name":"adminn","author_link":"https:\/\/www.liwin-china.com\/de\/author\/"},"uagb_comment_info":0,"uagb_excerpt":"Brand Name\uff1aLiwiny Item\uff1aTurn Signal Led Bulb OEM Part No.\uff1a28W 3838 24SMD Voltage\uff1a12V Power\uff1a28W Lumen\uff1a2800LM Led Chip\uff1a3838 smd Led Qty\uff1a24pcs Color Temperature\uff1aWhite,Yellow ,Red Useful Socket\uff1a7443 1156 Ba15s Bau15s T25 3156 T20 7440 Material\uff1aAluminium Alloy Package\uff1aSmall Color Box OEM\uff1aAvailable Life Span\uff1aMore than 30000h Warranty\uff1a1 year Car Make\uff1aUniversal Place of Origin:Guangdong, China Lead-time\uff1aAccording to customers order detail","_links":{"self":[{"href":"https:\/\/www.liwin-china.com\/de\/wp-json\/wp\/v2\/product\/5261"}],"collection":[{"href":"https:\/\/www.liwin-china.com\/de\/wp-json\/wp\/v2\/product"}],"about":[{"href":"https:\/\/www.liwin-china.com\/de\/wp-json\/wp\/v2\/types\/product"}],"wp:featuredmedia":[{"embeddable":true,"href":"https:\/\/www.liwin-china.com\/de\/wp-json\/wp\/v2\/media\/5266"}],"wp:attachment":[{"href":"https:\/\/www.liwin-china.com\/de\/wp-json\/wp\/v2\/media?parent=5261"}],"wp:term":[{"taxonomy":"product_cat","embeddable":true,"href":"https:\/\/www.liwin-china.com\/de\/wp-json\/wp\/v2\/product_cat?post=5261"},{"taxonomy":"product_tag","embeddable":true,"href":"https:\/\/www.liwin-china.com\/de\/wp-json\/wp\/v2\/product_tag?post=5261"}],"curies":[{"name":"wp","href":"https:\/\/api.w.org\/{rel}","templated":true}]}}