{"id":4124,"date":"2023-12-17T18:38:43","date_gmt":"2023-12-17T10:38:43","guid":{"rendered":"https:\/\/www.liwin-china.com\/?post_type=product&#038;p=4124"},"modified":"2024-12-04T19:12:29","modified_gmt":"2024-12-04T11:12:29","slug":"for-bmw-g20-g28-2019-2022-headlight","status":"publish","type":"product","link":"https:\/\/www.liwin-china.com\/de\/produkt\/for-bmw-g20-g28-2019-2022-headlight\/","title":{"rendered":"f\u00fcr bmw g20 g28 2019-2022 Scheinwerfer"},"content":{"rendered":"<p>Liwny Auto Auto Teile Scheinwerfer f\u00fcr BMW M3 G20 G28 19-22 Scheinwerfer Montage neue modifizierte 3er LCI LED Tagfahrlicht<\/p>\n<p>Markenname\uff1aLiwiny<br \/>\nModell-Nummer\uff1af\u00fcr bmw g20 g28 2019-2022 Scheinwerfer<br \/>\nAuto Modell\uff1af\u00fcr bmw g20 g28 2019-2022 Scheinwerfer<br \/>\nSpannung\uff1a12V<br \/>\nLeistung\uff1a36W<br \/>\nZustand\uff1aNeu<br \/>\nProduktname\uff1aLed Scheinwerfer f\u00fcr bmw g20 g28<br \/>\nGr\u00f6\u00dfe\uff1aOEM-Standardgr\u00f6\u00dfe<br \/>\nQualit\u00e4t\uff1a100% Professional Testing<br \/>\nEinpassung\uff1a100% Einpassung<br \/>\nInstallation\uff1aPlug-and-Play<br \/>\nVerpackung\uff1aStandard-Verpackung<br \/>\nGarantie\uff1a1 Jahr<br \/>\nHerkunftsort:Guangdong, China<br \/>\nVorlaufzeit\uff1aF\u00fcr Bmw M3 G20 G28 Scheinwerfer,Led Scheinwerfer F\u00fcr Bmw 3 Serie G20 G28,Laser Led Scheinwerfer F\u00fcr Bmw G20 G28<\/p>\n<p><img loading=\"lazy\" decoding=\"async\" class=\"alignnone size-full wp-image-4130\" src=\"https:\/\/www.liwin-china.com\/wp-content\/uploads\/2023\/12\/for-bmw-g20-g28-2019-2022-Headlight-4-scaled.webp\" alt=\"\" width=\"566\" height=\"2560\" srcset=\"https:\/\/www.liwin-china.com\/wp-content\/uploads\/2023\/12\/for-bmw-g20-g28-2019-2022-Headlight-4-scaled.webp 566w, https:\/\/www.liwin-china.com\/wp-content\/uploads\/2023\/12\/for-bmw-g20-g28-2019-2022-Headlight-4-scaled-300x1357.webp 300w, https:\/\/www.liwin-china.com\/wp-content\/uploads\/2023\/12\/for-bmw-g20-g28-2019-2022-Headlight-4-66x300.webp 66w, https:\/\/www.liwin-china.com\/wp-content\/uploads\/2023\/12\/for-bmw-g20-g28-2019-2022-Headlight-4-453x2048.webp 453w, https:\/\/www.liwin-china.com\/wp-content\/uploads\/2023\/12\/for-bmw-g20-g28-2019-2022-Headlight-4-600x2715.webp 600w\" sizes=\"(max-width: 566px) 100vw, 566px\" \/><\/p>","protected":false},"excerpt":{"rendered":"<p>Markenname\uff1aLiwiny<br \/>\nModell-Nummer\uff1af\u00fcr bmw g20 g28 2019-2022 Scheinwerfer<br \/>\nAuto Modell\uff1af\u00fcr bmw g20 g28 2019-2022 Scheinwerfer<br \/>\nSpannung\uff1a12V<br \/>\nLeistung\uff1a36W<br \/>\nZustand\uff1aNeu<br \/>\nProduktname\uff1aLed Scheinwerfer f\u00fcr bmw g20 g28<br \/>\nGr\u00f6\u00dfe\uff1aOEM-Standardgr\u00f6\u00dfe<br \/>\nQualit\u00e4t\uff1a100% Professional Testing<br \/>\nEinpassung\uff1a100% Einpassung<br \/>\nInstallation\uff1aPlug-and-Play<br \/>\nVerpackung\uff1aStandard-Verpackung<br \/>\nGarantie\uff1a1 Jahr<br \/>\nHerkunftsort:Guangdong, China<br \/>\nVorlaufzeit\uff1aF\u00fcr Bmw M3 G20 G28 Scheinwerfer,Led Scheinwerfer F\u00fcr Bmw 3 Serie G20 G28,Laser Led Scheinwerfer F\u00fcr Bmw G20 G28<\/p>","protected":false},"featured_media":4128,"template":"","meta":{"_seopress_robots_primary_cat":"","_seopress_titles_title":"","_seopress_titles_desc":"","_seopress_robots_index":"","_uag_custom_page_level_css":"","_joinchat":[]},"product_cat":[454],"product_tag":[],"featured_image_urls":{"full":["https:\/\/www.liwin-china.com\/wp-content\/uploads\/2023\/12\/for-bmw-g20-g28-2019-2022-Headlight-2.webp",750,750,false],"thumbnail":["https:\/\/www.liwin-china.com\/wp-content\/uploads\/2023\/12\/for-bmw-g20-g28-2019-2022-Headlight-2-150x150.webp",150,150,true],"medium":["https:\/\/www.liwin-china.com\/wp-content\/uploads\/2023\/12\/for-bmw-g20-g28-2019-2022-Headlight-2-300x300.webp",300,300,true],"medium_large":["https:\/\/www.liwin-china.com\/wp-content\/uploads\/2023\/12\/for-bmw-g20-g28-2019-2022-Headlight-2.webp",750,750,false],"large":["https:\/\/www.liwin-china.com\/wp-content\/uploads\/2023\/12\/for-bmw-g20-g28-2019-2022-Headlight-2.webp",750,750,false],"1536x1536":["https:\/\/www.liwin-china.com\/wp-content\/uploads\/2023\/12\/for-bmw-g20-g28-2019-2022-Headlight-2.webp",750,750,false],"2048x2048":["https:\/\/www.liwin-china.com\/wp-content\/uploads\/2023\/12\/for-bmw-g20-g28-2019-2022-Headlight-2.webp",750,750,false],"trp-custom-language-flag":["https:\/\/www.liwin-china.com\/wp-content\/uploads\/2023\/12\/for-bmw-g20-g28-2019-2022-Headlight-2.webp",12,12,false],"woocommerce_archive_thumbnail":["https:\/\/www.liwin-china.com\/wp-content\/uploads\/2023\/12\/for-bmw-g20-g28-2019-2022-Headlight-2-300x300.webp",300,300,true],"woocommerce_thumbnail":["https:\/\/www.liwin-china.com\/wp-content\/uploads\/2023\/12\/for-bmw-g20-g28-2019-2022-Headlight-2-300x300.webp",300,300,true],"woocommerce_single":["https:\/\/www.liwin-china.com\/wp-content\/uploads\/2023\/12\/for-bmw-g20-g28-2019-2022-Headlight-2-600x600.webp",600,600,true],"woocommerce_gallery_thumbnail":["https:\/\/www.liwin-china.com\/wp-content\/uploads\/2023\/12\/for-bmw-g20-g28-2019-2022-Headlight-2-100x100.webp",100,100,true]},"post_excerpt_stackable":"<p>Brand Name\uff1aLiwiny<br \/>\nModel Number\uff1afor bmw g20 g28 2019-2022 Headlight<br \/>\nCar Model\uff1afor bmw g20 g28 2019-2022 Headlight<br \/>\nVoltage\uff1a12V<br \/>\nPower\uff1a36W<br \/>\nCondition\uff1aNew<br \/>\nProduct name\uff1aLed Head Lamp for bmw g20 g28<br \/>\nSize\uff1aOEM Standard Size<br \/>\nQuality\uff1a100% Professional Testing<br \/>\nFitment\uff1a100% Fitment<br \/>\nInstallation\uff1aPlug-and-Play<br \/>\nPacking\uff1aStandard Packing<br \/>\nWarranty\uff1a1 year<br \/>\nPlace of Origin:Guangdong, China<br \/>\nLead-time\uff1aFor Bmw M3 G20 G28 Headlight,Led Head Lights For Bmw 3 Series G20 G28,Laser Led Headlight For Bmw G20 G28<\/p>\n","category_list":"","author_info":{"name":"","url":""},"comments_num":"0 comments","uagb_featured_image_src":{"full":["https:\/\/www.liwin-china.com\/wp-content\/uploads\/2023\/12\/for-bmw-g20-g28-2019-2022-Headlight-2.webp",750,750,false],"thumbnail":["https:\/\/www.liwin-china.com\/wp-content\/uploads\/2023\/12\/for-bmw-g20-g28-2019-2022-Headlight-2-150x150.webp",150,150,true],"medium":["https:\/\/www.liwin-china.com\/wp-content\/uploads\/2023\/12\/for-bmw-g20-g28-2019-2022-Headlight-2-300x300.webp",300,300,true],"medium_large":["https:\/\/www.liwin-china.com\/wp-content\/uploads\/2023\/12\/for-bmw-g20-g28-2019-2022-Headlight-2.webp",750,750,false],"large":["https:\/\/www.liwin-china.com\/wp-content\/uploads\/2023\/12\/for-bmw-g20-g28-2019-2022-Headlight-2.webp",750,750,false],"1536x1536":["https:\/\/www.liwin-china.com\/wp-content\/uploads\/2023\/12\/for-bmw-g20-g28-2019-2022-Headlight-2.webp",750,750,false],"2048x2048":["https:\/\/www.liwin-china.com\/wp-content\/uploads\/2023\/12\/for-bmw-g20-g28-2019-2022-Headlight-2.webp",750,750,false],"trp-custom-language-flag":["https:\/\/www.liwin-china.com\/wp-content\/uploads\/2023\/12\/for-bmw-g20-g28-2019-2022-Headlight-2.webp",12,12,false],"woocommerce_archive_thumbnail":["https:\/\/www.liwin-china.com\/wp-content\/uploads\/2023\/12\/for-bmw-g20-g28-2019-2022-Headlight-2-300x300.webp",300,300,true],"woocommerce_thumbnail":["https:\/\/www.liwin-china.com\/wp-content\/uploads\/2023\/12\/for-bmw-g20-g28-2019-2022-Headlight-2-300x300.webp",300,300,true],"woocommerce_single":["https:\/\/www.liwin-china.com\/wp-content\/uploads\/2023\/12\/for-bmw-g20-g28-2019-2022-Headlight-2-600x600.webp",600,600,true],"woocommerce_gallery_thumbnail":["https:\/\/www.liwin-china.com\/wp-content\/uploads\/2023\/12\/for-bmw-g20-g28-2019-2022-Headlight-2-100x100.webp",100,100,true]},"uagb_author_info":{"display_name":"adminn","author_link":"https:\/\/www.liwin-china.com\/de\/author\/"},"uagb_comment_info":0,"uagb_excerpt":"Brand Name\uff1aLiwiny Model Number\uff1afor bmw g20 g28 2019-2022 Headlight Car Model\uff1afor bmw g20 g28 2019-2022 Headlight Voltage\uff1a12V Power\uff1a36W Condition\uff1aNew Product name\uff1aLed Head Lamp for bmw g20 g28 Size\uff1aOEM Standard Size Quality\uff1a100% Professional Testing Fitment\uff1a100% Fitment Installation\uff1aPlug-and-Play Packing\uff1aStandard Packing Warranty\uff1a1 year Place of Origin:Guangdong, China Lead-time\uff1aFor Bmw M3 G20 G28 Headlight,Led Head Lights For Bmw 3&hellip;","_links":{"self":[{"href":"https:\/\/www.liwin-china.com\/de\/wp-json\/wp\/v2\/product\/4124"}],"collection":[{"href":"https:\/\/www.liwin-china.com\/de\/wp-json\/wp\/v2\/product"}],"about":[{"href":"https:\/\/www.liwin-china.com\/de\/wp-json\/wp\/v2\/types\/product"}],"wp:featuredmedia":[{"embeddable":true,"href":"https:\/\/www.liwin-china.com\/de\/wp-json\/wp\/v2\/media\/4128"}],"wp:attachment":[{"href":"https:\/\/www.liwin-china.com\/de\/wp-json\/wp\/v2\/media?parent=4124"}],"wp:term":[{"taxonomy":"product_cat","embeddable":true,"href":"https:\/\/www.liwin-china.com\/de\/wp-json\/wp\/v2\/product_cat?post=4124"},{"taxonomy":"product_tag","embeddable":true,"href":"https:\/\/www.liwin-china.com\/de\/wp-json\/wp\/v2\/product_tag?post=4124"}],"curies":[{"name":"wp","href":"https:\/\/api.w.org\/{rel}","templated":true}]}}