{"id":4040,"date":"2023-12-16T14:44:10","date_gmt":"2023-12-16T06:44:10","guid":{"rendered":"https:\/\/www.liwin-china.com\/?post_type=product&#038;p=4040"},"modified":"2024-12-04T19:16:57","modified_gmt":"2024-12-04T11:16:57","slug":"for-bmw-m5-g30-g38-led-headlight","status":"publish","type":"product","link":"https:\/\/www.liwin-china.com\/de\/produkt\/for-bmw-m5-g30-g38-led-headlight\/","title":{"rendered":"f\u00fcr bmw m5 g30 g38 led-scheinwerfer"},"content":{"rendered":"<p>Liwny Auto Autozubeh\u00f6r Scheinwerfer f\u00fcr BMW M5 G30 G38 2018-2022 LED-Scheinwerfer Montage neue Upgrade 5er Laser Front Lights<\/p>\n<p>Markenname\uff1aLiwiny<br \/>\nModell-Nummer\uff1af\u00fcr bmw m5 g30 g38 f\u00fchrte Scheinwerfer<br \/>\nAuto Modell\uff1af\u00fcr bmw m5 g30 g38 f\u00fchrte Scheinwerfer<br \/>\nSpannung\uff1a12V<br \/>\nLeistung\uff1a36W<br \/>\nZustand\uff1aNeu<br \/>\nAnwendung\uff1aAutomobil Led-Scheinwerfer<br \/>\nFunktion\uff1aHohes Abblendlicht Scheinwerfer<br \/>\nDRL\uff1aWei\u00dfe LED<br \/>\nInstallation\uff1aPlug-and-Play<br \/>\nVerpackung\uff1aStandard-Verpackung<br \/>\nGarantie\uff1a1 Jahr<br \/>\nHerkunftsort:Guangdong, China<br \/>\nVorlaufzeit\uff1aGem\u00e4\u00df den Bestelldaten des Kunden<br \/>\nKeword\uff1aF\u00fcr Bmw M5 G30 G38 Scheinwerfer,Led Scheinwerfer F\u00fcr Bmw 5 Series G30 G38,F\u00fcr Bmw M5 G30 G38 Laser Front Lights<\/p>\n<p><img loading=\"lazy\" decoding=\"async\" class=\"alignnone size-full wp-image-4044\" src=\"https:\/\/www.liwin-china.com\/wp-content\/uploads\/2023\/12\/for-BMW-X5-E70-led-headlight-2-1.webp\" alt=\"\" width=\"750\" height=\"1547\" srcset=\"https:\/\/www.liwin-china.com\/wp-content\/uploads\/2023\/12\/for-BMW-X5-E70-led-headlight-2-1.webp 750w, https:\/\/www.liwin-china.com\/wp-content\/uploads\/2023\/12\/for-BMW-X5-E70-led-headlight-2-1-300x619.webp 300w, https:\/\/www.liwin-china.com\/wp-content\/uploads\/2023\/12\/for-BMW-X5-E70-led-headlight-2-1-600x1238.webp 600w, https:\/\/www.liwin-china.com\/wp-content\/uploads\/2023\/12\/for-BMW-X5-E70-led-headlight-2-1-145x300.webp 145w, https:\/\/www.liwin-china.com\/wp-content\/uploads\/2023\/12\/for-BMW-X5-E70-led-headlight-2-1-496x1024.webp 496w, https:\/\/www.liwin-china.com\/wp-content\/uploads\/2023\/12\/for-BMW-X5-E70-led-headlight-2-1-745x1536.webp 745w\" sizes=\"(max-width: 750px) 100vw, 750px\" \/><\/p>\n<p><img loading=\"lazy\" decoding=\"async\" class=\"alignnone size-full wp-image-4049\" src=\"https:\/\/www.liwin-china.com\/wp-content\/uploads\/2023\/12\/for-BMW-X5-E70-led-headlight-7.webp\" alt=\"\" width=\"750\" height=\"1979\" srcset=\"https:\/\/www.liwin-china.com\/wp-content\/uploads\/2023\/12\/for-BMW-X5-E70-led-headlight-7.webp 750w, https:\/\/www.liwin-china.com\/wp-content\/uploads\/2023\/12\/for-BMW-X5-E70-led-headlight-7-300x792.webp 300w, https:\/\/www.liwin-china.com\/wp-content\/uploads\/2023\/12\/for-BMW-X5-E70-led-headlight-7-600x1583.webp 600w, https:\/\/www.liwin-china.com\/wp-content\/uploads\/2023\/12\/for-BMW-X5-E70-led-headlight-7-114x300.webp 114w, https:\/\/www.liwin-china.com\/wp-content\/uploads\/2023\/12\/for-BMW-X5-E70-led-headlight-7-388x1024.webp 388w, https:\/\/www.liwin-china.com\/wp-content\/uploads\/2023\/12\/for-BMW-X5-E70-led-headlight-7-582x1536.webp 582w\" sizes=\"(max-width: 750px) 100vw, 750px\" \/><\/p>\n<p>&nbsp;<\/p>","protected":false},"excerpt":{"rendered":"<p>Markenname\uff1aLiwiny<br \/>\nModell-Nummer\uff1af\u00fcr bmw m5 g30 g38 f\u00fchrte Scheinwerfer<br \/>\nAuto Modell\uff1af\u00fcr bmw m5 g30 g38 f\u00fchrte Scheinwerfer<br \/>\nSpannung\uff1a12V<br \/>\nLeistung\uff1a36W<br \/>\nZustand\uff1aNeu<br \/>\nAnwendung\uff1aAutomobil Led-Scheinwerfer<br \/>\nFunktion\uff1aHohes Abblendlicht Scheinwerfer<br \/>\nDRL\uff1aWei\u00dfe LED<br \/>\nInstallation\uff1aPlug-and-Play<br \/>\nVerpackung\uff1aStandard-Verpackung<br \/>\nGarantie\uff1a1 Jahr<br \/>\nHerkunftsort:Guangdong, China<br \/>\nVorlaufzeit\uff1aGem\u00e4\u00df den Bestelldaten des Kunden<br \/>\nKeword\uff1aF\u00fcr Bmw M5 G30 G38 Scheinwerfer,Led Scheinwerfer F\u00fcr Bmw 5 Series G30 G38,F\u00fcr Bmw M5 G30 G38 Laser Front Lights<\/p>","protected":false},"featured_media":4043,"template":"","meta":{"_seopress_robots_primary_cat":"","_seopress_titles_title":"","_seopress_titles_desc":"","_seopress_robots_index":"","_uag_custom_page_level_css":"","_joinchat":[]},"product_cat":[454],"product_tag":[],"featured_image_urls":{"full":["https:\/\/www.liwin-china.com\/wp-content\/uploads\/2023\/12\/for-BMW-X5-E70-led-headlight-1-1.webp",750,750,false],"thumbnail":["https:\/\/www.liwin-china.com\/wp-content\/uploads\/2023\/12\/for-BMW-X5-E70-led-headlight-1-1-150x150.webp",150,150,true],"medium":["https:\/\/www.liwin-china.com\/wp-content\/uploads\/2023\/12\/for-BMW-X5-E70-led-headlight-1-1-300x300.webp",300,300,true],"medium_large":["https:\/\/www.liwin-china.com\/wp-content\/uploads\/2023\/12\/for-BMW-X5-E70-led-headlight-1-1.webp",750,750,false],"large":["https:\/\/www.liwin-china.com\/wp-content\/uploads\/2023\/12\/for-BMW-X5-E70-led-headlight-1-1.webp",750,750,false],"1536x1536":["https:\/\/www.liwin-china.com\/wp-content\/uploads\/2023\/12\/for-BMW-X5-E70-led-headlight-1-1.webp",750,750,false],"2048x2048":["https:\/\/www.liwin-china.com\/wp-content\/uploads\/2023\/12\/for-BMW-X5-E70-led-headlight-1-1.webp",750,750,false],"trp-custom-language-flag":["https:\/\/www.liwin-china.com\/wp-content\/uploads\/2023\/12\/for-BMW-X5-E70-led-headlight-1-1.webp",12,12,false],"woocommerce_archive_thumbnail":["https:\/\/www.liwin-china.com\/wp-content\/uploads\/2023\/12\/for-BMW-X5-E70-led-headlight-1-1-300x300.webp",300,300,true],"woocommerce_thumbnail":["https:\/\/www.liwin-china.com\/wp-content\/uploads\/2023\/12\/for-BMW-X5-E70-led-headlight-1-1-300x300.webp",300,300,true],"woocommerce_single":["https:\/\/www.liwin-china.com\/wp-content\/uploads\/2023\/12\/for-BMW-X5-E70-led-headlight-1-1-600x600.webp",600,600,true],"woocommerce_gallery_thumbnail":["https:\/\/www.liwin-china.com\/wp-content\/uploads\/2023\/12\/for-BMW-X5-E70-led-headlight-1-1-100x100.webp",100,100,true]},"post_excerpt_stackable":"<p>Brand Name\uff1aLiwiny<br \/>\nModel Number\uff1afor bmw m5 g30 g38 led headlight<br \/>\nCar Model\uff1afor bmw m5 g30 g38 led headlight<br \/>\nVoltage\uff1a12V<br \/>\nPower\uff1a36W<br \/>\nCondition\uff1aNew<br \/>\nApplication\uff1aAutomobile Led Headlight<br \/>\nFunction\uff1aHigh Low Beam Headlight<br \/>\nDRL\uff1aWhite LED<br \/>\nInstallation\uff1aPlug-and-Play<br \/>\nPacking\uff1aStandard Packing<br \/>\nWarranty\uff1a1 year<br \/>\nPlace of Origin:Guangdong, China<br \/>\nLead-time\uff1aAccording to customers order detail<br \/>\nKeword\uff1aFor Bmw M5 G30 G38 Headlight,Led Headlamps For Bmw 5 Series G30 G38,For Bmw M5 G30 G38 Laser Front Lights<\/p>\n","category_list":"","author_info":{"name":"","url":""},"comments_num":"0 comments","uagb_featured_image_src":{"full":["https:\/\/www.liwin-china.com\/wp-content\/uploads\/2023\/12\/for-BMW-X5-E70-led-headlight-1-1.webp",750,750,false],"thumbnail":["https:\/\/www.liwin-china.com\/wp-content\/uploads\/2023\/12\/for-BMW-X5-E70-led-headlight-1-1-150x150.webp",150,150,true],"medium":["https:\/\/www.liwin-china.com\/wp-content\/uploads\/2023\/12\/for-BMW-X5-E70-led-headlight-1-1-300x300.webp",300,300,true],"medium_large":["https:\/\/www.liwin-china.com\/wp-content\/uploads\/2023\/12\/for-BMW-X5-E70-led-headlight-1-1.webp",750,750,false],"large":["https:\/\/www.liwin-china.com\/wp-content\/uploads\/2023\/12\/for-BMW-X5-E70-led-headlight-1-1.webp",750,750,false],"1536x1536":["https:\/\/www.liwin-china.com\/wp-content\/uploads\/2023\/12\/for-BMW-X5-E70-led-headlight-1-1.webp",750,750,false],"2048x2048":["https:\/\/www.liwin-china.com\/wp-content\/uploads\/2023\/12\/for-BMW-X5-E70-led-headlight-1-1.webp",750,750,false],"trp-custom-language-flag":["https:\/\/www.liwin-china.com\/wp-content\/uploads\/2023\/12\/for-BMW-X5-E70-led-headlight-1-1.webp",12,12,false],"woocommerce_archive_thumbnail":["https:\/\/www.liwin-china.com\/wp-content\/uploads\/2023\/12\/for-BMW-X5-E70-led-headlight-1-1-300x300.webp",300,300,true],"woocommerce_thumbnail":["https:\/\/www.liwin-china.com\/wp-content\/uploads\/2023\/12\/for-BMW-X5-E70-led-headlight-1-1-300x300.webp",300,300,true],"woocommerce_single":["https:\/\/www.liwin-china.com\/wp-content\/uploads\/2023\/12\/for-BMW-X5-E70-led-headlight-1-1-600x600.webp",600,600,true],"woocommerce_gallery_thumbnail":["https:\/\/www.liwin-china.com\/wp-content\/uploads\/2023\/12\/for-BMW-X5-E70-led-headlight-1-1-100x100.webp",100,100,true]},"uagb_author_info":{"display_name":"adminn","author_link":"https:\/\/www.liwin-china.com\/de\/author\/"},"uagb_comment_info":0,"uagb_excerpt":"Brand Name\uff1aLiwiny Model Number\uff1afor bmw m5 g30 g38 led headlight Car Model\uff1afor bmw m5 g30 g38 led headlight Voltage\uff1a12V Power\uff1a36W Condition\uff1aNew Application\uff1aAutomobile Led Headlight Function\uff1aHigh Low Beam Headlight DRL\uff1aWhite LED Installation\uff1aPlug-and-Play Packing\uff1aStandard Packing Warranty\uff1a1 year Place of Origin:Guangdong, China Lead-time\uff1aAccording to customers order detail Keword\uff1aFor Bmw M5 G30 G38 Headlight,Led Headlamps For Bmw 5 Series&hellip;","_links":{"self":[{"href":"https:\/\/www.liwin-china.com\/de\/wp-json\/wp\/v2\/product\/4040"}],"collection":[{"href":"https:\/\/www.liwin-china.com\/de\/wp-json\/wp\/v2\/product"}],"about":[{"href":"https:\/\/www.liwin-china.com\/de\/wp-json\/wp\/v2\/types\/product"}],"wp:featuredmedia":[{"embeddable":true,"href":"https:\/\/www.liwin-china.com\/de\/wp-json\/wp\/v2\/media\/4043"}],"wp:attachment":[{"href":"https:\/\/www.liwin-china.com\/de\/wp-json\/wp\/v2\/media?parent=4040"}],"wp:term":[{"taxonomy":"product_cat","embeddable":true,"href":"https:\/\/www.liwin-china.com\/de\/wp-json\/wp\/v2\/product_cat?post=4040"},{"taxonomy":"product_tag","embeddable":true,"href":"https:\/\/www.liwin-china.com\/de\/wp-json\/wp\/v2\/product_tag?post=4040"}],"curies":[{"name":"wp","href":"https:\/\/api.w.org\/{rel}","templated":true}]}}