{"id":4001,"date":"2023-12-16T13:25:37","date_gmt":"2023-12-16T05:25:37","guid":{"rendered":"https:\/\/www.liwin-china.com\/?post_type=product&#038;p=4001"},"modified":"2024-12-04T19:18:25","modified_gmt":"2024-12-04T11:18:25","slug":"for-bmw-g30-g38-taillights","status":"publish","type":"product","link":"https:\/\/www.liwin-china.com\/de\/produkt\/for-bmw-g30-g38-taillights\/","title":{"rendered":"f\u00fcr bmw g30 g38 r\u00fcckleuchten"},"content":{"rendered":"<p>Liwny Auto R\u00fcckleuchten f\u00fcr BMW 5er G30 G38 18-21 Voll-LED R\u00fccklicht Montage R\u00fcckleuchten R\u00fcckleuchten<\/p>\n<p>Markenname\uff1aLiwiny<br \/>\nModellnummer\uff1af\u00fcr bmw g30 g38 R\u00fccklichter<br \/>\nAuto Modell\uff1af\u00fcr bmw g30 g38 R\u00fcckleuchten<br \/>\nProduktname\uff1aAuto Led R\u00fccklicht<br \/>\nSpannung\uff1a12V<br \/>\nLeistung\uff1a36W<br \/>\nZustand\uff1aNeu<br \/>\nInstallation\uff1aPlug+Play<br \/>\nVerpackung\uff1aStandard-Karton-Box<br \/>\nGarantie\uff1a1 Jahr<br \/>\nHerkunftsort:Guangdong, China<br \/>\nVorlaufzeit\uff1aGem\u00e4\u00df den Bestelldaten des Kunden<br \/>\nKeword\uff1aLed R\u00fccklicht f\u00fcr Bmw G30 G38<\/p>","protected":false},"excerpt":{"rendered":"<p>Markenname\uff1aLiwiny<br \/>\nModellnummer\uff1af\u00fcr bmw g30 g38 R\u00fccklichter<br \/>\nAuto Modell\uff1af\u00fcr bmw g30 g38 R\u00fcckleuchten<br \/>\nProduktname\uff1aAuto Led R\u00fccklicht<br \/>\nSpannung\uff1a12V<br \/>\nLeistung\uff1a36W<br \/>\nZustand\uff1aNeu<br \/>\nInstallation\uff1aPlug+Play<br \/>\nVerpackung\uff1aStandard-Karton-Box<br \/>\nGarantie\uff1a1 Jahr<br \/>\nHerkunftsort:Guangdong, China<br \/>\nVorlaufzeit\uff1aGem\u00e4\u00df den Bestelldaten des Kunden<br \/>\nKeword\uff1aLed R\u00fccklicht f\u00fcr Bmw G30 G38<\/p>","protected":false},"featured_media":4008,"template":"","meta":{"_seopress_robots_primary_cat":"none","_seopress_titles_title":"","_seopress_titles_desc":"","_seopress_robots_index":"","_uag_custom_page_level_css":"","_joinchat":[]},"product_cat":[455],"product_tag":[],"featured_image_urls":{"full":["https:\/\/www.liwin-china.com\/wp-content\/uploads\/2023\/12\/for-bmw-g30-g38-taillights-6.webp",750,750,false],"thumbnail":["https:\/\/www.liwin-china.com\/wp-content\/uploads\/2023\/12\/for-bmw-g30-g38-taillights-6-150x150.webp",150,150,true],"medium":["https:\/\/www.liwin-china.com\/wp-content\/uploads\/2023\/12\/for-bmw-g30-g38-taillights-6-300x300.webp",300,300,true],"medium_large":["https:\/\/www.liwin-china.com\/wp-content\/uploads\/2023\/12\/for-bmw-g30-g38-taillights-6.webp",750,750,false],"large":["https:\/\/www.liwin-china.com\/wp-content\/uploads\/2023\/12\/for-bmw-g30-g38-taillights-6.webp",750,750,false],"1536x1536":["https:\/\/www.liwin-china.com\/wp-content\/uploads\/2023\/12\/for-bmw-g30-g38-taillights-6.webp",750,750,false],"2048x2048":["https:\/\/www.liwin-china.com\/wp-content\/uploads\/2023\/12\/for-bmw-g30-g38-taillights-6.webp",750,750,false],"trp-custom-language-flag":["https:\/\/www.liwin-china.com\/wp-content\/uploads\/2023\/12\/for-bmw-g30-g38-taillights-6.webp",12,12,false],"woocommerce_archive_thumbnail":["https:\/\/www.liwin-china.com\/wp-content\/uploads\/2023\/12\/for-bmw-g30-g38-taillights-6-300x300.webp",300,300,true],"woocommerce_thumbnail":["https:\/\/www.liwin-china.com\/wp-content\/uploads\/2023\/12\/for-bmw-g30-g38-taillights-6-300x300.webp",300,300,true],"woocommerce_single":["https:\/\/www.liwin-china.com\/wp-content\/uploads\/2023\/12\/for-bmw-g30-g38-taillights-6-600x600.webp",600,600,true],"woocommerce_gallery_thumbnail":["https:\/\/www.liwin-china.com\/wp-content\/uploads\/2023\/12\/for-bmw-g30-g38-taillights-6-100x100.webp",100,100,true]},"post_excerpt_stackable":"<p>Brand Name\uff1aLiwiny<br \/>\nModel Number\uff1afor bmw g30 g38 taillights<br \/>\nCar Model\uff1afor bmw g30 g38 taillights<br \/>\nProduct Name\uff1aCar Led Tail Light<br \/>\nVoltage\uff1a12V<br \/>\nPower\uff1a36W<br \/>\nCondition\uff1aNew<br \/>\nInstallation\uff1aPlug+Play<br \/>\nPackage\uff1aStandard Carton Box<br \/>\nWarranty\uff1a1 year<br \/>\nPlace of Origin:Guangdong, China<br \/>\nLead-time\uff1aAccording to customers order detail<br \/>\nKeword\uff1aLed Taillight For Bmw G30 G38<\/p>\n","category_list":"","author_info":{"name":"","url":""},"comments_num":"0 comments","uagb_featured_image_src":{"full":["https:\/\/www.liwin-china.com\/wp-content\/uploads\/2023\/12\/for-bmw-g30-g38-taillights-6.webp",750,750,false],"thumbnail":["https:\/\/www.liwin-china.com\/wp-content\/uploads\/2023\/12\/for-bmw-g30-g38-taillights-6-150x150.webp",150,150,true],"medium":["https:\/\/www.liwin-china.com\/wp-content\/uploads\/2023\/12\/for-bmw-g30-g38-taillights-6-300x300.webp",300,300,true],"medium_large":["https:\/\/www.liwin-china.com\/wp-content\/uploads\/2023\/12\/for-bmw-g30-g38-taillights-6.webp",750,750,false],"large":["https:\/\/www.liwin-china.com\/wp-content\/uploads\/2023\/12\/for-bmw-g30-g38-taillights-6.webp",750,750,false],"1536x1536":["https:\/\/www.liwin-china.com\/wp-content\/uploads\/2023\/12\/for-bmw-g30-g38-taillights-6.webp",750,750,false],"2048x2048":["https:\/\/www.liwin-china.com\/wp-content\/uploads\/2023\/12\/for-bmw-g30-g38-taillights-6.webp",750,750,false],"trp-custom-language-flag":["https:\/\/www.liwin-china.com\/wp-content\/uploads\/2023\/12\/for-bmw-g30-g38-taillights-6.webp",12,12,false],"woocommerce_archive_thumbnail":["https:\/\/www.liwin-china.com\/wp-content\/uploads\/2023\/12\/for-bmw-g30-g38-taillights-6-300x300.webp",300,300,true],"woocommerce_thumbnail":["https:\/\/www.liwin-china.com\/wp-content\/uploads\/2023\/12\/for-bmw-g30-g38-taillights-6-300x300.webp",300,300,true],"woocommerce_single":["https:\/\/www.liwin-china.com\/wp-content\/uploads\/2023\/12\/for-bmw-g30-g38-taillights-6-600x600.webp",600,600,true],"woocommerce_gallery_thumbnail":["https:\/\/www.liwin-china.com\/wp-content\/uploads\/2023\/12\/for-bmw-g30-g38-taillights-6-100x100.webp",100,100,true]},"uagb_author_info":{"display_name":"adminn","author_link":"https:\/\/www.liwin-china.com\/de\/author\/"},"uagb_comment_info":0,"uagb_excerpt":"Brand Name\uff1aLiwiny Model Number\uff1afor bmw g30 g38 taillights Car Model\uff1afor bmw g30 g38 taillights Product Name\uff1aCar Led Tail Light Voltage\uff1a12V Power\uff1a36W Condition\uff1aNew Installation\uff1aPlug+Play Package\uff1aStandard Carton Box Warranty\uff1a1 year Place of Origin:Guangdong, China Lead-time\uff1aAccording to customers order detail Keword\uff1aLed Taillight For Bmw G30 G38","_links":{"self":[{"href":"https:\/\/www.liwin-china.com\/de\/wp-json\/wp\/v2\/product\/4001"}],"collection":[{"href":"https:\/\/www.liwin-china.com\/de\/wp-json\/wp\/v2\/product"}],"about":[{"href":"https:\/\/www.liwin-china.com\/de\/wp-json\/wp\/v2\/types\/product"}],"wp:featuredmedia":[{"embeddable":true,"href":"https:\/\/www.liwin-china.com\/de\/wp-json\/wp\/v2\/media\/4008"}],"wp:attachment":[{"href":"https:\/\/www.liwin-china.com\/de\/wp-json\/wp\/v2\/media?parent=4001"}],"wp:term":[{"taxonomy":"product_cat","embeddable":true,"href":"https:\/\/www.liwin-china.com\/de\/wp-json\/wp\/v2\/product_cat?post=4001"},{"taxonomy":"product_tag","embeddable":true,"href":"https:\/\/www.liwin-china.com\/de\/wp-json\/wp\/v2\/product_tag?post=4001"}],"curies":[{"name":"wp","href":"https:\/\/api.w.org\/{rel}","templated":true}]}}