{"id":3979,"date":"2023-12-16T13:05:44","date_gmt":"2023-12-16T05:05:44","guid":{"rendered":"https:\/\/www.liwin-china.com\/?post_type=product&#038;p=3979"},"modified":"2024-12-04T19:19:17","modified_gmt":"2024-12-04T11:19:17","slug":"for-bmw-x1-e84-led-headlight","status":"publish","type":"product","link":"https:\/\/www.liwin-china.com\/de\/produkt\/for-bmw-x1-e84-led-headlight\/","title":{"rendered":"f\u00fcr BMW X1 E84 led Scheinwerfer"},"content":{"rendered":"<p>Liwny Upgraded R\u00fccklicht f\u00fcr Bmw X5 G05 2018-2023 R\u00fccklicht<br \/>\nAutoteile R\u00fcckleuchte f\u00fcr BMW X5 G05 R\u00fccklichter<\/p>\n<p>Markenname\uff1aLiwiny<br \/>\nModell-Nummer\uff1af\u00fcr BMW X1 E84 f\u00fchrte Scheinwerfer<br \/>\nAuto Modell\uff1af\u00fcr BMW X1 E84 f\u00fchrte Scheinwerfer<br \/>\nSpannung\uff1a12V<br \/>\nLeistung\uff1a36W<br \/>\nZustand\uff1aNeu<br \/>\nAnwendung\uff1aAutomobil Led-Scheinwerfer<br \/>\nFunktion\uff1aHohes Abblendlicht Scheinwerfer<br \/>\nDRL\uff1aWei\u00dfe LED<br \/>\nInstallation\uff1aPlug-and-Play<br \/>\nVerpackung\uff1aStandard-Verpackung<br \/>\nGarantie\uff1a1 Jahr<br \/>\nHerkunftsort:Guangdong, China<br \/>\nVorlaufzeit\uff1aGem\u00e4\u00df den Bestelldaten des Kunden<br \/>\nKeword\uff1aScheinwerfer f\u00fcr Bmw X1 E84,F\u00fcr Bmw X1 E84 Scheinwerfer,Led Frontscheinwerfer f\u00fcr Bmw X1 E84<\/p>\n<p><img loading=\"lazy\" decoding=\"async\" class=\"alignnone size-full wp-image-3982\" src=\"https:\/\/www.liwin-china.com\/wp-content\/uploads\/2023\/12\/for-BMW-X1-E84-led-headlight-1-scaled.webp\" alt=\"\" width=\"576\" height=\"2560\" srcset=\"https:\/\/www.liwin-china.com\/wp-content\/uploads\/2023\/12\/for-BMW-X1-E84-led-headlight-1-scaled.webp 576w, https:\/\/www.liwin-china.com\/wp-content\/uploads\/2023\/12\/for-BMW-X1-E84-led-headlight-1-scaled-300x1333.webp 300w, https:\/\/www.liwin-china.com\/wp-content\/uploads\/2023\/12\/for-BMW-X1-E84-led-headlight-1-461x2048.webp 461w, https:\/\/www.liwin-china.com\/wp-content\/uploads\/2023\/12\/for-BMW-X1-E84-led-headlight-1-600x2666.webp 600w\" sizes=\"(max-width: 576px) 100vw, 576px\" \/><\/p>","protected":false},"excerpt":{"rendered":"<p>Markenname\uff1aLiwiny<br \/>\nModell-Nummer\uff1af\u00fcr BMW X1 E84 f\u00fchrte Scheinwerfer<br \/>\nAuto Modell\uff1af\u00fcr BMW X1 E84 f\u00fchrte Scheinwerfer<br \/>\nSpannung\uff1a12V<br \/>\nLeistung\uff1a36W<br \/>\nZustand\uff1aNeu<br \/>\nAnwendung\uff1aAutomobil Led-Scheinwerfer<br \/>\nFunktion\uff1aHohes Abblendlicht Scheinwerfer<br \/>\nDRL\uff1aWei\u00dfe LED<br \/>\nInstallation\uff1aPlug-and-Play<br \/>\nVerpackung\uff1aStandard-Verpackung<br \/>\nGarantie\uff1a1 Jahr<br \/>\nHerkunftsort:Guangdong, China<br \/>\nVorlaufzeit\uff1aGem\u00e4\u00df den Bestelldaten des Kunden<br \/>\nKeword\uff1aScheinwerfer f\u00fcr Bmw X1 E84,F\u00fcr Bmw X1 E84 Scheinwerfer,Led Frontscheinwerfer f\u00fcr Bmw X1 E84<\/p>","protected":false},"featured_media":3984,"template":"","meta":{"_seopress_robots_primary_cat":"","_seopress_titles_title":"","_seopress_titles_desc":"","_seopress_robots_index":"","_uag_custom_page_level_css":"","_joinchat":[]},"product_cat":[454],"product_tag":[],"featured_image_urls":{"full":["https:\/\/www.liwin-china.com\/wp-content\/uploads\/2023\/12\/for-BMW-X1-E84-led-headlight-3.webp",750,750,false],"thumbnail":["https:\/\/www.liwin-china.com\/wp-content\/uploads\/2023\/12\/for-BMW-X1-E84-led-headlight-3-150x150.webp",150,150,true],"medium":["https:\/\/www.liwin-china.com\/wp-content\/uploads\/2023\/12\/for-BMW-X1-E84-led-headlight-3-300x300.webp",300,300,true],"medium_large":["https:\/\/www.liwin-china.com\/wp-content\/uploads\/2023\/12\/for-BMW-X1-E84-led-headlight-3.webp",750,750,false],"large":["https:\/\/www.liwin-china.com\/wp-content\/uploads\/2023\/12\/for-BMW-X1-E84-led-headlight-3.webp",750,750,false],"1536x1536":["https:\/\/www.liwin-china.com\/wp-content\/uploads\/2023\/12\/for-BMW-X1-E84-led-headlight-3.webp",750,750,false],"2048x2048":["https:\/\/www.liwin-china.com\/wp-content\/uploads\/2023\/12\/for-BMW-X1-E84-led-headlight-3.webp",750,750,false],"trp-custom-language-flag":["https:\/\/www.liwin-china.com\/wp-content\/uploads\/2023\/12\/for-BMW-X1-E84-led-headlight-3.webp",12,12,false],"woocommerce_archive_thumbnail":["https:\/\/www.liwin-china.com\/wp-content\/uploads\/2023\/12\/for-BMW-X1-E84-led-headlight-3-300x300.webp",300,300,true],"woocommerce_thumbnail":["https:\/\/www.liwin-china.com\/wp-content\/uploads\/2023\/12\/for-BMW-X1-E84-led-headlight-3-300x300.webp",300,300,true],"woocommerce_single":["https:\/\/www.liwin-china.com\/wp-content\/uploads\/2023\/12\/for-BMW-X1-E84-led-headlight-3-600x600.webp",600,600,true],"woocommerce_gallery_thumbnail":["https:\/\/www.liwin-china.com\/wp-content\/uploads\/2023\/12\/for-BMW-X1-E84-led-headlight-3-100x100.webp",100,100,true]},"post_excerpt_stackable":"<p>Brand Name\uff1aLiwiny<br \/>\nModel Number\uff1afor BMW X1 E84 led headlight<br \/>\nCar Model\uff1afor BMW X1 E84 led headlight<br \/>\nVoltage\uff1a12V<br \/>\nPower\uff1a36W<br \/>\nCondition\uff1aNew<br \/>\nApplication\uff1aAutomobile Led Headlight<br \/>\nFunction\uff1aHigh Low Beam Headlight<br \/>\nDRL\uff1aWhite LED<br \/>\nInstallation\uff1aPlug-and-Play<br \/>\nPacking\uff1aStandard Packing<br \/>\nWarranty\uff1a1 year<br \/>\nPlace of Origin:Guangdong, China<br \/>\nLead-time\uff1aAccording to customers order detail<br \/>\nKeword\uff1aHeadlight For Bmw X1 E84,For Bmw X1 E84 Head Lights,Led Front Lights For Bmw X1 E84<\/p>\n","category_list":"","author_info":{"name":"","url":""},"comments_num":"0 comments","uagb_featured_image_src":{"full":["https:\/\/www.liwin-china.com\/wp-content\/uploads\/2023\/12\/for-BMW-X1-E84-led-headlight-3.webp",750,750,false],"thumbnail":["https:\/\/www.liwin-china.com\/wp-content\/uploads\/2023\/12\/for-BMW-X1-E84-led-headlight-3-150x150.webp",150,150,true],"medium":["https:\/\/www.liwin-china.com\/wp-content\/uploads\/2023\/12\/for-BMW-X1-E84-led-headlight-3-300x300.webp",300,300,true],"medium_large":["https:\/\/www.liwin-china.com\/wp-content\/uploads\/2023\/12\/for-BMW-X1-E84-led-headlight-3.webp",750,750,false],"large":["https:\/\/www.liwin-china.com\/wp-content\/uploads\/2023\/12\/for-BMW-X1-E84-led-headlight-3.webp",750,750,false],"1536x1536":["https:\/\/www.liwin-china.com\/wp-content\/uploads\/2023\/12\/for-BMW-X1-E84-led-headlight-3.webp",750,750,false],"2048x2048":["https:\/\/www.liwin-china.com\/wp-content\/uploads\/2023\/12\/for-BMW-X1-E84-led-headlight-3.webp",750,750,false],"trp-custom-language-flag":["https:\/\/www.liwin-china.com\/wp-content\/uploads\/2023\/12\/for-BMW-X1-E84-led-headlight-3.webp",12,12,false],"woocommerce_archive_thumbnail":["https:\/\/www.liwin-china.com\/wp-content\/uploads\/2023\/12\/for-BMW-X1-E84-led-headlight-3-300x300.webp",300,300,true],"woocommerce_thumbnail":["https:\/\/www.liwin-china.com\/wp-content\/uploads\/2023\/12\/for-BMW-X1-E84-led-headlight-3-300x300.webp",300,300,true],"woocommerce_single":["https:\/\/www.liwin-china.com\/wp-content\/uploads\/2023\/12\/for-BMW-X1-E84-led-headlight-3-600x600.webp",600,600,true],"woocommerce_gallery_thumbnail":["https:\/\/www.liwin-china.com\/wp-content\/uploads\/2023\/12\/for-BMW-X1-E84-led-headlight-3-100x100.webp",100,100,true]},"uagb_author_info":{"display_name":"adminn","author_link":"https:\/\/www.liwin-china.com\/de\/author\/"},"uagb_comment_info":0,"uagb_excerpt":"Brand Name\uff1aLiwiny Model Number\uff1afor BMW X1 E84 led headlight Car Model\uff1afor BMW X1 E84 led headlight Voltage\uff1a12V Power\uff1a36W Condition\uff1aNew Application\uff1aAutomobile Led Headlight Function\uff1aHigh Low Beam Headlight DRL\uff1aWhite LED Installation\uff1aPlug-and-Play Packing\uff1aStandard Packing Warranty\uff1a1 year Place of Origin:Guangdong, China Lead-time\uff1aAccording to customers order detail Keword\uff1aHeadlight For Bmw X1 E84,For Bmw X1 E84 Head Lights,Led Front Lights For&hellip;","_links":{"self":[{"href":"https:\/\/www.liwin-china.com\/de\/wp-json\/wp\/v2\/product\/3979"}],"collection":[{"href":"https:\/\/www.liwin-china.com\/de\/wp-json\/wp\/v2\/product"}],"about":[{"href":"https:\/\/www.liwin-china.com\/de\/wp-json\/wp\/v2\/types\/product"}],"wp:featuredmedia":[{"embeddable":true,"href":"https:\/\/www.liwin-china.com\/de\/wp-json\/wp\/v2\/media\/3984"}],"wp:attachment":[{"href":"https:\/\/www.liwin-china.com\/de\/wp-json\/wp\/v2\/media?parent=3979"}],"wp:term":[{"taxonomy":"product_cat","embeddable":true,"href":"https:\/\/www.liwin-china.com\/de\/wp-json\/wp\/v2\/product_cat?post=3979"},{"taxonomy":"product_tag","embeddable":true,"href":"https:\/\/www.liwin-china.com\/de\/wp-json\/wp\/v2\/product_tag?post=3979"}],"curies":[{"name":"wp","href":"https:\/\/api.w.org\/{rel}","templated":true}]}}