{"id":3956,"date":"2023-12-15T21:46:27","date_gmt":"2023-12-15T13:46:27","guid":{"rendered":"https:\/\/www.liwin-china.com\/?post_type=product&#038;p=3956"},"modified":"2024-12-04T19:20:03","modified_gmt":"2024-12-04T11:20:03","slug":"for-bmw-f02-taillights","status":"publish","type":"product","link":"https:\/\/www.liwin-china.com\/de\/produkt\/for-bmw-f02-taillights\/","title":{"rendered":"f\u00fcr bmw F02 R\u00fcckleuchten"},"content":{"rendered":"<p>Liwny Auto New Style f\u00fcr BMW 7-Series F01 F02 R\u00fcckleuchten Montage 09-15 Modifizierte G12 Stil LED R\u00fcckleuchten mit mittleren Lichtleiste<\/p>\n<p>Markenname\uff1aLiwiny<br \/>\nModellnummer\uff1af\u00fcr bmw F02 R\u00fccklichter<br \/>\nAuto Modell\uff1af\u00fcr bmw F02 R\u00fccklichter<br \/>\nSpannung\uff1a12V<br \/>\nLeistung\uff1a36W<br \/>\nZustand\uff1aNeu<br \/>\nInstallation\uff1aPlug+Play<br \/>\nPassform\uff1aPerfekte Passform<br \/>\nGarantie\uff1a1 Jahr<br \/>\nHerkunftsort:Guangdong, China<br \/>\nVorlaufzeit\uff1aGem\u00e4\u00df den Bestelldaten des Kunden<br \/>\nKeword\uff1aF\u00fcr Bmw F01 R\u00fccklichter,F\u00fcr Bmw F02 R\u00fccklichter,F\u00fcr Bmw F02 Upgrade G12 Stil R\u00fccklichter<\/p>\n<p><img loading=\"lazy\" decoding=\"async\" class=\"alignnone size-full wp-image-3978\" src=\"https:\/\/www.liwin-china.com\/wp-content\/uploads\/2023\/12\/for-bmw-F02-taillights-1-scaled.jpg\" alt=\"\" width=\"689\" height=\"2560\" srcset=\"https:\/\/www.liwin-china.com\/wp-content\/uploads\/2023\/12\/for-bmw-F02-taillights-1-scaled.jpg 689w, https:\/\/www.liwin-china.com\/wp-content\/uploads\/2023\/12\/for-bmw-F02-taillights-1-scaled-300x1115.jpg 300w, https:\/\/www.liwin-china.com\/wp-content\/uploads\/2023\/12\/for-bmw-F02-taillights-1-scaled-600x2229.jpg 600w, https:\/\/www.liwin-china.com\/wp-content\/uploads\/2023\/12\/for-bmw-F02-taillights-1-81x300.jpg 81w, https:\/\/www.liwin-china.com\/wp-content\/uploads\/2023\/12\/for-bmw-F02-taillights-1-768x2855.jpg 768w, https:\/\/www.liwin-china.com\/wp-content\/uploads\/2023\/12\/for-bmw-F02-taillights-1-413x1536.jpg 413w, https:\/\/www.liwin-china.com\/wp-content\/uploads\/2023\/12\/for-bmw-F02-taillights-1-551x2048.jpg 551w\" sizes=\"(max-width: 689px) 100vw, 689px\" \/><\/p>","protected":false},"excerpt":{"rendered":"<p>Markenname\uff1aLiwiny<br \/>\nModellnummer\uff1af\u00fcr bmw F02 R\u00fccklichter<br \/>\nAuto Modell\uff1af\u00fcr bmw F02 R\u00fccklichter<br \/>\nSpannung\uff1a12V<br \/>\nLeistung\uff1a36W<br \/>\nZustand\uff1aNeu<br \/>\nInstallation\uff1aPlug+Play<br \/>\nPassform\uff1aPerfekte Passform<br \/>\nGarantie\uff1a1 Jahr<br \/>\nHerkunftsort:Guangdong, China<br \/>\nVorlaufzeit\uff1aGem\u00e4\u00df den Bestelldaten des Kunden<br \/>\nKeword\uff1aF\u00fcr Bmw F01 R\u00fccklichter,F\u00fcr Bmw F02 R\u00fccklichter,F\u00fcr Bmw F02 Upgrade G12 Stil R\u00fccklichter<\/p>","protected":false},"featured_media":3962,"template":"","meta":{"_seopress_robots_primary_cat":"none","_seopress_titles_title":"","_seopress_titles_desc":"","_seopress_robots_index":"","_uag_custom_page_level_css":"","_joinchat":[]},"product_cat":[455],"product_tag":[],"featured_image_urls":{"full":["https:\/\/www.liwin-china.com\/wp-content\/uploads\/2023\/12\/for-bmw-F02-taillights-3.webp",750,750,false],"thumbnail":["https:\/\/www.liwin-china.com\/wp-content\/uploads\/2023\/12\/for-bmw-F02-taillights-3-150x150.webp",150,150,true],"medium":["https:\/\/www.liwin-china.com\/wp-content\/uploads\/2023\/12\/for-bmw-F02-taillights-3-300x300.webp",300,300,true],"medium_large":["https:\/\/www.liwin-china.com\/wp-content\/uploads\/2023\/12\/for-bmw-F02-taillights-3.webp",750,750,false],"large":["https:\/\/www.liwin-china.com\/wp-content\/uploads\/2023\/12\/for-bmw-F02-taillights-3.webp",750,750,false],"1536x1536":["https:\/\/www.liwin-china.com\/wp-content\/uploads\/2023\/12\/for-bmw-F02-taillights-3.webp",750,750,false],"2048x2048":["https:\/\/www.liwin-china.com\/wp-content\/uploads\/2023\/12\/for-bmw-F02-taillights-3.webp",750,750,false],"trp-custom-language-flag":["https:\/\/www.liwin-china.com\/wp-content\/uploads\/2023\/12\/for-bmw-F02-taillights-3.webp",12,12,false],"woocommerce_archive_thumbnail":["https:\/\/www.liwin-china.com\/wp-content\/uploads\/2023\/12\/for-bmw-F02-taillights-3-300x300.webp",300,300,true],"woocommerce_thumbnail":["https:\/\/www.liwin-china.com\/wp-content\/uploads\/2023\/12\/for-bmw-F02-taillights-3-300x300.webp",300,300,true],"woocommerce_single":["https:\/\/www.liwin-china.com\/wp-content\/uploads\/2023\/12\/for-bmw-F02-taillights-3-600x600.webp",600,600,true],"woocommerce_gallery_thumbnail":["https:\/\/www.liwin-china.com\/wp-content\/uploads\/2023\/12\/for-bmw-F02-taillights-3-100x100.webp",100,100,true]},"post_excerpt_stackable":"<p>Brand Name\uff1aLiwiny<br \/>\nModel Number\uff1afor bmw F02 taillights<br \/>\nCar Model\uff1afor bmw F02 taillights<br \/>\nVoltage\uff1a12V<br \/>\nPower\uff1a36W<br \/>\nCondition\uff1aNew<br \/>\nInstallation\uff1aPlug+Play<br \/>\nFitment\uff1aPerfect Fittment<br \/>\nWarranty\uff1a1 year<br \/>\nPlace of Origin:Guangdong, China<br \/>\nLead-time\uff1aAccording to customers order detail<br \/>\nKeword\uff1aFor Bmw F01 Taillights,For Bmw F02 Taillights,For Bmw F02 Upgrade G12 Style Taillights<\/p>\n","category_list":"","author_info":{"name":"","url":""},"comments_num":"0 comments","uagb_featured_image_src":{"full":["https:\/\/www.liwin-china.com\/wp-content\/uploads\/2023\/12\/for-bmw-F02-taillights-3.webp",750,750,false],"thumbnail":["https:\/\/www.liwin-china.com\/wp-content\/uploads\/2023\/12\/for-bmw-F02-taillights-3-150x150.webp",150,150,true],"medium":["https:\/\/www.liwin-china.com\/wp-content\/uploads\/2023\/12\/for-bmw-F02-taillights-3-300x300.webp",300,300,true],"medium_large":["https:\/\/www.liwin-china.com\/wp-content\/uploads\/2023\/12\/for-bmw-F02-taillights-3.webp",750,750,false],"large":["https:\/\/www.liwin-china.com\/wp-content\/uploads\/2023\/12\/for-bmw-F02-taillights-3.webp",750,750,false],"1536x1536":["https:\/\/www.liwin-china.com\/wp-content\/uploads\/2023\/12\/for-bmw-F02-taillights-3.webp",750,750,false],"2048x2048":["https:\/\/www.liwin-china.com\/wp-content\/uploads\/2023\/12\/for-bmw-F02-taillights-3.webp",750,750,false],"trp-custom-language-flag":["https:\/\/www.liwin-china.com\/wp-content\/uploads\/2023\/12\/for-bmw-F02-taillights-3.webp",12,12,false],"woocommerce_archive_thumbnail":["https:\/\/www.liwin-china.com\/wp-content\/uploads\/2023\/12\/for-bmw-F02-taillights-3-300x300.webp",300,300,true],"woocommerce_thumbnail":["https:\/\/www.liwin-china.com\/wp-content\/uploads\/2023\/12\/for-bmw-F02-taillights-3-300x300.webp",300,300,true],"woocommerce_single":["https:\/\/www.liwin-china.com\/wp-content\/uploads\/2023\/12\/for-bmw-F02-taillights-3-600x600.webp",600,600,true],"woocommerce_gallery_thumbnail":["https:\/\/www.liwin-china.com\/wp-content\/uploads\/2023\/12\/for-bmw-F02-taillights-3-100x100.webp",100,100,true]},"uagb_author_info":{"display_name":"adminn","author_link":"https:\/\/www.liwin-china.com\/de\/author\/"},"uagb_comment_info":0,"uagb_excerpt":"Brand Name\uff1aLiwiny Model Number\uff1afor bmw F02 taillights Car Model\uff1afor bmw F02 taillights Voltage\uff1a12V Power\uff1a36W Condition\uff1aNew Installation\uff1aPlug+Play Fitment\uff1aPerfect Fittment Warranty\uff1a1 year Place of Origin:Guangdong, China Lead-time\uff1aAccording to customers order detail Keword\uff1aFor Bmw F01 Taillights,For Bmw F02 Taillights,For Bmw F02 Upgrade G12 Style Taillights","_links":{"self":[{"href":"https:\/\/www.liwin-china.com\/de\/wp-json\/wp\/v2\/product\/3956"}],"collection":[{"href":"https:\/\/www.liwin-china.com\/de\/wp-json\/wp\/v2\/product"}],"about":[{"href":"https:\/\/www.liwin-china.com\/de\/wp-json\/wp\/v2\/types\/product"}],"wp:featuredmedia":[{"embeddable":true,"href":"https:\/\/www.liwin-china.com\/de\/wp-json\/wp\/v2\/media\/3962"}],"wp:attachment":[{"href":"https:\/\/www.liwin-china.com\/de\/wp-json\/wp\/v2\/media?parent=3956"}],"wp:term":[{"taxonomy":"product_cat","embeddable":true,"href":"https:\/\/www.liwin-china.com\/de\/wp-json\/wp\/v2\/product_cat?post=3956"},{"taxonomy":"product_tag","embeddable":true,"href":"https:\/\/www.liwin-china.com\/de\/wp-json\/wp\/v2\/product_tag?post=3956"}],"curies":[{"name":"wp","href":"https:\/\/api.w.org\/{rel}","templated":true}]}}