{"id":3896,"date":"2023-12-15T18:17:04","date_gmt":"2023-12-15T10:17:04","guid":{"rendered":"https:\/\/www.liwin-china.com\/?post_type=product&#038;p=3896"},"modified":"2025-12-07T13:55:22","modified_gmt":"2025-12-07T05:55:22","slug":"liwiny-factory-wholesale-auto-truck-canbus-led-headlight-22000lm-car-lights-h1-h4-h7-9005-h11-led-headlight-bulb-for-car","status":"publish","type":"product","link":"https:\/\/www.liwin-china.com\/de\/produkt\/liwiny-factory-wholesale-auto-truck-canbus-led-headlight-22000lm-car-lights-h1-h4-h7-9005-h11-led-headlight-bulb-for-car\/","title":{"rendered":"Liwiny OEM ODM A4H Auto Led Beleuchtung H13 H4 9007 9004 H4 H7 H11 9005 9006 H16 880 80W Automobile Led Gl\u00fchbirne"},"content":{"rendered":"<p>Liwiny Fabrik Gro\u00dfhandel Auto LKW Canbus f\u00fchrte Scheinwerfer 22000lm Auto Lichter H1 H4 H7 9005 H11 Led Scheinwerfer Birne f\u00fcr Auto<\/p>\n<p>Markenname\uff1aLiwiny<br \/>\nItem\uff1aled Scheinwerfer,Led Scheinwerfer Gl\u00fchbirne,H4 Led Scheinwerfer<br \/>\nOEM Part No.\uff1aA4H-H1,H3,H4,H7,H8,H9,H10,H11,H13,HB3,HB4,9004,9005,9006,9007,880,881,H27,5202,H16,9012<br \/>\nFarbtemperatur\uff1a6000K<br \/>\nSpannung\uff1a12V<br \/>\nLeistung\uff1a80W<br \/>\nLumen\uff1a10000LM<br \/>\nMaterial\uff1aAluminium-Legierung<br \/>\nVerpackung\uff1aKleine Farbbox<br \/>\nOEM\uff1aVerf\u00fcgbar<br \/>\nLebensdauer\uff1aMehr als 30000h<br \/>\nGarantie\uff1a1 Jahr<br \/>\nAutomarke\uff1aUniversal<br \/>\nHerkunftsort:Guangdong, China<\/p>\n<p>&nbsp;<\/p>\n<h1><strong>Warum LIWINY w\u00e4hlen?<\/strong><\/h1>\n<p><img loading=\"lazy\" decoding=\"async\" class=\"alignnone size-full wp-image-4463\" src=\"https:\/\/www.liwin-china.com\/wp-content\/uploads\/2023\/12\/liwiny-oem-ballast.webp\" alt=\"\" width=\"1980\" height=\"600\" srcset=\"https:\/\/www.liwin-china.com\/wp-content\/uploads\/2023\/12\/liwiny-oem-ballast.webp 1980w, https:\/\/www.liwin-china.com\/wp-content\/uploads\/2023\/12\/liwiny-oem-ballast-300x91.webp 300w, https:\/\/www.liwin-china.com\/wp-content\/uploads\/2023\/12\/liwiny-oem-ballast-1024x310.webp 1024w, https:\/\/www.liwin-china.com\/wp-content\/uploads\/2023\/12\/liwiny-oem-ballast-768x233.webp 768w, https:\/\/www.liwin-china.com\/wp-content\/uploads\/2023\/12\/liwiny-oem-ballast-1536x465.webp 1536w, https:\/\/www.liwin-china.com\/wp-content\/uploads\/2023\/12\/liwiny-oem-ballast-600x182.webp 600w\" sizes=\"(max-width: 1980px) 100vw, 1980px\" \/><\/p>\n<ul>\n<li>Vom Material bis zum fertigen Produkt f\u00fchren wir eine strenge Qualit\u00e4tskontrolle durch, um sicherzustellen, dass die Fehlerquote unter 1% liegt.<\/li>\n<li>Willkommen OEM\/ODM Auftr\u00e4ge, wir akzeptieren eine Reihe von Anpassungsanforderungen wie Aussehen, Leistung, Antrieb, L\u00fcfter, Chip, Farbtemperatur, Logo, Verpackung.<\/li>\n<li>Wir bieten 12-36 Monate Garantie mit direktem Ersatz. Sie m\u00fcssen defekte Produkte nicht zur\u00fcckschicken.<\/li>\n<li>Wir orientieren uns an den Markttrends und entwickeln jede Saison 3-5 neue Produkte.<\/li>\n<\/ul>\n<p>&nbsp;<\/p>\n<h2>Fordern Sie noch heute ein Angebot an!<\/h2>\n<p>Alle LIWINY Produkte sind f\u00fcr BULK\/WHOLESALE ORDER verf\u00fcgbar! Wenn Sie unsere Produkte verkaufen oder unser Vertriebspartner werden m\u00f6chten, kontaktieren Sie uns bitte, Sie erhalten die folgenden Vorteile:<\/p>\n<p>Niedriges MOQ &amp; schnelle Lieferung<br \/>\nInnovative Produkte<br \/>\nBester Gro\u00dfhandelspreis<br \/>\nOEM\/ODM-Dienstleistung<\/p>","protected":false},"excerpt":{"rendered":"<p>Liwiny Fabrik Gro\u00dfhandel Auto LKW Canbus f\u00fchrte Scheinwerfer 22000lm Auto Lichter H1 H4 H7 9005 H11 Led Scheinwerfer Birne f\u00fcr Auto<\/p>\n<p>Markenname\uff1aLiwiny<br \/>\nItem\uff1aled Scheinwerfer,Led Scheinwerfer Gl\u00fchbirne,H4 Led Scheinwerfer<br \/>\nOEM Part No.\uff1aA4H-H1,H3,H4,H7,H8,H9,H10,H11,H13,HB3,HB4,9004,9005,9006,9007,880,881,H27,5202,H16,9012<br \/>\nFarbtemperatur\uff1a6000K<br \/>\nSpannung\uff1a12V<br \/>\nLeistung\uff1a80W<br \/>\nLumen\uff1a10000LM<br \/>\nMaterial\uff1aAluminium-Legierung<br \/>\nVerpackung\uff1aKleine Farbbox<br \/>\nOEM\uff1aVerf\u00fcgbar<br \/>\nLebensdauer\uff1aMehr als 30000h<br \/>\nGarantie\uff1a1 Jahr<br \/>\nAutomarke\uff1aUniversal<br \/>\nHerkunftsort:Guangdong, China<\/p>\n<p>Vorlaufzeit\uff1aGem\u00e4\u00df den Bestelldaten des Kunden<br \/>\nWichtigste Exportm\u00e4rkte\uff1aAsien\/Osteuropa\/Naher Osten\/Afrika\/Australien\/Nordamerika\/Mittel-\/S\u00fcdamerika\/Westeuropa<\/p>","protected":false},"featured_media":3900,"template":"","meta":{"_seopress_robots_primary_cat":"none","_seopress_titles_title":"","_seopress_titles_desc":"","_seopress_robots_index":"","_uag_custom_page_level_css":"","_joinchat":[]},"product_cat":[464,58],"product_tag":[],"featured_image_urls":{"full":["https:\/\/www.liwin-china.com\/wp-content\/uploads\/2023\/12\/Liwiny-Factory-Wholesale-auto-truck-canbus-led-headlight-22000lm-car-lights-H1-H4-H7-9005-H11-Led-Headlight-bulb-for-car-2.webp",720,720,false],"thumbnail":["https:\/\/www.liwin-china.com\/wp-content\/uploads\/2023\/12\/Liwiny-Factory-Wholesale-auto-truck-canbus-led-headlight-22000lm-car-lights-H1-H4-H7-9005-H11-Led-Headlight-bulb-for-car-2-150x150.webp",150,150,true],"medium":["https:\/\/www.liwin-china.com\/wp-content\/uploads\/2023\/12\/Liwiny-Factory-Wholesale-auto-truck-canbus-led-headlight-22000lm-car-lights-H1-H4-H7-9005-H11-Led-Headlight-bulb-for-car-2-300x300.webp",300,300,true],"medium_large":["https:\/\/www.liwin-china.com\/wp-content\/uploads\/2023\/12\/Liwiny-Factory-Wholesale-auto-truck-canbus-led-headlight-22000lm-car-lights-H1-H4-H7-9005-H11-Led-Headlight-bulb-for-car-2.webp",720,720,false],"large":["https:\/\/www.liwin-china.com\/wp-content\/uploads\/2023\/12\/Liwiny-Factory-Wholesale-auto-truck-canbus-led-headlight-22000lm-car-lights-H1-H4-H7-9005-H11-Led-Headlight-bulb-for-car-2.webp",720,720,false],"1536x1536":["https:\/\/www.liwin-china.com\/wp-content\/uploads\/2023\/12\/Liwiny-Factory-Wholesale-auto-truck-canbus-led-headlight-22000lm-car-lights-H1-H4-H7-9005-H11-Led-Headlight-bulb-for-car-2.webp",720,720,false],"2048x2048":["https:\/\/www.liwin-china.com\/wp-content\/uploads\/2023\/12\/Liwiny-Factory-Wholesale-auto-truck-canbus-led-headlight-22000lm-car-lights-H1-H4-H7-9005-H11-Led-Headlight-bulb-for-car-2.webp",720,720,false],"trp-custom-language-flag":["https:\/\/www.liwin-china.com\/wp-content\/uploads\/2023\/12\/Liwiny-Factory-Wholesale-auto-truck-canbus-led-headlight-22000lm-car-lights-H1-H4-H7-9005-H11-Led-Headlight-bulb-for-car-2.webp",12,12,false],"woocommerce_archive_thumbnail":["https:\/\/www.liwin-china.com\/wp-content\/uploads\/2023\/12\/Liwiny-Factory-Wholesale-auto-truck-canbus-led-headlight-22000lm-car-lights-H1-H4-H7-9005-H11-Led-Headlight-bulb-for-car-2-300x300.webp",300,300,true],"woocommerce_thumbnail":["https:\/\/www.liwin-china.com\/wp-content\/uploads\/2023\/12\/Liwiny-Factory-Wholesale-auto-truck-canbus-led-headlight-22000lm-car-lights-H1-H4-H7-9005-H11-Led-Headlight-bulb-for-car-2-300x300.webp",300,300,true],"woocommerce_single":["https:\/\/www.liwin-china.com\/wp-content\/uploads\/2023\/12\/Liwiny-Factory-Wholesale-auto-truck-canbus-led-headlight-22000lm-car-lights-H1-H4-H7-9005-H11-Led-Headlight-bulb-for-car-2-600x600.webp",600,600,true],"woocommerce_gallery_thumbnail":["https:\/\/www.liwin-china.com\/wp-content\/uploads\/2023\/12\/Liwiny-Factory-Wholesale-auto-truck-canbus-led-headlight-22000lm-car-lights-H1-H4-H7-9005-H11-Led-Headlight-bulb-for-car-2-100x100.webp",100,100,true]},"post_excerpt_stackable":"<p>Liwiny Factory Wholesale auto truck canbus led headlight 22000lm car lights H1 H4 H7 9005 H11 Led Headlight bulb for car<\/p>\n<p>Brand Name\uff1aLiwiny<br \/>\nItem\uff1aled headlight,Led Headlight Bulb,H4 Led Headlight<br \/>\nOEM Part No.\uff1aA4H-H1,H3,H4,H7,H8,H9,H10,H11,H13,HB3,HB4,9004,9005,9006,9007,880,881,H27,5202,H16,9012<br \/>\nColor Temperature\uff1a6000K<br \/>\nVoltage\uff1a12V<br \/>\nPower\uff1a80W<br \/>\nLumen\uff1a10000LM<br \/>\nMaterial\uff1aAluminium Alloy<br \/>\nPackage\uff1aSmall Color Box<br \/>\nOEM\uff1aAvailable<br \/>\nLife Span\uff1aMore than 30000h<br \/>\nWarranty\uff1a1 year<br \/>\nCar Make\uff1aUniversal<br \/>\nPlace of Origin:Guangdong, China<\/p>\n<p>Lead-time\uff1aAccording to customers order detail<br \/>\nMain export markets\uff1aAsia\/Eastern Europe\/Middle East\/Africa\/Australasia\/North America\/central\/South America\/Western Europe<\/p>\n","category_list":"","author_info":{"name":"","url":""},"comments_num":"0 comments","uagb_featured_image_src":{"full":["https:\/\/www.liwin-china.com\/wp-content\/uploads\/2023\/12\/Liwiny-Factory-Wholesale-auto-truck-canbus-led-headlight-22000lm-car-lights-H1-H4-H7-9005-H11-Led-Headlight-bulb-for-car-2.webp",720,720,false],"thumbnail":["https:\/\/www.liwin-china.com\/wp-content\/uploads\/2023\/12\/Liwiny-Factory-Wholesale-auto-truck-canbus-led-headlight-22000lm-car-lights-H1-H4-H7-9005-H11-Led-Headlight-bulb-for-car-2-150x150.webp",150,150,true],"medium":["https:\/\/www.liwin-china.com\/wp-content\/uploads\/2023\/12\/Liwiny-Factory-Wholesale-auto-truck-canbus-led-headlight-22000lm-car-lights-H1-H4-H7-9005-H11-Led-Headlight-bulb-for-car-2-300x300.webp",300,300,true],"medium_large":["https:\/\/www.liwin-china.com\/wp-content\/uploads\/2023\/12\/Liwiny-Factory-Wholesale-auto-truck-canbus-led-headlight-22000lm-car-lights-H1-H4-H7-9005-H11-Led-Headlight-bulb-for-car-2.webp",720,720,false],"large":["https:\/\/www.liwin-china.com\/wp-content\/uploads\/2023\/12\/Liwiny-Factory-Wholesale-auto-truck-canbus-led-headlight-22000lm-car-lights-H1-H4-H7-9005-H11-Led-Headlight-bulb-for-car-2.webp",720,720,false],"1536x1536":["https:\/\/www.liwin-china.com\/wp-content\/uploads\/2023\/12\/Liwiny-Factory-Wholesale-auto-truck-canbus-led-headlight-22000lm-car-lights-H1-H4-H7-9005-H11-Led-Headlight-bulb-for-car-2.webp",720,720,false],"2048x2048":["https:\/\/www.liwin-china.com\/wp-content\/uploads\/2023\/12\/Liwiny-Factory-Wholesale-auto-truck-canbus-led-headlight-22000lm-car-lights-H1-H4-H7-9005-H11-Led-Headlight-bulb-for-car-2.webp",720,720,false],"trp-custom-language-flag":["https:\/\/www.liwin-china.com\/wp-content\/uploads\/2023\/12\/Liwiny-Factory-Wholesale-auto-truck-canbus-led-headlight-22000lm-car-lights-H1-H4-H7-9005-H11-Led-Headlight-bulb-for-car-2.webp",12,12,false],"woocommerce_archive_thumbnail":["https:\/\/www.liwin-china.com\/wp-content\/uploads\/2023\/12\/Liwiny-Factory-Wholesale-auto-truck-canbus-led-headlight-22000lm-car-lights-H1-H4-H7-9005-H11-Led-Headlight-bulb-for-car-2-300x300.webp",300,300,true],"woocommerce_thumbnail":["https:\/\/www.liwin-china.com\/wp-content\/uploads\/2023\/12\/Liwiny-Factory-Wholesale-auto-truck-canbus-led-headlight-22000lm-car-lights-H1-H4-H7-9005-H11-Led-Headlight-bulb-for-car-2-300x300.webp",300,300,true],"woocommerce_single":["https:\/\/www.liwin-china.com\/wp-content\/uploads\/2023\/12\/Liwiny-Factory-Wholesale-auto-truck-canbus-led-headlight-22000lm-car-lights-H1-H4-H7-9005-H11-Led-Headlight-bulb-for-car-2-600x600.webp",600,600,true],"woocommerce_gallery_thumbnail":["https:\/\/www.liwin-china.com\/wp-content\/uploads\/2023\/12\/Liwiny-Factory-Wholesale-auto-truck-canbus-led-headlight-22000lm-car-lights-H1-H4-H7-9005-H11-Led-Headlight-bulb-for-car-2-100x100.webp",100,100,true]},"uagb_author_info":{"display_name":"adminn","author_link":"https:\/\/www.liwin-china.com\/de\/author\/"},"uagb_comment_info":0,"uagb_excerpt":"Liwiny Factory Wholesale auto truck canbus led headlight 22000lm car lights H1 H4 H7 9005 H11 Led Headlight bulb for car Brand Name\uff1aLiwiny Item\uff1aled headlight,Led Headlight Bulb,H4 Led Headlight OEM Part No.\uff1aA4H-H1,H3,H4,H7,H8,H9,H10,H11,H13,HB3,HB4,9004,9005,9006,9007,880,881,H27,5202,H16,9012 Color Temperature\uff1a6000K Voltage\uff1a12V Power\uff1a80W Lumen\uff1a10000LM Material\uff1aAluminium Alloy Package\uff1aSmall Color Box OEM\uff1aAvailable Life Span\uff1aMore than 30000h Warranty\uff1a1 year Car Make\uff1aUniversal Place of Origin:Guangdong, China&hellip;","_links":{"self":[{"href":"https:\/\/www.liwin-china.com\/de\/wp-json\/wp\/v2\/product\/3896"}],"collection":[{"href":"https:\/\/www.liwin-china.com\/de\/wp-json\/wp\/v2\/product"}],"about":[{"href":"https:\/\/www.liwin-china.com\/de\/wp-json\/wp\/v2\/types\/product"}],"wp:featuredmedia":[{"embeddable":true,"href":"https:\/\/www.liwin-china.com\/de\/wp-json\/wp\/v2\/media\/3900"}],"wp:attachment":[{"href":"https:\/\/www.liwin-china.com\/de\/wp-json\/wp\/v2\/media?parent=3896"}],"wp:term":[{"taxonomy":"product_cat","embeddable":true,"href":"https:\/\/www.liwin-china.com\/de\/wp-json\/wp\/v2\/product_cat?post=3896"},{"taxonomy":"product_tag","embeddable":true,"href":"https:\/\/www.liwin-china.com\/de\/wp-json\/wp\/v2\/product_tag?post=3896"}],"curies":[{"name":"wp","href":"https:\/\/api.w.org\/{rel}","templated":true}]}}