{"id":3498,"date":"2023-12-08T20:33:32","date_gmt":"2023-12-08T12:33:32","guid":{"rendered":"https:\/\/www.liwin-china.com\/?post_type=product&#038;p=3498"},"modified":"2025-03-25T11:15:02","modified_gmt":"2025-03-25T03:15:02","slug":"jx53-13e005-ba","status":"publish","type":"product","link":"https:\/\/www.liwin-china.com\/de\/produkt\/jx53-13e005-ba\/","title":{"rendered":"Liwiny LED-Scheinwerfer-Steuermodul Ballast Einheit JX53-13E005-BA JX5313E005BA ECU Einheit Modul Led Xenon"},"content":{"rendered":"<p>Liwiny LED-Scheinwerfer-Steuermodul Ballast Einheit JX53-13E005-BA JX5313E005BA ECU Einheit Modul Led Xenon<\/p>\n<p>Markenname\uff1aLiwiny<br \/>\nArtikel\uff1aLed-Scheinwerfermodul<br \/>\nMode&amp;Datum\uff1aF\u00fcr 2018-2021<br \/>\nOEM-Teile-Nr.\uff1aLW-JX53-13E005-BA \/ JX5313E005BA\u00a0 <span style=\"color: #ff0000;\">Original Neu<\/span><br \/>\nVerwendung f\u00fcr Fahrgestell\uff1aF\u00fcr LAND ROVER RANGE ROVER JAGUAR<br \/>\nSpannung\uff1a12V<br \/>\nLeistung\uff1a35W<br \/>\nMaterial\uff1aAluminium-Legierung<br \/>\nPaket\uff1aKleine normale Box<br \/>\nOEM\uff1aVerf\u00fcgbar<br \/>\nGarantie\uff1a1 Jahr<\/p>\n<p>&nbsp;<\/p>\n<h4><strong>Haftungsausschluss<\/strong>: Bitte \u00fcberpr\u00fcfen Sie das Teil auf Ihrem tats\u00e4chlichen Auto verwendet, um die richtige Kompatibilit\u00e4t zu gew\u00e4hrleisten. Wir k\u00f6nnen nicht f\u00fcr Fehlinformationen verantwortlich sein, die dazu f\u00fchren, dass Sie die falschen Teile kaufen.<\/h4>\n<h4>Hinweis: Preis ist f\u00fcr ein St\u00fcck! Wenn Sie nicht sicher sind, welches Vorschaltger\u00e4t das richtige ist, denken Sie bitte daran, uns online zu fragen. 24\/7 Service.<\/h4>\n<h1><\/h1>\n<h1><strong>Warum LIWINY w\u00e4hlen?<\/strong><\/h1>\n<p><img loading=\"lazy\" decoding=\"async\" class=\"alignnone size-full wp-image-4463\" src=\"https:\/\/www.liwin-china.com\/wp-content\/uploads\/2023\/12\/liwiny-oem-ballast.webp\" alt=\"\" width=\"1980\" height=\"600\" srcset=\"https:\/\/www.liwin-china.com\/wp-content\/uploads\/2023\/12\/liwiny-oem-ballast.webp 1980w, https:\/\/www.liwin-china.com\/wp-content\/uploads\/2023\/12\/liwiny-oem-ballast-300x91.webp 300w, https:\/\/www.liwin-china.com\/wp-content\/uploads\/2023\/12\/liwiny-oem-ballast-1024x310.webp 1024w, https:\/\/www.liwin-china.com\/wp-content\/uploads\/2023\/12\/liwiny-oem-ballast-768x233.webp 768w, https:\/\/www.liwin-china.com\/wp-content\/uploads\/2023\/12\/liwiny-oem-ballast-1536x465.webp 1536w, https:\/\/www.liwin-china.com\/wp-content\/uploads\/2023\/12\/liwiny-oem-ballast-600x182.webp 600w\" sizes=\"(max-width: 1980px) 100vw, 1980px\" \/><\/p>\n<ul>\n<li>Vom Material bis zum fertigen Produkt f\u00fchren wir eine strenge Qualit\u00e4tskontrolle durch, um sicherzustellen, dass die Fehlerquote unter 1% liegt.<\/li>\n<li>Willkommen OEM\/ODM Auftr\u00e4ge, wir akzeptieren eine Reihe von Anpassungsanforderungen wie Aussehen, Leistung, Antrieb, L\u00fcfter, Chip, Farbtemperatur, Logo, Verpackung.<\/li>\n<li>Wir bieten 12-36 Monate Garantie mit direktem Ersatz. Sie m\u00fcssen defekte Produkte nicht zur\u00fcckschicken.<\/li>\n<li>Wir orientieren uns an den Markttrends und entwickeln jede Saison 3-5 neue Produkte.<\/li>\n<\/ul>\n<p>&nbsp;<\/p>\n<h2>Fordern Sie noch heute ein Angebot an!<\/h2>\n<p>Alle LIWINY Produkte sind f\u00fcr BULK\/WHOLESALE ORDER verf\u00fcgbar! Wenn Sie unsere Produkte verkaufen oder unser Vertriebspartner werden m\u00f6chten, kontaktieren Sie uns bitte, Sie erhalten die folgenden Vorteile:<\/p>\n<p>Niedriges MOQ &amp; schnelle Lieferung<br \/>\nInnovative Produkte<br \/>\nBester Gro\u00dfhandelspreis<br \/>\nOEM\/ODM-Dienstleistung<\/p>","protected":false},"excerpt":{"rendered":"<p>Liwiny LED-Scheinwerfer-Steuermodul Ballast Einheit JX53-13E005-BA JX5313E005BA ECU Einheit Modul Led Xenon<\/p>\n<p>Markenname\uff1aLiwiny<br \/>\nArtikel\uff1aLed-Scheinwerfermodul<br \/>\nMode&amp;Datum\uff1aF\u00fcr 2018-2021<br \/>\nOEM-Teile-Nr.\uff1aLW-JX53-13E005-BA \/ JX5313E005BA\u00a0<span style=\"color: #ff0000;\"> Original Neu<\/span><br \/>\nVerwendung f\u00fcr Fahrgestell\uff1aF\u00fcr LAND ROVER RANGE ROVER JAGUAR<\/p>\n<p>Spannung\uff1a12V<br \/>\nLeistung\uff1a35W<br \/>\nMaterial\uff1aAluminium-Legierung<br \/>\nPaket\uff1aKleine normale Box<br \/>\nOEM\uff1aVerf\u00fcgbar<br \/>\nGarantie\uff1a1 Jahr<\/p>\n<p>Vorlaufzeit\uff1aGem\u00e4\u00df den Bestelldaten des Kunden<br \/>\nWichtigste Exportm\u00e4rkte\uff1aAsien\/Osteuropa\/Naher Osten\/Afrika\/Australien\/Nordamerika\/Mittel-\/S\u00fcdamerika\/Westeuropa<\/p>","protected":false},"featured_media":3504,"template":"","meta":{"_seopress_robots_primary_cat":"none","_seopress_titles_title":"","_seopress_titles_desc":"","_seopress_robots_index":"","_uag_custom_page_level_css":"","_joinchat":[]},"product_cat":[452],"product_tag":[],"featured_image_urls":{"full":["https:\/\/www.liwin-china.com\/wp-content\/uploads\/2023\/12\/Liwiny-Original-New-XENON-Module-JX53-13E005-BA-147000041300-For-Lan-d-Rover-Jagua-r-LED-Headlight-Control-Unit-Ballast-4.webp",720,720,false],"thumbnail":["https:\/\/www.liwin-china.com\/wp-content\/uploads\/2023\/12\/Liwiny-Original-New-XENON-Module-JX53-13E005-BA-147000041300-For-Lan-d-Rover-Jagua-r-LED-Headlight-Control-Unit-Ballast-4-150x150.webp",150,150,true],"medium":["https:\/\/www.liwin-china.com\/wp-content\/uploads\/2023\/12\/Liwiny-Original-New-XENON-Module-JX53-13E005-BA-147000041300-For-Lan-d-Rover-Jagua-r-LED-Headlight-Control-Unit-Ballast-4-300x300.webp",300,300,true],"medium_large":["https:\/\/www.liwin-china.com\/wp-content\/uploads\/2023\/12\/Liwiny-Original-New-XENON-Module-JX53-13E005-BA-147000041300-For-Lan-d-Rover-Jagua-r-LED-Headlight-Control-Unit-Ballast-4.webp",720,720,false],"large":["https:\/\/www.liwin-china.com\/wp-content\/uploads\/2023\/12\/Liwiny-Original-New-XENON-Module-JX53-13E005-BA-147000041300-For-Lan-d-Rover-Jagua-r-LED-Headlight-Control-Unit-Ballast-4.webp",720,720,false],"1536x1536":["https:\/\/www.liwin-china.com\/wp-content\/uploads\/2023\/12\/Liwiny-Original-New-XENON-Module-JX53-13E005-BA-147000041300-For-Lan-d-Rover-Jagua-r-LED-Headlight-Control-Unit-Ballast-4.webp",720,720,false],"2048x2048":["https:\/\/www.liwin-china.com\/wp-content\/uploads\/2023\/12\/Liwiny-Original-New-XENON-Module-JX53-13E005-BA-147000041300-For-Lan-d-Rover-Jagua-r-LED-Headlight-Control-Unit-Ballast-4.webp",720,720,false],"trp-custom-language-flag":["https:\/\/www.liwin-china.com\/wp-content\/uploads\/2023\/12\/Liwiny-Original-New-XENON-Module-JX53-13E005-BA-147000041300-For-Lan-d-Rover-Jagua-r-LED-Headlight-Control-Unit-Ballast-4.webp",12,12,false],"woocommerce_archive_thumbnail":["https:\/\/www.liwin-china.com\/wp-content\/uploads\/2023\/12\/Liwiny-Original-New-XENON-Module-JX53-13E005-BA-147000041300-For-Lan-d-Rover-Jagua-r-LED-Headlight-Control-Unit-Ballast-4-300x300.webp",300,300,true],"woocommerce_thumbnail":["https:\/\/www.liwin-china.com\/wp-content\/uploads\/2023\/12\/Liwiny-Original-New-XENON-Module-JX53-13E005-BA-147000041300-For-Lan-d-Rover-Jagua-r-LED-Headlight-Control-Unit-Ballast-4-300x300.webp",300,300,true],"woocommerce_single":["https:\/\/www.liwin-china.com\/wp-content\/uploads\/2023\/12\/Liwiny-Original-New-XENON-Module-JX53-13E005-BA-147000041300-For-Lan-d-Rover-Jagua-r-LED-Headlight-Control-Unit-Ballast-4-600x600.webp",600,600,true],"woocommerce_gallery_thumbnail":["https:\/\/www.liwin-china.com\/wp-content\/uploads\/2023\/12\/Liwiny-Original-New-XENON-Module-JX53-13E005-BA-147000041300-For-Lan-d-Rover-Jagua-r-LED-Headlight-Control-Unit-Ballast-4-100x100.webp",100,100,true]},"post_excerpt_stackable":"<p>Liwiny LED Headlight Control Module Ballast Unit JX53-13E005-BA JX5313E005BA ECU Unit Module Led Xenon<\/p>\n<p>Brand Name\uff1aLiwiny<br \/>\nItem\uff1aLed Headlight Module<br \/>\nMode&amp;Date\uff1aFor 2018-2021<br \/>\nOEM Part No.\uff1aLW-JX53-13E005-BA \/ JX5313E005BA\u00a0<span style=\"color: #ff0000;\"> Original New<\/span><br \/>\nUse For Chassis\uff1aFor LAND ROVER RANGE ROVER JAGUAR<\/p>\n<p>Voltage\uff1a12V<br \/>\nPower\uff1a35W<br \/>\nMaterial\uff1aAluminium Alloy<br \/>\nPackage\uff1aSmall Normal Box<br \/>\nOEM\uff1aAvailable<br \/>\nWarranty\uff1a1 year<\/p>\n<p>Lead-time\uff1aAccording to customers order detail<br \/>\nMain export markets\uff1aAsia\/Eastern Europe\/Middle East\/Africa\/Australasia\/North America\/central\/South America\/Western Europe<\/p>\n","category_list":"","author_info":{"name":"","url":""},"comments_num":"0 comments","uagb_featured_image_src":{"full":["https:\/\/www.liwin-china.com\/wp-content\/uploads\/2023\/12\/Liwiny-Original-New-XENON-Module-JX53-13E005-BA-147000041300-For-Lan-d-Rover-Jagua-r-LED-Headlight-Control-Unit-Ballast-4.webp",720,720,false],"thumbnail":["https:\/\/www.liwin-china.com\/wp-content\/uploads\/2023\/12\/Liwiny-Original-New-XENON-Module-JX53-13E005-BA-147000041300-For-Lan-d-Rover-Jagua-r-LED-Headlight-Control-Unit-Ballast-4-150x150.webp",150,150,true],"medium":["https:\/\/www.liwin-china.com\/wp-content\/uploads\/2023\/12\/Liwiny-Original-New-XENON-Module-JX53-13E005-BA-147000041300-For-Lan-d-Rover-Jagua-r-LED-Headlight-Control-Unit-Ballast-4-300x300.webp",300,300,true],"medium_large":["https:\/\/www.liwin-china.com\/wp-content\/uploads\/2023\/12\/Liwiny-Original-New-XENON-Module-JX53-13E005-BA-147000041300-For-Lan-d-Rover-Jagua-r-LED-Headlight-Control-Unit-Ballast-4.webp",720,720,false],"large":["https:\/\/www.liwin-china.com\/wp-content\/uploads\/2023\/12\/Liwiny-Original-New-XENON-Module-JX53-13E005-BA-147000041300-For-Lan-d-Rover-Jagua-r-LED-Headlight-Control-Unit-Ballast-4.webp",720,720,false],"1536x1536":["https:\/\/www.liwin-china.com\/wp-content\/uploads\/2023\/12\/Liwiny-Original-New-XENON-Module-JX53-13E005-BA-147000041300-For-Lan-d-Rover-Jagua-r-LED-Headlight-Control-Unit-Ballast-4.webp",720,720,false],"2048x2048":["https:\/\/www.liwin-china.com\/wp-content\/uploads\/2023\/12\/Liwiny-Original-New-XENON-Module-JX53-13E005-BA-147000041300-For-Lan-d-Rover-Jagua-r-LED-Headlight-Control-Unit-Ballast-4.webp",720,720,false],"trp-custom-language-flag":["https:\/\/www.liwin-china.com\/wp-content\/uploads\/2023\/12\/Liwiny-Original-New-XENON-Module-JX53-13E005-BA-147000041300-For-Lan-d-Rover-Jagua-r-LED-Headlight-Control-Unit-Ballast-4.webp",12,12,false],"woocommerce_archive_thumbnail":["https:\/\/www.liwin-china.com\/wp-content\/uploads\/2023\/12\/Liwiny-Original-New-XENON-Module-JX53-13E005-BA-147000041300-For-Lan-d-Rover-Jagua-r-LED-Headlight-Control-Unit-Ballast-4-300x300.webp",300,300,true],"woocommerce_thumbnail":["https:\/\/www.liwin-china.com\/wp-content\/uploads\/2023\/12\/Liwiny-Original-New-XENON-Module-JX53-13E005-BA-147000041300-For-Lan-d-Rover-Jagua-r-LED-Headlight-Control-Unit-Ballast-4-300x300.webp",300,300,true],"woocommerce_single":["https:\/\/www.liwin-china.com\/wp-content\/uploads\/2023\/12\/Liwiny-Original-New-XENON-Module-JX53-13E005-BA-147000041300-For-Lan-d-Rover-Jagua-r-LED-Headlight-Control-Unit-Ballast-4-600x600.webp",600,600,true],"woocommerce_gallery_thumbnail":["https:\/\/www.liwin-china.com\/wp-content\/uploads\/2023\/12\/Liwiny-Original-New-XENON-Module-JX53-13E005-BA-147000041300-For-Lan-d-Rover-Jagua-r-LED-Headlight-Control-Unit-Ballast-4-100x100.webp",100,100,true]},"uagb_author_info":{"display_name":"adminn","author_link":"https:\/\/www.liwin-china.com\/de\/author\/"},"uagb_comment_info":0,"uagb_excerpt":"Liwiny LED Headlight Control Module Ballast Unit JX53-13E005-BA JX5313E005BA ECU Unit Module Led Xenon Brand Name\uff1aLiwiny Item\uff1aLed Headlight Module Mode&amp;Date\uff1aFor 2018-2021 OEM Part No.\uff1aLW-JX53-13E005-BA \/ JX5313E005BA\u00a0 Original New Use For Chassis\uff1aFor LAND ROVER RANGE ROVER JAGUAR Voltage\uff1a12V Power\uff1a35W Material\uff1aAluminium Alloy Package\uff1aSmall Normal Box OEM\uff1aAvailable Warranty\uff1a1 year Lead-time\uff1aAccording to customers order detail Main export markets\uff1aAsia\/Eastern Europe\/Middle&hellip;","_links":{"self":[{"href":"https:\/\/www.liwin-china.com\/de\/wp-json\/wp\/v2\/product\/3498"}],"collection":[{"href":"https:\/\/www.liwin-china.com\/de\/wp-json\/wp\/v2\/product"}],"about":[{"href":"https:\/\/www.liwin-china.com\/de\/wp-json\/wp\/v2\/types\/product"}],"wp:featuredmedia":[{"embeddable":true,"href":"https:\/\/www.liwin-china.com\/de\/wp-json\/wp\/v2\/media\/3504"}],"wp:attachment":[{"href":"https:\/\/www.liwin-china.com\/de\/wp-json\/wp\/v2\/media?parent=3498"}],"wp:term":[{"taxonomy":"product_cat","embeddable":true,"href":"https:\/\/www.liwin-china.com\/de\/wp-json\/wp\/v2\/product_cat?post=3498"},{"taxonomy":"product_tag","embeddable":true,"href":"https:\/\/www.liwin-china.com\/de\/wp-json\/wp\/v2\/product_tag?post=3498"}],"curies":[{"name":"wp","href":"https:\/\/api.w.org\/{rel}","templated":true}]}}