{"id":13023,"date":"2025-01-10T18:17:26","date_gmt":"2025-01-10T10:17:26","guid":{"rendered":"https:\/\/www.liwin-china.com\/?post_type=product&#038;p=13023"},"modified":"2026-04-17T18:20:30","modified_gmt":"2026-04-17T10:20:30","slug":"automotive-accessories-led-light-bulb-2835-30smd-t15-w16w-canbus-12v-reverse-light-white-turn-signal-light","status":"publish","type":"product","link":"https:\/\/www.liwin-china.com\/de\/produkt\/automotive-accessories-led-light-bulb-2835-30smd-t15-w16w-canbus-12v-reverse-light-white-turn-signal-light\/","title":{"rendered":"Autozubeh\u00f6r LED Gl\u00fchbirne 2835 30smd T15 W16W Canbus 12V R\u00fcckfahrlicht Wei\u00dfes Blinklicht"},"content":{"rendered":"<p>Autozubeh\u00f6r LED Gl\u00fchbirne 2835 30smd T15 W16W Canbus 12V R\u00fcckfahrlicht Wei\u00dfes Blinklicht<\/p>\n<p>Markenname\uff1aLiwiny<\/p>\n<p>Artikel\uff1aKfz-Blinker, Bremslicht, Blinkerleuchte,<\/p>\n<p>Dynamischer Blinker, LED-Blinker, Auto-LED-Signallampen<br \/>\nOEM Teile-Nr.\uff1aT15 2835 30SMD<br \/>\nSpannung\uff1aDC 12V<br \/>\nLeistung\uff1a22W<br \/>\nLumen\uff1a1400LM<br \/>\nLed-Chip\uff1a2835<\/p>\n<p>Anzahl der Led\uff1a30St\u00fcck<br \/>\nFarbtemperatur\uff1aWei\u00df \/ Gelb \/ Rot<\/p>\n<p>N\u00fctzliche Steckdose\uff1aT15<\/p>\n<p>Material\uff1aAluminium-Legierung<br \/>\nOEM\uff1aVerf\u00fcgbar<br \/>\nLebensdauer\uff1aMehr als 30000h<br \/>\nGarantie\uff1a1 Jahr<br \/>\nAutomarke\uff1aUniversal<br \/>\nHerkunftsort:Guangdong, China<br \/>\nVorlaufzeit\uff1aGem\u00e4\u00df den Bestelldaten des Kunden<\/p>\n<p>&nbsp;<\/p>\n<p>Funktion\uff1a<span class=\"magic-16\" data-spm-anchor-id=\"a2700.details.0.i101.6c827f69FPcQq3\">Kein Hyper Flash;Heller 200%;<\/span><\/p>\n<div data-spm-anchor-id=\"a2700.pc-decorate.0.i96.4dbf3333oJtTj4\"><span class=\"magic-16\">Schnelle W\u00e4rmeableitung;<\/span><\/div>\n<div data-spm-anchor-id=\"a2700.pc-decorate.0.i96.4dbf3333oJtTj4\"><span class=\"magic-16\">6063 Luftfahrt-Aluminium<br \/>\n<\/span><\/p>\n<div data-spm-anchor-id=\"a2700.pc-decorate.0.i93.4dbf3333oJtTj4\">\n<p><span class=\"magic-16\">Plug and Play;100% Canbus;<\/span><\/p>\n<div data-spm-anchor-id=\"a2700.pc-decorate.0.i88.4dbf3333oJtTj4\"><span class=\"magic-16\">Global Halogen Standard Size;<\/span><\/div>\n<div data-spm-anchor-id=\"a2700.pc-decorate.0.i88.4dbf3333oJtTj4\"><span class=\"magic-16\">Temperaturregelung f\u00fcr Kraftfahrzeuge;<\/span><\/div>\n<div data-spm-anchor-id=\"a2700.pc-decorate.0.i88.4dbf3333oJtTj4\"><span class=\"magic-16\">Anti-Hyper-Flash; hohles thermisches Aluminium;<\/span><\/div>\n<\/div>\n<\/div>\n<div data-spm-anchor-id=\"a2700.pc-decorate.0.i88.4dbf3333oJtTj4\"><\/div>\n<div data-spm-anchor-id=\"a2700.pc-decorate.0.i88.4dbf3333oJtTj4\"><\/div>\n<div data-spm-anchor-id=\"a2700.pc-decorate.0.i96.4dbf3333oJtTj4\">\n<div data-spm-anchor-id=\"a2700.pc-decorate.0.i88.4dbf3333oJtTj4\">HINWEIS:<br \/>\n1) Der Preis basiert auf dem Beleuchtungsmodus. Pls Kontakt, wenn Sie Strobe-Modus ben\u00f6tigen.<br \/>\n2) Bitte teilen Sie uns mit, wenn Sie eine spezielle Spannung f\u00fcr spezielle Fahrzeuge ben\u00f6tigen.<br \/>\n3) Wenn Sie einen eingebauten Canbus ben\u00f6tigen, kontaktieren Sie uns bitte f\u00fcr weitere Details.<br \/>\n4) Normalerweise verpacken wir mit antistatischer Tasche mit kostenloser Geb\u00fchr, pls Kontakt, wenn Sie benutzerdefinierte package.thank you ben\u00f6tigen.<\/div>\n<\/div>\n<p>&nbsp;<\/p>\n<h1><strong>Warum LIWINY w\u00e4hlen?<\/strong><\/h1>\n<p><img loading=\"lazy\" decoding=\"async\" class=\"alignnone size-full wp-image-4463\" src=\"https:\/\/www.liwin-china.com\/wp-content\/uploads\/2023\/12\/liwiny-oem-ballast.webp\" alt=\"\" width=\"1980\" height=\"600\" srcset=\"https:\/\/www.liwin-china.com\/wp-content\/uploads\/2023\/12\/liwiny-oem-ballast.webp 1980w, https:\/\/www.liwin-china.com\/wp-content\/uploads\/2023\/12\/liwiny-oem-ballast-300x91.webp 300w, https:\/\/www.liwin-china.com\/wp-content\/uploads\/2023\/12\/liwiny-oem-ballast-1024x310.webp 1024w, https:\/\/www.liwin-china.com\/wp-content\/uploads\/2023\/12\/liwiny-oem-ballast-768x233.webp 768w, https:\/\/www.liwin-china.com\/wp-content\/uploads\/2023\/12\/liwiny-oem-ballast-1536x465.webp 1536w, https:\/\/www.liwin-china.com\/wp-content\/uploads\/2023\/12\/liwiny-oem-ballast-600x182.webp 600w\" sizes=\"(max-width: 1980px) 100vw, 1980px\" \/><\/p>\n<ul>\n<li>Vom Material bis zum fertigen Produkt f\u00fchren wir eine strenge Qualit\u00e4tskontrolle durch, um sicherzustellen, dass die Fehlerquote unter 1% liegt.<\/li>\n<li>Willkommen OEM\/ODM Auftr\u00e4ge, wir akzeptieren eine Reihe von Anpassungsanforderungen wie Aussehen, Leistung, Antrieb, L\u00fcfter, Chip, Farbtemperatur, Logo, Verpackung.<\/li>\n<li>Wir bieten 12-36 Monate Garantie mit direktem Ersatz. Sie m\u00fcssen defekte Produkte nicht zur\u00fcckschicken.<\/li>\n<li>Wir orientieren uns an den Markttrends und entwickeln jede Saison 3-5 neue Produkte.<\/li>\n<\/ul>\n<p>&nbsp;<\/p>\n<h2>Fordern Sie noch heute ein Angebot an!<\/h2>\n<p>Alle LIWINY Produkte sind f\u00fcr BULK\/WHOLESALE ORDER verf\u00fcgbar! Wenn Sie unsere Produkte verkaufen oder unser Vertriebspartner werden m\u00f6chten, kontaktieren Sie uns bitte, Sie erhalten die folgenden Vorteile:<\/p>\n<p>Niedriges MOQ &amp; schnelle Lieferung<br \/>\nInnovative Produkte<br \/>\nBester Gro\u00dfhandelspreis<br \/>\nOEM\/ODM-Dienstleistung<\/p>","protected":false},"excerpt":{"rendered":"<p>Autozubeh\u00f6r LED Gl\u00fchbirne 2835 30smd T15 W16W Canbus 12V R\u00fcckfahrlicht Wei\u00dfes Blinklicht<\/p>\n<p>Markenname\uff1aLiwiny<\/p>\n<p>Artikel\uff1aKfz-Blinker, Bremslicht, Blinkerleuchte,<\/p>\n<p>Dynamischer Blinker, LED-Blinker, Auto-LED-Signallampen<br \/>\nOEM Teile-Nr.\uff1aT15 2835 30SMD<br \/>\nSpannung\uff1aDC 12V<br \/>\nLeistung\uff1a22W<br \/>\nLumen\uff1a1400LM<br \/>\nLed-Chip\uff1a2835<\/p>\n<p>Anzahl der Led\uff1a30St\u00fcck<br \/>\nFarbtemperatur\uff1aWei\u00df \/ Gelb \/ Rot<\/p>\n<p>N\u00fctzliche Steckdose\uff1aT15<\/p>\n<p>Material\uff1aAluminium-Legierung<br \/>\nVerpackung\uff1aKleine Farbbox<br \/>\nOEM\uff1aVerf\u00fcgbar<br \/>\nLebensdauer\uff1aMehr als 30000h<br \/>\nGarantie\uff1a1 Jahr<br \/>\nAutomarke\uff1aUniversal<br \/>\nHerkunftsort:Guangdong, China<br \/>\nVorlaufzeit\uff1aGem\u00e4\u00df den Bestelldaten des Kunden<\/p>","protected":false},"featured_media":13024,"template":"","meta":{"_seopress_robots_primary_cat":"none","_seopress_titles_title":"","_seopress_titles_desc":"","_seopress_robots_index":"","_uag_custom_page_level_css":"","_joinchat":[]},"product_cat":[475,77],"product_tag":[],"featured_image_urls":{"full":["https:\/\/www.liwin-china.com\/wp-content\/uploads\/2025\/01\/T15-2835-30SMD-1.webp",567,567,false],"thumbnail":["https:\/\/www.liwin-china.com\/wp-content\/uploads\/2025\/01\/T15-2835-30SMD-1-150x150.webp",150,150,true],"medium":["https:\/\/www.liwin-china.com\/wp-content\/uploads\/2025\/01\/T15-2835-30SMD-1-300x300.webp",300,300,true],"medium_large":["https:\/\/www.liwin-china.com\/wp-content\/uploads\/2025\/01\/T15-2835-30SMD-1.webp",567,567,false],"large":["https:\/\/www.liwin-china.com\/wp-content\/uploads\/2025\/01\/T15-2835-30SMD-1.webp",567,567,false],"1536x1536":["https:\/\/www.liwin-china.com\/wp-content\/uploads\/2025\/01\/T15-2835-30SMD-1.webp",567,567,false],"2048x2048":["https:\/\/www.liwin-china.com\/wp-content\/uploads\/2025\/01\/T15-2835-30SMD-1.webp",567,567,false],"trp-custom-language-flag":["https:\/\/www.liwin-china.com\/wp-content\/uploads\/2025\/01\/T15-2835-30SMD-1.webp",12,12,false],"woocommerce_archive_thumbnail":["https:\/\/www.liwin-china.com\/wp-content\/uploads\/2025\/01\/T15-2835-30SMD-1-300x300.webp",300,300,true],"woocommerce_thumbnail":["https:\/\/www.liwin-china.com\/wp-content\/uploads\/2025\/01\/T15-2835-30SMD-1-300x300.webp",300,300,true],"woocommerce_single":["https:\/\/www.liwin-china.com\/wp-content\/uploads\/2025\/01\/T15-2835-30SMD-1.webp",567,567,false],"woocommerce_gallery_thumbnail":["https:\/\/www.liwin-china.com\/wp-content\/uploads\/2025\/01\/T15-2835-30SMD-1-100x100.webp",100,100,true]},"post_excerpt_stackable":"<p>Automotive Accessories LED Light Bulb 2835 30smd T15 W16W Canbus 12V Reverse Light White Turn Signal Light<\/p>\n<p>Brand Name\uff1aLiwiny<\/p>\n<p>Item\uff1acar Turn Signal Light,Brake light,Turn Signal Indicator Lamp,<\/p>\n<p>Dynamic Blinker LED Turn Signal,Car Led Signal Lamps<br \/>\nOEM Part No.\uff1aT15 2835 30SMD<br \/>\nVoltage\uff1aDC 12V<br \/>\nPower\uff1a22W<br \/>\nLumen\uff1a1400LM<br \/>\nLed Chip\uff1a2835<\/p>\n<p>Led Qty\uff1a30pcs<br \/>\nColor Temperature\uff1aWhite \/ Yellow \/ Red<\/p>\n<p>Useful Socket\uff1aT15<\/p>\n<p>Material\uff1aAluminium Alloy<br \/>\nPackage\uff1aSmall Color Box<br \/>\nOEM\uff1aAvailable<br \/>\nLife Span\uff1aMore than 30000h<br \/>\nWarranty\uff1a1 year<br \/>\nCar Make\uff1aUniversal<br \/>\nPlace of Origin:Guangdong, China<br \/>\nLead-time\uff1aAccording to customers order detail<\/p>\n","category_list":"","author_info":{"name":"","url":""},"comments_num":"0 comments","uagb_featured_image_src":{"full":["https:\/\/www.liwin-china.com\/wp-content\/uploads\/2025\/01\/T15-2835-30SMD-1.webp",567,567,false],"thumbnail":["https:\/\/www.liwin-china.com\/wp-content\/uploads\/2025\/01\/T15-2835-30SMD-1-150x150.webp",150,150,true],"medium":["https:\/\/www.liwin-china.com\/wp-content\/uploads\/2025\/01\/T15-2835-30SMD-1-300x300.webp",300,300,true],"medium_large":["https:\/\/www.liwin-china.com\/wp-content\/uploads\/2025\/01\/T15-2835-30SMD-1.webp",567,567,false],"large":["https:\/\/www.liwin-china.com\/wp-content\/uploads\/2025\/01\/T15-2835-30SMD-1.webp",567,567,false],"1536x1536":["https:\/\/www.liwin-china.com\/wp-content\/uploads\/2025\/01\/T15-2835-30SMD-1.webp",567,567,false],"2048x2048":["https:\/\/www.liwin-china.com\/wp-content\/uploads\/2025\/01\/T15-2835-30SMD-1.webp",567,567,false],"trp-custom-language-flag":["https:\/\/www.liwin-china.com\/wp-content\/uploads\/2025\/01\/T15-2835-30SMD-1.webp",12,12,false],"woocommerce_archive_thumbnail":["https:\/\/www.liwin-china.com\/wp-content\/uploads\/2025\/01\/T15-2835-30SMD-1-300x300.webp",300,300,true],"woocommerce_thumbnail":["https:\/\/www.liwin-china.com\/wp-content\/uploads\/2025\/01\/T15-2835-30SMD-1-300x300.webp",300,300,true],"woocommerce_single":["https:\/\/www.liwin-china.com\/wp-content\/uploads\/2025\/01\/T15-2835-30SMD-1.webp",567,567,false],"woocommerce_gallery_thumbnail":["https:\/\/www.liwin-china.com\/wp-content\/uploads\/2025\/01\/T15-2835-30SMD-1-100x100.webp",100,100,true]},"uagb_author_info":{"display_name":"adminn","author_link":"https:\/\/www.liwin-china.com\/de\/author\/"},"uagb_comment_info":0,"uagb_excerpt":"Automotive Accessories LED Light Bulb 2835 30smd T15 W16W Canbus 12V Reverse Light White Turn Signal Light Brand Name\uff1aLiwiny Item\uff1acar Turn Signal Light,Brake light,Turn Signal Indicator Lamp, Dynamic Blinker LED Turn Signal,Car Led Signal Lamps OEM Part No.\uff1aT15 2835 30SMD Voltage\uff1aDC 12V Power\uff1a22W Lumen\uff1a1400LM Led Chip\uff1a2835 Led Qty\uff1a30pcs Color Temperature\uff1aWhite \/ Yellow \/ Red Useful&hellip;","_links":{"self":[{"href":"https:\/\/www.liwin-china.com\/de\/wp-json\/wp\/v2\/product\/13023"}],"collection":[{"href":"https:\/\/www.liwin-china.com\/de\/wp-json\/wp\/v2\/product"}],"about":[{"href":"https:\/\/www.liwin-china.com\/de\/wp-json\/wp\/v2\/types\/product"}],"wp:featuredmedia":[{"embeddable":true,"href":"https:\/\/www.liwin-china.com\/de\/wp-json\/wp\/v2\/media\/13024"}],"wp:attachment":[{"href":"https:\/\/www.liwin-china.com\/de\/wp-json\/wp\/v2\/media?parent=13023"}],"wp:term":[{"taxonomy":"product_cat","embeddable":true,"href":"https:\/\/www.liwin-china.com\/de\/wp-json\/wp\/v2\/product_cat?post=13023"},{"taxonomy":"product_tag","embeddable":true,"href":"https:\/\/www.liwin-china.com\/de\/wp-json\/wp\/v2\/product_tag?post=13023"}],"curies":[{"name":"wp","href":"https:\/\/api.w.org\/{rel}","templated":true}]}}